{"id":992,"date":"2019-10-28T07:23:56","date_gmt":"2019-10-28T07:23:56","guid":{"rendered":"https:\/\/klanten.poort3.nl\/sss\/?post_type=product&#038;p=992"},"modified":"2023-11-06T08:24:55","modified_gmt":"2023-11-06T08:24:55","slug":"hbc220force-bluetooth-snowsports-audio-system-dual-kit","status":"publish","type":"product","link":"https:\/\/sofaski.com\/de\/produkt\/hbc220force-bluetooth-snowsports-audio-system-dual-kit\/","title":{"rendered":"HBC220FORCE Bluetooth Snowsports Audio System \u2013 Dual Kit GEBRAUCHT, Sonderangebot"},"content":{"rendered":"<p>Ich verkaufe ein paar meiner gebrauchten Ger\u00e4te. Diese sind fast neuwertig und voll funktionsf\u00e4hig. Bei Fragen gerne per <a href=\"mailto:klaus@sofaski.com\">email<\/a>.<\/p>\n<span class=\"et_bloom_bottom_trigger\"><\/span>","protected":false},"excerpt":{"rendered":"<p>Ich verkaufe ein paar meiner gebrauchten Ger\u00e4te. Diese sind fast neuwertig und voll funktionsf\u00e4hig. Bei Fragen gerne per <a href=\"mailto:klaus@sofaski.com\">email<\/a>.<\/p>\n<p>Zus\u00e4tzlich zu den Ger\u00e4ten erhalten Sie ein Video und pers\u00f6nliche Beratung zur Anwendung im Skiunterricht.<\/p>\n<p>Das HBC220FORCE ist die perfekte Bluetooth Skihelm Interkom L\u00f6sung f\u00fcr die Nutzung alleine (Verbindung mit Handy) oder beim Skifahren zu zweit oder in der Gruppe. Das gro\u00dfe Plus des Systems ist die ausgezeichnette Audioqualit\u00e4t, dass man keinen Mikrophon Ausleger braucht und die Unterdr\u00fcckung von Wind und St\u00f6rger\u00e4uschen. W\u00e4hrend wir die Ger\u00e4te f\u00fcr den Skiunterricht verwendet ist die Anwendung f\u00fcr Guiding oder das Skifahren mit Freunden und Familie genauso geeignet. Ein Dual Kit besteht aus zwei Ger\u00e4ten plus Zubeh\u00f6r.<\/p>\n<p>2 UCLEAR HBC220 Helm Kommunikatoren<br \/>\n2 Stereo Lautsprecher Sets mit integrierten Mikrophonen<br \/>\n1 Ladeger\u00e4t<br \/>\n2 USB Kabel<br \/>\n2 Paar Helm Befestigungen, permanent<br \/>\n2 Befestigungen f\u00fcr Helm und Skibrille<br \/>\n2 Sets Velcro Befestigungen<\/p>\n","protected":false},"featured_media":4961,"comment_status":"open","ping_status":"closed","template":"","meta":{"_et_pb_use_builder":"","_et_pb_old_content":"","_et_gb_content_width":""},"product_brand":[],"product_cat":[51],"product_tag":[],"class_list":{"0":"post-992","1":"product","2":"type-product","3":"status-publish","4":"has-post-thumbnail","6":"product_cat-trainingsmittel","8":"first","9":"outofstock","10":"sale","11":"shipping-taxable","12":"purchasable","13":"product-type-simple"},"yoast_head":"<!-- This site is optimized with the Yoast SEO plugin v27.3 - https:\/\/yoast.com\/product\/yoast-seo-wordpress\/ -->\n<title>HBC220FORCE Bluetooth Snowsports Audio System \u2013 Dual Kit GEBRAUCHT, Sonderangebot | SOFASKI.COM<\/title>\n<meta name=\"robots\" content=\"index, follow, max-snippet:-1, max-image-preview:large, max-video-preview:-1\" \/>\n<link rel=\"canonical\" href=\"https:\/\/sofaski.com\/de\/produkt\/hbc220force-bluetooth-snowsports-audio-system-dual-kit\/\" \/>\n<meta property=\"og:locale\" content=\"de_DE\" \/>\n<meta property=\"og:type\" content=\"article\" \/>\n<meta property=\"og:title\" content=\"HBC220FORCE Bluetooth Snowsports Audio System \u2013 Dual Kit GEBRAUCHT, Sonderangebot | SOFASKI.COM\" \/>\n<meta property=\"og:description\" content=\"Ich verkaufe ein paar meiner gebrauchten Ger\u00e4te. Diese sind fast neuwertig und voll funktionsf\u00e4hig. Bei Fragen gerne per email.  Zus\u00e4tzlich zu den Ger\u00e4ten erhalten Sie ein Video und pers\u00f6nliche Beratung zur Anwendung im Skiunterricht.  Das HBC220FORCE ist die perfekte Bluetooth Skihelm Interkom L\u00f6sung f\u00fcr die Nutzung alleine (Verbindung mit Handy) oder beim Skifahren zu zweit oder in der Gruppe. Das gro\u00dfe Plus des Systems ist die ausgezeichnette Audioqualit\u00e4t, dass man keinen Mikrophon Ausleger braucht und die Unterdr\u00fcckung von Wind und St\u00f6rger\u00e4uschen. W\u00e4hrend wir die Ger\u00e4te f\u00fcr den Skiunterricht verwendet ist die Anwendung f\u00fcr Guiding oder das Skifahren mit Freunden und Familie genauso geeignet. Ein Dual Kit besteht aus zwei Ger\u00e4ten plus Zubeh\u00f6r.  2 UCLEAR HBC220 Helm Kommunikatoren 2 Stereo Lautsprecher Sets mit integrierten Mikrophonen 1 Ladeger\u00e4t 2 USB Kabel 2 Paar Helm Befestigungen, permanent 2 Befestigungen f\u00fcr Helm und Skibrille 2 Sets Velcro Befestigungen\" \/>\n<meta property=\"og:url\" content=\"https:\/\/sofaski.com\/de\/produkt\/hbc220force-bluetooth-snowsports-audio-system-dual-kit\/\" \/>\n<meta property=\"og:site_name\" content=\"SOFASKI.COM\" \/>\n<meta property=\"article:publisher\" content=\"https:\/\/www.facebook.com\/SofaSkiSchool\" \/>\n<meta property=\"article:modified_time\" content=\"2023-11-06T08:24:55+00:00\" \/>\n<meta property=\"og:image\" content=\"https:\/\/sofaski.com\/wp-content\/uploads\/2019\/10\/HBC220FORCE-Dual.jpg\" \/>\n\t<meta property=\"og:image:width\" content=\"1932\" \/>\n\t<meta property=\"og:image:height\" content=\"1536\" \/>\n\t<meta property=\"og:image:type\" content=\"image\/jpeg\" \/>\n<meta name=\"twitter:card\" content=\"summary_large_image\" \/>\n<script type=\"application\/ld+json\" class=\"yoast-schema-graph\">{\"@context\":\"https:\\\/\\\/schema.org\",\"@graph\":[{\"@type\":\"WebPage\",\"@id\":\"https:\\\/\\\/sofaski.com\\\/de\\\/produkt\\\/hbc220force-bluetooth-snowsports-audio-system-dual-kit\\\/\",\"url\":\"https:\\\/\\\/sofaski.com\\\/de\\\/produkt\\\/hbc220force-bluetooth-snowsports-audio-system-dual-kit\\\/\",\"name\":\"HBC220FORCE Bluetooth Snowsports Audio System \u2013 Dual Kit GEBRAUCHT, Sonderangebot | SOFASKI.COM\",\"isPartOf\":{\"@id\":\"https:\\\/\\\/sofaski.com\\\/#website\"},\"primaryImageOfPage\":{\"@id\":\"https:\\\/\\\/sofaski.com\\\/de\\\/produkt\\\/hbc220force-bluetooth-snowsports-audio-system-dual-kit\\\/#primaryimage\"},\"image\":{\"@id\":\"https:\\\/\\\/sofaski.com\\\/de\\\/produkt\\\/hbc220force-bluetooth-snowsports-audio-system-dual-kit\\\/#primaryimage\"},\"thumbnailUrl\":\"https:\\\/\\\/sofaski.com\\\/wp-content\\\/uploads\\\/2019\\\/10\\\/HBC220FORCE-Dual.jpg\",\"datePublished\":\"2019-10-28T07:23:56+00:00\",\"dateModified\":\"2023-11-06T08:24:55+00:00\",\"breadcrumb\":{\"@id\":\"https:\\\/\\\/sofaski.com\\\/de\\\/produkt\\\/hbc220force-bluetooth-snowsports-audio-system-dual-kit\\\/#breadcrumb\"},\"inLanguage\":\"de\",\"potentialAction\":[{\"@type\":\"ReadAction\",\"target\":[\"https:\\\/\\\/sofaski.com\\\/de\\\/produkt\\\/hbc220force-bluetooth-snowsports-audio-system-dual-kit\\\/\"]}]},{\"@type\":\"ImageObject\",\"inLanguage\":\"de\",\"@id\":\"https:\\\/\\\/sofaski.com\\\/de\\\/produkt\\\/hbc220force-bluetooth-snowsports-audio-system-dual-kit\\\/#primaryimage\",\"url\":\"https:\\\/\\\/sofaski.com\\\/wp-content\\\/uploads\\\/2019\\\/10\\\/HBC220FORCE-Dual.jpg\",\"contentUrl\":\"https:\\\/\\\/sofaski.com\\\/wp-content\\\/uploads\\\/2019\\\/10\\\/HBC220FORCE-Dual.jpg\",\"width\":1932,\"height\":1536},{\"@type\":\"BreadcrumbList\",\"@id\":\"https:\\\/\\\/sofaski.com\\\/de\\\/produkt\\\/hbc220force-bluetooth-snowsports-audio-system-dual-kit\\\/#breadcrumb\",\"itemListElement\":[{\"@type\":\"ListItem\",\"position\":1,\"name\":\"Home\",\"item\":\"https:\\\/\\\/sofaski.com\\\/\"},{\"@type\":\"ListItem\",\"position\":2,\"name\":\"Shop\",\"item\":\"https:\\\/\\\/sofaski.com\\\/de\\\/webshop\\\/\"},{\"@type\":\"ListItem\",\"position\":3,\"name\":\"HBC220FORCE Bluetooth Snowsports Audio System \u2013 Dual Kit GEBRAUCHT, Sonderangebot\"}]},{\"@type\":\"WebSite\",\"@id\":\"https:\\\/\\\/sofaski.com\\\/#website\",\"url\":\"https:\\\/\\\/sofaski.com\\\/\",\"name\":\"SOFASKI.COM\",\"description\":\"Every turn counts\",\"publisher\":{\"@id\":\"https:\\\/\\\/sofaski.com\\\/#organization\"},\"potentialAction\":[{\"@type\":\"SearchAction\",\"target\":{\"@type\":\"EntryPoint\",\"urlTemplate\":\"https:\\\/\\\/sofaski.com\\\/?s={search_term_string}\"},\"query-input\":{\"@type\":\"PropertyValueSpecification\",\"valueRequired\":true,\"valueName\":\"search_term_string\"}}],\"inLanguage\":\"de\"},{\"@type\":\"Organization\",\"@id\":\"https:\\\/\\\/sofaski.com\\\/#organization\",\"name\":\"SOFASKI.COM\",\"url\":\"https:\\\/\\\/sofaski.com\\\/\",\"logo\":{\"@type\":\"ImageObject\",\"inLanguage\":\"de\",\"@id\":\"https:\\\/\\\/sofaski.com\\\/#\\\/schema\\\/logo\\\/image\\\/\",\"url\":\"https:\\\/\\\/sofaski.com\\\/wp-content\\\/uploads\\\/2019\\\/11\\\/SOFASKI-copy-EMAIL.png\",\"contentUrl\":\"https:\\\/\\\/sofaski.com\\\/wp-content\\\/uploads\\\/2019\\\/11\\\/SOFASKI-copy-EMAIL.png\",\"width\":400,\"height\":57,\"caption\":\"SOFASKI.COM\"},\"image\":{\"@id\":\"https:\\\/\\\/sofaski.com\\\/#\\\/schema\\\/logo\\\/image\\\/\"},\"sameAs\":[\"https:\\\/\\\/www.facebook.com\\\/SofaSkiSchool\",\"https:\\\/\\\/www.instagram.com\\\/sofaskischool\\\/\",\"https:\\\/\\\/www.youtube.com\\\/c\\\/KlausMair\"]}]}<\/script>\n<!-- \/ Yoast SEO plugin. -->","yoast_head_json":{"title":"HBC220FORCE Bluetooth Snowsports Audio System \u2013 Dual Kit GEBRAUCHT, Sonderangebot | SOFASKI.COM","robots":{"index":"index","follow":"follow","max-snippet":"max-snippet:-1","max-image-preview":"max-image-preview:large","max-video-preview":"max-video-preview:-1"},"canonical":"https:\/\/sofaski.com\/de\/produkt\/hbc220force-bluetooth-snowsports-audio-system-dual-kit\/","og_locale":"de_DE","og_type":"article","og_title":"HBC220FORCE Bluetooth Snowsports Audio System \u2013 Dual Kit GEBRAUCHT, Sonderangebot | SOFASKI.COM","og_description":"Ich verkaufe ein paar meiner gebrauchten Ger\u00e4te. Diese sind fast neuwertig und voll funktionsf\u00e4hig. Bei Fragen gerne per email.  Zus\u00e4tzlich zu den Ger\u00e4ten erhalten Sie ein Video und pers\u00f6nliche Beratung zur Anwendung im Skiunterricht.  Das HBC220FORCE ist die perfekte Bluetooth Skihelm Interkom L\u00f6sung f\u00fcr die Nutzung alleine (Verbindung mit Handy) oder beim Skifahren zu zweit oder in der Gruppe. Das gro\u00dfe Plus des Systems ist die ausgezeichnette Audioqualit\u00e4t, dass man keinen Mikrophon Ausleger braucht und die Unterdr\u00fcckung von Wind und St\u00f6rger\u00e4uschen. W\u00e4hrend wir die Ger\u00e4te f\u00fcr den Skiunterricht verwendet ist die Anwendung f\u00fcr Guiding oder das Skifahren mit Freunden und Familie genauso geeignet. Ein Dual Kit besteht aus zwei Ger\u00e4ten plus Zubeh\u00f6r.  2 UCLEAR HBC220 Helm Kommunikatoren 2 Stereo Lautsprecher Sets mit integrierten Mikrophonen 1 Ladeger\u00e4t 2 USB Kabel 2 Paar Helm Befestigungen, permanent 2 Befestigungen f\u00fcr Helm und Skibrille 2 Sets Velcro Befestigungen","og_url":"https:\/\/sofaski.com\/de\/produkt\/hbc220force-bluetooth-snowsports-audio-system-dual-kit\/","og_site_name":"SOFASKI.COM","article_publisher":"https:\/\/www.facebook.com\/SofaSkiSchool","article_modified_time":"2023-11-06T08:24:55+00:00","og_image":[{"width":1932,"height":1536,"url":"https:\/\/sofaski.com\/wp-content\/uploads\/2019\/10\/HBC220FORCE-Dual.jpg","type":"image\/jpeg"}],"twitter_card":"summary_large_image","schema":{"@context":"https:\/\/schema.org","@graph":[{"@type":"WebPage","@id":"https:\/\/sofaski.com\/de\/produkt\/hbc220force-bluetooth-snowsports-audio-system-dual-kit\/","url":"https:\/\/sofaski.com\/de\/produkt\/hbc220force-bluetooth-snowsports-audio-system-dual-kit\/","name":"HBC220FORCE Bluetooth Snowsports Audio System \u2013 Dual Kit GEBRAUCHT, Sonderangebot | SOFASKI.COM","isPartOf":{"@id":"https:\/\/sofaski.com\/#website"},"primaryImageOfPage":{"@id":"https:\/\/sofaski.com\/de\/produkt\/hbc220force-bluetooth-snowsports-audio-system-dual-kit\/#primaryimage"},"image":{"@id":"https:\/\/sofaski.com\/de\/produkt\/hbc220force-bluetooth-snowsports-audio-system-dual-kit\/#primaryimage"},"thumbnailUrl":"https:\/\/sofaski.com\/wp-content\/uploads\/2019\/10\/HBC220FORCE-Dual.jpg","datePublished":"2019-10-28T07:23:56+00:00","dateModified":"2023-11-06T08:24:55+00:00","breadcrumb":{"@id":"https:\/\/sofaski.com\/de\/produkt\/hbc220force-bluetooth-snowsports-audio-system-dual-kit\/#breadcrumb"},"inLanguage":"de","potentialAction":[{"@type":"ReadAction","target":["https:\/\/sofaski.com\/de\/produkt\/hbc220force-bluetooth-snowsports-audio-system-dual-kit\/"]}]},{"@type":"ImageObject","inLanguage":"de","@id":"https:\/\/sofaski.com\/de\/produkt\/hbc220force-bluetooth-snowsports-audio-system-dual-kit\/#primaryimage","url":"https:\/\/sofaski.com\/wp-content\/uploads\/2019\/10\/HBC220FORCE-Dual.jpg","contentUrl":"https:\/\/sofaski.com\/wp-content\/uploads\/2019\/10\/HBC220FORCE-Dual.jpg","width":1932,"height":1536},{"@type":"BreadcrumbList","@id":"https:\/\/sofaski.com\/de\/produkt\/hbc220force-bluetooth-snowsports-audio-system-dual-kit\/#breadcrumb","itemListElement":[{"@type":"ListItem","position":1,"name":"Home","item":"https:\/\/sofaski.com\/"},{"@type":"ListItem","position":2,"name":"Shop","item":"https:\/\/sofaski.com\/de\/webshop\/"},{"@type":"ListItem","position":3,"name":"HBC220FORCE Bluetooth Snowsports Audio System \u2013 Dual Kit GEBRAUCHT, Sonderangebot"}]},{"@type":"WebSite","@id":"https:\/\/sofaski.com\/#website","url":"https:\/\/sofaski.com\/","name":"SOFASKI.COM","description":"Every turn counts","publisher":{"@id":"https:\/\/sofaski.com\/#organization"},"potentialAction":[{"@type":"SearchAction","target":{"@type":"EntryPoint","urlTemplate":"https:\/\/sofaski.com\/?s={search_term_string}"},"query-input":{"@type":"PropertyValueSpecification","valueRequired":true,"valueName":"search_term_string"}}],"inLanguage":"de"},{"@type":"Organization","@id":"https:\/\/sofaski.com\/#organization","name":"SOFASKI.COM","url":"https:\/\/sofaski.com\/","logo":{"@type":"ImageObject","inLanguage":"de","@id":"https:\/\/sofaski.com\/#\/schema\/logo\/image\/","url":"https:\/\/sofaski.com\/wp-content\/uploads\/2019\/11\/SOFASKI-copy-EMAIL.png","contentUrl":"https:\/\/sofaski.com\/wp-content\/uploads\/2019\/11\/SOFASKI-copy-EMAIL.png","width":400,"height":57,"caption":"SOFASKI.COM"},"image":{"@id":"https:\/\/sofaski.com\/#\/schema\/logo\/image\/"},"sameAs":["https:\/\/www.facebook.com\/SofaSkiSchool","https:\/\/www.instagram.com\/sofaskischool\/","https:\/\/www.youtube.com\/c\/KlausMair"]}]}},"_links":{"self":[{"href":"https:\/\/sofaski.com\/de\/wp-json\/wp\/v2\/product\/992","targetHints":{"allow":["GET"]}}],"collection":[{"href":"https:\/\/sofaski.com\/de\/wp-json\/wp\/v2\/product"}],"about":[{"href":"https:\/\/sofaski.com\/de\/wp-json\/wp\/v2\/types\/product"}],"replies":[{"embeddable":true,"href":"https:\/\/sofaski.com\/de\/wp-json\/wp\/v2\/comments?post=992"}],"wp:featuredmedia":[{"embeddable":true,"href":"https:\/\/sofaski.com\/de\/wp-json\/wp\/v2\/media\/4961"}],"wp:attachment":[{"href":"https:\/\/sofaski.com\/de\/wp-json\/wp\/v2\/media?parent=992"}],"wp:term":[{"taxonomy":"product_brand","embeddable":true,"href":"https:\/\/sofaski.com\/de\/wp-json\/wp\/v2\/product_brand?post=992"},{"taxonomy":"product_cat","embeddable":true,"href":"https:\/\/sofaski.com\/de\/wp-json\/wp\/v2\/product_cat?post=992"},{"taxonomy":"product_tag","embeddable":true,"href":"https:\/\/sofaski.com\/de\/wp-json\/wp\/v2\/product_tag?post=992"}],"curies":[{"name":"wp","href":"https:\/\/api.w.org\/{rel}","templated":true}]}}