{"id":707,"date":"2019-10-23T14:09:30","date_gmt":"2019-10-23T14:09:30","guid":{"rendered":"https:\/\/klanten.poort3.nl\/sss\/product\/full-video-check-by-klaus-mair\/"},"modified":"2026-02-22T07:42:03","modified_gmt":"2026-02-22T07:42:03","slug":"video-analyse-von-klaus-mair","status":"publish","type":"product","link":"https:\/\/sofaski.com\/de\/produkt\/video-analyse-von-klaus-mair\/","title":{"rendered":"Ski Video Analyse und Trainingsplan"},"content":{"rendered":"<ul>\n<li><strong>\u00a0Lassen Sie Sich filmen. Mit Smartphone, Camcorder oder GoPro.<\/strong><\/li>\n<li><strong>\u00a0Schicken Sie uns die Clips via\u00a0<a href=\"https:\/\/sofaskischool.wetransfer.com\/\">https:\/\/sofaskischool.wetransfer.com<\/a><\/strong><\/li>\n<li><strong>\u00a0Innerhalb von 24 Stunden erhalten Sie Ihre pers\u00f6nliche Ski Analyse<\/strong><\/li>\n<li><strong>\u00a0Verstehen Sie Ihr Skifahren besser, finden Sie heraus worauf Sie genau achten sollten und wie Sie eine Verbesserung Ihres Eigenk\u00f6nnens erreichen k\u00f6nnen<\/strong><\/li>\n<\/ul>\n<p class=\"bodytext\">In Kombination mit den Sofa Ski School Skiunterrichts Videos erhalten Sie so ein einzigartiges Paket, bei dem Sie selbstst\u00e4ndig oder zusammen mit einem Coach zielgerichtet an Ihrer Skitechnik arbeiten k\u00f6nnen.<\/p>\n<p>Alle Ski Analysen werden vollst\u00e4ndig von Klaus Mair erstellt und sind in einer kurzen Variante (7 min Video) und langen Variante (21min Video) erh\u00e4ltlich. Erkl\u00e4ren Sie sich bereit, dass Ihre Analyse weiterver\u00f6ffentlicht werden kann so erhalten Sie eine Erm\u00e4\u00dfigung.<\/p>\n<p>Um die 24h Garantie einhalten zu k\u00f6nnen h\u00e4ngt die Verf\u00fcgbarkeit des Produkts mit der Nachfrage zusammen. Sollte das Produkt ausverkauft sein so schauen Sie bitte in 24h wieder vorbei oder schreiben Sie mir.<\/p>\n<p>Weitere Fragen und Antworten finden Sie hier: <a href=\"https:\/\/sofaski.com\/de\/online-ski-analyse-faq\/\">FAQ &#8211; Video Analyse<\/a><\/p>\n<p>Weitere Infos zur Online Analyse und Trainingsplanung: <a href=\"http:\/\/www.skianalyse.de\">www.skianalyse.de<\/a><\/p>\n<span class=\"et_bloom_bottom_trigger\"><\/span>","protected":false},"excerpt":{"rendered":"<p>Schicken Sie mir Ihre Ski Clips und Sie erhalten eine genaue, pers\u00f6nliche Ski Analyse plus Trainingsplan.<\/p>\n<p><strong>21 Minuten Ski Analyse Video<\/strong> zum download<\/p>\n<p><strong>Schriftlicher Trainingsplan\u00a0<\/strong><\/p>\n<p><strong>Zugang zum Mitgliederbereich<\/strong><\/p>\n<p><strong>24h Bearbeitungszeit garantiert<\/strong><\/p>\n<p>Bitte w\u00e4hlen Sie aus ob sie mir die Erlaubnis erteilen m\u00f6chten Ihre Analyse f\u00fcr werbe- und kommerzielle Zwecke nutzen zu d\u00fcrfen oder ob Sie dies lieber nicht m\u00f6chten. <a href=\"https:\/\/sofaski.com\/de\/einwilligung-und-zustimmung-2\/\"><em>Alle Informationen dazu finden Sie hier.<\/em><\/a><\/p>\n","protected":false},"featured_media":5243,"comment_status":"open","ping_status":"closed","template":"","meta":{"_et_pb_use_builder":"off","_et_pb_old_content":"<ul>\r\n \t<li><strong>\u00a0Lassen Sie Sich filmen. Mit Smartphone, Camcorder oder GoPro,...<\/strong><\/li>\r\n \t<li><strong>\u00a0Schicken Sie uns die Clips via\u00a0<a href=\"https:\/\/sofaskischool.wetransfer.com\/\">https:\/\/sofaskischool.wetransfer.com<\/a><\/strong><\/li>\r\n \t<li><strong>\u00a0Innerhalb von 24 Stunden erhalten Sie Ihre pers\u00f6nliche Ski Analyse samt Trainingsplan<\/strong><\/li>\r\n \t<li><strong>\u00a0Verstehen Sie Ihr Skifahren besser, finden Sie heraus worauf Sie genau achten sollten und wie Sie eine Verbesserung Ihres Eigenk\u00f6nnens erreichen k\u00f6nnen<\/strong><\/li>\r\n<\/ul>\r\n<p class=\"bodytext\">In Kombination mit den Sofa Ski School Ski Unterrichts Videos und den Inhalten im Mitgliederbereich erhalten Sie so ein einzigartiges Paket, bei dem Sie selbstst\u00e4ndig oder zusammen mit einem Coach zielgerichtet an Ihrer Skitechnik arbeiten k\u00f6nnen.<\/p>\r\nAlle Ski Analysen werden vollst\u00e4ndig von Klaus Mair erstellt und sind in einer kurzen Variante (7 min Video) und langen Variante (21 min Video) erh\u00e4ltlich. Erkl\u00e4ren Sie sich bereit, dass Ihre Analyse weiterver\u00f6ffentlicht werden kann so erhalten Sie einen Rabatt.\r\n\r\nSollten Sie From Blue to Powder bereits besitzen so k\u00f6nnen Sie stattdessen From Blue to Black erhalten oder eine der beiden an Jemand weiterschenken (die online Freischaltung ist nicht an Ihr Konto gebunden).\r\n\r\nUm die 24h Garantie einhalten zu k\u00f6nnen h\u00e4ngt die Verf\u00fcgbarkeit des Produkts mit der Nachfrage zusammen. Sollte das Produkt ausverkauft sein so schauen Sie bitte in 24h wieder vorbei oder schreiben Sie mir.\r\n\r\nWeitere Fragen und Antworten finden Sie hier: <a href=\"https:\/\/sofaski.com\/de\/online-ski-analyse-faq\/\">FAQ - Video Analyse<\/a>\r\n\r\nWeitere Infos zur Online Analyse und Trainingsplanung: <a href=\"http:\/\/www.skianalyse.de\">www.skianalyse.de<\/a>","_et_gb_content_width":""},"product_brand":[],"product_cat":[37],"product_tag":[],"class_list":{"0":"post-707","1":"product","2":"type-product","3":"status-publish","4":"has-post-thumbnail","6":"product_cat-video-analysis-de","8":"first","9":"instock","10":"featured","11":"shipping-taxable","12":"purchasable","13":"product-type-variable"},"yoast_head":"<!-- This site is optimized with the Yoast SEO plugin v27.4 - https:\/\/yoast.com\/product\/yoast-seo-wordpress\/ -->\n<title>Ski Video Analyse und Trainingsplan | SOFASKI.COM<\/title>\n<meta name=\"description\" content=\"Ski Technik Feedback direkt vom Experten zu bekommen war nie einfacher. 21min Ski Video Analyse Ihrer Skiaufnahmen plus Trainingsplan.\" \/>\n<meta name=\"robots\" content=\"index, follow, max-snippet:-1, max-image-preview:large, max-video-preview:-1\" \/>\n<link rel=\"canonical\" href=\"https:\/\/sofaski.com\/de\/produkt\/video-analyse-von-klaus-mair\/\" \/>\n<meta property=\"og:locale\" content=\"de_DE\" \/>\n<meta property=\"og:type\" content=\"article\" \/>\n<meta property=\"og:title\" content=\"Ski Video Analyse und Trainingsplan | SOFASKI.COM\" \/>\n<meta property=\"og:description\" content=\"Ski Technik Feedback direkt vom Experten zu bekommen war nie einfacher. 21min Ski Video Analyse Ihrer Skiaufnahmen plus Trainingsplan.\" \/>\n<meta property=\"og:url\" content=\"https:\/\/sofaski.com\/de\/produkt\/video-analyse-von-klaus-mair\/\" \/>\n<meta property=\"og:site_name\" content=\"SOFASKI.COM\" \/>\n<meta property=\"article:publisher\" content=\"https:\/\/www.facebook.com\/SofaSkiSchool\" \/>\n<meta property=\"article:modified_time\" content=\"2026-02-22T07:42:03+00:00\" \/>\n<meta property=\"og:image\" content=\"https:\/\/sofaski.com\/wp-content\/uploads\/2019\/10\/vEND-Analysis-Final-2.jpg\" \/>\n\t<meta property=\"og:image:width\" content=\"1001\" \/>\n\t<meta property=\"og:image:height\" content=\"670\" \/>\n\t<meta property=\"og:image:type\" content=\"image\/jpeg\" \/>\n<meta name=\"twitter:card\" content=\"summary_large_image\" \/>\n<meta name=\"twitter:label1\" content=\"Gesch\u00e4tzte Lesezeit\" \/>\n\t<meta name=\"twitter:data1\" content=\"1\u00a0Minute\" \/>\n<script type=\"application\/ld+json\" class=\"yoast-schema-graph\">{\"@context\":\"https:\\\/\\\/schema.org\",\"@graph\":[{\"@type\":\"WebPage\",\"@id\":\"https:\\\/\\\/sofaski.com\\\/de\\\/produkt\\\/video-analyse-von-klaus-mair\\\/\",\"url\":\"https:\\\/\\\/sofaski.com\\\/de\\\/produkt\\\/video-analyse-von-klaus-mair\\\/\",\"name\":\"Ski Video Analyse und Trainingsplan | SOFASKI.COM\",\"isPartOf\":{\"@id\":\"https:\\\/\\\/sofaski.com\\\/#website\"},\"primaryImageOfPage\":{\"@id\":\"https:\\\/\\\/sofaski.com\\\/de\\\/produkt\\\/video-analyse-von-klaus-mair\\\/#primaryimage\"},\"image\":{\"@id\":\"https:\\\/\\\/sofaski.com\\\/de\\\/produkt\\\/video-analyse-von-klaus-mair\\\/#primaryimage\"},\"thumbnailUrl\":\"https:\\\/\\\/sofaski.com\\\/wp-content\\\/uploads\\\/2019\\\/10\\\/vEND-Analysis-Final-2.jpg\",\"datePublished\":\"2019-10-23T14:09:30+00:00\",\"dateModified\":\"2026-02-22T07:42:03+00:00\",\"description\":\"Ski Technik Feedback direkt vom Experten zu bekommen war nie einfacher. 21min Ski Video Analyse Ihrer Skiaufnahmen plus Trainingsplan.\",\"breadcrumb\":{\"@id\":\"https:\\\/\\\/sofaski.com\\\/de\\\/produkt\\\/video-analyse-von-klaus-mair\\\/#breadcrumb\"},\"inLanguage\":\"de\",\"potentialAction\":[{\"@type\":\"ReadAction\",\"target\":[\"https:\\\/\\\/sofaski.com\\\/de\\\/produkt\\\/video-analyse-von-klaus-mair\\\/\"]}]},{\"@type\":\"ImageObject\",\"inLanguage\":\"de\",\"@id\":\"https:\\\/\\\/sofaski.com\\\/de\\\/produkt\\\/video-analyse-von-klaus-mair\\\/#primaryimage\",\"url\":\"https:\\\/\\\/sofaski.com\\\/wp-content\\\/uploads\\\/2019\\\/10\\\/vEND-Analysis-Final-2.jpg\",\"contentUrl\":\"https:\\\/\\\/sofaski.com\\\/wp-content\\\/uploads\\\/2019\\\/10\\\/vEND-Analysis-Final-2.jpg\",\"width\":1001,\"height\":670,\"caption\":\"Klaus Mair, SOFASKI.COM, Online Ski Analysis\"},{\"@type\":\"BreadcrumbList\",\"@id\":\"https:\\\/\\\/sofaski.com\\\/de\\\/produkt\\\/video-analyse-von-klaus-mair\\\/#breadcrumb\",\"itemListElement\":[{\"@type\":\"ListItem\",\"position\":1,\"name\":\"Home\",\"item\":\"https:\\\/\\\/sofaski.com\\\/\"},{\"@type\":\"ListItem\",\"position\":2,\"name\":\"Shop\",\"item\":\"https:\\\/\\\/sofaski.com\\\/de\\\/webshop\\\/\"},{\"@type\":\"ListItem\",\"position\":3,\"name\":\"Ski Video Analyse und Trainingsplan\"}]},{\"@type\":\"WebSite\",\"@id\":\"https:\\\/\\\/sofaski.com\\\/#website\",\"url\":\"https:\\\/\\\/sofaski.com\\\/\",\"name\":\"SOFASKI.COM\",\"description\":\"Every turn counts\",\"publisher\":{\"@id\":\"https:\\\/\\\/sofaski.com\\\/#organization\"},\"potentialAction\":[{\"@type\":\"SearchAction\",\"target\":{\"@type\":\"EntryPoint\",\"urlTemplate\":\"https:\\\/\\\/sofaski.com\\\/?s={search_term_string}\"},\"query-input\":{\"@type\":\"PropertyValueSpecification\",\"valueRequired\":true,\"valueName\":\"search_term_string\"}}],\"inLanguage\":\"de\"},{\"@type\":\"Organization\",\"@id\":\"https:\\\/\\\/sofaski.com\\\/#organization\",\"name\":\"SOFASKI.COM\",\"url\":\"https:\\\/\\\/sofaski.com\\\/\",\"logo\":{\"@type\":\"ImageObject\",\"inLanguage\":\"de\",\"@id\":\"https:\\\/\\\/sofaski.com\\\/#\\\/schema\\\/logo\\\/image\\\/\",\"url\":\"https:\\\/\\\/sofaski.com\\\/wp-content\\\/uploads\\\/2019\\\/11\\\/SOFASKI-copy-EMAIL.png\",\"contentUrl\":\"https:\\\/\\\/sofaski.com\\\/wp-content\\\/uploads\\\/2019\\\/11\\\/SOFASKI-copy-EMAIL.png\",\"width\":400,\"height\":57,\"caption\":\"SOFASKI.COM\"},\"image\":{\"@id\":\"https:\\\/\\\/sofaski.com\\\/#\\\/schema\\\/logo\\\/image\\\/\"},\"sameAs\":[\"https:\\\/\\\/www.facebook.com\\\/SofaSkiSchool\",\"https:\\\/\\\/www.instagram.com\\\/sofaskischool\\\/\",\"https:\\\/\\\/www.youtube.com\\\/c\\\/KlausMair\"]}]}<\/script>\n<!-- \/ Yoast SEO plugin. -->","yoast_head_json":{"title":"Ski Video Analyse und Trainingsplan | SOFASKI.COM","description":"Ski Technik Feedback direkt vom Experten zu bekommen war nie einfacher. 21min Ski Video Analyse Ihrer Skiaufnahmen plus Trainingsplan.","robots":{"index":"index","follow":"follow","max-snippet":"max-snippet:-1","max-image-preview":"max-image-preview:large","max-video-preview":"max-video-preview:-1"},"canonical":"https:\/\/sofaski.com\/de\/produkt\/video-analyse-von-klaus-mair\/","og_locale":"de_DE","og_type":"article","og_title":"Ski Video Analyse und Trainingsplan | SOFASKI.COM","og_description":"Ski Technik Feedback direkt vom Experten zu bekommen war nie einfacher. 21min Ski Video Analyse Ihrer Skiaufnahmen plus Trainingsplan.","og_url":"https:\/\/sofaski.com\/de\/produkt\/video-analyse-von-klaus-mair\/","og_site_name":"SOFASKI.COM","article_publisher":"https:\/\/www.facebook.com\/SofaSkiSchool","article_modified_time":"2026-02-22T07:42:03+00:00","og_image":[{"width":1001,"height":670,"url":"https:\/\/sofaski.com\/wp-content\/uploads\/2019\/10\/vEND-Analysis-Final-2.jpg","type":"image\/jpeg"}],"twitter_card":"summary_large_image","twitter_misc":{"Gesch\u00e4tzte Lesezeit":"1\u00a0Minute"},"schema":{"@context":"https:\/\/schema.org","@graph":[{"@type":"WebPage","@id":"https:\/\/sofaski.com\/de\/produkt\/video-analyse-von-klaus-mair\/","url":"https:\/\/sofaski.com\/de\/produkt\/video-analyse-von-klaus-mair\/","name":"Ski Video Analyse und Trainingsplan | SOFASKI.COM","isPartOf":{"@id":"https:\/\/sofaski.com\/#website"},"primaryImageOfPage":{"@id":"https:\/\/sofaski.com\/de\/produkt\/video-analyse-von-klaus-mair\/#primaryimage"},"image":{"@id":"https:\/\/sofaski.com\/de\/produkt\/video-analyse-von-klaus-mair\/#primaryimage"},"thumbnailUrl":"https:\/\/sofaski.com\/wp-content\/uploads\/2019\/10\/vEND-Analysis-Final-2.jpg","datePublished":"2019-10-23T14:09:30+00:00","dateModified":"2026-02-22T07:42:03+00:00","description":"Ski Technik Feedback direkt vom Experten zu bekommen war nie einfacher. 21min Ski Video Analyse Ihrer Skiaufnahmen plus Trainingsplan.","breadcrumb":{"@id":"https:\/\/sofaski.com\/de\/produkt\/video-analyse-von-klaus-mair\/#breadcrumb"},"inLanguage":"de","potentialAction":[{"@type":"ReadAction","target":["https:\/\/sofaski.com\/de\/produkt\/video-analyse-von-klaus-mair\/"]}]},{"@type":"ImageObject","inLanguage":"de","@id":"https:\/\/sofaski.com\/de\/produkt\/video-analyse-von-klaus-mair\/#primaryimage","url":"https:\/\/sofaski.com\/wp-content\/uploads\/2019\/10\/vEND-Analysis-Final-2.jpg","contentUrl":"https:\/\/sofaski.com\/wp-content\/uploads\/2019\/10\/vEND-Analysis-Final-2.jpg","width":1001,"height":670,"caption":"Klaus Mair, SOFASKI.COM, Online Ski Analysis"},{"@type":"BreadcrumbList","@id":"https:\/\/sofaski.com\/de\/produkt\/video-analyse-von-klaus-mair\/#breadcrumb","itemListElement":[{"@type":"ListItem","position":1,"name":"Home","item":"https:\/\/sofaski.com\/"},{"@type":"ListItem","position":2,"name":"Shop","item":"https:\/\/sofaski.com\/de\/webshop\/"},{"@type":"ListItem","position":3,"name":"Ski Video Analyse und Trainingsplan"}]},{"@type":"WebSite","@id":"https:\/\/sofaski.com\/#website","url":"https:\/\/sofaski.com\/","name":"SOFASKI.COM","description":"Every turn counts","publisher":{"@id":"https:\/\/sofaski.com\/#organization"},"potentialAction":[{"@type":"SearchAction","target":{"@type":"EntryPoint","urlTemplate":"https:\/\/sofaski.com\/?s={search_term_string}"},"query-input":{"@type":"PropertyValueSpecification","valueRequired":true,"valueName":"search_term_string"}}],"inLanguage":"de"},{"@type":"Organization","@id":"https:\/\/sofaski.com\/#organization","name":"SOFASKI.COM","url":"https:\/\/sofaski.com\/","logo":{"@type":"ImageObject","inLanguage":"de","@id":"https:\/\/sofaski.com\/#\/schema\/logo\/image\/","url":"https:\/\/sofaski.com\/wp-content\/uploads\/2019\/11\/SOFASKI-copy-EMAIL.png","contentUrl":"https:\/\/sofaski.com\/wp-content\/uploads\/2019\/11\/SOFASKI-copy-EMAIL.png","width":400,"height":57,"caption":"SOFASKI.COM"},"image":{"@id":"https:\/\/sofaski.com\/#\/schema\/logo\/image\/"},"sameAs":["https:\/\/www.facebook.com\/SofaSkiSchool","https:\/\/www.instagram.com\/sofaskischool\/","https:\/\/www.youtube.com\/c\/KlausMair"]}]}},"_links":{"self":[{"href":"https:\/\/sofaski.com\/de\/wp-json\/wp\/v2\/product\/707","targetHints":{"allow":["GET"]}}],"collection":[{"href":"https:\/\/sofaski.com\/de\/wp-json\/wp\/v2\/product"}],"about":[{"href":"https:\/\/sofaski.com\/de\/wp-json\/wp\/v2\/types\/product"}],"replies":[{"embeddable":true,"href":"https:\/\/sofaski.com\/de\/wp-json\/wp\/v2\/comments?post=707"}],"wp:featuredmedia":[{"embeddable":true,"href":"https:\/\/sofaski.com\/de\/wp-json\/wp\/v2\/media\/5243"}],"wp:attachment":[{"href":"https:\/\/sofaski.com\/de\/wp-json\/wp\/v2\/media?parent=707"}],"wp:term":[{"taxonomy":"product_brand","embeddable":true,"href":"https:\/\/sofaski.com\/de\/wp-json\/wp\/v2\/product_brand?post=707"},{"taxonomy":"product_cat","embeddable":true,"href":"https:\/\/sofaski.com\/de\/wp-json\/wp\/v2\/product_cat?post=707"},{"taxonomy":"product_tag","embeddable":true,"href":"https:\/\/sofaski.com\/de\/wp-json\/wp\/v2\/product_tag?post=707"}],"curies":[{"name":"wp","href":"https:\/\/api.w.org\/{rel}","templated":true}]}}