{"id":691,"date":"2019-10-23T12:23:42","date_gmt":"2019-10-23T12:23:42","guid":{"rendered":"https:\/\/klanten.poort3.nl\/sss\/?post_type=product&#038;p=691"},"modified":"2023-05-17T02:13:06","modified_gmt":"2023-05-17T02:13:06","slug":"2018-sofa-ski-camp-t-shirt-red","status":"publish","type":"product","link":"https:\/\/sofaski.com\/de\/produkt\/2018-sofa-ski-camp-t-shirt-red\/","title":{"rendered":"Sofa Ski Camp T-Shirt, Rot"},"content":{"rendered":"<span class=\"et_bloom_bottom_trigger\"><\/span>","protected":false},"excerpt":{"rendered":"<p>Klassischer Schnitt, 100% Baumwolle, Rot<\/p>\n<p>Verf\u00fcgbare Gr\u00f6\u00dfen: M, L<\/p>\n<p><a href=\"https:\/\/sofaski.com\/de\/versand-bezahlung\/\">Weitere Infos zu Bezahlung und Versand<\/a><\/p>\n<p>&nbsp;<\/p>\n","protected":false},"featured_media":4951,"comment_status":"open","ping_status":"closed","template":"","meta":{"_et_pb_use_builder":"","_et_pb_old_content":"","_et_gb_content_width":""},"product_brand":[],"product_cat":[38],"product_tag":[],"class_list":{"0":"post-691","1":"product","2":"type-product","3":"status-publish","4":"has-post-thumbnail","6":"product_cat-merchandise-de","8":"first","9":"instock","10":"featured","11":"shipping-taxable","12":"purchasable","13":"product-type-variable"},"yoast_head":"<!-- This site is optimized with the Yoast SEO plugin v27.4 - https:\/\/yoast.com\/product\/yoast-seo-wordpress\/ -->\n<title>Sofa Ski Camp T-Shirt, Rot | SOFASKI.COM<\/title>\n<meta name=\"robots\" content=\"index, follow, max-snippet:-1, max-image-preview:large, max-video-preview:-1\" \/>\n<link rel=\"canonical\" href=\"https:\/\/sofaski.com\/produkt\/2018-sofa-ski-camp-t-shirt-red\/\" \/>\n<meta property=\"og:locale\" content=\"de_DE\" \/>\n<meta property=\"og:type\" content=\"article\" \/>\n<meta property=\"og:title\" content=\"Sofa Ski Camp T-Shirt, Rot | SOFASKI.COM\" \/>\n<meta property=\"og:description\" content=\"Klassischer Schnitt, 100% Baumwolle, Rot  Verf\u00fcgbare Gr\u00f6\u00dfen: M, L  Weitere Infos zu Bezahlung und Versand  &nbsp;\" \/>\n<meta property=\"og:url\" content=\"https:\/\/sofaski.com\/produkt\/2018-sofa-ski-camp-t-shirt-red\/\" \/>\n<meta property=\"og:site_name\" content=\"SOFASKI.COM\" \/>\n<meta property=\"article:publisher\" content=\"https:\/\/www.facebook.com\/SofaSkiSchool\" \/>\n<meta property=\"article:modified_time\" content=\"2023-05-17T02:13:06+00:00\" \/>\n<meta property=\"og:image\" content=\"https:\/\/sofaski.com\/wp-content\/uploads\/2019\/10\/Shirt-Red-Shop-2020.jpg\" \/>\n\t<meta property=\"og:image:width\" content=\"1012\" \/>\n\t<meta property=\"og:image:height\" content=\"574\" \/>\n\t<meta property=\"og:image:type\" content=\"image\/png\" \/>\n<meta name=\"twitter:card\" content=\"summary_large_image\" \/>\n<script type=\"application\/ld+json\" class=\"yoast-schema-graph\">{\"@context\":\"https:\\\/\\\/schema.org\",\"@graph\":[{\"@type\":\"WebPage\",\"@id\":\"https:\\\/\\\/sofaski.com\\\/produkt\\\/2018-sofa-ski-camp-t-shirt-red\\\/\",\"url\":\"https:\\\/\\\/sofaski.com\\\/produkt\\\/2018-sofa-ski-camp-t-shirt-red\\\/\",\"name\":\"Sofa Ski Camp T-Shirt, Rot | SOFASKI.COM\",\"isPartOf\":{\"@id\":\"https:\\\/\\\/sofaski.com\\\/#website\"},\"primaryImageOfPage\":{\"@id\":\"https:\\\/\\\/sofaski.com\\\/produkt\\\/2018-sofa-ski-camp-t-shirt-red\\\/#primaryimage\"},\"image\":{\"@id\":\"https:\\\/\\\/sofaski.com\\\/produkt\\\/2018-sofa-ski-camp-t-shirt-red\\\/#primaryimage\"},\"thumbnailUrl\":\"https:\\\/\\\/sofaski.com\\\/wp-content\\\/uploads\\\/2019\\\/10\\\/Shirt-Red-Shop-2020.jpg\",\"datePublished\":\"2019-10-23T12:23:42+00:00\",\"dateModified\":\"2023-05-17T02:13:06+00:00\",\"breadcrumb\":{\"@id\":\"https:\\\/\\\/sofaski.com\\\/produkt\\\/2018-sofa-ski-camp-t-shirt-red\\\/#breadcrumb\"},\"inLanguage\":\"de\",\"potentialAction\":[{\"@type\":\"ReadAction\",\"target\":[\"https:\\\/\\\/sofaski.com\\\/produkt\\\/2018-sofa-ski-camp-t-shirt-red\\\/\"]}]},{\"@type\":\"ImageObject\",\"inLanguage\":\"de\",\"@id\":\"https:\\\/\\\/sofaski.com\\\/produkt\\\/2018-sofa-ski-camp-t-shirt-red\\\/#primaryimage\",\"url\":\"https:\\\/\\\/sofaski.com\\\/wp-content\\\/uploads\\\/2019\\\/10\\\/Shirt-Red-Shop-2020.jpg\",\"contentUrl\":\"https:\\\/\\\/sofaski.com\\\/wp-content\\\/uploads\\\/2019\\\/10\\\/Shirt-Red-Shop-2020.jpg\",\"width\":1012,\"height\":574},{\"@type\":\"BreadcrumbList\",\"@id\":\"https:\\\/\\\/sofaski.com\\\/produkt\\\/2018-sofa-ski-camp-t-shirt-red\\\/#breadcrumb\",\"itemListElement\":[{\"@type\":\"ListItem\",\"position\":1,\"name\":\"Home\",\"item\":\"https:\\\/\\\/sofaski.com\\\/\"},{\"@type\":\"ListItem\",\"position\":2,\"name\":\"Shop\",\"item\":\"https:\\\/\\\/sofaski.com\\\/de\\\/webshop\\\/\"},{\"@type\":\"ListItem\",\"position\":3,\"name\":\"Sofa Ski Camp T-Shirt, Rot\"}]},{\"@type\":\"WebSite\",\"@id\":\"https:\\\/\\\/sofaski.com\\\/#website\",\"url\":\"https:\\\/\\\/sofaski.com\\\/\",\"name\":\"SOFASKI.COM\",\"description\":\"Every turn counts\",\"publisher\":{\"@id\":\"https:\\\/\\\/sofaski.com\\\/#organization\"},\"potentialAction\":[{\"@type\":\"SearchAction\",\"target\":{\"@type\":\"EntryPoint\",\"urlTemplate\":\"https:\\\/\\\/sofaski.com\\\/?s={search_term_string}\"},\"query-input\":{\"@type\":\"PropertyValueSpecification\",\"valueRequired\":true,\"valueName\":\"search_term_string\"}}],\"inLanguage\":\"de\"},{\"@type\":\"Organization\",\"@id\":\"https:\\\/\\\/sofaski.com\\\/#organization\",\"name\":\"SOFASKI.COM\",\"url\":\"https:\\\/\\\/sofaski.com\\\/\",\"logo\":{\"@type\":\"ImageObject\",\"inLanguage\":\"de\",\"@id\":\"https:\\\/\\\/sofaski.com\\\/#\\\/schema\\\/logo\\\/image\\\/\",\"url\":\"https:\\\/\\\/sofaski.com\\\/wp-content\\\/uploads\\\/2019\\\/11\\\/SOFASKI-copy-EMAIL.png\",\"contentUrl\":\"https:\\\/\\\/sofaski.com\\\/wp-content\\\/uploads\\\/2019\\\/11\\\/SOFASKI-copy-EMAIL.png\",\"width\":400,\"height\":57,\"caption\":\"SOFASKI.COM\"},\"image\":{\"@id\":\"https:\\\/\\\/sofaski.com\\\/#\\\/schema\\\/logo\\\/image\\\/\"},\"sameAs\":[\"https:\\\/\\\/www.facebook.com\\\/SofaSkiSchool\",\"https:\\\/\\\/www.instagram.com\\\/sofaskischool\\\/\",\"https:\\\/\\\/www.youtube.com\\\/c\\\/KlausMair\"]}]}<\/script>\n<!-- \/ Yoast SEO plugin. -->","yoast_head_json":{"title":"Sofa Ski Camp T-Shirt, Rot | SOFASKI.COM","robots":{"index":"index","follow":"follow","max-snippet":"max-snippet:-1","max-image-preview":"max-image-preview:large","max-video-preview":"max-video-preview:-1"},"canonical":"https:\/\/sofaski.com\/produkt\/2018-sofa-ski-camp-t-shirt-red\/","og_locale":"de_DE","og_type":"article","og_title":"Sofa Ski Camp T-Shirt, Rot | SOFASKI.COM","og_description":"Klassischer Schnitt, 100% Baumwolle, Rot  Verf\u00fcgbare Gr\u00f6\u00dfen: M, L  Weitere Infos zu Bezahlung und Versand  &nbsp;","og_url":"https:\/\/sofaski.com\/produkt\/2018-sofa-ski-camp-t-shirt-red\/","og_site_name":"SOFASKI.COM","article_publisher":"https:\/\/www.facebook.com\/SofaSkiSchool","article_modified_time":"2023-05-17T02:13:06+00:00","og_image":[{"width":1012,"height":574,"url":"https:\/\/sofaski.com\/wp-content\/uploads\/2019\/10\/Shirt-Red-Shop-2020.jpg","type":"image\/png"}],"twitter_card":"summary_large_image","schema":{"@context":"https:\/\/schema.org","@graph":[{"@type":"WebPage","@id":"https:\/\/sofaski.com\/produkt\/2018-sofa-ski-camp-t-shirt-red\/","url":"https:\/\/sofaski.com\/produkt\/2018-sofa-ski-camp-t-shirt-red\/","name":"Sofa Ski Camp T-Shirt, Rot | SOFASKI.COM","isPartOf":{"@id":"https:\/\/sofaski.com\/#website"},"primaryImageOfPage":{"@id":"https:\/\/sofaski.com\/produkt\/2018-sofa-ski-camp-t-shirt-red\/#primaryimage"},"image":{"@id":"https:\/\/sofaski.com\/produkt\/2018-sofa-ski-camp-t-shirt-red\/#primaryimage"},"thumbnailUrl":"https:\/\/sofaski.com\/wp-content\/uploads\/2019\/10\/Shirt-Red-Shop-2020.jpg","datePublished":"2019-10-23T12:23:42+00:00","dateModified":"2023-05-17T02:13:06+00:00","breadcrumb":{"@id":"https:\/\/sofaski.com\/produkt\/2018-sofa-ski-camp-t-shirt-red\/#breadcrumb"},"inLanguage":"de","potentialAction":[{"@type":"ReadAction","target":["https:\/\/sofaski.com\/produkt\/2018-sofa-ski-camp-t-shirt-red\/"]}]},{"@type":"ImageObject","inLanguage":"de","@id":"https:\/\/sofaski.com\/produkt\/2018-sofa-ski-camp-t-shirt-red\/#primaryimage","url":"https:\/\/sofaski.com\/wp-content\/uploads\/2019\/10\/Shirt-Red-Shop-2020.jpg","contentUrl":"https:\/\/sofaski.com\/wp-content\/uploads\/2019\/10\/Shirt-Red-Shop-2020.jpg","width":1012,"height":574},{"@type":"BreadcrumbList","@id":"https:\/\/sofaski.com\/produkt\/2018-sofa-ski-camp-t-shirt-red\/#breadcrumb","itemListElement":[{"@type":"ListItem","position":1,"name":"Home","item":"https:\/\/sofaski.com\/"},{"@type":"ListItem","position":2,"name":"Shop","item":"https:\/\/sofaski.com\/de\/webshop\/"},{"@type":"ListItem","position":3,"name":"Sofa Ski Camp T-Shirt, Rot"}]},{"@type":"WebSite","@id":"https:\/\/sofaski.com\/#website","url":"https:\/\/sofaski.com\/","name":"SOFASKI.COM","description":"Every turn counts","publisher":{"@id":"https:\/\/sofaski.com\/#organization"},"potentialAction":[{"@type":"SearchAction","target":{"@type":"EntryPoint","urlTemplate":"https:\/\/sofaski.com\/?s={search_term_string}"},"query-input":{"@type":"PropertyValueSpecification","valueRequired":true,"valueName":"search_term_string"}}],"inLanguage":"de"},{"@type":"Organization","@id":"https:\/\/sofaski.com\/#organization","name":"SOFASKI.COM","url":"https:\/\/sofaski.com\/","logo":{"@type":"ImageObject","inLanguage":"de","@id":"https:\/\/sofaski.com\/#\/schema\/logo\/image\/","url":"https:\/\/sofaski.com\/wp-content\/uploads\/2019\/11\/SOFASKI-copy-EMAIL.png","contentUrl":"https:\/\/sofaski.com\/wp-content\/uploads\/2019\/11\/SOFASKI-copy-EMAIL.png","width":400,"height":57,"caption":"SOFASKI.COM"},"image":{"@id":"https:\/\/sofaski.com\/#\/schema\/logo\/image\/"},"sameAs":["https:\/\/www.facebook.com\/SofaSkiSchool","https:\/\/www.instagram.com\/sofaskischool\/","https:\/\/www.youtube.com\/c\/KlausMair"]}]}},"_links":{"self":[{"href":"https:\/\/sofaski.com\/de\/wp-json\/wp\/v2\/product\/691","targetHints":{"allow":["GET"]}}],"collection":[{"href":"https:\/\/sofaski.com\/de\/wp-json\/wp\/v2\/product"}],"about":[{"href":"https:\/\/sofaski.com\/de\/wp-json\/wp\/v2\/types\/product"}],"replies":[{"embeddable":true,"href":"https:\/\/sofaski.com\/de\/wp-json\/wp\/v2\/comments?post=691"}],"wp:featuredmedia":[{"embeddable":true,"href":"https:\/\/sofaski.com\/de\/wp-json\/wp\/v2\/media\/4951"}],"wp:attachment":[{"href":"https:\/\/sofaski.com\/de\/wp-json\/wp\/v2\/media?parent=691"}],"wp:term":[{"taxonomy":"product_brand","embeddable":true,"href":"https:\/\/sofaski.com\/de\/wp-json\/wp\/v2\/product_brand?post=691"},{"taxonomy":"product_cat","embeddable":true,"href":"https:\/\/sofaski.com\/de\/wp-json\/wp\/v2\/product_cat?post=691"},{"taxonomy":"product_tag","embeddable":true,"href":"https:\/\/sofaski.com\/de\/wp-json\/wp\/v2\/product_tag?post=691"}],"curies":[{"name":"wp","href":"https:\/\/api.w.org\/{rel}","templated":true}]}}