{"id":6840,"date":"2019-11-14T19:26:12","date_gmt":"2020-06-22T14:10:40","guid":{"rendered":"https:\/\/sofaski.com\/?post_type=product&#038;p=6840"},"modified":"2026-02-09T16:55:42","modified_gmt":"2026-02-09T16:55:42","slug":"from-blue-to-powder","status":"publish","type":"product","link":"https:\/\/sofaski.com\/de\/produkt\/from-blue-to-powder\/","title":{"rendered":"From Blue to Powder"},"content":{"rendered":"<p><iframe title=\"Sofa Ski School - From Blue to Powder, Deutsch\" src=\"https:\/\/player.vimeo.com\/video\/148915219?dnt=1&amp;app_id=122963\" width=\"1080\" height=\"608\" frameborder=\"0\" allow=\"autoplay; fullscreen; picture-in-picture; clipboard-write; encrypted-media; web-share\" referrerpolicy=\"strict-origin-when-cross-origin\"><\/iframe><\/p>\n<p>Blue to Powder besch\u00e4ftigt sich mit den wichtigsten Skigrundlagen und zeigt wie diese optimiert werden k\u00f6nnen, um dann in schwierigeren Situationen mehr Sicherheit und eine besseren Performance zu haben. Klaus Mair zeigt seine effektivsten Einheiten, um mittel- und langfristig besser am Ski stehen zu k\u00f6nnen. Das Ziel ist dabei immer dem Zuseher so viel wie m\u00f6glich weiterhelfen zu k\u00f6nnen. Um Ihnen zu helfen Skitechnik Grundlagen von Grund auf besser zu verstehen, sind die Hauptkapitel in blau, rot und schwarz unterteilt. Im zweiten Teil des Videos wird gezeigt wie diese dann im <strong>Tiefschnee, in den Buckeln, im Steilen Gel\u00e4nde,\u00a0 beim Carving oder in den Kurzschw\u00fcngen<\/strong>\u00a0Anwendung finden.<\/p>\n<p><strong><em>Seien Sie w\u00e4hlerisch bei der Wahl Ihres Skilehrers! Das gilt im Winterurlaub genauso wie in der Vorbereitung.<\/em><\/strong> Blue to Powder ist\u00a0ein Resultat tausender Coachingstunden auf Schnee und ein best-of jener Lektionen und Erkl\u00e4rungen die sich am meisten bew\u00e4hrt haben.\u00a0Sofa Ski School basiert auf der \u00d6sterreichischen Skischule. Wie wenig andere konnte sich Klaus Mair in den letzten Jahren auf das Training mit touristischen Skifahrern spezialisieren.<\/p>\n<p><em><strong>Blue to Powder wurde urspr\u00fcnglich auf Englisch ver\u00f6ffentlicht. Die vollst\u00e4ndig \u00fcberarbeitete Deutsche Version wurde 2020 ver\u00f6ffentlicht. Das Deutsche Video ist nur online und nicht als DVD erh\u00e4ltlich.\u00a0<\/strong><\/em><\/p>\n<p><em><strong>Das Video ist eine Amateurproduktion eines Skilehrers. Der Schwerpunkt liegt nicht auf der Qualit\u00e4t von Bild und Ton sondern auf der Vermittlung von effektiven und in der Praxis bew\u00e4hrten Einheiten, um Skifahrern zu helfen besser am Ski zu stehen.\u00a0<\/strong><\/em><\/p>\n<p><a href=\"https:\/\/sofaski.com\/de\/videos\/blue-to-powder\/\">Weitere Informationen, Kundenrezensionen,&#8230;\u00a0<\/a><\/p>\n<p><a href=\"https:\/\/sofaski.com\/de\/learning-to-ski-on-the-sofa-why-it-works\/\">Skifahren Lernen auf dem Sofa? So kann es funktionieren&#8230;<\/a><\/p>\n<p><strong>Ver\u00f6ffentlicht:<\/strong> 2020, <strong>Sprache:<\/strong> Deutsch<\/p>\n<p><strong>Dauer:<\/strong> 150 Minuten<\/p>\n<p><strong>Format:<\/strong> ON DEMAND, DVD\u00a0 <a href=\"https:\/\/sofaski.com\/de\/download-on-demand-information\/\">&#8230;Download \/ On Demand Info<\/a><\/p>\n<p><strong>Inklusive: <\/strong><a href=\"https:\/\/sofaski.com\/de\/member-area\/\">Mitgliederbereich<\/a>, <a href=\"https:\/\/sofaski.com\/de\/from-blue-to-powder-reminder-cards\/\">12 Erinnerungskarten<\/a><\/p>\n<p><strong>Bezahlung:<\/strong> Kreditkarte, PayPal, Bank\u00fcberweisung\u00a0 &#8230;mehr zur <a href=\"https:\/\/sofaski.com\/de\/versand-bezahlung\/\">Bezahlung<\/a><\/p>\n<p>VIDEO HIER KAUFEN: <a href=\"https:\/\/vimeo.com\/ondemand\/bluetopowderdeutsch\" target=\"_blank\" rel=\"noopener\">https:\/\/vimeo.com\/ondemand\/bluetopowderdeutsch<\/a><\/p>\n<span class=\"et_bloom_bottom_trigger\"><\/span>","protected":false},"excerpt":{"rendered":"<p>Dieses Video ist die vollst\u00e4ndig \u00fcberarbeitete Deutsche Edition des urspr\u00fcnglich auf Englisch ver\u00f6ffentlichten Videos.<\/p>\n<p>In \u00fcber 2 Stunden Skiunterricht geht es um die Skigrundlagen und Ihre Anwendung im Tiefschnee, Buggel, Kurzschwung, Carving,&#8230;<\/p>\n<p>Die Tiefschnee Einheit des Videos k\u00f6nnen Sie im <a href=\"https:\/\/sofaski.com\/de\/einfuehrung-ins-tiefschneefahren-gratis-erinnerungskarte\/\">SOFASKI.COM Blog<\/a> antesten. Weitere Informationen zum Video finden sie auch <a href=\"https:\/\/sofaski.com\/de\/videos\/blue-to-powder\/\">hier.<\/a><\/p>\n<p>Dieses Video ist auf Deutsch nur online und nicht als DVD erh\u00e4ltlich.<\/p>\n<p><strong>Ver\u00f6ffentlicht:<\/strong> 2020, <strong>Sprache:<\/strong> Deutsch, <strong>Dauer:<\/strong> 150 Minuten <strong>Format:<\/strong> <a href=\"https:\/\/sofaski.com\/de\/download-on-demand-information\/\">ON DEMAND \/ DOWNLOAD<\/a><\/p>\n<p><strong>Inklusive: <\/strong><a href=\"https:\/\/sofaski.com\/de\/member-area\/\">Mitgliederbereich<\/a>, <a href=\"https:\/\/sofaski.com\/de\/from-blue-to-powder-reminder-cards\/\">12 Erinnerungskarten<\/a><\/p>\n<p><strong>JETZT FREISCHALTEN: <a href=\"https:\/\/vimeo.com\/ondemand\/bluetopowderdeutsch\">https:\/\/vimeo.com\/ondemand\/bluetopowderdeutsch<\/a><\/strong><\/p>\n","protected":false},"featured_media":5410,"comment_status":"open","ping_status":"closed","template":"","meta":{"_et_pb_use_builder":"off","_et_pb_old_content":"<div style=\"padding: 56.25% 0 0 0\"><\/div>\r\nBlue to Powder besch\u00e4ftigt sich mit den wichtigsten Skigrundlagen und zeigt wie diese optimiert werden k\u00f6nnen, um dann in schwierigeren Situationen mehr Sicherheit und eine besseren Performance zu haben. Klaus Mair zeigt seine effektivsten Einheiten, um mittel- und langfristig besser am Ski stehen zu k\u00f6nnen. Das Ziel ist dabei immer dem Zuseher so viel wie m\u00f6glich weiterhelfen zu k\u00f6nnen.\r\n\r\nUm Ihnen zu helfen Skitechnik Grundlagen von Grund auf besser zu verstehen, sind die Hauptkapitel in blau, rot und schwarz unterteilt. Im zweiten Teil des Videos wird gezeigt wie diese dann im\u00a0<strong>Tiefschnee, in den Buckeln, im Steilen Gel\u00e4nde,\u00a0 beim Carving oder in den Kurzschw\u00fcngen<\/strong>\u00a0Anwendung finden.\r\n\r\n<strong><em>Seien Sie w\u00e4hlerisch bei der Wahl Ihres Skilehrers! Das gilt im Winterurlaub genauso wie in der Vorbereitung.<\/em><\/strong>\r\n\r\nBlue to Powder ist\u00a0ein Resultat tausender Coachingstunden auf Schnee und ein best-of jener Lektionen und Erkl\u00e4rungen die sich am meisten bew\u00e4hrt haben.\u00a0Sofa Ski School basiert auf der \u00d6sterreichischen Skischule. Wie wenig andere konnte sich Klaus Mair in den letzten Jahren auf das Training mit touristischen Skifahrern spezialisieren.\r\n\r\n<em><strong>Blue to Powder wurde urspr\u00fcnglich auf Englisch ver\u00f6ffentlicht. Die vollst\u00e4ndig \u00fcberarbeitete Deutsche Version wurde 2020 ver\u00f6ffentlicht. Das Deutsche Video ist nur online (zum download und streamen) und nicht als DVD erh\u00e4ltlich.\u00a0<\/strong><\/em>\r\n\r\n<em><strong>Das Video ist eine Amateurproduktion eines Skilehrers. Der Schwerpunkt liegt nicht auf der Qualit\u00e4t von Bild und Ton sondern auf der Vermittlung von effektiven und in der Praxis bew\u00e4hrten Einheiten, um Skifahrern zu helfen besser am Ski zu stehen. Die erfolgreiche Verwendung des Lehrmittels kann in <a href=\"https:\/\/sofaski.com\/de\/customer-reviews\/\">zahlreichen positiven Rezensionen nachgelesen werden<\/a><\/strong><\/em>\r\n\r\n<strong>Ver\u00f6ffentlicht:<\/strong> 2020, <strong>Sprache:<\/strong> Deutsch\r\n\r\n<strong>Dauer:<\/strong> 150 Minuten\r\n\r\n<strong>Format:<\/strong> ON DEMAND \/ DOWNLOAD\r\n\r\n<strong>Inklusive: <\/strong>Mitgliederbereich, 12 Erinnerungskarten\r\n\r\n<strong>Bezahlung:<\/strong> Kreditkarte, PayPal, Bank\u00fcberweisung\u00a0 ...mehr zur <a href=\"https:\/\/sofaski.com\/de\/versand-bezahlung\/\">Bezahlung<\/a>","_et_gb_content_width":""},"product_brand":[],"product_cat":[68],"product_tag":[],"class_list":{"0":"post-6840","1":"product","2":"type-product","3":"status-publish","4":"has-post-thumbnail","6":"product_cat-videos","8":"first","9":"instock","10":"shipping-taxable","11":"purchasable","12":"product-type-variable","13":"has-default-attributes"},"yoast_head":"<!-- This site is optimized with the Yoast SEO plugin v27.3 - https:\/\/yoast.com\/product\/yoast-seo-wordpress\/ -->\n<title>From Blue to Powder | SOFASKI.COM<\/title>\n<meta name=\"robots\" content=\"index, follow, max-snippet:-1, max-image-preview:large, max-video-preview:-1\" \/>\n<link rel=\"canonical\" href=\"https:\/\/sofaski.com\/de\/produkt\/from-blue-to-powder\/\" \/>\n<meta property=\"og:locale\" content=\"de_DE\" \/>\n<meta property=\"og:type\" content=\"article\" \/>\n<meta property=\"og:title\" content=\"From Blue to Powder | SOFASKI.COM\" \/>\n<meta property=\"og:description\" content=\"Dieses Video ist die vollst\u00e4ndig \u00fcberarbeitete Deutsche Edition des urspr\u00fcnglich auf Englisch ver\u00f6ffentlichten Videos.  In \u00fcber 2 Stunden Skiunterricht geht es um die Skigrundlagen und Ihre Anwendung im Tiefschnee, Buggel, Kurzschwung, Carving,...  Die Tiefschnee Einheit des Videos k\u00f6nnen Sie im SOFASKI.COM Blog antesten. Weitere Informationen zum Video finden sie auch hier.  Dieses Video ist auf Deutsch nur online und nicht als DVD erh\u00e4ltlich.  Ver\u00f6ffentlicht: 2020, Sprache: Deutsch, Dauer: 150 Minuten Format: ON DEMAND \/ DOWNLOAD  Inklusive: Mitgliederbereich, 12 Erinnerungskarten  JETZT FREISCHALTEN: https:\/\/vimeo.com\/ondemand\/bluetopowderdeutsch\" \/>\n<meta property=\"og:url\" content=\"https:\/\/sofaski.com\/de\/produkt\/from-blue-to-powder\/\" \/>\n<meta property=\"og:site_name\" content=\"SOFASKI.COM\" \/>\n<meta property=\"article:publisher\" content=\"https:\/\/www.facebook.com\/SofaSkiSchool\" \/>\n<meta property=\"article:modified_time\" content=\"2026-02-09T16:55:42+00:00\" \/>\n<meta property=\"og:image\" content=\"https:\/\/sofaski.com\/wp-content\/uploads\/2019\/11\/BTP-new-DVD-cover-Vimeo-3.1.jpg\" \/>\n\t<meta property=\"og:image:width\" content=\"1420\" \/>\n\t<meta property=\"og:image:height\" content=\"952\" \/>\n\t<meta property=\"og:image:type\" content=\"image\/png\" \/>\n<meta name=\"twitter:card\" content=\"summary_large_image\" \/>\n<meta name=\"twitter:label1\" content=\"Gesch\u00e4tzte Lesezeit\" \/>\n\t<meta name=\"twitter:data1\" content=\"2\u00a0Minuten\" \/>\n<script type=\"application\/ld+json\" class=\"yoast-schema-graph\">{\"@context\":\"https:\\\/\\\/schema.org\",\"@graph\":[{\"@type\":\"WebPage\",\"@id\":\"https:\\\/\\\/sofaski.com\\\/de\\\/produkt\\\/from-blue-to-powder\\\/\",\"url\":\"https:\\\/\\\/sofaski.com\\\/de\\\/produkt\\\/from-blue-to-powder\\\/\",\"name\":\"From Blue to Powder | SOFASKI.COM\",\"isPartOf\":{\"@id\":\"https:\\\/\\\/sofaski.com\\\/#website\"},\"primaryImageOfPage\":{\"@id\":\"https:\\\/\\\/sofaski.com\\\/de\\\/produkt\\\/from-blue-to-powder\\\/#primaryimage\"},\"image\":{\"@id\":\"https:\\\/\\\/sofaski.com\\\/de\\\/produkt\\\/from-blue-to-powder\\\/#primaryimage\"},\"thumbnailUrl\":\"https:\\\/\\\/sofaski.com\\\/wp-content\\\/uploads\\\/2019\\\/11\\\/BTP-new-DVD-cover-Vimeo-3.1.jpg\",\"datePublished\":\"2020-06-22T14:10:40+00:00\",\"dateModified\":\"2026-02-09T16:55:42+00:00\",\"breadcrumb\":{\"@id\":\"https:\\\/\\\/sofaski.com\\\/de\\\/produkt\\\/from-blue-to-powder\\\/#breadcrumb\"},\"inLanguage\":\"de\",\"potentialAction\":[{\"@type\":\"ReadAction\",\"target\":[\"https:\\\/\\\/sofaski.com\\\/de\\\/produkt\\\/from-blue-to-powder\\\/\"]}]},{\"@type\":\"ImageObject\",\"inLanguage\":\"de\",\"@id\":\"https:\\\/\\\/sofaski.com\\\/de\\\/produkt\\\/from-blue-to-powder\\\/#primaryimage\",\"url\":\"https:\\\/\\\/sofaski.com\\\/wp-content\\\/uploads\\\/2019\\\/11\\\/BTP-new-DVD-cover-Vimeo-3.1.jpg\",\"contentUrl\":\"https:\\\/\\\/sofaski.com\\\/wp-content\\\/uploads\\\/2019\\\/11\\\/BTP-new-DVD-cover-Vimeo-3.1.jpg\",\"width\":1420,\"height\":952},{\"@type\":\"BreadcrumbList\",\"@id\":\"https:\\\/\\\/sofaski.com\\\/de\\\/produkt\\\/from-blue-to-powder\\\/#breadcrumb\",\"itemListElement\":[{\"@type\":\"ListItem\",\"position\":1,\"name\":\"Home\",\"item\":\"https:\\\/\\\/sofaski.com\\\/\"},{\"@type\":\"ListItem\",\"position\":2,\"name\":\"Shop\",\"item\":\"https:\\\/\\\/sofaski.com\\\/de\\\/webshop\\\/\"},{\"@type\":\"ListItem\",\"position\":3,\"name\":\"From Blue to Powder\"}]},{\"@type\":\"WebSite\",\"@id\":\"https:\\\/\\\/sofaski.com\\\/#website\",\"url\":\"https:\\\/\\\/sofaski.com\\\/\",\"name\":\"SOFASKI.COM\",\"description\":\"Every turn counts\",\"publisher\":{\"@id\":\"https:\\\/\\\/sofaski.com\\\/#organization\"},\"potentialAction\":[{\"@type\":\"SearchAction\",\"target\":{\"@type\":\"EntryPoint\",\"urlTemplate\":\"https:\\\/\\\/sofaski.com\\\/?s={search_term_string}\"},\"query-input\":{\"@type\":\"PropertyValueSpecification\",\"valueRequired\":true,\"valueName\":\"search_term_string\"}}],\"inLanguage\":\"de\"},{\"@type\":\"Organization\",\"@id\":\"https:\\\/\\\/sofaski.com\\\/#organization\",\"name\":\"SOFASKI.COM\",\"url\":\"https:\\\/\\\/sofaski.com\\\/\",\"logo\":{\"@type\":\"ImageObject\",\"inLanguage\":\"de\",\"@id\":\"https:\\\/\\\/sofaski.com\\\/#\\\/schema\\\/logo\\\/image\\\/\",\"url\":\"https:\\\/\\\/sofaski.com\\\/wp-content\\\/uploads\\\/2019\\\/11\\\/SOFASKI-copy-EMAIL.png\",\"contentUrl\":\"https:\\\/\\\/sofaski.com\\\/wp-content\\\/uploads\\\/2019\\\/11\\\/SOFASKI-copy-EMAIL.png\",\"width\":400,\"height\":57,\"caption\":\"SOFASKI.COM\"},\"image\":{\"@id\":\"https:\\\/\\\/sofaski.com\\\/#\\\/schema\\\/logo\\\/image\\\/\"},\"sameAs\":[\"https:\\\/\\\/www.facebook.com\\\/SofaSkiSchool\",\"https:\\\/\\\/www.instagram.com\\\/sofaskischool\\\/\",\"https:\\\/\\\/www.youtube.com\\\/c\\\/KlausMair\"]}]}<\/script>\n<!-- \/ Yoast SEO plugin. -->","yoast_head_json":{"title":"From Blue to Powder | SOFASKI.COM","robots":{"index":"index","follow":"follow","max-snippet":"max-snippet:-1","max-image-preview":"max-image-preview:large","max-video-preview":"max-video-preview:-1"},"canonical":"https:\/\/sofaski.com\/de\/produkt\/from-blue-to-powder\/","og_locale":"de_DE","og_type":"article","og_title":"From Blue to Powder | SOFASKI.COM","og_description":"Dieses Video ist die vollst\u00e4ndig \u00fcberarbeitete Deutsche Edition des urspr\u00fcnglich auf Englisch ver\u00f6ffentlichten Videos.  In \u00fcber 2 Stunden Skiunterricht geht es um die Skigrundlagen und Ihre Anwendung im Tiefschnee, Buggel, Kurzschwung, Carving,...  Die Tiefschnee Einheit des Videos k\u00f6nnen Sie im SOFASKI.COM Blog antesten. Weitere Informationen zum Video finden sie auch hier.  Dieses Video ist auf Deutsch nur online und nicht als DVD erh\u00e4ltlich.  Ver\u00f6ffentlicht: 2020, Sprache: Deutsch, Dauer: 150 Minuten Format: ON DEMAND \/ DOWNLOAD  Inklusive: Mitgliederbereich, 12 Erinnerungskarten  JETZT FREISCHALTEN: https:\/\/vimeo.com\/ondemand\/bluetopowderdeutsch","og_url":"https:\/\/sofaski.com\/de\/produkt\/from-blue-to-powder\/","og_site_name":"SOFASKI.COM","article_publisher":"https:\/\/www.facebook.com\/SofaSkiSchool","article_modified_time":"2026-02-09T16:55:42+00:00","og_image":[{"width":1420,"height":952,"url":"https:\/\/sofaski.com\/wp-content\/uploads\/2019\/11\/BTP-new-DVD-cover-Vimeo-3.1.jpg","type":"image\/png"}],"twitter_card":"summary_large_image","twitter_misc":{"Gesch\u00e4tzte Lesezeit":"2\u00a0Minuten"},"schema":{"@context":"https:\/\/schema.org","@graph":[{"@type":"WebPage","@id":"https:\/\/sofaski.com\/de\/produkt\/from-blue-to-powder\/","url":"https:\/\/sofaski.com\/de\/produkt\/from-blue-to-powder\/","name":"From Blue to Powder | SOFASKI.COM","isPartOf":{"@id":"https:\/\/sofaski.com\/#website"},"primaryImageOfPage":{"@id":"https:\/\/sofaski.com\/de\/produkt\/from-blue-to-powder\/#primaryimage"},"image":{"@id":"https:\/\/sofaski.com\/de\/produkt\/from-blue-to-powder\/#primaryimage"},"thumbnailUrl":"https:\/\/sofaski.com\/wp-content\/uploads\/2019\/11\/BTP-new-DVD-cover-Vimeo-3.1.jpg","datePublished":"2020-06-22T14:10:40+00:00","dateModified":"2026-02-09T16:55:42+00:00","breadcrumb":{"@id":"https:\/\/sofaski.com\/de\/produkt\/from-blue-to-powder\/#breadcrumb"},"inLanguage":"de","potentialAction":[{"@type":"ReadAction","target":["https:\/\/sofaski.com\/de\/produkt\/from-blue-to-powder\/"]}]},{"@type":"ImageObject","inLanguage":"de","@id":"https:\/\/sofaski.com\/de\/produkt\/from-blue-to-powder\/#primaryimage","url":"https:\/\/sofaski.com\/wp-content\/uploads\/2019\/11\/BTP-new-DVD-cover-Vimeo-3.1.jpg","contentUrl":"https:\/\/sofaski.com\/wp-content\/uploads\/2019\/11\/BTP-new-DVD-cover-Vimeo-3.1.jpg","width":1420,"height":952},{"@type":"BreadcrumbList","@id":"https:\/\/sofaski.com\/de\/produkt\/from-blue-to-powder\/#breadcrumb","itemListElement":[{"@type":"ListItem","position":1,"name":"Home","item":"https:\/\/sofaski.com\/"},{"@type":"ListItem","position":2,"name":"Shop","item":"https:\/\/sofaski.com\/de\/webshop\/"},{"@type":"ListItem","position":3,"name":"From Blue to Powder"}]},{"@type":"WebSite","@id":"https:\/\/sofaski.com\/#website","url":"https:\/\/sofaski.com\/","name":"SOFASKI.COM","description":"Every turn counts","publisher":{"@id":"https:\/\/sofaski.com\/#organization"},"potentialAction":[{"@type":"SearchAction","target":{"@type":"EntryPoint","urlTemplate":"https:\/\/sofaski.com\/?s={search_term_string}"},"query-input":{"@type":"PropertyValueSpecification","valueRequired":true,"valueName":"search_term_string"}}],"inLanguage":"de"},{"@type":"Organization","@id":"https:\/\/sofaski.com\/#organization","name":"SOFASKI.COM","url":"https:\/\/sofaski.com\/","logo":{"@type":"ImageObject","inLanguage":"de","@id":"https:\/\/sofaski.com\/#\/schema\/logo\/image\/","url":"https:\/\/sofaski.com\/wp-content\/uploads\/2019\/11\/SOFASKI-copy-EMAIL.png","contentUrl":"https:\/\/sofaski.com\/wp-content\/uploads\/2019\/11\/SOFASKI-copy-EMAIL.png","width":400,"height":57,"caption":"SOFASKI.COM"},"image":{"@id":"https:\/\/sofaski.com\/#\/schema\/logo\/image\/"},"sameAs":["https:\/\/www.facebook.com\/SofaSkiSchool","https:\/\/www.instagram.com\/sofaskischool\/","https:\/\/www.youtube.com\/c\/KlausMair"]}]}},"_links":{"self":[{"href":"https:\/\/sofaski.com\/de\/wp-json\/wp\/v2\/product\/6840","targetHints":{"allow":["GET"]}}],"collection":[{"href":"https:\/\/sofaski.com\/de\/wp-json\/wp\/v2\/product"}],"about":[{"href":"https:\/\/sofaski.com\/de\/wp-json\/wp\/v2\/types\/product"}],"replies":[{"embeddable":true,"href":"https:\/\/sofaski.com\/de\/wp-json\/wp\/v2\/comments?post=6840"}],"wp:featuredmedia":[{"embeddable":true,"href":"https:\/\/sofaski.com\/de\/wp-json\/wp\/v2\/media\/5410"}],"wp:attachment":[{"href":"https:\/\/sofaski.com\/de\/wp-json\/wp\/v2\/media?parent=6840"}],"wp:term":[{"taxonomy":"product_brand","embeddable":true,"href":"https:\/\/sofaski.com\/de\/wp-json\/wp\/v2\/product_brand?post=6840"},{"taxonomy":"product_cat","embeddable":true,"href":"https:\/\/sofaski.com\/de\/wp-json\/wp\/v2\/product_cat?post=6840"},{"taxonomy":"product_tag","embeddable":true,"href":"https:\/\/sofaski.com\/de\/wp-json\/wp\/v2\/product_tag?post=6840"}],"curies":[{"name":"wp","href":"https:\/\/api.w.org\/{rel}","templated":true}]}}