{"id":681,"date":"2019-10-23T12:07:43","date_gmt":"2019-10-23T12:07:43","guid":{"rendered":"https:\/\/klanten.poort3.nl\/sss\/product\/sofa-ski-school-from-blue-to-black-diamond\/"},"modified":"2026-02-09T16:57:24","modified_gmt":"2026-02-09T16:57:24","slug":"sofa-ski-school-from-blue-to-black-diamond","status":"publish","type":"product","link":"https:\/\/sofaski.com\/de\/produkt\/sofa-ski-school-from-blue-to-black-diamond\/","title":{"rendered":"Sofa Ski School \u2013 From Blue to Black Diamond"},"content":{"rendered":"<div style=\"padding: 56.25% 0 0 0; position: relative;\"><iframe style=\"position: absolute; top: 0; left: 0; width: 100%; height: 100%;\" src=\"https:\/\/player.vimeo.com\/video\/148276002?color=d81a1a&amp;title=0&amp;byline=0&amp;portrait=0\" frameborder=\"0\" allowfullscreen=\"allowfullscreen\"><\/iframe><\/div>\n<p><script src=\"https:\/\/player.vimeo.com\/api\/player.js\"><\/script><\/p>\n<p>&nbsp;<\/p>\n<p class=\"bodytext\">Wie in einem guten Skikurs werden sie zun\u00e4chst angehalten zu hinterfragen, was Sie vielleicht falsch machen, bzw. besser machen k\u00f6nnten. Im Kapitel \u201eWo soll ich anfangen\u201c werden die h\u00e4ufigsten Skifehler beschrieben und demonstriert, um Ihnen zu helfen, direkt zu jener Einheit zu gelangen, die Ihnen hoffentlich am meisten weiterhilft.<\/p>\n<p class=\"bodytext\">Das Video beinhaltet 3 Einheiten \u00fcber die wichtigsten<b>\u00a0Ski Grundlagen<\/b>\u00a0als auch Lektionen zu den Themen<b>\u00a0Carving, Skifahren im steilen<\/b>\u00a0<b>Gel\u00e4nde und Kurzschw\u00fcnge.<\/b>\u00a0Neben den in den Lektionen pr\u00e4sentierten \u00dcbungen werden weiter\u00a0<b>14 zus\u00e4tzliche Technik\u00fcbungen<\/b>\u00a0vorgestellt.<\/p>\n<p class=\"bodytext\">Beim Kauf der DVD erhalten sie\u00a0<b>3 laminierte Erinnerungskarten auf Deutsch<\/b>, auf denen die wichtigsten Dinge noch einmal zusammengefasst sind. Diese Karten k\u00f6nnen auch nach dem Kauf im Mitgliederbereich heruntergeladen werden.<a href=\"http:\/\/www.sofaskischool.com\/dvd\/sofa-ski-school-from-blue-to-black\/\" target=\"_blank\" rel=\"noopener noreferrer\"><br \/>\n<\/a><\/p>\n<p><em><strong>Das Video ist eine Amateurproduktion eines Skilehrers. Der Schwerpunkt liegt nicht auf der Qualit\u00e4t von Bild und Ton sondern auf der Vermittlung von effektiven und in der Praxis bew\u00e4hrten Einheiten, um Skifahrern zu helfen besser am Ski zu stehen. Die erfolgreiche Verwendung des Lehrmittels kann in zahlreichen positiven Rezensionen nachgelesen werden:<\/strong><\/em><\/p>\n<p class=\"bodytext\"><a href=\"https:\/\/sofaski.com\/de\/videos\/blue-to-black\/\">Weitere Informationen, Kundenbewertungen,&#8230;<\/a><a href=\"http:\/\/www.sofaskischool.com\/dvd\/sofa-ski-school-from-blue-to-black\/\"><br \/>\n<\/a><\/p>\n<p><a href=\"https:\/\/sofaski.com\/de\/skifahren-lernen-auf-dem-sofa\/\">Skifahren Lernen\u00a0 auf dem Sofa? So kann es funktionieren&#8230;<\/a><\/p>\n<p class=\"bodytext\"><strong>Ver\u00f6ffenlicht: <\/strong>2008<\/p>\n<p class=\"bodytext\"><strong>Spieldauer:<\/strong> 80 Minuten<strong><br \/>\n<\/strong><\/p>\n<p><strong>Format:<\/strong> <a href=\"https:\/\/sofaski.com\/de\/download-on-demand-information\/\">ON DEMAND<\/a>, DVD<\/p>\n<p class=\"bodytext\"><strong>Sprache:<\/strong> English, Deutsch<\/p>\n<p class=\"bodytext\"><strong>Zus\u00e4tzlich:<\/strong> Zugang zum <a href=\"https:\/\/sofaski.com\/de\/member-area\/\">Mitgliederbereich<\/a> und <a href=\"https:\/\/sofaski.com\/de\/member-area\/\">Erinnerungskarten<\/a> zum download (beim Kauf als DVD erhalten Sie 3 laminierte doppelseitige Karten f\u00fcr die Piste)<\/p>\n<p class=\"bodytext\"><strong>Bezahlung: <\/strong>Kreditkarte, PayPal, Bank\u00fcberweisung<\/p>\n<p><strong>Zustelldauer: <\/strong>innerhalb Europas: 2-4 Werktage<\/p>\n<p><strong>JETZT FREISCHALTEN:<\/strong> <a href=\"https:\/\/sofaski.com\/de\/produkt\/sofa-ski-school-from-blue-to-black-diamond\/\">https:\/\/sofaski.com\/de\/produkt\/sofa-ski-school-from-blue-to-black-diamond\/<\/a><\/p>\n<p><a href=\"https:\/\/sofaski.com\/de\/versand-bezahlung\/\">Mehr zu Bezahlung und Versand<\/a><\/p>\n<span class=\"et_bloom_bottom_trigger\"><\/span>","protected":false},"excerpt":{"rendered":"<p><strong>From Blue to Black Diamond<\/strong> ist ein Skiunterrichts Video zur Verbesserung des Eigenk\u00f6nnens f\u00fcr durchschnittliche bis ausgezeichnete Skifahrer.<\/p>\n<p>Das Video ist eines der erfolgreichsten Skiunterrichts Videos weltweit und beinhaltet Kapitel zur Selbstanalyse, den wichtigsten Skigrundlagen, Carving, Skifahren im steilen Gel\u00e4nde, Kurzschw\u00fcnge und 14 zus\u00e4tzliche Technik\u00fcbungen.<\/p>\n<p><strong>Ver\u00f6ffentlichung:<\/strong> 2008<\/p>\n<p><strong>Spieldauer:<\/strong> 80 Minuten<\/p>\n<p><strong>Format:<\/strong> <a href=\"https:\/\/sofaski.com\/de\/download-on-demand-information\/\">On Demand \/ Download<\/a>, DVD<\/p>\n<p><strong>Zus\u00e4tzlich:<\/strong> Zugang zum <a href=\"https:\/\/sofaski.com\/de\/member-area\/\">Mitgliederbereich<\/a><\/p>\n<p><strong>Jetzt Freischalten:<\/strong> <a href=\"https:\/\/sofaski.com\/de\/produkt\/sofa-ski-school-from-blue-to-black-diamond\/\">https:\/\/sofaski.com\/de\/produkt\/sofa-ski-school-from-blue-to-black-diamond\/<\/a><\/p>\n","protected":false},"featured_media":5415,"comment_status":"open","ping_status":"closed","template":"","meta":{"_et_pb_use_builder":"","_et_pb_old_content":"","_et_gb_content_width":""},"product_brand":[],"product_cat":[68],"product_tag":[],"class_list":{"0":"post-681","1":"product","2":"type-product","3":"status-publish","4":"has-post-thumbnail","6":"product_cat-videos","8":"first","9":"instock","10":"featured","11":"shipping-taxable","12":"purchasable","13":"product-type-variable"},"yoast_head":"<!-- This site is optimized with the Yoast SEO plugin v27.3 - https:\/\/yoast.com\/product\/yoast-seo-wordpress\/ -->\n<title>Sofa Ski School \u2013 From Blue to Black Diamond | SOFASKI.COM<\/title>\n<meta name=\"robots\" content=\"index, follow, max-snippet:-1, max-image-preview:large, max-video-preview:-1\" \/>\n<link rel=\"canonical\" href=\"https:\/\/sofaski.com\/de\/produkt\/sofa-ski-school-from-blue-to-black-diamond\/\" \/>\n<meta property=\"og:locale\" content=\"de_DE\" \/>\n<meta property=\"og:type\" content=\"article\" \/>\n<meta property=\"og:title\" content=\"Sofa Ski School \u2013 From Blue to Black Diamond | SOFASKI.COM\" \/>\n<meta property=\"og:description\" content=\"From Blue to Black Diamond ist ein Skiunterrichts Video zur Verbesserung des Eigenk\u00f6nnens f\u00fcr durchschnittliche bis ausgezeichnete Skifahrer.  Das Video ist eines der erfolgreichsten Skiunterrichts Videos weltweit und beinhaltet Kapitel zur Selbstanalyse, den wichtigsten Skigrundlagen, Carving, Skifahren im steilen Gel\u00e4nde, Kurzschw\u00fcnge und 14 zus\u00e4tzliche Technik\u00fcbungen.  Ver\u00f6ffentlichung: 2008  Spieldauer: 80 Minuten  Format: On Demand \/ Download, DVD  Zus\u00e4tzlich: Zugang zum Mitgliederbereich  Jetzt Freischalten: https:\/\/sofaski.com\/de\/produkt\/sofa-ski-school-from-blue-to-black-diamond\/\" \/>\n<meta property=\"og:url\" content=\"https:\/\/sofaski.com\/de\/produkt\/sofa-ski-school-from-blue-to-black-diamond\/\" \/>\n<meta property=\"og:site_name\" content=\"SOFASKI.COM\" \/>\n<meta property=\"article:publisher\" content=\"https:\/\/www.facebook.com\/SofaSkiSchool\" \/>\n<meta property=\"article:modified_time\" content=\"2026-02-09T16:57:24+00:00\" \/>\n<meta property=\"og:image\" content=\"https:\/\/sofaski.com\/wp-content\/uploads\/2020\/06\/BTB-new-DVD-cover-Vimeo-3.0-DONE.jpg\" \/>\n\t<meta property=\"og:image:width\" content=\"1420\" \/>\n\t<meta property=\"og:image:height\" content=\"952\" \/>\n\t<meta property=\"og:image:type\" content=\"image\/png\" \/>\n<meta name=\"twitter:card\" content=\"summary_large_image\" \/>\n<meta name=\"twitter:label1\" content=\"Gesch\u00e4tzte Lesezeit\" \/>\n\t<meta name=\"twitter:data1\" content=\"2\u00a0Minuten\" \/>\n<script type=\"application\/ld+json\" class=\"yoast-schema-graph\">{\"@context\":\"https:\\\/\\\/schema.org\",\"@graph\":[{\"@type\":\"WebPage\",\"@id\":\"https:\\\/\\\/sofaski.com\\\/de\\\/produkt\\\/sofa-ski-school-from-blue-to-black-diamond\\\/\",\"url\":\"https:\\\/\\\/sofaski.com\\\/de\\\/produkt\\\/sofa-ski-school-from-blue-to-black-diamond\\\/\",\"name\":\"Sofa Ski School \u2013 From Blue to Black Diamond | SOFASKI.COM\",\"isPartOf\":{\"@id\":\"https:\\\/\\\/sofaski.com\\\/#website\"},\"primaryImageOfPage\":{\"@id\":\"https:\\\/\\\/sofaski.com\\\/de\\\/produkt\\\/sofa-ski-school-from-blue-to-black-diamond\\\/#primaryimage\"},\"image\":{\"@id\":\"https:\\\/\\\/sofaski.com\\\/de\\\/produkt\\\/sofa-ski-school-from-blue-to-black-diamond\\\/#primaryimage\"},\"thumbnailUrl\":\"https:\\\/\\\/sofaski.com\\\/wp-content\\\/uploads\\\/2020\\\/06\\\/BTB-new-DVD-cover-Vimeo-3.0-DONE.jpg\",\"datePublished\":\"2019-10-23T12:07:43+00:00\",\"dateModified\":\"2026-02-09T16:57:24+00:00\",\"breadcrumb\":{\"@id\":\"https:\\\/\\\/sofaski.com\\\/de\\\/produkt\\\/sofa-ski-school-from-blue-to-black-diamond\\\/#breadcrumb\"},\"inLanguage\":\"de\",\"potentialAction\":[{\"@type\":\"ReadAction\",\"target\":[\"https:\\\/\\\/sofaski.com\\\/de\\\/produkt\\\/sofa-ski-school-from-blue-to-black-diamond\\\/\"]}]},{\"@type\":\"ImageObject\",\"inLanguage\":\"de\",\"@id\":\"https:\\\/\\\/sofaski.com\\\/de\\\/produkt\\\/sofa-ski-school-from-blue-to-black-diamond\\\/#primaryimage\",\"url\":\"https:\\\/\\\/sofaski.com\\\/wp-content\\\/uploads\\\/2020\\\/06\\\/BTB-new-DVD-cover-Vimeo-3.0-DONE.jpg\",\"contentUrl\":\"https:\\\/\\\/sofaski.com\\\/wp-content\\\/uploads\\\/2020\\\/06\\\/BTB-new-DVD-cover-Vimeo-3.0-DONE.jpg\",\"width\":1420,\"height\":952},{\"@type\":\"BreadcrumbList\",\"@id\":\"https:\\\/\\\/sofaski.com\\\/de\\\/produkt\\\/sofa-ski-school-from-blue-to-black-diamond\\\/#breadcrumb\",\"itemListElement\":[{\"@type\":\"ListItem\",\"position\":1,\"name\":\"Home\",\"item\":\"https:\\\/\\\/sofaski.com\\\/\"},{\"@type\":\"ListItem\",\"position\":2,\"name\":\"Shop\",\"item\":\"https:\\\/\\\/sofaski.com\\\/de\\\/webshop\\\/\"},{\"@type\":\"ListItem\",\"position\":3,\"name\":\"Sofa Ski School \u2013 From Blue to Black Diamond\"}]},{\"@type\":\"WebSite\",\"@id\":\"https:\\\/\\\/sofaski.com\\\/#website\",\"url\":\"https:\\\/\\\/sofaski.com\\\/\",\"name\":\"SOFASKI.COM\",\"description\":\"Every turn counts\",\"publisher\":{\"@id\":\"https:\\\/\\\/sofaski.com\\\/#organization\"},\"potentialAction\":[{\"@type\":\"SearchAction\",\"target\":{\"@type\":\"EntryPoint\",\"urlTemplate\":\"https:\\\/\\\/sofaski.com\\\/?s={search_term_string}\"},\"query-input\":{\"@type\":\"PropertyValueSpecification\",\"valueRequired\":true,\"valueName\":\"search_term_string\"}}],\"inLanguage\":\"de\"},{\"@type\":\"Organization\",\"@id\":\"https:\\\/\\\/sofaski.com\\\/#organization\",\"name\":\"SOFASKI.COM\",\"url\":\"https:\\\/\\\/sofaski.com\\\/\",\"logo\":{\"@type\":\"ImageObject\",\"inLanguage\":\"de\",\"@id\":\"https:\\\/\\\/sofaski.com\\\/#\\\/schema\\\/logo\\\/image\\\/\",\"url\":\"https:\\\/\\\/sofaski.com\\\/wp-content\\\/uploads\\\/2019\\\/11\\\/SOFASKI-copy-EMAIL.png\",\"contentUrl\":\"https:\\\/\\\/sofaski.com\\\/wp-content\\\/uploads\\\/2019\\\/11\\\/SOFASKI-copy-EMAIL.png\",\"width\":400,\"height\":57,\"caption\":\"SOFASKI.COM\"},\"image\":{\"@id\":\"https:\\\/\\\/sofaski.com\\\/#\\\/schema\\\/logo\\\/image\\\/\"},\"sameAs\":[\"https:\\\/\\\/www.facebook.com\\\/SofaSkiSchool\",\"https:\\\/\\\/www.instagram.com\\\/sofaskischool\\\/\",\"https:\\\/\\\/www.youtube.com\\\/c\\\/KlausMair\"]}]}<\/script>\n<!-- \/ Yoast SEO plugin. -->","yoast_head_json":{"title":"Sofa Ski School \u2013 From Blue to Black Diamond | SOFASKI.COM","robots":{"index":"index","follow":"follow","max-snippet":"max-snippet:-1","max-image-preview":"max-image-preview:large","max-video-preview":"max-video-preview:-1"},"canonical":"https:\/\/sofaski.com\/de\/produkt\/sofa-ski-school-from-blue-to-black-diamond\/","og_locale":"de_DE","og_type":"article","og_title":"Sofa Ski School \u2013 From Blue to Black Diamond | SOFASKI.COM","og_description":"From Blue to Black Diamond ist ein Skiunterrichts Video zur Verbesserung des Eigenk\u00f6nnens f\u00fcr durchschnittliche bis ausgezeichnete Skifahrer.  Das Video ist eines der erfolgreichsten Skiunterrichts Videos weltweit und beinhaltet Kapitel zur Selbstanalyse, den wichtigsten Skigrundlagen, Carving, Skifahren im steilen Gel\u00e4nde, Kurzschw\u00fcnge und 14 zus\u00e4tzliche Technik\u00fcbungen.  Ver\u00f6ffentlichung: 2008  Spieldauer: 80 Minuten  Format: On Demand \/ Download, DVD  Zus\u00e4tzlich: Zugang zum Mitgliederbereich  Jetzt Freischalten: https:\/\/sofaski.com\/de\/produkt\/sofa-ski-school-from-blue-to-black-diamond\/","og_url":"https:\/\/sofaski.com\/de\/produkt\/sofa-ski-school-from-blue-to-black-diamond\/","og_site_name":"SOFASKI.COM","article_publisher":"https:\/\/www.facebook.com\/SofaSkiSchool","article_modified_time":"2026-02-09T16:57:24+00:00","og_image":[{"width":1420,"height":952,"url":"https:\/\/sofaski.com\/wp-content\/uploads\/2020\/06\/BTB-new-DVD-cover-Vimeo-3.0-DONE.jpg","type":"image\/png"}],"twitter_card":"summary_large_image","twitter_misc":{"Gesch\u00e4tzte Lesezeit":"2\u00a0Minuten"},"schema":{"@context":"https:\/\/schema.org","@graph":[{"@type":"WebPage","@id":"https:\/\/sofaski.com\/de\/produkt\/sofa-ski-school-from-blue-to-black-diamond\/","url":"https:\/\/sofaski.com\/de\/produkt\/sofa-ski-school-from-blue-to-black-diamond\/","name":"Sofa Ski School \u2013 From Blue to Black Diamond | SOFASKI.COM","isPartOf":{"@id":"https:\/\/sofaski.com\/#website"},"primaryImageOfPage":{"@id":"https:\/\/sofaski.com\/de\/produkt\/sofa-ski-school-from-blue-to-black-diamond\/#primaryimage"},"image":{"@id":"https:\/\/sofaski.com\/de\/produkt\/sofa-ski-school-from-blue-to-black-diamond\/#primaryimage"},"thumbnailUrl":"https:\/\/sofaski.com\/wp-content\/uploads\/2020\/06\/BTB-new-DVD-cover-Vimeo-3.0-DONE.jpg","datePublished":"2019-10-23T12:07:43+00:00","dateModified":"2026-02-09T16:57:24+00:00","breadcrumb":{"@id":"https:\/\/sofaski.com\/de\/produkt\/sofa-ski-school-from-blue-to-black-diamond\/#breadcrumb"},"inLanguage":"de","potentialAction":[{"@type":"ReadAction","target":["https:\/\/sofaski.com\/de\/produkt\/sofa-ski-school-from-blue-to-black-diamond\/"]}]},{"@type":"ImageObject","inLanguage":"de","@id":"https:\/\/sofaski.com\/de\/produkt\/sofa-ski-school-from-blue-to-black-diamond\/#primaryimage","url":"https:\/\/sofaski.com\/wp-content\/uploads\/2020\/06\/BTB-new-DVD-cover-Vimeo-3.0-DONE.jpg","contentUrl":"https:\/\/sofaski.com\/wp-content\/uploads\/2020\/06\/BTB-new-DVD-cover-Vimeo-3.0-DONE.jpg","width":1420,"height":952},{"@type":"BreadcrumbList","@id":"https:\/\/sofaski.com\/de\/produkt\/sofa-ski-school-from-blue-to-black-diamond\/#breadcrumb","itemListElement":[{"@type":"ListItem","position":1,"name":"Home","item":"https:\/\/sofaski.com\/"},{"@type":"ListItem","position":2,"name":"Shop","item":"https:\/\/sofaski.com\/de\/webshop\/"},{"@type":"ListItem","position":3,"name":"Sofa Ski School \u2013 From Blue to Black Diamond"}]},{"@type":"WebSite","@id":"https:\/\/sofaski.com\/#website","url":"https:\/\/sofaski.com\/","name":"SOFASKI.COM","description":"Every turn counts","publisher":{"@id":"https:\/\/sofaski.com\/#organization"},"potentialAction":[{"@type":"SearchAction","target":{"@type":"EntryPoint","urlTemplate":"https:\/\/sofaski.com\/?s={search_term_string}"},"query-input":{"@type":"PropertyValueSpecification","valueRequired":true,"valueName":"search_term_string"}}],"inLanguage":"de"},{"@type":"Organization","@id":"https:\/\/sofaski.com\/#organization","name":"SOFASKI.COM","url":"https:\/\/sofaski.com\/","logo":{"@type":"ImageObject","inLanguage":"de","@id":"https:\/\/sofaski.com\/#\/schema\/logo\/image\/","url":"https:\/\/sofaski.com\/wp-content\/uploads\/2019\/11\/SOFASKI-copy-EMAIL.png","contentUrl":"https:\/\/sofaski.com\/wp-content\/uploads\/2019\/11\/SOFASKI-copy-EMAIL.png","width":400,"height":57,"caption":"SOFASKI.COM"},"image":{"@id":"https:\/\/sofaski.com\/#\/schema\/logo\/image\/"},"sameAs":["https:\/\/www.facebook.com\/SofaSkiSchool","https:\/\/www.instagram.com\/sofaskischool\/","https:\/\/www.youtube.com\/c\/KlausMair"]}]}},"_links":{"self":[{"href":"https:\/\/sofaski.com\/de\/wp-json\/wp\/v2\/product\/681","targetHints":{"allow":["GET"]}}],"collection":[{"href":"https:\/\/sofaski.com\/de\/wp-json\/wp\/v2\/product"}],"about":[{"href":"https:\/\/sofaski.com\/de\/wp-json\/wp\/v2\/types\/product"}],"replies":[{"embeddable":true,"href":"https:\/\/sofaski.com\/de\/wp-json\/wp\/v2\/comments?post=681"}],"wp:featuredmedia":[{"embeddable":true,"href":"https:\/\/sofaski.com\/de\/wp-json\/wp\/v2\/media\/5415"}],"wp:attachment":[{"href":"https:\/\/sofaski.com\/de\/wp-json\/wp\/v2\/media?parent=681"}],"wp:term":[{"taxonomy":"product_brand","embeddable":true,"href":"https:\/\/sofaski.com\/de\/wp-json\/wp\/v2\/product_brand?post=681"},{"taxonomy":"product_cat","embeddable":true,"href":"https:\/\/sofaski.com\/de\/wp-json\/wp\/v2\/product_cat?post=681"},{"taxonomy":"product_tag","embeddable":true,"href":"https:\/\/sofaski.com\/de\/wp-json\/wp\/v2\/product_tag?post=681"}],"curies":[{"name":"wp","href":"https:\/\/api.w.org\/{rel}","templated":true}]}}