{"id":5271,"date":"2020-05-28T14:23:54","date_gmt":"2020-05-28T14:23:54","guid":{"rendered":"https:\/\/klanten.poort3.nl\/sss\/?post_type=product&#038;p=5271"},"modified":"2025-06-06T13:03:23","modified_gmt":"2025-06-06T13:03:23","slug":"video-analyse-klaus-mair-copy-copy","status":"publish","type":"product","link":"https:\/\/sofaski.com\/de\/produkt\/video-analyse-klaus-mair-copy-copy\/","title":{"rendered":"SOFASKI.COM Saisonkarte"},"content":{"rendered":"<p>Die SOFASKI.COM Saisonkarte ist ideal f\u00fcr Jene die viel Skifahren und \u00fcber die ganze Saison hinweg betreut werden m\u00f6chten. Zu meinen Online Coaching Kunden geh\u00f6ren Skirennl\u00e4ufer, Skilehrer aber auch motivierte Freizeitsportler.<\/p>\n<p>In einer ersten Video Analyse werden erreichbare Ziele gesetzt und ein genau auf Sie abgestimmter Trainingsplan erstellt. Die Informationen und \u00dcbungen auf meinen Skiunterrichtsvideos sollten bei der richtigen Durchf\u00fchrung helfen und weiter zum erfolgreichen Training beitragen.<\/p>\n<p>Um w\u00e4hrend des Winters sicherstellen zu k\u00f6nnen, dass das Training in die richtige Richtung l\u00e4uft, k\u00f6nnen sie <strong>2 x 30 Minuten Live Zoom Coaching<\/strong> in Anspruch nehmen. Dabei werden aktuelle Aufnahmen gemeinsam angeschaut, neue Ziele gesetzt und bestehende angepasst. Alternativ k\u00f6nnen Sie auch drei Video Check Ski Analysen w\u00e4hlen oder Live Coaching und Video Checks kombinieren.<\/p>\n<p>Das Ziel dieses Produkts ist es Sie \u00fcber eine ganze Saison in Ihrem Training betreuen zu k\u00f6nnen. Es werden nur eine beschr\u00e4nkte Anzahl an Teilnehmern aufgenommen, die dann auch die M\u00f6glichkeit haben regelm\u00e4\u00dfig per Email Fragen beantwortet zu bekommen.<\/p>\n<p>Am besten w\u00e4re es dieses Paket mit einem Sofa Ski Camp, Klaus Privat Coaching oder sonstigem live Training auf Schnee zu kombinieren. Gerne helfe ich Ihnen dabei einen guten Coach oder ein passendes Programm zu finden. Selbst wenn dies nicht m\u00f6glich sein sollte, k\u00f6nnen wir aber auch ohne live Training gemeinsam einiges erreichen.<\/p>\n<p><strong>Pro Saison ist nur eine beschr\u00e4nkte Anzahl an SOFASKI.COM Saisonkarten verf\u00fcgbar.<\/strong><\/p>\n<p>Planen Sie bitte voraus und schreiben Sie mir ein <a href=\"mailto:klaus@sofaski.com\">Email<\/a> falls Sie weitere Fragen haben.<\/p>\n<p><a href=\"https:\/\/sofaski.com\/de\/online-ski-analyse-faq\/\">VIDEO ANALYSE &#8211; H\u00e4ufig gestellte Fragen<\/a><\/p>\n<span class=\"et_bloom_bottom_trigger\"><\/span>","protected":false},"excerpt":{"rendered":"<p>Das All-Inclusive Online Coaching Paket f\u00fcr Ihre Skisaison:<\/p>\n<p><strong>Vollst\u00e4ndige Video Analyse + Trainingsplan<\/strong><\/p>\n<p><strong>2 x 30 Minuten Live Coaching Meeting oder 3 x Video Check Ski Analyse, <\/strong>um Ihren Fortschritt zu kontrollieren und weitere Ziele zu setzen<\/p>\n<p><strong>Zugang zum Mitgliederbereich<\/strong><\/p>\n<p><strong>Online Trainingstagebuch auf SOFASKI.COM<\/strong><\/p>\n<p><strong>Email Support<\/strong><\/p>\n<p>Bitte w\u00e4hlen Sie aus ob sie mir die Erlaubnis erteilen m\u00f6chten Ihre Analyse f\u00fcr werbe- und kommerzielle Zwecke nutzen zu d\u00fcrfen oder ob Sie dies lieber nicht m\u00f6chten. <a href=\"https:\/\/sofaski.com\/de\/einwilligung-und-zustimmung-2\/\"><em>Alle Informationen dazu finden Sie hier.<\/em><\/a><\/p>\n","protected":false},"featured_media":5280,"comment_status":"open","ping_status":"closed","template":"","meta":{"_et_pb_use_builder":"off","_et_pb_old_content":"Die SOFASKI.COM Saisonskarte ist das ideale Produkt, falls Sie im kommenden Winter vorhaben viel Ski zu fahren und beste online Betreuung f\u00fcr Ihr Training suchen.\r\n\r\nIn der ersten Video Analyse werden wir, idealerweise bereits vor dem Beginn der Skisaison, aufarbeiten <strong>woran<\/strong> Sie meiner Ansicht nach arbeiten sollten und <strong>warum<\/strong>. Sie erhalten das Video plus einen detailierten Trainingsplan zum download. Zusammen mit meinen Videos und den Inhalten im Mitgliederbereich sollten Sie so eine genaue Vorstellung davon haben was zu tun ist.\r\n\r\n<em><strong>Das Training k\u00f6nnen Sie selbstt\u00e4tig oder zusammen mit einem Coach durchf\u00fchren. Am besten w\u00e4re es nat\u00fcrlich wenn Sie ins Montafon kommen oder an einem unserer Camps teilnehmen k\u00f6nnten, dennoch bin ich sehr froh, dass wir auch so online zusammenarbeiten k\u00f6nnen und Ich Ihnen ski-technisch weiterhelfen kann. Sollten Sie nicht mit uns trainieren k\u00f6nnen so bin ich Ihnen auch gerne bei der Suche eines Trainers behilflich.<\/strong><\/em>\r\n\r\nW\u00e4hrend der Skisaison haben wir dann die M\u00f6glichkeit in <strong>2 x 30 Minuten Zoom Live Meetings<\/strong> genau hinzuschauen ob Sie auf dem richtigen Weg sind, Fragen zu beantworten und weitere Ziele zu setzen.\r\n\r\nSollten w\u00e4hrend des Trainings Fragen auftauchen, so k\u00f6nnen Sie mir auch jederzeit ein Email schreiben. Ich werde vielleicht nicht jedesmal in langen Emails antworten k\u00f6nnen bin aber w\u00e4hrend der ganzen Saison f\u00fcr Sie da und werde Ihnen mit vollem Einsatz zur Seite stehen.\r\n<h4 style=\"text-align: center\"><strong>Pro Saison wird nur eine limitierte Anzahl an SOFASKI.COM Saisonkarten verkauft. <\/strong><\/h4>\r\n<h4 style=\"text-align: center\"><strong>Bitte planen Sie voraus oder schreiben Sie mir ein <a href=\"mailto:klaus@sofaski.com\">Email<\/a>.\u00a0<\/strong><\/h4>\r\n<p style=\"text-align: center\"><a href=\"https:\/\/sofaski.com\/de\/online-ski-analyse-faq\/\"><strong>SKI ANALYSE - FAQs<\/strong><\/a><\/p>\r\nBitte w\u00e4hlen Sie aus ob sie mir die Erlaubnis erteilen m\u00f6chten Ihre Videos f\u00fcr werbe- und kommerzielle Zwecke nutzen zu d\u00fcrfen oder ob Sie dies lieber nicht m\u00f6chten. <a href=\"https:\/\/sofaski.com\/de\/einwilligung-und-zustimmung-2\/\"><em><strong>Alle Informationen dazu finden Sie hier.<\/strong><\/em><\/a>","_et_gb_content_width":""},"product_brand":[],"product_cat":[37],"product_tag":[],"class_list":{"0":"post-5271","1":"product","2":"type-product","3":"status-publish","4":"has-post-thumbnail","6":"product_cat-video-analysis-de","8":"first","9":"onbackorder","10":"shipping-taxable","11":"purchasable","12":"product-type-variable"},"yoast_head":"<!-- This site is optimized with the Yoast SEO plugin v27.4 - https:\/\/yoast.com\/product\/yoast-seo-wordpress\/ -->\n<title>SOFASKI.COM Saisonkarte | SOFASKI.COM<\/title>\n<meta name=\"description\" content=\"Online Ski Coaching von Klaus Mair. Finden Sie heraus wo Ihr gr\u00f6\u00dftes Verbesserungspotential liegt und worauf Sie achten sollten! Einfach, genau und zeitsparend.\" \/>\n<meta name=\"robots\" content=\"index, follow, max-snippet:-1, max-image-preview:large, max-video-preview:-1\" \/>\n<link rel=\"canonical\" href=\"https:\/\/sofaski.com\/de\/produkt\/video-analyse-klaus-mair-copy-copy\/\" \/>\n<meta property=\"og:locale\" content=\"de_DE\" \/>\n<meta property=\"og:type\" content=\"article\" \/>\n<meta property=\"og:title\" content=\"SOFASKI.COM Saisonkarte | SOFASKI.COM\" \/>\n<meta property=\"og:description\" content=\"Online Ski Coaching von Klaus Mair. Finden Sie heraus wo Ihr gr\u00f6\u00dftes Verbesserungspotential liegt und worauf Sie achten sollten! Einfach, genau und zeitsparend.\" \/>\n<meta property=\"og:url\" content=\"https:\/\/sofaski.com\/de\/produkt\/video-analyse-klaus-mair-copy-copy\/\" \/>\n<meta property=\"og:site_name\" content=\"SOFASKI.COM\" \/>\n<meta property=\"article:publisher\" content=\"https:\/\/www.facebook.com\/SofaSkiSchool\" \/>\n<meta property=\"article:modified_time\" content=\"2025-06-06T13:03:23+00:00\" \/>\n<meta property=\"og:image\" content=\"https:\/\/sofaski.com\/wp-content\/uploads\/2020\/05\/Season-Pass-2020.png\" \/>\n\t<meta property=\"og:image:width\" content=\"1980\" \/>\n\t<meta property=\"og:image:height\" content=\"1080\" \/>\n\t<meta property=\"og:image:type\" content=\"image\/png\" \/>\n<meta name=\"twitter:card\" content=\"summary_large_image\" \/>\n<meta name=\"twitter:label1\" content=\"Gesch\u00e4tzte Lesezeit\" \/>\n\t<meta name=\"twitter:data1\" content=\"2\u00a0Minuten\" \/>\n<script type=\"application\/ld+json\" class=\"yoast-schema-graph\">{\"@context\":\"https:\\\/\\\/schema.org\",\"@graph\":[{\"@type\":\"WebPage\",\"@id\":\"https:\\\/\\\/sofaski.com\\\/de\\\/produkt\\\/video-analyse-klaus-mair-copy-copy\\\/\",\"url\":\"https:\\\/\\\/sofaski.com\\\/de\\\/produkt\\\/video-analyse-klaus-mair-copy-copy\\\/\",\"name\":\"SOFASKI.COM Saisonkarte | SOFASKI.COM\",\"isPartOf\":{\"@id\":\"https:\\\/\\\/sofaski.com\\\/#website\"},\"primaryImageOfPage\":{\"@id\":\"https:\\\/\\\/sofaski.com\\\/de\\\/produkt\\\/video-analyse-klaus-mair-copy-copy\\\/#primaryimage\"},\"image\":{\"@id\":\"https:\\\/\\\/sofaski.com\\\/de\\\/produkt\\\/video-analyse-klaus-mair-copy-copy\\\/#primaryimage\"},\"thumbnailUrl\":\"https:\\\/\\\/sofaski.com\\\/wp-content\\\/uploads\\\/2020\\\/05\\\/Season-Pass-2020.png\",\"datePublished\":\"2020-05-28T14:23:54+00:00\",\"dateModified\":\"2025-06-06T13:03:23+00:00\",\"description\":\"Online Ski Coaching von Klaus Mair. Finden Sie heraus wo Ihr gr\u00f6\u00dftes Verbesserungspotential liegt und worauf Sie achten sollten! Einfach, genau und zeitsparend.\",\"breadcrumb\":{\"@id\":\"https:\\\/\\\/sofaski.com\\\/de\\\/produkt\\\/video-analyse-klaus-mair-copy-copy\\\/#breadcrumb\"},\"inLanguage\":\"de\",\"potentialAction\":[{\"@type\":\"ReadAction\",\"target\":[\"https:\\\/\\\/sofaski.com\\\/de\\\/produkt\\\/video-analyse-klaus-mair-copy-copy\\\/\"]}]},{\"@type\":\"ImageObject\",\"inLanguage\":\"de\",\"@id\":\"https:\\\/\\\/sofaski.com\\\/de\\\/produkt\\\/video-analyse-klaus-mair-copy-copy\\\/#primaryimage\",\"url\":\"https:\\\/\\\/sofaski.com\\\/wp-content\\\/uploads\\\/2020\\\/05\\\/Season-Pass-2020.png\",\"contentUrl\":\"https:\\\/\\\/sofaski.com\\\/wp-content\\\/uploads\\\/2020\\\/05\\\/Season-Pass-2020.png\",\"width\":1980,\"height\":1080},{\"@type\":\"BreadcrumbList\",\"@id\":\"https:\\\/\\\/sofaski.com\\\/de\\\/produkt\\\/video-analyse-klaus-mair-copy-copy\\\/#breadcrumb\",\"itemListElement\":[{\"@type\":\"ListItem\",\"position\":1,\"name\":\"Home\",\"item\":\"https:\\\/\\\/sofaski.com\\\/\"},{\"@type\":\"ListItem\",\"position\":2,\"name\":\"Shop\",\"item\":\"https:\\\/\\\/sofaski.com\\\/de\\\/webshop\\\/\"},{\"@type\":\"ListItem\",\"position\":3,\"name\":\"SOFASKI.COM Saisonkarte\"}]},{\"@type\":\"WebSite\",\"@id\":\"https:\\\/\\\/sofaski.com\\\/#website\",\"url\":\"https:\\\/\\\/sofaski.com\\\/\",\"name\":\"SOFASKI.COM\",\"description\":\"Every turn counts\",\"publisher\":{\"@id\":\"https:\\\/\\\/sofaski.com\\\/#organization\"},\"potentialAction\":[{\"@type\":\"SearchAction\",\"target\":{\"@type\":\"EntryPoint\",\"urlTemplate\":\"https:\\\/\\\/sofaski.com\\\/?s={search_term_string}\"},\"query-input\":{\"@type\":\"PropertyValueSpecification\",\"valueRequired\":true,\"valueName\":\"search_term_string\"}}],\"inLanguage\":\"de\"},{\"@type\":\"Organization\",\"@id\":\"https:\\\/\\\/sofaski.com\\\/#organization\",\"name\":\"SOFASKI.COM\",\"url\":\"https:\\\/\\\/sofaski.com\\\/\",\"logo\":{\"@type\":\"ImageObject\",\"inLanguage\":\"de\",\"@id\":\"https:\\\/\\\/sofaski.com\\\/#\\\/schema\\\/logo\\\/image\\\/\",\"url\":\"https:\\\/\\\/sofaski.com\\\/wp-content\\\/uploads\\\/2019\\\/11\\\/SOFASKI-copy-EMAIL.png\",\"contentUrl\":\"https:\\\/\\\/sofaski.com\\\/wp-content\\\/uploads\\\/2019\\\/11\\\/SOFASKI-copy-EMAIL.png\",\"width\":400,\"height\":57,\"caption\":\"SOFASKI.COM\"},\"image\":{\"@id\":\"https:\\\/\\\/sofaski.com\\\/#\\\/schema\\\/logo\\\/image\\\/\"},\"sameAs\":[\"https:\\\/\\\/www.facebook.com\\\/SofaSkiSchool\",\"https:\\\/\\\/www.instagram.com\\\/sofaskischool\\\/\",\"https:\\\/\\\/www.youtube.com\\\/c\\\/KlausMair\"]}]}<\/script>\n<!-- \/ Yoast SEO plugin. -->","yoast_head_json":{"title":"SOFASKI.COM Saisonkarte | SOFASKI.COM","description":"Online Ski Coaching von Klaus Mair. Finden Sie heraus wo Ihr gr\u00f6\u00dftes Verbesserungspotential liegt und worauf Sie achten sollten! Einfach, genau und zeitsparend.","robots":{"index":"index","follow":"follow","max-snippet":"max-snippet:-1","max-image-preview":"max-image-preview:large","max-video-preview":"max-video-preview:-1"},"canonical":"https:\/\/sofaski.com\/de\/produkt\/video-analyse-klaus-mair-copy-copy\/","og_locale":"de_DE","og_type":"article","og_title":"SOFASKI.COM Saisonkarte | SOFASKI.COM","og_description":"Online Ski Coaching von Klaus Mair. Finden Sie heraus wo Ihr gr\u00f6\u00dftes Verbesserungspotential liegt und worauf Sie achten sollten! Einfach, genau und zeitsparend.","og_url":"https:\/\/sofaski.com\/de\/produkt\/video-analyse-klaus-mair-copy-copy\/","og_site_name":"SOFASKI.COM","article_publisher":"https:\/\/www.facebook.com\/SofaSkiSchool","article_modified_time":"2025-06-06T13:03:23+00:00","og_image":[{"width":1980,"height":1080,"url":"https:\/\/sofaski.com\/wp-content\/uploads\/2020\/05\/Season-Pass-2020.png","type":"image\/png"}],"twitter_card":"summary_large_image","twitter_misc":{"Gesch\u00e4tzte Lesezeit":"2\u00a0Minuten"},"schema":{"@context":"https:\/\/schema.org","@graph":[{"@type":"WebPage","@id":"https:\/\/sofaski.com\/de\/produkt\/video-analyse-klaus-mair-copy-copy\/","url":"https:\/\/sofaski.com\/de\/produkt\/video-analyse-klaus-mair-copy-copy\/","name":"SOFASKI.COM Saisonkarte | SOFASKI.COM","isPartOf":{"@id":"https:\/\/sofaski.com\/#website"},"primaryImageOfPage":{"@id":"https:\/\/sofaski.com\/de\/produkt\/video-analyse-klaus-mair-copy-copy\/#primaryimage"},"image":{"@id":"https:\/\/sofaski.com\/de\/produkt\/video-analyse-klaus-mair-copy-copy\/#primaryimage"},"thumbnailUrl":"https:\/\/sofaski.com\/wp-content\/uploads\/2020\/05\/Season-Pass-2020.png","datePublished":"2020-05-28T14:23:54+00:00","dateModified":"2025-06-06T13:03:23+00:00","description":"Online Ski Coaching von Klaus Mair. Finden Sie heraus wo Ihr gr\u00f6\u00dftes Verbesserungspotential liegt und worauf Sie achten sollten! Einfach, genau und zeitsparend.","breadcrumb":{"@id":"https:\/\/sofaski.com\/de\/produkt\/video-analyse-klaus-mair-copy-copy\/#breadcrumb"},"inLanguage":"de","potentialAction":[{"@type":"ReadAction","target":["https:\/\/sofaski.com\/de\/produkt\/video-analyse-klaus-mair-copy-copy\/"]}]},{"@type":"ImageObject","inLanguage":"de","@id":"https:\/\/sofaski.com\/de\/produkt\/video-analyse-klaus-mair-copy-copy\/#primaryimage","url":"https:\/\/sofaski.com\/wp-content\/uploads\/2020\/05\/Season-Pass-2020.png","contentUrl":"https:\/\/sofaski.com\/wp-content\/uploads\/2020\/05\/Season-Pass-2020.png","width":1980,"height":1080},{"@type":"BreadcrumbList","@id":"https:\/\/sofaski.com\/de\/produkt\/video-analyse-klaus-mair-copy-copy\/#breadcrumb","itemListElement":[{"@type":"ListItem","position":1,"name":"Home","item":"https:\/\/sofaski.com\/"},{"@type":"ListItem","position":2,"name":"Shop","item":"https:\/\/sofaski.com\/de\/webshop\/"},{"@type":"ListItem","position":3,"name":"SOFASKI.COM Saisonkarte"}]},{"@type":"WebSite","@id":"https:\/\/sofaski.com\/#website","url":"https:\/\/sofaski.com\/","name":"SOFASKI.COM","description":"Every turn counts","publisher":{"@id":"https:\/\/sofaski.com\/#organization"},"potentialAction":[{"@type":"SearchAction","target":{"@type":"EntryPoint","urlTemplate":"https:\/\/sofaski.com\/?s={search_term_string}"},"query-input":{"@type":"PropertyValueSpecification","valueRequired":true,"valueName":"search_term_string"}}],"inLanguage":"de"},{"@type":"Organization","@id":"https:\/\/sofaski.com\/#organization","name":"SOFASKI.COM","url":"https:\/\/sofaski.com\/","logo":{"@type":"ImageObject","inLanguage":"de","@id":"https:\/\/sofaski.com\/#\/schema\/logo\/image\/","url":"https:\/\/sofaski.com\/wp-content\/uploads\/2019\/11\/SOFASKI-copy-EMAIL.png","contentUrl":"https:\/\/sofaski.com\/wp-content\/uploads\/2019\/11\/SOFASKI-copy-EMAIL.png","width":400,"height":57,"caption":"SOFASKI.COM"},"image":{"@id":"https:\/\/sofaski.com\/#\/schema\/logo\/image\/"},"sameAs":["https:\/\/www.facebook.com\/SofaSkiSchool","https:\/\/www.instagram.com\/sofaskischool\/","https:\/\/www.youtube.com\/c\/KlausMair"]}]}},"_links":{"self":[{"href":"https:\/\/sofaski.com\/de\/wp-json\/wp\/v2\/product\/5271","targetHints":{"allow":["GET"]}}],"collection":[{"href":"https:\/\/sofaski.com\/de\/wp-json\/wp\/v2\/product"}],"about":[{"href":"https:\/\/sofaski.com\/de\/wp-json\/wp\/v2\/types\/product"}],"replies":[{"embeddable":true,"href":"https:\/\/sofaski.com\/de\/wp-json\/wp\/v2\/comments?post=5271"}],"wp:featuredmedia":[{"embeddable":true,"href":"https:\/\/sofaski.com\/de\/wp-json\/wp\/v2\/media\/5280"}],"wp:attachment":[{"href":"https:\/\/sofaski.com\/de\/wp-json\/wp\/v2\/media?parent=5271"}],"wp:term":[{"taxonomy":"product_brand","embeddable":true,"href":"https:\/\/sofaski.com\/de\/wp-json\/wp\/v2\/product_brand?post=5271"},{"taxonomy":"product_cat","embeddable":true,"href":"https:\/\/sofaski.com\/de\/wp-json\/wp\/v2\/product_cat?post=5271"},{"taxonomy":"product_tag","embeddable":true,"href":"https:\/\/sofaski.com\/de\/wp-json\/wp\/v2\/product_tag?post=5271"}],"curies":[{"name":"wp","href":"https:\/\/api.w.org\/{rel}","templated":true}]}}