{"id":5249,"date":"2020-05-28T12:27:39","date_gmt":"2020-05-28T12:27:39","guid":{"rendered":"https:\/\/klanten.poort3.nl\/sss\/?post_type=product&#038;p=5249"},"modified":"2026-02-09T16:50:46","modified_gmt":"2026-02-09T16:50:46","slug":"online-ski-coaching-klaus-mair","status":"publish","type":"product","link":"https:\/\/sofaski.com\/de\/produkt\/online-ski-coaching-klaus-mair\/","title":{"rendered":"Online Live Ski Coaching &#8211; Zoom Session"},"content":{"rendered":"<p>In einer 45 min\u00fctigen Video Chat Session werden wir uns gemeinsam Ihre Skivideos anschauen, diese analysieren und Ziele f\u00fcr das weitere Training setzen.<\/p>\n<p>Die Einheit wird gefilmt und Sie erhalten das Video zum download.<\/p>\n<p>Die Vorteile dieser Option sind, dass Sie direkt Fragen stellen k\u00f6nnen und ich Ihnen diese mit Bild und Ton als Teil der Analyse erkl\u00e4ren kann.<\/p>\n<p><strong>45 Minuten Live Coaching Video<\/strong> zum download<\/p>\n<p><strong>Schriftlicher Trainingsplan<\/strong><\/p>\n<p><strong>Zugang zum Mitgliederbereich<\/strong><\/p>\n<p><strong>Trainingstagebuch auf SOFASKI.COM<\/strong><\/p>\n<p>Bitte w\u00e4hlen Sie aus ob sie mir die Erlaubnis erteilen m\u00f6chten Ihre Analyse f\u00fcr werbe- und kommerzielle Zwecke nutzen zu d\u00fcrfen oder ob Sie dies lieber nicht m\u00f6chten. <a href=\"https:\/\/sofaski.com\/de\/einwilligung-und-zustimmung-2\/\"><em>Alle Informationen dazu finden Sie hier.<\/em><\/a><\/p>\n<p>Weitere Fragen und Antworten finden Sie hier:\u00a0<a href=\"https:\/\/sofaski.com\/de?page_id=5346\">FAQ \u2013 Video Analyse<\/a><\/p>\n<p>Weitere Infos zur Online Analyse und Trainingsplanung:\u00a0<a href=\"http:\/\/www.skianalyse.de\/\">www.skianalyse.de<\/a><\/p>\n<span class=\"et_bloom_bottom_trigger\"><\/span>","protected":false},"excerpt":{"rendered":"<p>&nbsp;<\/p>\n<p><strong>45 Minuten Live Coaching Video<\/strong> zum download<\/p>\n<p><strong>Schriftlicher Trainingsplan<\/strong><\/p>\n<p><strong>Zugang zum Mitgliederbereich<\/strong><\/p>\n<p><strong>Trainingstagebuch auf SOFASKI.COM<\/strong><\/p>\n<p>Bitte w\u00e4hlen Sie aus ob sie mir die Erlaubnis erteilen m\u00f6chten Ihre Analyse f\u00fcr werbe- und kommerzielle Zwecke nutzen zu d\u00fcrfen oder ob Sie dies lieber nicht m\u00f6chten. <a href=\"https:\/\/sofaski.com\/de\/einwilligung-und-zustimmung-2\/\"><em>Alle Informationen dazu finden Sie hier.<\/em><\/a><\/p>\n","protected":false},"featured_media":5263,"comment_status":"open","ping_status":"closed","template":"","meta":{"_et_pb_use_builder":"off","_et_pb_old_content":"In einer 45 min\u00fctigen Video Chat Session werden wir uns gemeinsam Ihre Skivideos anschauen, diese analysieren und Ziele f\u00fcr das weitere Training setzen. Sie k\u00f6nnen mir Ihre Clips im vorhinein \u00fcber <a href=\"https:\/\/sofaskischool.wetransfer.com\">https:\/\/sofaskischool.wetransfer.com<\/a> schicken. Ich werde diese dann f\u00fcr unser Meeting aufbereiten. Die Einheit wird gefilmt und Sie erhalten das Video zum download. Die Vorteile dieser Option sind, dass Sie direkt Fragen stellen k\u00f6nnen und ich Ihnen diese mit Bild und Ton als Teil der Analyse erkl\u00e4ren kann.<strong>45 Minuten Live Coaching Video<\/strong> zum download<strong>Schriftlicher Trainingsplan<\/strong><strong>From Blue to Powder On-Demand\/Download\u00a0<\/strong><strong>Zugang zum Mitgliederbereich<\/strong><strong>Trainingstagebuch auf SOFASKI.COM<\/strong>F\u00fcr das Live Coaching m\u00fcssen wir offensichtlich einen Termin finden der uns beiden passt, aber ich denke, dass dies innerhalb von 7 Tagen m\u00f6glich sein sollte.Sollten Sie bereits <strong>From Blue to Powder<\/strong> besitzen so k\u00f6nnen Sie stattdessen die <strong>From Blue to Black<\/strong> erhalten oder ein der beiden jemandem schenken (der online access f\u00fcr das Video ist nicht an Sie gebunden).Bitte w\u00e4hlen Sie aus ob sie mir die Erlaubnis erteilen m\u00f6chten Ihre Analyse f\u00fcr werbe- und kommerzielle Zwecke nutzen zu d\u00fcrfen oder ob Sie dies lieber nicht m\u00f6chten. <a href=\"https:\/\/sofaski.com\/de\/einwilligung-und-zustimmung-2\/\"><em>Alle Informationen dazu finden Sie hier.<\/em><\/a>\r\n\r\n<a href=\"https:\/\/sofaski.com\/de\/online-ski-analyse-faq\/\">FAQ - Video Analyse<\/a>","_et_gb_content_width":""},"product_brand":[],"product_cat":[37],"product_tag":[],"class_list":{"0":"post-5249","1":"product","2":"type-product","3":"status-publish","4":"has-post-thumbnail","6":"product_cat-video-analysis-de","8":"first","9":"instock","10":"featured","11":"shipping-taxable","12":"purchasable","13":"product-type-variable"},"yoast_head":"<!-- This site is optimized with the Yoast SEO plugin v27.4 - https:\/\/yoast.com\/product\/yoast-seo-wordpress\/ -->\n<title>Online Live Ski Coaching - Zoom Session | SOFASKI.COM<\/title>\n<meta name=\"description\" content=\"Online Live Ski Coaching mit Klaus Mair. In einem 45 min\u00fctigen Zoom Meeting zeigt Klaus Ihnen genau wo Ihre skitechnischen St\u00e4rken und Schw\u00e4chen liegen.\" \/>\n<meta name=\"robots\" content=\"index, follow, max-snippet:-1, max-image-preview:large, max-video-preview:-1\" \/>\n<link rel=\"canonical\" href=\"https:\/\/sofaski.com\/produkt\/online-live-ski-coaching\/\" \/>\n<meta property=\"og:locale\" content=\"de_DE\" \/>\n<meta property=\"og:type\" content=\"article\" \/>\n<meta property=\"og:title\" content=\"Online Live Ski Coaching - Zoom Session | SOFASKI.COM\" \/>\n<meta property=\"og:description\" content=\"Online Live Ski Coaching mit Klaus Mair. In einem 45 min\u00fctigen Zoom Meeting zeigt Klaus Ihnen genau wo Ihre skitechnischen St\u00e4rken und Schw\u00e4chen liegen.\" \/>\n<meta property=\"og:url\" content=\"https:\/\/sofaski.com\/produkt\/online-live-ski-coaching\/\" \/>\n<meta property=\"og:site_name\" content=\"SOFASKI.COM\" \/>\n<meta property=\"article:publisher\" content=\"https:\/\/www.facebook.com\/SofaSkiSchool\" \/>\n<meta property=\"article:modified_time\" content=\"2026-02-09T16:50:46+00:00\" \/>\n<meta property=\"og:image\" content=\"https:\/\/sofaski.com\/wp-content\/uploads\/2020\/05\/vEND-Analysis-Zoom-Live-Coaching-2.jpg\" \/>\n\t<meta property=\"og:image:width\" content=\"1001\" \/>\n\t<meta property=\"og:image:height\" content=\"670\" \/>\n\t<meta property=\"og:image:type\" content=\"image\/jpeg\" \/>\n<meta name=\"twitter:card\" content=\"summary_large_image\" \/>\n<meta name=\"twitter:label1\" content=\"Gesch\u00e4tzte Lesezeit\" \/>\n\t<meta name=\"twitter:data1\" content=\"1\u00a0Minute\" \/>\n<script type=\"application\/ld+json\" class=\"yoast-schema-graph\">{\"@context\":\"https:\\\/\\\/schema.org\",\"@graph\":[{\"@type\":\"WebPage\",\"@id\":\"https:\\\/\\\/sofaski.com\\\/produkt\\\/online-live-ski-coaching\\\/\",\"url\":\"https:\\\/\\\/sofaski.com\\\/produkt\\\/online-live-ski-coaching\\\/\",\"name\":\"Online Live Ski Coaching - Zoom Session | SOFASKI.COM\",\"isPartOf\":{\"@id\":\"https:\\\/\\\/sofaski.com\\\/#website\"},\"primaryImageOfPage\":{\"@id\":\"https:\\\/\\\/sofaski.com\\\/produkt\\\/online-live-ski-coaching\\\/#primaryimage\"},\"image\":{\"@id\":\"https:\\\/\\\/sofaski.com\\\/produkt\\\/online-live-ski-coaching\\\/#primaryimage\"},\"thumbnailUrl\":\"https:\\\/\\\/sofaski.com\\\/wp-content\\\/uploads\\\/2020\\\/05\\\/vEND-Analysis-Zoom-Live-Coaching-2.jpg\",\"datePublished\":\"2020-05-28T12:27:39+00:00\",\"dateModified\":\"2026-02-09T16:50:46+00:00\",\"description\":\"Online Live Ski Coaching mit Klaus Mair. In einem 45 min\u00fctigen Zoom Meeting zeigt Klaus Ihnen genau wo Ihre skitechnischen St\u00e4rken und Schw\u00e4chen liegen.\",\"breadcrumb\":{\"@id\":\"https:\\\/\\\/sofaski.com\\\/produkt\\\/online-live-ski-coaching\\\/#breadcrumb\"},\"inLanguage\":\"de\",\"potentialAction\":[{\"@type\":\"ReadAction\",\"target\":[\"https:\\\/\\\/sofaski.com\\\/produkt\\\/online-live-ski-coaching\\\/\"]}]},{\"@type\":\"ImageObject\",\"inLanguage\":\"de\",\"@id\":\"https:\\\/\\\/sofaski.com\\\/produkt\\\/online-live-ski-coaching\\\/#primaryimage\",\"url\":\"https:\\\/\\\/sofaski.com\\\/wp-content\\\/uploads\\\/2020\\\/05\\\/vEND-Analysis-Zoom-Live-Coaching-2.jpg\",\"contentUrl\":\"https:\\\/\\\/sofaski.com\\\/wp-content\\\/uploads\\\/2020\\\/05\\\/vEND-Analysis-Zoom-Live-Coaching-2.jpg\",\"width\":1001,\"height\":670},{\"@type\":\"BreadcrumbList\",\"@id\":\"https:\\\/\\\/sofaski.com\\\/produkt\\\/online-live-ski-coaching\\\/#breadcrumb\",\"itemListElement\":[{\"@type\":\"ListItem\",\"position\":1,\"name\":\"Home\",\"item\":\"https:\\\/\\\/sofaski.com\\\/\"},{\"@type\":\"ListItem\",\"position\":2,\"name\":\"Shop\",\"item\":\"https:\\\/\\\/sofaski.com\\\/de\\\/webshop\\\/\"},{\"@type\":\"ListItem\",\"position\":3,\"name\":\"Online Live Ski Coaching &#8211; Zoom Session\"}]},{\"@type\":\"WebSite\",\"@id\":\"https:\\\/\\\/sofaski.com\\\/#website\",\"url\":\"https:\\\/\\\/sofaski.com\\\/\",\"name\":\"SOFASKI.COM\",\"description\":\"Every turn counts\",\"publisher\":{\"@id\":\"https:\\\/\\\/sofaski.com\\\/#organization\"},\"potentialAction\":[{\"@type\":\"SearchAction\",\"target\":{\"@type\":\"EntryPoint\",\"urlTemplate\":\"https:\\\/\\\/sofaski.com\\\/?s={search_term_string}\"},\"query-input\":{\"@type\":\"PropertyValueSpecification\",\"valueRequired\":true,\"valueName\":\"search_term_string\"}}],\"inLanguage\":\"de\"},{\"@type\":\"Organization\",\"@id\":\"https:\\\/\\\/sofaski.com\\\/#organization\",\"name\":\"SOFASKI.COM\",\"url\":\"https:\\\/\\\/sofaski.com\\\/\",\"logo\":{\"@type\":\"ImageObject\",\"inLanguage\":\"de\",\"@id\":\"https:\\\/\\\/sofaski.com\\\/#\\\/schema\\\/logo\\\/image\\\/\",\"url\":\"https:\\\/\\\/sofaski.com\\\/wp-content\\\/uploads\\\/2019\\\/11\\\/SOFASKI-copy-EMAIL.png\",\"contentUrl\":\"https:\\\/\\\/sofaski.com\\\/wp-content\\\/uploads\\\/2019\\\/11\\\/SOFASKI-copy-EMAIL.png\",\"width\":400,\"height\":57,\"caption\":\"SOFASKI.COM\"},\"image\":{\"@id\":\"https:\\\/\\\/sofaski.com\\\/#\\\/schema\\\/logo\\\/image\\\/\"},\"sameAs\":[\"https:\\\/\\\/www.facebook.com\\\/SofaSkiSchool\",\"https:\\\/\\\/www.instagram.com\\\/sofaskischool\\\/\",\"https:\\\/\\\/www.youtube.com\\\/c\\\/KlausMair\"]}]}<\/script>\n<!-- \/ Yoast SEO plugin. -->","yoast_head_json":{"title":"Online Live Ski Coaching - Zoom Session | SOFASKI.COM","description":"Online Live Ski Coaching mit Klaus Mair. In einem 45 min\u00fctigen Zoom Meeting zeigt Klaus Ihnen genau wo Ihre skitechnischen St\u00e4rken und Schw\u00e4chen liegen.","robots":{"index":"index","follow":"follow","max-snippet":"max-snippet:-1","max-image-preview":"max-image-preview:large","max-video-preview":"max-video-preview:-1"},"canonical":"https:\/\/sofaski.com\/produkt\/online-live-ski-coaching\/","og_locale":"de_DE","og_type":"article","og_title":"Online Live Ski Coaching - Zoom Session | SOFASKI.COM","og_description":"Online Live Ski Coaching mit Klaus Mair. In einem 45 min\u00fctigen Zoom Meeting zeigt Klaus Ihnen genau wo Ihre skitechnischen St\u00e4rken und Schw\u00e4chen liegen.","og_url":"https:\/\/sofaski.com\/produkt\/online-live-ski-coaching\/","og_site_name":"SOFASKI.COM","article_publisher":"https:\/\/www.facebook.com\/SofaSkiSchool","article_modified_time":"2026-02-09T16:50:46+00:00","og_image":[{"width":1001,"height":670,"url":"https:\/\/sofaski.com\/wp-content\/uploads\/2020\/05\/vEND-Analysis-Zoom-Live-Coaching-2.jpg","type":"image\/jpeg"}],"twitter_card":"summary_large_image","twitter_misc":{"Gesch\u00e4tzte Lesezeit":"1\u00a0Minute"},"schema":{"@context":"https:\/\/schema.org","@graph":[{"@type":"WebPage","@id":"https:\/\/sofaski.com\/produkt\/online-live-ski-coaching\/","url":"https:\/\/sofaski.com\/produkt\/online-live-ski-coaching\/","name":"Online Live Ski Coaching - Zoom Session | SOFASKI.COM","isPartOf":{"@id":"https:\/\/sofaski.com\/#website"},"primaryImageOfPage":{"@id":"https:\/\/sofaski.com\/produkt\/online-live-ski-coaching\/#primaryimage"},"image":{"@id":"https:\/\/sofaski.com\/produkt\/online-live-ski-coaching\/#primaryimage"},"thumbnailUrl":"https:\/\/sofaski.com\/wp-content\/uploads\/2020\/05\/vEND-Analysis-Zoom-Live-Coaching-2.jpg","datePublished":"2020-05-28T12:27:39+00:00","dateModified":"2026-02-09T16:50:46+00:00","description":"Online Live Ski Coaching mit Klaus Mair. In einem 45 min\u00fctigen Zoom Meeting zeigt Klaus Ihnen genau wo Ihre skitechnischen St\u00e4rken und Schw\u00e4chen liegen.","breadcrumb":{"@id":"https:\/\/sofaski.com\/produkt\/online-live-ski-coaching\/#breadcrumb"},"inLanguage":"de","potentialAction":[{"@type":"ReadAction","target":["https:\/\/sofaski.com\/produkt\/online-live-ski-coaching\/"]}]},{"@type":"ImageObject","inLanguage":"de","@id":"https:\/\/sofaski.com\/produkt\/online-live-ski-coaching\/#primaryimage","url":"https:\/\/sofaski.com\/wp-content\/uploads\/2020\/05\/vEND-Analysis-Zoom-Live-Coaching-2.jpg","contentUrl":"https:\/\/sofaski.com\/wp-content\/uploads\/2020\/05\/vEND-Analysis-Zoom-Live-Coaching-2.jpg","width":1001,"height":670},{"@type":"BreadcrumbList","@id":"https:\/\/sofaski.com\/produkt\/online-live-ski-coaching\/#breadcrumb","itemListElement":[{"@type":"ListItem","position":1,"name":"Home","item":"https:\/\/sofaski.com\/"},{"@type":"ListItem","position":2,"name":"Shop","item":"https:\/\/sofaski.com\/de\/webshop\/"},{"@type":"ListItem","position":3,"name":"Online Live Ski Coaching &#8211; Zoom Session"}]},{"@type":"WebSite","@id":"https:\/\/sofaski.com\/#website","url":"https:\/\/sofaski.com\/","name":"SOFASKI.COM","description":"Every turn counts","publisher":{"@id":"https:\/\/sofaski.com\/#organization"},"potentialAction":[{"@type":"SearchAction","target":{"@type":"EntryPoint","urlTemplate":"https:\/\/sofaski.com\/?s={search_term_string}"},"query-input":{"@type":"PropertyValueSpecification","valueRequired":true,"valueName":"search_term_string"}}],"inLanguage":"de"},{"@type":"Organization","@id":"https:\/\/sofaski.com\/#organization","name":"SOFASKI.COM","url":"https:\/\/sofaski.com\/","logo":{"@type":"ImageObject","inLanguage":"de","@id":"https:\/\/sofaski.com\/#\/schema\/logo\/image\/","url":"https:\/\/sofaski.com\/wp-content\/uploads\/2019\/11\/SOFASKI-copy-EMAIL.png","contentUrl":"https:\/\/sofaski.com\/wp-content\/uploads\/2019\/11\/SOFASKI-copy-EMAIL.png","width":400,"height":57,"caption":"SOFASKI.COM"},"image":{"@id":"https:\/\/sofaski.com\/#\/schema\/logo\/image\/"},"sameAs":["https:\/\/www.facebook.com\/SofaSkiSchool","https:\/\/www.instagram.com\/sofaskischool\/","https:\/\/www.youtube.com\/c\/KlausMair"]}]}},"_links":{"self":[{"href":"https:\/\/sofaski.com\/de\/wp-json\/wp\/v2\/product\/5249","targetHints":{"allow":["GET"]}}],"collection":[{"href":"https:\/\/sofaski.com\/de\/wp-json\/wp\/v2\/product"}],"about":[{"href":"https:\/\/sofaski.com\/de\/wp-json\/wp\/v2\/types\/product"}],"replies":[{"embeddable":true,"href":"https:\/\/sofaski.com\/de\/wp-json\/wp\/v2\/comments?post=5249"}],"wp:featuredmedia":[{"embeddable":true,"href":"https:\/\/sofaski.com\/de\/wp-json\/wp\/v2\/media\/5263"}],"wp:attachment":[{"href":"https:\/\/sofaski.com\/de\/wp-json\/wp\/v2\/media?parent=5249"}],"wp:term":[{"taxonomy":"product_brand","embeddable":true,"href":"https:\/\/sofaski.com\/de\/wp-json\/wp\/v2\/product_brand?post=5249"},{"taxonomy":"product_cat","embeddable":true,"href":"https:\/\/sofaski.com\/de\/wp-json\/wp\/v2\/product_cat?post=5249"},{"taxonomy":"product_tag","embeddable":true,"href":"https:\/\/sofaski.com\/de\/wp-json\/wp\/v2\/product_tag?post=5249"}],"curies":[{"name":"wp","href":"https:\/\/api.w.org\/{rel}","templated":true}]}}