{"id":11479,"date":"2024-11-12T11:51:41","date_gmt":"2024-11-12T11:51:41","guid":{"rendered":"https:\/\/sofaski.com\/?post_type=product&#038;p=11479"},"modified":"2024-11-12T13:01:48","modified_gmt":"2024-11-12T13:01:48","slug":"motion-6-bluetooth-audio-system-dual-kit-copy-2","status":"publish","type":"product","link":"https:\/\/sofaski.com\/de\/produkt\/motion-6-bluetooth-audio-system-dual-kit-copy-2\/","title":{"rendered":"Motion 4 Lite Bluetooth Helmet Audio System \u2013 Single Kit"},"content":{"rendered":"<p>Das\u00a0<strong><em>U<\/em>CLEAR Motion 4 Lite <\/strong>ist dasselbe Ger\u00e4t wie das Motion 6 und Motion Infinity kann allerdings nur maximal 4 Teilnehmer verbinden. Weiter verf\u00fcgt es nicht \u00fcber die Funktion Gesten- und Sprachsteuerung.<\/p>\n<p>Braucht man nicht unbedingt und somit eine ideale Option, um die Familie zu verbinden und die Kinder vor Gefahren warnen zu k\u00f6nnen.<\/p>\n<p>Auch im Skikurs verwendbar aber halt auf 3 G\u00e4ste beschr\u00e4nkt.<\/p>\n<p>EINIGE MEINER LIEBLINGS-FEATURES:<\/p>\n<ul>\n<li>es ist das leichteste Ger\u00e4t am Markt und am Helm nicht sp\u00fcrbar<\/li>\n<li>die Mikrofone sind von au\u00dfen nicht sichtbar<\/li>\n<li>voll einstellbar \u00fcber die CLEARLink Mobile App<\/li>\n<li>die neue DynaMesh Verbindung eliminiert Verz\u00f6gerungen und verbessert die Verbindung aller Teilnehmer<\/li>\n<\/ul>\n<p>EIN PAAR SPEZIFIKATIONEN:<\/p>\n<ul>\n<li>Bluetooth V5.0<\/li>\n<li>1,2 km Reichweite bei freier Sicht<\/li>\n<li>bis zu 18h Batterie<\/li>\n<li>2 Jahre Garantie<\/li>\n<\/ul>\n<p>F\u00fcr weitere Infos besuchen Sie bitte: <a href=\"https:\/\/www.uclear.eu\/Motion-6-Bluetooth-5.0-MESH-Intercom-Headset-Dual-Kit\/180509\" target=\"_blank\" rel=\"noopener\">https:\/\/www.uclear.eu\/Motion-6-Bluetooth-5.0-MESH-Intercom-Headset-Dual-Kit\/180509<\/a><\/p>\n<span class=\"et_bloom_bottom_trigger\"><\/span>","protected":false},"excerpt":{"rendered":"<p>Das\u00a0<strong><em>U<\/em>CLEAR Motion 4 Lite <\/strong>ist dasselbe Ger\u00e4t wie das Motion 6 und Motion Infinity kann allerdings nur maximal 4 Teilnehmer verbinden. Weiter verf\u00fcgt es nicht \u00fcber die Funktion Gesten- und Sprachsteuerung.<\/p>\n<p>Braucht man nicht unbedingt und somit eine ideale Option, um die Familie zu verbinden und die Kinder vor Gefahren warnen zu k\u00f6nnen.<\/p>\n<p>Auch im Skikurs verwendbar aber halt auf 3 G\u00e4ste beschr\u00e4nkt.<\/p>\n<p>EINIGE MEINER LIEBLINGS-FEATURES:<\/p>\n<ul>\n<li>es ist das leichteste Ger\u00e4t am Markt und am Helm nicht sp\u00fcrbar<\/li>\n<li>die Mikrofone sind von au\u00dfen nicht sichtbar<\/li>\n<li>voll einstellbar \u00fcber die CLEARLink Mobile App<\/li>\n<li>die neue DynaMesh Verbindung eliminiert Verz\u00f6gerungen und verbessert die Verbindung aller Teilnehmer<\/li>\n<\/ul>\n","protected":false},"featured_media":11481,"comment_status":"open","ping_status":"closed","template":"","meta":{"_et_pb_use_builder":"","_et_pb_old_content":"","_et_gb_content_width":""},"product_brand":[],"product_cat":[51],"product_tag":[],"class_list":{"0":"post-11479","1":"product","2":"type-product","3":"status-publish","4":"has-post-thumbnail","6":"product_cat-trainingsmittel","7":"product_shipping_class-physical-products-de","9":"first","10":"instock","11":"shipping-taxable","12":"purchasable","13":"product-type-simple"},"yoast_head":"<!-- This site is optimized with the Yoast SEO plugin v27.3 - https:\/\/yoast.com\/product\/yoast-seo-wordpress\/ -->\n<title>Motion 4 Lite Bluetooth Helmet Audio System \u2013 Single Kit | SOFASKI.COM<\/title>\n<meta name=\"description\" content=\"Das UCLEAR Motion 4 Lite ist das perfekte Helmkommunikationssytem f\u00fcr Familien und kleine Gruppen bis maximal 4. Mit Funktionen wie DynaMesh-Verbindung und unsichtbarem Mikrofon ist es ideal f\u00fcr eine sichere und komfortable Kommunikation beim Skifahren. Perfekt f\u00fcr Skiunterricht und das Skifahren mit der Familie.\" \/>\n<meta name=\"robots\" content=\"index, follow, max-snippet:-1, max-image-preview:large, max-video-preview:-1\" \/>\n<link rel=\"canonical\" href=\"https:\/\/sofaski.com\/de\/produkt\/motion-6-bluetooth-audio-system-dual-kit-copy-2\/\" \/>\n<meta property=\"og:locale\" content=\"de_DE\" \/>\n<meta property=\"og:type\" content=\"article\" \/>\n<meta property=\"og:title\" content=\"Motion 4 Lite Bluetooth Helmet Audio System \u2013 Single Kit | SOFASKI.COM\" \/>\n<meta property=\"og:description\" content=\"Das UCLEAR Motion 4 Lite ist das perfekte Helmkommunikationssytem f\u00fcr Familien und kleine Gruppen bis maximal 4. Mit Funktionen wie DynaMesh-Verbindung und unsichtbarem Mikrofon ist es ideal f\u00fcr eine sichere und komfortable Kommunikation beim Skifahren. Perfekt f\u00fcr Skiunterricht und das Skifahren mit der Familie.\" \/>\n<meta property=\"og:url\" content=\"https:\/\/sofaski.com\/de\/produkt\/motion-6-bluetooth-audio-system-dual-kit-copy-2\/\" \/>\n<meta property=\"og:site_name\" content=\"SOFASKI.COM\" \/>\n<meta property=\"article:publisher\" content=\"https:\/\/www.facebook.com\/SofaSkiSchool\" \/>\n<meta property=\"article:modified_time\" content=\"2024-11-12T13:01:48+00:00\" \/>\n<meta property=\"og:image\" content=\"https:\/\/sofaski.com\/wp-content\/uploads\/2024\/11\/Motion-4-Lite-box-1.jpg\" \/>\n\t<meta property=\"og:image:width\" content=\"1920\" \/>\n\t<meta property=\"og:image:height\" content=\"1920\" \/>\n\t<meta property=\"og:image:type\" content=\"image\/jpeg\" \/>\n<meta name=\"twitter:card\" content=\"summary_large_image\" \/>\n<meta name=\"twitter:label1\" content=\"Gesch\u00e4tzte Lesezeit\" \/>\n\t<meta name=\"twitter:data1\" content=\"1\u00a0Minute\" \/>\n<script type=\"application\/ld+json\" class=\"yoast-schema-graph\">{\"@context\":\"https:\\\/\\\/schema.org\",\"@graph\":[{\"@type\":\"WebPage\",\"@id\":\"https:\\\/\\\/sofaski.com\\\/de\\\/produkt\\\/motion-6-bluetooth-audio-system-dual-kit-copy-2\\\/\",\"url\":\"https:\\\/\\\/sofaski.com\\\/de\\\/produkt\\\/motion-6-bluetooth-audio-system-dual-kit-copy-2\\\/\",\"name\":\"Motion 4 Lite Bluetooth Helmet Audio System \u2013 Single Kit | SOFASKI.COM\",\"isPartOf\":{\"@id\":\"https:\\\/\\\/sofaski.com\\\/#website\"},\"primaryImageOfPage\":{\"@id\":\"https:\\\/\\\/sofaski.com\\\/de\\\/produkt\\\/motion-6-bluetooth-audio-system-dual-kit-copy-2\\\/#primaryimage\"},\"image\":{\"@id\":\"https:\\\/\\\/sofaski.com\\\/de\\\/produkt\\\/motion-6-bluetooth-audio-system-dual-kit-copy-2\\\/#primaryimage\"},\"thumbnailUrl\":\"https:\\\/\\\/sofaski.com\\\/wp-content\\\/uploads\\\/2024\\\/11\\\/Motion-4-Lite-box-1.jpg\",\"datePublished\":\"2024-11-12T11:51:41+00:00\",\"dateModified\":\"2024-11-12T13:01:48+00:00\",\"description\":\"Das UCLEAR Motion 4 Lite ist das perfekte Helmkommunikationssytem f\u00fcr Familien und kleine Gruppen bis maximal 4. Mit Funktionen wie DynaMesh-Verbindung und unsichtbarem Mikrofon ist es ideal f\u00fcr eine sichere und komfortable Kommunikation beim Skifahren. Perfekt f\u00fcr Skiunterricht und das Skifahren mit der Familie.\",\"breadcrumb\":{\"@id\":\"https:\\\/\\\/sofaski.com\\\/de\\\/produkt\\\/motion-6-bluetooth-audio-system-dual-kit-copy-2\\\/#breadcrumb\"},\"inLanguage\":\"de\",\"potentialAction\":[{\"@type\":\"ReadAction\",\"target\":[\"https:\\\/\\\/sofaski.com\\\/de\\\/produkt\\\/motion-6-bluetooth-audio-system-dual-kit-copy-2\\\/\"]}]},{\"@type\":\"ImageObject\",\"inLanguage\":\"de\",\"@id\":\"https:\\\/\\\/sofaski.com\\\/de\\\/produkt\\\/motion-6-bluetooth-audio-system-dual-kit-copy-2\\\/#primaryimage\",\"url\":\"https:\\\/\\\/sofaski.com\\\/wp-content\\\/uploads\\\/2024\\\/11\\\/Motion-4-Lite-box-1.jpg\",\"contentUrl\":\"https:\\\/\\\/sofaski.com\\\/wp-content\\\/uploads\\\/2024\\\/11\\\/Motion-4-Lite-box-1.jpg\",\"width\":1920,\"height\":1920},{\"@type\":\"BreadcrumbList\",\"@id\":\"https:\\\/\\\/sofaski.com\\\/de\\\/produkt\\\/motion-6-bluetooth-audio-system-dual-kit-copy-2\\\/#breadcrumb\",\"itemListElement\":[{\"@type\":\"ListItem\",\"position\":1,\"name\":\"Home\",\"item\":\"https:\\\/\\\/sofaski.com\\\/\"},{\"@type\":\"ListItem\",\"position\":2,\"name\":\"Shop\",\"item\":\"https:\\\/\\\/sofaski.com\\\/de\\\/webshop\\\/\"},{\"@type\":\"ListItem\",\"position\":3,\"name\":\"Motion 4 Lite Bluetooth Helmet Audio System \u2013 Single Kit\"}]},{\"@type\":\"WebSite\",\"@id\":\"https:\\\/\\\/sofaski.com\\\/#website\",\"url\":\"https:\\\/\\\/sofaski.com\\\/\",\"name\":\"SOFASKI.COM\",\"description\":\"Every turn counts\",\"publisher\":{\"@id\":\"https:\\\/\\\/sofaski.com\\\/#organization\"},\"potentialAction\":[{\"@type\":\"SearchAction\",\"target\":{\"@type\":\"EntryPoint\",\"urlTemplate\":\"https:\\\/\\\/sofaski.com\\\/?s={search_term_string}\"},\"query-input\":{\"@type\":\"PropertyValueSpecification\",\"valueRequired\":true,\"valueName\":\"search_term_string\"}}],\"inLanguage\":\"de\"},{\"@type\":\"Organization\",\"@id\":\"https:\\\/\\\/sofaski.com\\\/#organization\",\"name\":\"SOFASKI.COM\",\"url\":\"https:\\\/\\\/sofaski.com\\\/\",\"logo\":{\"@type\":\"ImageObject\",\"inLanguage\":\"de\",\"@id\":\"https:\\\/\\\/sofaski.com\\\/#\\\/schema\\\/logo\\\/image\\\/\",\"url\":\"https:\\\/\\\/sofaski.com\\\/wp-content\\\/uploads\\\/2019\\\/11\\\/SOFASKI-copy-EMAIL.png\",\"contentUrl\":\"https:\\\/\\\/sofaski.com\\\/wp-content\\\/uploads\\\/2019\\\/11\\\/SOFASKI-copy-EMAIL.png\",\"width\":400,\"height\":57,\"caption\":\"SOFASKI.COM\"},\"image\":{\"@id\":\"https:\\\/\\\/sofaski.com\\\/#\\\/schema\\\/logo\\\/image\\\/\"},\"sameAs\":[\"https:\\\/\\\/www.facebook.com\\\/SofaSkiSchool\",\"https:\\\/\\\/www.instagram.com\\\/sofaskischool\\\/\",\"https:\\\/\\\/www.youtube.com\\\/c\\\/KlausMair\"]}]}<\/script>\n<!-- \/ Yoast SEO plugin. -->","yoast_head_json":{"title":"Motion 4 Lite Bluetooth Helmet Audio System \u2013 Single Kit | SOFASKI.COM","description":"Das UCLEAR Motion 4 Lite ist das perfekte Helmkommunikationssytem f\u00fcr Familien und kleine Gruppen bis maximal 4. Mit Funktionen wie DynaMesh-Verbindung und unsichtbarem Mikrofon ist es ideal f\u00fcr eine sichere und komfortable Kommunikation beim Skifahren. Perfekt f\u00fcr Skiunterricht und das Skifahren mit der Familie.","robots":{"index":"index","follow":"follow","max-snippet":"max-snippet:-1","max-image-preview":"max-image-preview:large","max-video-preview":"max-video-preview:-1"},"canonical":"https:\/\/sofaski.com\/de\/produkt\/motion-6-bluetooth-audio-system-dual-kit-copy-2\/","og_locale":"de_DE","og_type":"article","og_title":"Motion 4 Lite Bluetooth Helmet Audio System \u2013 Single Kit | SOFASKI.COM","og_description":"Das UCLEAR Motion 4 Lite ist das perfekte Helmkommunikationssytem f\u00fcr Familien und kleine Gruppen bis maximal 4. Mit Funktionen wie DynaMesh-Verbindung und unsichtbarem Mikrofon ist es ideal f\u00fcr eine sichere und komfortable Kommunikation beim Skifahren. Perfekt f\u00fcr Skiunterricht und das Skifahren mit der Familie.","og_url":"https:\/\/sofaski.com\/de\/produkt\/motion-6-bluetooth-audio-system-dual-kit-copy-2\/","og_site_name":"SOFASKI.COM","article_publisher":"https:\/\/www.facebook.com\/SofaSkiSchool","article_modified_time":"2024-11-12T13:01:48+00:00","og_image":[{"width":1920,"height":1920,"url":"https:\/\/sofaski.com\/wp-content\/uploads\/2024\/11\/Motion-4-Lite-box-1.jpg","type":"image\/jpeg"}],"twitter_card":"summary_large_image","twitter_misc":{"Gesch\u00e4tzte Lesezeit":"1\u00a0Minute"},"schema":{"@context":"https:\/\/schema.org","@graph":[{"@type":"WebPage","@id":"https:\/\/sofaski.com\/de\/produkt\/motion-6-bluetooth-audio-system-dual-kit-copy-2\/","url":"https:\/\/sofaski.com\/de\/produkt\/motion-6-bluetooth-audio-system-dual-kit-copy-2\/","name":"Motion 4 Lite Bluetooth Helmet Audio System \u2013 Single Kit | SOFASKI.COM","isPartOf":{"@id":"https:\/\/sofaski.com\/#website"},"primaryImageOfPage":{"@id":"https:\/\/sofaski.com\/de\/produkt\/motion-6-bluetooth-audio-system-dual-kit-copy-2\/#primaryimage"},"image":{"@id":"https:\/\/sofaski.com\/de\/produkt\/motion-6-bluetooth-audio-system-dual-kit-copy-2\/#primaryimage"},"thumbnailUrl":"https:\/\/sofaski.com\/wp-content\/uploads\/2024\/11\/Motion-4-Lite-box-1.jpg","datePublished":"2024-11-12T11:51:41+00:00","dateModified":"2024-11-12T13:01:48+00:00","description":"Das UCLEAR Motion 4 Lite ist das perfekte Helmkommunikationssytem f\u00fcr Familien und kleine Gruppen bis maximal 4. Mit Funktionen wie DynaMesh-Verbindung und unsichtbarem Mikrofon ist es ideal f\u00fcr eine sichere und komfortable Kommunikation beim Skifahren. Perfekt f\u00fcr Skiunterricht und das Skifahren mit der Familie.","breadcrumb":{"@id":"https:\/\/sofaski.com\/de\/produkt\/motion-6-bluetooth-audio-system-dual-kit-copy-2\/#breadcrumb"},"inLanguage":"de","potentialAction":[{"@type":"ReadAction","target":["https:\/\/sofaski.com\/de\/produkt\/motion-6-bluetooth-audio-system-dual-kit-copy-2\/"]}]},{"@type":"ImageObject","inLanguage":"de","@id":"https:\/\/sofaski.com\/de\/produkt\/motion-6-bluetooth-audio-system-dual-kit-copy-2\/#primaryimage","url":"https:\/\/sofaski.com\/wp-content\/uploads\/2024\/11\/Motion-4-Lite-box-1.jpg","contentUrl":"https:\/\/sofaski.com\/wp-content\/uploads\/2024\/11\/Motion-4-Lite-box-1.jpg","width":1920,"height":1920},{"@type":"BreadcrumbList","@id":"https:\/\/sofaski.com\/de\/produkt\/motion-6-bluetooth-audio-system-dual-kit-copy-2\/#breadcrumb","itemListElement":[{"@type":"ListItem","position":1,"name":"Home","item":"https:\/\/sofaski.com\/"},{"@type":"ListItem","position":2,"name":"Shop","item":"https:\/\/sofaski.com\/de\/webshop\/"},{"@type":"ListItem","position":3,"name":"Motion 4 Lite Bluetooth Helmet Audio System \u2013 Single Kit"}]},{"@type":"WebSite","@id":"https:\/\/sofaski.com\/#website","url":"https:\/\/sofaski.com\/","name":"SOFASKI.COM","description":"Every turn counts","publisher":{"@id":"https:\/\/sofaski.com\/#organization"},"potentialAction":[{"@type":"SearchAction","target":{"@type":"EntryPoint","urlTemplate":"https:\/\/sofaski.com\/?s={search_term_string}"},"query-input":{"@type":"PropertyValueSpecification","valueRequired":true,"valueName":"search_term_string"}}],"inLanguage":"de"},{"@type":"Organization","@id":"https:\/\/sofaski.com\/#organization","name":"SOFASKI.COM","url":"https:\/\/sofaski.com\/","logo":{"@type":"ImageObject","inLanguage":"de","@id":"https:\/\/sofaski.com\/#\/schema\/logo\/image\/","url":"https:\/\/sofaski.com\/wp-content\/uploads\/2019\/11\/SOFASKI-copy-EMAIL.png","contentUrl":"https:\/\/sofaski.com\/wp-content\/uploads\/2019\/11\/SOFASKI-copy-EMAIL.png","width":400,"height":57,"caption":"SOFASKI.COM"},"image":{"@id":"https:\/\/sofaski.com\/#\/schema\/logo\/image\/"},"sameAs":["https:\/\/www.facebook.com\/SofaSkiSchool","https:\/\/www.instagram.com\/sofaskischool\/","https:\/\/www.youtube.com\/c\/KlausMair"]}]}},"_links":{"self":[{"href":"https:\/\/sofaski.com\/de\/wp-json\/wp\/v2\/product\/11479","targetHints":{"allow":["GET"]}}],"collection":[{"href":"https:\/\/sofaski.com\/de\/wp-json\/wp\/v2\/product"}],"about":[{"href":"https:\/\/sofaski.com\/de\/wp-json\/wp\/v2\/types\/product"}],"replies":[{"embeddable":true,"href":"https:\/\/sofaski.com\/de\/wp-json\/wp\/v2\/comments?post=11479"}],"wp:featuredmedia":[{"embeddable":true,"href":"https:\/\/sofaski.com\/de\/wp-json\/wp\/v2\/media\/11481"}],"wp:attachment":[{"href":"https:\/\/sofaski.com\/de\/wp-json\/wp\/v2\/media?parent=11479"}],"wp:term":[{"taxonomy":"product_brand","embeddable":true,"href":"https:\/\/sofaski.com\/de\/wp-json\/wp\/v2\/product_brand?post=11479"},{"taxonomy":"product_cat","embeddable":true,"href":"https:\/\/sofaski.com\/de\/wp-json\/wp\/v2\/product_cat?post=11479"},{"taxonomy":"product_tag","embeddable":true,"href":"https:\/\/sofaski.com\/de\/wp-json\/wp\/v2\/product_tag?post=11479"}],"curies":[{"name":"wp","href":"https:\/\/api.w.org\/{rel}","templated":true}]}}