{"id":560,"date":"2019-10-07T13:53:02","date_gmt":"2019-10-07T13:53:02","guid":{"rendered":"https:\/\/klanten.poort3.nl\/sss\/?page_id=560"},"modified":"2024-05-22T08:57:33","modified_gmt":"2024-05-22T08:57:33","slug":"sofa-ski-camps-japan","status":"publish","type":"page","link":"https:\/\/sofaski.com\/de\/camps\/sofa-ski-camps-japan\/","title":{"rendered":"Sofa Ski Camps, Japan"},"content":{"rendered":"<p>[et_pb_section fb_built=&#8220;1&#8243; fullwidth=&#8220;on&#8220; _builder_version=&#8220;4.16&#8243; global_colors_info=&#8220;{}&#8220;][et_pb_fullwidth_slider _builder_version=&#8220;4.16&#8243; content_width=&#8220;100%&#8220; height=&#8220;644px&#8220; custom_margin=&#8220;||14px|||&#8220; custom_padding=&#8220;45px||4px|||&#8220; module_alignment_tablet=&#8220;&#8220; module_alignment_phone=&#8220;&#8220; module_alignment_last_edited=&#8220;on|phone&#8220; global_colors_info=&#8220;{}&#8220;][et_pb_slide heading=&#8220;SOFA SKI CAMPS &#8211; JAPAN&#8220; _builder_version=&#8220;4.16&#8243; background_color=&#8220;rgba(0,0,0,0)&#8220; background_enable_color=&#8220;on&#8220; background_image=&#8220;https:\/\/sofaski.com\/wp-content\/uploads\/2020\/02\/20181126-summit-deep-and-sunHans-Titel-edited-1900.jpg&#8220; background_enable_image=&#8220;on&#8220; custom_padding=&#8220;||||false|false&#8220; header_font_size_tablet=&#8220;&#8220; header_font_size_phone=&#8220;24px&#8220; header_font_size_last_edited=&#8220;on|phone&#8220; background_last_edited=&#8220;on|tablet&#8220; global_colors_info=&#8220;{}&#8220; sticky_transition=&#8220;on&#8220;][\/et_pb_slide][\/et_pb_fullwidth_slider][\/et_pb_section][et_pb_section fb_built=&#8220;1&#8243; _builder_version=&#8220;4.16&#8243; min_height=&#8220;1549px&#8220; custom_margin=&#8220;||-61px|||&#8220; custom_padding=&#8220;5px||26px|||&#8220; global_colors_info=&#8220;{}&#8220;][et_pb_row _builder_version=&#8220;4.16&#8243; min_height=&#8220;287px&#8220; custom_padding=&#8220;0px||4px|||&#8220; global_colors_info=&#8220;{}&#8220;][et_pb_column type=&#8220;4_4&#8243; _builder_version=&#8220;4.16&#8243; global_colors_info=&#8220;{}&#8220;][et_pb_text content_tablet=&#8220;<\/p>\n<p style=%22text-align: center;%22><em><strong>Sie wollten schon immer einmal in Japan skifahren? <\/strong><\/em><\/p>\n<p style=%22text-align: center;%22><em><strong>Die Sofa Ski Camps Japan bieten Ihnen Skitechnik Training kombiniert mit Tiefschneeabenteuer. <\/strong><\/em><\/p>\n<p style=%22text-align: center;%22><em><strong>\u00d6sterreichische Trainer, Kleingruppen f\u00fcr Tiefschnee Anf\u00e4nger bis Profis, beste Betreuung und ein einzigartiges Erlebnis. Weitere Infos finden Sie auf der <a href=%22https:\/\/sofaski.com\/camps\/sofa-ski-camps-japan\/%22>Englischen Version dieser Seite<\/a>. <\/strong><\/em><\/p>\n<p style=%22text-align: center;%22><em><strong>LG Hansj\u00f6rg und Klaus<\/strong><\/em><\/p>\n<p style=%22text-align: center;%22><a href=%22http:\/\/www.sofaskicampsjapan.com%22><em><strong>www.sofaskicampsjapan.com<\/strong><\/em><\/a><\/p>\n<p>&#8220; content_phone=&#8220;<\/p>\n<p style=%22text-align: center;%22><em><strong>Sie wollten schon immer einmal in Japan skifahren? <\/strong><\/em><\/p>\n<p style=%22text-align: center;%22><em><strong>Die Sofa Ski Camps Japan bieten Ihnen Skitechnik Training kombiniert mit Tiefschneeabenteuer. <\/strong><\/em><\/p>\n<p style=%22text-align: center;%22><em><strong>\u00d6sterreichische Trainer, Kleingruppen f\u00fcr Tiefschnee Anf\u00e4nger bis Profis, beste Betreuung und ein einzigartiges Erlebnis. Weitere Infos finden Sie auf der <a href=%22https:\/\/sofaski.com\/camps\/sofa-ski-camps-japan\/%22>Englischen Version dieser Seite<\/a>. <\/strong><\/em><\/p>\n<p style=%22text-align: center;%22><em><strong>LG Hansj\u00f6rg und Klaus<\/strong><\/em><\/p>\n<p style=%22text-align: center;%22><a href=%22http:\/\/www.sofaskicampsjapan.com%22><em><strong>www.sofaskicampsjapan.com<\/strong><\/em><\/a><\/p>\n<p>&#8220; content_last_edited=&#8220;on|phone&#8220; _builder_version=&#8220;4.17.4&#8243; custom_padding=&#8220;0px||3px|||&#8220; global_colors_info=&#8220;{}&#8220;]<\/p>\n<p style=\"text-align: center;\"><em><strong>Sie wollten schon immer einmal in Japan skifahren? <\/strong><\/em><\/p>\n<p style=\"text-align: center;\"><em><strong>Die SOFA SKI CAMPS Japan bieten Ihnen Skitechnik Training kombiniert mit Tiefschneeabenteuer. <\/strong><\/em><\/p>\n<p style=\"text-align: center;\"><em><strong>\u00d6sterreichische Trainer, Kleingruppen f\u00fcr Tiefschnee Anf\u00e4nger bis Profis, beste Betreuung und ein einzigartiges Erlebnis. Weitere Infos finden Sie auf der <a href=\"https:\/\/sofaski.com\/camps\/sofa-ski-camps-japan\/\">Englischen Version dieser Seite<\/a>.\u00a0<\/strong><\/em><\/p>\n<p style=\"text-align: center;\"><em><strong>LG Hansj\u00f6rg und Klaus<\/strong><\/em><\/p>\n<p style=\"text-align: center;\"><a href=\"http:\/\/www.sofaskicampsjapan.com\"><em><strong>www.sofaskicampsjapan.com<\/strong><\/em><\/a><\/p>\n<p>[\/et_pb_text][\/et_pb_column][\/et_pb_row][et_pb_row _builder_version=&#8220;4.16&#8243; custom_margin=&#8220;|auto|32px|auto||&#8220; custom_padding=&#8220;9px|||||&#8220; global_colors_info=&#8220;{}&#8220;][et_pb_column type=&#8220;4_4&#8243; _builder_version=&#8220;4.16&#8243; global_colors_info=&#8220;{}&#8220;][et_pb_button button_url=&#8220;https:\/\/sofaski.com\/registration-for-sofaski-camp-2\/&#8220; button_text=&#8220;Register for SOFA SKI CAMP JAPAN&#8220; button_alignment=&#8220;center&#8220; _builder_version=&#8220;4.16&#8243; custom_margin_tablet=&#8220;||12px|||&#8220; custom_margin_phone=&#8220;28px||72px||false|false&#8220; global_colors_info=&#8220;{}&#8220;][\/et_pb_button][\/et_pb_column][\/et_pb_row][et_pb_row _builder_version=&#8220;4.24.0&#8243; _module_preset=&#8220;default&#8220; global_colors_info=&#8220;{}&#8220;][et_pb_column type=&#8220;4_4&#8243; _builder_version=&#8220;4.24.0&#8243; _module_preset=&#8220;default&#8220; global_colors_info=&#8220;{}&#8220;][et_pb_image src=&#8220;https:\/\/sofaski.com\/wp-content\/uploads\/2024\/05\/SSC-Japan-for-website-Kopie-1200.jpg&#8220; title_text=&#8220;SSC Japan for website Kopie 1200&#8243; _builder_version=&#8220;4.24.0&#8243; _module_preset=&#8220;default&#8220; global_colors_info=&#8220;{}&#8220;][\/et_pb_image][\/et_pb_column][\/et_pb_row][et_pb_row _builder_version=&#8220;4.17.4&#8243; _module_preset=&#8220;default&#8220; custom_padding=&#8220;||5px|||&#8220; global_colors_info=&#8220;{}&#8220;][et_pb_column type=&#8220;4_4&#8243; _builder_version=&#8220;4.17.4&#8243; _module_preset=&#8220;default&#8220; global_colors_info=&#8220;{}&#8220;][et_pb_video src=&#8220;https:\/\/vimeo.com\/845133534\/e159a91e4d&#8220; _builder_version=&#8220;4.17.4&#8243; _module_preset=&#8220;default&#8220; global_colors_info=&#8220;{}&#8220;][\/et_pb_video][\/et_pb_column][\/et_pb_row][et_pb_row _builder_version=&#8220;4.17.4&#8243; _module_preset=&#8220;default&#8220; global_colors_info=&#8220;{}&#8220;][et_pb_column type=&#8220;4_4&#8243; _builder_version=&#8220;4.17.4&#8243; _module_preset=&#8220;default&#8220; global_colors_info=&#8220;{}&#8220;][et_pb_text _builder_version=&#8220;4.17.4&#8243; _module_preset=&#8220;default&#8220; global_colors_info=&#8220;{}&#8220;]<\/p>\n<p style=\"text-align: center;\">\u27a1\ufe0f<a href=\"https:\/\/vimeo.com\/825044307?share=copy\" target=\"_blank\" rel=\"noopener\"> longer version of this video<\/a><\/p>\n<p>[\/et_pb_text][\/et_pb_column][\/et_pb_row][\/et_pb_section][et_pb_section fb_built=&#8220;1&#8243; _builder_version=&#8220;4.24.0&#8243; background_color=&#8220;#e0e0e0&#8243; min_height=&#8220;504.4px&#8220; custom_margin=&#8220;-393px|||||&#8220; custom_padding=&#8220;362px||0px|||&#8220; hover_enabled=&#8220;0&#8243; global_colors_info=&#8220;{}&#8220; sticky_enabled=&#8220;0&#8243;][et_pb_row column_structure=&#8220;1_3,1_3,1_3&#8243; _builder_version=&#8220;4.16&#8243; min_height=&#8220;295px&#8220; custom_padding=&#8220;0px||6px|||&#8220; global_colors_info=&#8220;{}&#8220;][et_pb_column type=&#8220;1_3&#8243; _builder_version=&#8220;4.16&#8243; global_colors_info=&#8220;{}&#8220;][et_pb_text _builder_version=&#8220;4.17.4&#8243; global_colors_info=&#8220;{}&#8220;]<\/p>\n<p><em style=\"font-size: 16px;\"><strong>Sofa Ski Camps Japan<\/strong><\/em><span style=\"font-size: 16px;\"> are operated by<\/span><\/p>\n<p><a href=\"https:\/\/www.skisportadventure.com\/\"><strong>Hansj\u00f6rg Rumpold<\/strong>,\u00a0<strong>SkiSportAdventure<\/strong><\/a><\/p>\n<p>in cooperation with<\/p>\n<p><strong>Klaus Mair, SOFASKI.COM<\/strong><\/p>\n<p>For more information and images please select the logo:<\/p>\n<p>[\/et_pb_text][\/et_pb_column][et_pb_column type=&#8220;1_3&#8243; _builder_version=&#8220;4.16&#8243; global_colors_info=&#8220;{}&#8220;][et_pb_image src=&#8220;https:\/\/sofaski.com\/wp-content\/uploads\/2019\/11\/Final_collectionMountain_bluegradient_2px-SQUARE.png&#8220; url=&#8220;http:\/\/www.skisportadventure.com&#8220; url_new_window=&#8220;on&#8220; _builder_version=&#8220;4.16&#8243; custom_margin=&#8220;-29px|||||&#8220; custom_padding=&#8220;0px|59px||||&#8220; animation_style=&#8220;flip&#8220; background_last_edited=&#8220;on|desktop&#8220; global_colors_info=&#8220;{}&#8220; background__hover_enabled=&#8220;on|desktop&#8220; src__hover_enabled=&#8220;on|desktop&#8220; src__hover=&#8220;https:\/\/sofaski.com\/wp-content\/uploads\/2019\/11\/Final_collectionMountain_bluegradient_2px-SQUARE.png&#8220;][\/et_pb_image][\/et_pb_column][et_pb_column type=&#8220;1_3&#8243; _builder_version=&#8220;4.16&#8243; global_colors_info=&#8220;{}&#8220;][et_pb_image src=&#8220;https:\/\/sofaski.com\/wp-content\/uploads\/2019\/10\/SOFASKI-copy.png&#8220; align=&#8220;center&#8220; _builder_version=&#8220;4.16&#8243; custom_margin=&#8220;||||false|false&#8220; custom_margin_tablet=&#8220;&#8220; custom_margin_phone=&#8220;&#8220; custom_margin_last_edited=&#8220;on|phone&#8220; custom_padding=&#8220;4px||99px||false|false&#8220; animation_style=&#8220;fold&#8220; global_colors_info=&#8220;{}&#8220;][\/et_pb_image][\/et_pb_column][\/et_pb_row][\/et_pb_section][et_pb_section fb_built=&#8220;1&#8243; fullwidth=&#8220;on&#8220; custom_padding_last_edited=&#8220;on|phone&#8220; _builder_version=&#8220;4.16&#8243; custom_margin_tablet=&#8220;&#8220; custom_margin_phone=&#8220;64px||||false|false&#8220; custom_margin_last_edited=&#8220;on|phone&#8220; custom_padding=&#8220;||||false|false&#8220; custom_padding_tablet=&#8220;&#8220; custom_padding_phone=&#8220;||0px||false|false&#8220; global_colors_info=&#8220;{}&#8220;][et_pb_fullwidth_code _builder_version=&#8220;4.16&#8243; min_height=&#8220;1055px&#8220; custom_padding=&#8220;||0px|||&#8220; global_colors_info=&#8220;{}&#8220;]<iframe src=\"https:\/\/player.vimeo.com\/video\/394623399\" width=\"640\" height=\"360\" frameborder=\"0\" allow=\"autoplay; fullscreen\" allowfullscreen><\/iframe>[\/et_pb_fullwidth_code][\/et_pb_section]<\/p>\n<span class=\"et_bloom_bottom_trigger\"><\/span>","protected":false},"excerpt":{"rendered":"<p>Sie wollten schon immer einmal in Japan skifahren? Die SOFA SKI CAMPS Japan bieten Ihnen Skitechnik Training kombiniert mit Tiefschneeabenteuer. \u00d6sterreichische Trainer, Kleingruppen f\u00fcr Tiefschnee Anf\u00e4nger bis Profis, beste Betreuung und ein einzigartiges Erlebnis. Weitere Infos finden Sie auf der Englischen Version dieser Seite.\u00a0 LG Hansj\u00f6rg und Klaus www.sofaskicampsjapan.com\u27a1\ufe0f longer version of this videoSofa Ski [&hellip;]<\/p>\n","protected":false},"author":1,"featured_media":0,"parent":316,"menu_order":0,"comment_status":"closed","ping_status":"closed","template":"","meta":{"_et_pb_use_builder":"on","_et_pb_old_content":"","_et_gb_content_width":"","footnotes":""},"class_list":["post-560","page","type-page","status-publish","hentry"],"yoast_head":"<!-- This site is optimized with the Yoast SEO plugin v27.3 - https:\/\/yoast.com\/product\/yoast-seo-wordpress\/ -->\n<title>Sofa Ski Camps, Japan | SOFASKI.COM<\/title>\n<meta name=\"robots\" content=\"index, follow, max-snippet:-1, max-image-preview:large, max-video-preview:-1\" \/>\n<link rel=\"canonical\" href=\"https:\/\/sofaski.com\/de\/camps\/sofa-ski-camps-japan\/\" \/>\n<meta property=\"og:locale\" content=\"de_DE\" \/>\n<meta property=\"og:type\" content=\"article\" \/>\n<meta property=\"og:title\" content=\"Sofa Ski Camps, Japan | SOFASKI.COM\" \/>\n<meta property=\"og:description\" content=\"Sie wollten schon immer einmal in Japan skifahren? Die SOFA SKI CAMPS Japan bieten Ihnen Skitechnik Training kombiniert mit Tiefschneeabenteuer. \u00d6sterreichische Trainer, Kleingruppen f\u00fcr Tiefschnee Anf\u00e4nger bis Profis, beste Betreuung und ein einzigartiges Erlebnis. Weitere Infos finden Sie auf der Englischen Version dieser Seite.\u00a0 LG Hansj\u00f6rg und Klaus www.sofaskicampsjapan.com\u27a1\ufe0f longer version of this videoSofa Ski [&hellip;]\" \/>\n<meta property=\"og:url\" content=\"https:\/\/sofaski.com\/de\/camps\/sofa-ski-camps-japan\/\" \/>\n<meta property=\"og:site_name\" content=\"SOFASKI.COM\" \/>\n<meta property=\"article:publisher\" content=\"https:\/\/www.facebook.com\/SofaSkiSchool\" \/>\n<meta property=\"article:modified_time\" content=\"2024-05-22T08:57:33+00:00\" \/>\n<meta property=\"og:image\" content=\"https:\/\/sofaski.com\/wp-content\/uploads\/2019\/11\/SOFASKI-copy-EMAIL.png\" \/>\n\t<meta property=\"og:image:width\" content=\"400\" \/>\n\t<meta property=\"og:image:height\" content=\"57\" \/>\n\t<meta property=\"og:image:type\" content=\"image\/png\" \/>\n<meta name=\"twitter:card\" content=\"summary_large_image\" \/>\n<meta name=\"twitter:label1\" content=\"Gesch\u00e4tzte Lesezeit\" \/>\n\t<meta name=\"twitter:data1\" content=\"4\u00a0Minuten\" \/>\n<script type=\"application\/ld+json\" class=\"yoast-schema-graph\">{\"@context\":\"https:\\\/\\\/schema.org\",\"@graph\":[{\"@type\":\"WebPage\",\"@id\":\"https:\\\/\\\/sofaski.com\\\/de\\\/camps\\\/sofa-ski-camps-japan\\\/\",\"url\":\"https:\\\/\\\/sofaski.com\\\/de\\\/camps\\\/sofa-ski-camps-japan\\\/\",\"name\":\"Sofa Ski Camps, Japan | SOFASKI.COM\",\"isPartOf\":{\"@id\":\"https:\\\/\\\/sofaski.com\\\/#website\"},\"datePublished\":\"2019-10-07T13:53:02+00:00\",\"dateModified\":\"2024-05-22T08:57:33+00:00\",\"breadcrumb\":{\"@id\":\"https:\\\/\\\/sofaski.com\\\/de\\\/camps\\\/sofa-ski-camps-japan\\\/#breadcrumb\"},\"inLanguage\":\"de\",\"potentialAction\":[{\"@type\":\"ReadAction\",\"target\":[\"https:\\\/\\\/sofaski.com\\\/de\\\/camps\\\/sofa-ski-camps-japan\\\/\"]}]},{\"@type\":\"BreadcrumbList\",\"@id\":\"https:\\\/\\\/sofaski.com\\\/de\\\/camps\\\/sofa-ski-camps-japan\\\/#breadcrumb\",\"itemListElement\":[{\"@type\":\"ListItem\",\"position\":1,\"name\":\"Home\",\"item\":\"https:\\\/\\\/sofaski.com\\\/\"},{\"@type\":\"ListItem\",\"position\":2,\"name\":\"Camps\",\"item\":\"https:\\\/\\\/sofaski.com\\\/de\\\/camps\\\/\"},{\"@type\":\"ListItem\",\"position\":3,\"name\":\"Sofa Ski Camps, Japan\"}]},{\"@type\":\"WebSite\",\"@id\":\"https:\\\/\\\/sofaski.com\\\/#website\",\"url\":\"https:\\\/\\\/sofaski.com\\\/\",\"name\":\"SOFASKI.COM\",\"description\":\"Every turn counts\",\"publisher\":{\"@id\":\"https:\\\/\\\/sofaski.com\\\/#organization\"},\"potentialAction\":[{\"@type\":\"SearchAction\",\"target\":{\"@type\":\"EntryPoint\",\"urlTemplate\":\"https:\\\/\\\/sofaski.com\\\/?s={search_term_string}\"},\"query-input\":{\"@type\":\"PropertyValueSpecification\",\"valueRequired\":true,\"valueName\":\"search_term_string\"}}],\"inLanguage\":\"de\"},{\"@type\":\"Organization\",\"@id\":\"https:\\\/\\\/sofaski.com\\\/#organization\",\"name\":\"SOFASKI.COM\",\"url\":\"https:\\\/\\\/sofaski.com\\\/\",\"logo\":{\"@type\":\"ImageObject\",\"inLanguage\":\"de\",\"@id\":\"https:\\\/\\\/sofaski.com\\\/#\\\/schema\\\/logo\\\/image\\\/\",\"url\":\"https:\\\/\\\/sofaski.com\\\/wp-content\\\/uploads\\\/2019\\\/11\\\/SOFASKI-copy-EMAIL.png\",\"contentUrl\":\"https:\\\/\\\/sofaski.com\\\/wp-content\\\/uploads\\\/2019\\\/11\\\/SOFASKI-copy-EMAIL.png\",\"width\":400,\"height\":57,\"caption\":\"SOFASKI.COM\"},\"image\":{\"@id\":\"https:\\\/\\\/sofaski.com\\\/#\\\/schema\\\/logo\\\/image\\\/\"},\"sameAs\":[\"https:\\\/\\\/www.facebook.com\\\/SofaSkiSchool\",\"https:\\\/\\\/www.instagram.com\\\/sofaskischool\\\/\",\"https:\\\/\\\/www.youtube.com\\\/c\\\/KlausMair\"]}]}<\/script>\n<!-- \/ Yoast SEO plugin. -->","yoast_head_json":{"title":"Sofa Ski Camps, Japan | SOFASKI.COM","robots":{"index":"index","follow":"follow","max-snippet":"max-snippet:-1","max-image-preview":"max-image-preview:large","max-video-preview":"max-video-preview:-1"},"canonical":"https:\/\/sofaski.com\/de\/camps\/sofa-ski-camps-japan\/","og_locale":"de_DE","og_type":"article","og_title":"Sofa Ski Camps, Japan | SOFASKI.COM","og_description":"Sie wollten schon immer einmal in Japan skifahren? Die SOFA SKI CAMPS Japan bieten Ihnen Skitechnik Training kombiniert mit Tiefschneeabenteuer. \u00d6sterreichische Trainer, Kleingruppen f\u00fcr Tiefschnee Anf\u00e4nger bis Profis, beste Betreuung und ein einzigartiges Erlebnis. Weitere Infos finden Sie auf der Englischen Version dieser Seite.\u00a0 LG Hansj\u00f6rg und Klaus www.sofaskicampsjapan.com\u27a1\ufe0f longer version of this videoSofa Ski [&hellip;]","og_url":"https:\/\/sofaski.com\/de\/camps\/sofa-ski-camps-japan\/","og_site_name":"SOFASKI.COM","article_publisher":"https:\/\/www.facebook.com\/SofaSkiSchool","article_modified_time":"2024-05-22T08:57:33+00:00","og_image":[{"width":400,"height":57,"url":"https:\/\/sofaski.com\/wp-content\/uploads\/2019\/11\/SOFASKI-copy-EMAIL.png","type":"image\/png"}],"twitter_card":"summary_large_image","twitter_misc":{"Gesch\u00e4tzte Lesezeit":"4\u00a0Minuten"},"schema":{"@context":"https:\/\/schema.org","@graph":[{"@type":"WebPage","@id":"https:\/\/sofaski.com\/de\/camps\/sofa-ski-camps-japan\/","url":"https:\/\/sofaski.com\/de\/camps\/sofa-ski-camps-japan\/","name":"Sofa Ski Camps, Japan | SOFASKI.COM","isPartOf":{"@id":"https:\/\/sofaski.com\/#website"},"datePublished":"2019-10-07T13:53:02+00:00","dateModified":"2024-05-22T08:57:33+00:00","breadcrumb":{"@id":"https:\/\/sofaski.com\/de\/camps\/sofa-ski-camps-japan\/#breadcrumb"},"inLanguage":"de","potentialAction":[{"@type":"ReadAction","target":["https:\/\/sofaski.com\/de\/camps\/sofa-ski-camps-japan\/"]}]},{"@type":"BreadcrumbList","@id":"https:\/\/sofaski.com\/de\/camps\/sofa-ski-camps-japan\/#breadcrumb","itemListElement":[{"@type":"ListItem","position":1,"name":"Home","item":"https:\/\/sofaski.com\/"},{"@type":"ListItem","position":2,"name":"Camps","item":"https:\/\/sofaski.com\/de\/camps\/"},{"@type":"ListItem","position":3,"name":"Sofa Ski Camps, Japan"}]},{"@type":"WebSite","@id":"https:\/\/sofaski.com\/#website","url":"https:\/\/sofaski.com\/","name":"SOFASKI.COM","description":"Every turn counts","publisher":{"@id":"https:\/\/sofaski.com\/#organization"},"potentialAction":[{"@type":"SearchAction","target":{"@type":"EntryPoint","urlTemplate":"https:\/\/sofaski.com\/?s={search_term_string}"},"query-input":{"@type":"PropertyValueSpecification","valueRequired":true,"valueName":"search_term_string"}}],"inLanguage":"de"},{"@type":"Organization","@id":"https:\/\/sofaski.com\/#organization","name":"SOFASKI.COM","url":"https:\/\/sofaski.com\/","logo":{"@type":"ImageObject","inLanguage":"de","@id":"https:\/\/sofaski.com\/#\/schema\/logo\/image\/","url":"https:\/\/sofaski.com\/wp-content\/uploads\/2019\/11\/SOFASKI-copy-EMAIL.png","contentUrl":"https:\/\/sofaski.com\/wp-content\/uploads\/2019\/11\/SOFASKI-copy-EMAIL.png","width":400,"height":57,"caption":"SOFASKI.COM"},"image":{"@id":"https:\/\/sofaski.com\/#\/schema\/logo\/image\/"},"sameAs":["https:\/\/www.facebook.com\/SofaSkiSchool","https:\/\/www.instagram.com\/sofaskischool\/","https:\/\/www.youtube.com\/c\/KlausMair"]}]}},"_links":{"self":[{"href":"https:\/\/sofaski.com\/de\/wp-json\/wp\/v2\/pages\/560","targetHints":{"allow":["GET"]}}],"collection":[{"href":"https:\/\/sofaski.com\/de\/wp-json\/wp\/v2\/pages"}],"about":[{"href":"https:\/\/sofaski.com\/de\/wp-json\/wp\/v2\/types\/page"}],"author":[{"embeddable":true,"href":"https:\/\/sofaski.com\/de\/wp-json\/wp\/v2\/users\/1"}],"replies":[{"embeddable":true,"href":"https:\/\/sofaski.com\/de\/wp-json\/wp\/v2\/comments?post=560"}],"version-history":[{"count":22,"href":"https:\/\/sofaski.com\/de\/wp-json\/wp\/v2\/pages\/560\/revisions"}],"predecessor-version":[{"id":11239,"href":"https:\/\/sofaski.com\/de\/wp-json\/wp\/v2\/pages\/560\/revisions\/11239"}],"up":[{"embeddable":true,"href":"https:\/\/sofaski.com\/de\/wp-json\/wp\/v2\/pages\/316"}],"wp:attachment":[{"href":"https:\/\/sofaski.com\/de\/wp-json\/wp\/v2\/media?parent=560"}],"curies":[{"name":"wp","href":"https:\/\/api.w.org\/{rel}","templated":true}]}}