{"id":548,"date":"2019-10-07T13:47:09","date_gmt":"2019-10-07T13:47:09","guid":{"rendered":"https:\/\/klanten.poort3.nl\/sss\/?page_id=548"},"modified":"2025-07-15T09:05:21","modified_gmt":"2025-07-15T09:05:21","slug":"camps","status":"publish","type":"page","link":"https:\/\/sofaski.com\/de\/camps\/camps\/","title":{"rendered":"Camps"},"content":{"rendered":"<p>[et_pb_section fb_built=&#8220;1&#8243; fullwidth=&#8220;on&#8220; _builder_version=&#8220;4.16&#8243; global_colors_info=&#8220;{}&#8220;][et_pb_fullwidth_header _builder_version=&#8220;4.16&#8243; background_color=&#8220;rgba(0,0,0,0)&#8220; background_image=&#8220;https:\/\/sofaski.com\/wp-content\/uploads\/2020\/07\/Sofa-Ski-Camp-6-copy-Smart-Kopie-SMALLER.jpg&#8220; background_position=&#8220;top_center&#8220; height=&#8220;698px&#8220; height_tablet=&#8220;&#8220; height_phone=&#8220;&#8220; height_last_edited=&#8220;on|desktop&#8220; global_colors_info=&#8220;{}&#8220;][\/et_pb_fullwidth_header][\/et_pb_section][et_pb_section fb_built=&#8220;1&#8243; _builder_version=&#8220;4.16&#8243; custom_padding=&#8220;||0px|||&#8220; global_colors_info=&#8220;{}&#8220;][et_pb_row custom_padding_last_edited=&#8220;on|desktop&#8220; _builder_version=&#8220;4.16&#8243; custom_padding=&#8220;0px||||false|false&#8220; custom_padding_tablet=&#8220;&#8220; custom_padding_phone=&#8220;&#8220; global_colors_info=&#8220;{}&#8220;][et_pb_column type=&#8220;4_4&#8243; _builder_version=&#8220;4.16&#8243; global_colors_info=&#8220;{}&#8220;][et_pb_image src=&#8220;https:\/\/sofaski.com\/wp-content\/uploads\/2019\/10\/SOFASKICAMP_onecolortransparentBLACK2017copy.png&#8220; _builder_version=&#8220;4.16&#8243; global_colors_info=&#8220;{}&#8220;][\/et_pb_image][et_pb_text content_tablet=&#8220;<\/p>\n<h2>SOFA SKI CAMPS und PRIVAT COACHING<\/h2>\n<p>Die beste Art und Weise Ihr Skifahren zu verbessern, ist nat\u00fcrlich auf Schnee mit einem Skilehrer zu arbeiten, der Ihnen genau zeigen kann was Sie tun m\u00fcssen um Ihre Ziele zu erreichen.<\/p>\n<p>Das Sch\u00f6ne an unserem Beruf ist die Herausforderung sich auf jeden Gast neu einzustellen und den besten Weg zu finden, der zum gew\u00fcnschten Erfolg f\u00fchrt.<\/p>\n<p>Welchen Unterschied der richtige Trainer f\u00fcr professionelle Sportler und Teams macht ist jedem bewusst und trifft f\u00fcr Freizeitsportler genauso zu. Skifahren ist nicht billig, unser Skik\u00f6nnen jedoch f\u00fcr die meisten Skifahrer ein wesentlicher Faktor f\u00fcr den Erfolg eines Skitages oder des Skiurlaubs.<\/p>\n<p style=%22text-align: center;%22> <strong><em>Z\u00f6gern Sie deshalb nicht und investieren Sie etwas in Ihre Skitechnik, <\/em><\/strong><\/p>\n<p style=%22text-align: center;%22><strong><em>um besser und schneller aber vor allem genussvoller und sicherer Skifahren zu k\u00f6nnen.<\/em><\/strong><\/p>\n<p style=%22text-align: center;%22><strong><em><\/em><\/strong><\/p>\n<p>SOFASKI.COM bietet Ski Technik Camps zur Verbesserung des Eigenk\u00f6nnens in \u00d6sterreich, Japan und Neuseeland, als auch Privat Coaching im sch\u00f6nen <a href=%22http:\/\/www.montafon.at\/%22 data-et-target-link=%22_blank%22 rel=%22noopener noreferrer%22>Montafon<\/a>.<\/p>\n<p>Folgen Sie bitte den Links unten oder schicken Sie mir ein <a href=%22mailto:klaus.mair@gmx.com%22 data-et-target-link=%22_blank%22 rel=%22noopener noreferrer%22>Email<\/a> falls Sie dazu weitere Informationen w\u00fcnschen und ich melde mich gerne pers\u00f6nlich bei Ihnen.<\/p>\n<\/p>\n<p>&#8220; content_phone=&#8220;<\/p>\n<h2>SOFA SKI CAMPS und PRIVAT COACHING<\/h2>\n<p>Die beste Art und Weise Ihr Skifahren zu verbessern, ist nat\u00fcrlich auf Schnee mit einem Skilehrer zu arbeiten, der Ihnen genau zeigen kann was Sie tun m\u00fcssen um Ihre Ziele zu erreichen.<\/p>\n<p>Das Sch\u00f6ne an unserem Beruf ist die Herausforderung sich auf jeden Gast neu einzustellen und den besten Weg zu finden, der zum gew\u00fcnschten Erfolg f\u00fchrt.<\/p>\n<p>Welchen Unterschied der richtige Trainer f\u00fcr professionelle Sportler und Teams macht ist jedem bewusst und trifft f\u00fcr Freizeitsportler genauso zu. Skifahren ist nicht billig, unser Skik\u00f6nnen jedoch f\u00fcr die meisten Skifahrer ein wesentlicher Faktor f\u00fcr den Erfolg eines Skitages oder des Skiurlaubs.<\/p>\n<p style=%22text-align: center;%22> <strong><em>Z\u00f6gern Sie deshalb nicht und investieren Sie etwas in Ihre Skitechnik, <\/em><\/strong><\/p>\n<p style=%22text-align: center;%22><strong><em>um besser und schneller aber vor allem genussvoller und sicherer Skifahren zu k\u00f6nnen.<\/em><\/strong><\/p>\n<p style=%22text-align: center;%22><strong><em><\/em><\/strong><\/p>\n<p>SOFASKI.COM bietet Ski Technik Camps zur Verbesserung des Eigenk\u00f6nnens in \u00d6sterreich, Japan und Neuseeland, als auch Privat Coaching im sch\u00f6nen <a href=%22http:\/\/www.montafon.at\/%22 data-et-target-link=%22_blank%22 rel=%22noopener noreferrer%22>Montafon<\/a>.<\/p>\n<p>Folgen Sie bitte den Links unten oder schicken Sie mir ein <a href=%22mailto:klaus.mair@gmx.com%22 data-et-target-link=%22_blank%22 rel=%22noopener noreferrer%22>Email<\/a> falls Sie dazu weitere Informationen w\u00fcnschen und ich melde mich gerne pers\u00f6nlich bei Ihnen.<\/p>\n<\/p>\n<p>&#8220; content_last_edited=&#8220;on|desktop&#8220; _builder_version=&#8220;4.27.4&#8243; hover_enabled=&#8220;0&#8243; global_colors_info=&#8220;{}&#8220; sticky_enabled=&#8220;0&#8243;]<\/p>\n<h2>SOFA SKI CAMPS und PRIVAT COACHING<\/h2>\n<p>Die beste Art und Weise, Ihr Skifahren zu verbessern, ist nat\u00fcrlich, auf Schnee mit einem Skilehrer zu arbeiten, der Ihnen genau zeigen kann, was Sie tun m\u00fcssen, um Ihre Ziele zu erreichen.<\/p>\n<p>Das Sch\u00f6ne an unserem Beruf ist die Herausforderung, sich auf jeden Gast neu einzustellen und den besten Weg zu finden, der zum gew\u00fcnschten Erfolg f\u00fchrt.<\/p>\n<p>Welchen Unterschied der richtige Trainer f\u00fcr professionelle Sportler und Teams macht, ist allgemein bekannt, und das gilt enauso f\u00fcr Freizeitsportler. Skifahren ist nicht billig, doch unser Skik\u00f6nnen ist f\u00fcr die meisten Skifahrer ein wesentlicher Faktor f\u00fcr den Erfolg eines Skitages oder des ganzen Skiurlaubs.<\/p>\n<p style=\"text-align: center;\">\u00a0<strong><em>Z\u00f6gern Sie deshalb nicht und investieren Sie etwas in Ihre Skitechnik, <\/em><\/strong><\/p>\n<p style=\"text-align: center;\"><strong><em>um besser und schneller, vor allem aber genussvoller und sicherer Skifahren zu k\u00f6nnen.<\/em><\/strong><\/p>\n<p style=\"text-align: center;\"><strong><em><\/em><\/strong><\/p>\n<p><strong>SOFASKI.COM<\/strong> bietet Ski Technik Camps zur Verbesserung des Eigenk\u00f6nnens in \u00d6sterreich, Deutschland, Japan und Neuseeland, sowie Privat Coaching im sch\u00f6nen <a href=\"http:\/\/www.montafon.at\/\" target=\"_blank\" rel=\"noopener noreferrer\">Montafon<\/a>.<\/p>\n<p>Folgen Sie bitte den Links unten oder schicken Sie mir ein <a href=\"mailto:klaus.mair@gmx.com\" target=\"_blank\" rel=\"noopener noreferrer\">Email<\/a> falls Sie dazu weitere Informationen w\u00fcnschen und ich melde mich gerne pers\u00f6nlich bei Ihnen.<\/p>\n<p>[\/et_pb_text][\/et_pb_column][\/et_pb_row][et_pb_row column_structure=&#8220;1_2,1_2&#8243; _builder_version=&#8220;4.24.0&#8243; _module_preset=&#8220;default&#8220; global_colors_info=&#8220;{}&#8220;][et_pb_column type=&#8220;1_2&#8243; _builder_version=&#8220;4.24.0&#8243; _module_preset=&#8220;default&#8220; global_colors_info=&#8220;{}&#8220;][et_pb_image src=&#8220;https:\/\/sofaski.com\/wp-content\/uploads\/2024\/06\/SOFA-SKI-CAMPS-Banners-24-4.jpeg&#8220; alt=&#8220;SOFA SKI CAMPS Montafon&#8220; title_text=&#8220;SOFA SKI CAMPS Banners 24-4&#8243; url=&#8220;@ET-DC@eyJkeW5hbWljIjp0cnVlLCJjb250ZW50IjoicG9zdF9saW5rX3VybF9wYWdlIiwic2V0dGluZ3MiOnsicG9zdF9pZCI6IjU1NCJ9fQ==@&#8220; _builder_version=&#8220;4.24.0&#8243; _dynamic_attributes=&#8220;url&#8220; _module_preset=&#8220;default&#8220; global_colors_info=&#8220;{}&#8220;][\/et_pb_image][\/et_pb_column][et_pb_column type=&#8220;1_2&#8243; _builder_version=&#8220;4.24.0&#8243; _module_preset=&#8220;default&#8220; global_colors_info=&#8220;{}&#8220;][et_pb_image src=&#8220;https:\/\/sofaski.com\/wp-content\/uploads\/2024\/06\/SOFA-SKI-CAMPS-Banners-24-2.jpeg&#8220; alt=&#8220;SOFA SKI CAMPS Ischgl&#8220; title_text=&#8220;SOFA SKI CAMPS Banners 24-2&#8243; url=&#8220;@ET-DC@eyJkeW5hbWljIjp0cnVlLCJjb250ZW50IjoicG9zdF9saW5rX3VybF9wYWdlIiwic2V0dGluZ3MiOnsicG9zdF9pZCI6Ijc3NzQifX0=@&#8220; _builder_version=&#8220;4.24.0&#8243; _dynamic_attributes=&#8220;url&#8220; _module_preset=&#8220;default&#8220; global_colors_info=&#8220;{}&#8220;][\/et_pb_image][\/et_pb_column][\/et_pb_row][et_pb_row column_structure=&#8220;1_2,1_2&#8243; _builder_version=&#8220;4.24.0&#8243; _module_preset=&#8220;default&#8220; global_colors_info=&#8220;{}&#8220;][et_pb_column type=&#8220;1_2&#8243; _builder_version=&#8220;4.24.0&#8243; _module_preset=&#8220;default&#8220; global_colors_info=&#8220;{}&#8220;][et_pb_image src=&#8220;https:\/\/sofaski.com\/wp-content\/uploads\/2024\/06\/SOFA-SKI-CAMPS-Banners-24-3.jpeg&#8220; alt=&#8220;SOFA SKI CAMPS Japan&#8220; title_text=&#8220;SOFA SKI CAMPS Banners 24-3&#8243; url=&#8220;@ET-DC@eyJkeW5hbWljIjp0cnVlLCJjb250ZW50IjoicG9zdF9saW5rX3VybF9wYWdlIiwic2V0dGluZ3MiOnsicG9zdF9pZCI6IjU1OCJ9fQ==@&#8220; _builder_version=&#8220;4.24.0&#8243; _dynamic_attributes=&#8220;url&#8220; _module_preset=&#8220;default&#8220; global_colors_info=&#8220;{}&#8220;][\/et_pb_image][\/et_pb_column][et_pb_column type=&#8220;1_2&#8243; _builder_version=&#8220;4.24.0&#8243; _module_preset=&#8220;default&#8220; global_colors_info=&#8220;{}&#8220;][et_pb_image src=&#8220;https:\/\/sofaski.com\/wp-content\/uploads\/2024\/06\/SOFA-SKI-CAMPS-Banners-24-5.jpeg&#8220; alt=&#8220;SOFA SKI CAMPS Porters&#8220; title_text=&#8220;SOFA SKI CAMPS Banners 24-5&#8243; url=&#8220;@ET-DC@eyJkeW5hbWljIjp0cnVlLCJjb250ZW50IjoicG9zdF9saW5rX3VybF9wYWdlIiwic2V0dGluZ3MiOnsicG9zdF9pZCI6IjU2MiJ9fQ==@&#8220; _builder_version=&#8220;4.24.0&#8243; _dynamic_attributes=&#8220;url&#8220; _module_preset=&#8220;default&#8220; global_colors_info=&#8220;{}&#8220;][\/et_pb_image][\/et_pb_column][\/et_pb_row][et_pb_row column_structure=&#8220;1_2,1_2&#8243; _builder_version=&#8220;4.24.0&#8243; _module_preset=&#8220;default&#8220; global_colors_info=&#8220;{}&#8220;][et_pb_column type=&#8220;1_2&#8243; _builder_version=&#8220;4.24.0&#8243; _module_preset=&#8220;default&#8220; global_colors_info=&#8220;{}&#8220;][et_pb_image src=&#8220;https:\/\/sofaski.com\/wp-content\/uploads\/2024\/06\/SOFA-SKI-CAMPS-Banners-24-1-1.jpeg&#8220; alt=&#8220;SOFA SKI CAMPS Hamburg-Wittenburg&#8220; title_text=&#8220;SOFA SKI CAMPS Banners 24-1 (1)&#8220; url=&#8220;@ET-DC@eyJkeW5hbWljIjp0cnVlLCJjb250ZW50IjoicG9zdF9saW5rX3VybF9wYWdlIiwic2V0dGluZ3MiOnsicG9zdF9pZCI6IjEwNjUwIn19@&#8220; _builder_version=&#8220;4.24.0&#8243; _dynamic_attributes=&#8220;url&#8220; _module_preset=&#8220;default&#8220; global_colors_info=&#8220;{}&#8220;][\/et_pb_image][\/et_pb_column][et_pb_column type=&#8220;1_2&#8243; _builder_version=&#8220;4.24.0&#8243; _module_preset=&#8220;default&#8220; global_colors_info=&#8220;{}&#8220;][et_pb_image src=&#8220;https:\/\/sofaski.com\/wp-content\/uploads\/2025\/07\/SOFA-SKI-CAMPS-Banners-s-jpg.jpg&#8220; title_text=&#8220;SOFA SKI CAMPS Banners s jpg&#8220; url=&#8220;@ET-DC@eyJkeW5hbWljIjp0cnVlLCJjb250ZW50IjoicG9zdF9saW5rX3VybF9wYWdlIiwic2V0dGluZ3MiOnsicG9zdF9pZCI6IjExOTgyIn19@&#8220; _builder_version=&#8220;4.27.4&#8243; _dynamic_attributes=&#8220;url&#8220; _module_preset=&#8220;default&#8220; global_colors_info=&#8220;{}&#8220;][\/et_pb_image][\/et_pb_column][\/et_pb_row][et_pb_row column_structure=&#8220;1_2,1_2&#8243; _builder_version=&#8220;4.27.4&#8243; _module_preset=&#8220;default&#8220; global_colors_info=&#8220;{}&#8220;][et_pb_column type=&#8220;1_2&#8243; _builder_version=&#8220;4.27.4&#8243; _module_preset=&#8220;default&#8220; global_colors_info=&#8220;{}&#8220;][et_pb_image src=&#8220;https:\/\/sofaski.com\/wp-content\/uploads\/2024\/06\/SOFA-SKI-CAMPS-Banners-24-6.jpeg&#8220; alt=&#8220;Klaus Mair, Privat Coaching&#8220; title_text=&#8220;SOFA SKI CAMPS Banners 24-6&#8243; url=&#8220;@ET-DC@eyJkeW5hbWljIjp0cnVlLCJjb250ZW50IjoicG9zdF9saW5rX3VybF9wYWdlIiwic2V0dGluZ3MiOnsicG9zdF9pZCI6Ijg4NiJ9fQ==@&#8220; _builder_version=&#8220;4.24.0&#8243; _dynamic_attributes=&#8220;url&#8220; _module_preset=&#8220;default&#8220; global_colors_info=&#8220;{}&#8220;][\/et_pb_image][\/et_pb_column][et_pb_column type=&#8220;1_2&#8243; _builder_version=&#8220;4.27.4&#8243; _module_preset=&#8220;default&#8220; global_colors_info=&#8220;{}&#8220;][et_pb_button button_url=&#8220;http:\/\/eepurl.com\/gFcThP&#8220; button_text=&#8220;Newsletter&#8220; button_alignment=&#8220;center&#8220; _builder_version=&#8220;4.27.4&#8243; _module_preset=&#8220;default&#8220; custom_margin=&#8220;64px|||||&#8220; global_colors_info=&#8220;{}&#8220;][\/et_pb_button][\/et_pb_column][\/et_pb_row][\/et_pb_section][et_pb_section fb_built=&#8220;1&#8243; _builder_version=&#8220;4.27.4&#8243; _module_preset=&#8220;default&#8220; global_colors_info=&#8220;{}&#8220;][et_pb_row column_structure=&#8220;1_3,1_3,1_3&#8243; _builder_version=&#8220;4.27.4&#8243; _module_preset=&#8220;default&#8220; global_colors_info=&#8220;{}&#8220;][et_pb_column type=&#8220;1_3&#8243; _builder_version=&#8220;4.27.4&#8243; _module_preset=&#8220;default&#8220; global_colors_info=&#8220;{}&#8220;][\/et_pb_column][et_pb_column type=&#8220;1_3&#8243; _builder_version=&#8220;4.27.4&#8243; _module_preset=&#8220;default&#8220; global_colors_info=&#8220;{}&#8220;][\/et_pb_column][et_pb_column type=&#8220;1_3&#8243; _builder_version=&#8220;4.27.4&#8243; _module_preset=&#8220;default&#8220; global_colors_info=&#8220;{}&#8220;][\/et_pb_column][\/et_pb_row][\/et_pb_section][et_pb_section fb_built=&#8220;1&#8243; fullwidth=&#8220;on&#8220; _builder_version=&#8220;4.16&#8243; global_colors_info=&#8220;{}&#8220;][et_pb_fullwidth_code _builder_version=&#8220;4.16&#8243; background_color=&#8220;#d3312d&#8220; global_colors_info=&#8220;{}&#8220;]<div class=\"wpbr-wrap\">\n\t<div id=\"wpbr-collection-wrap-1843612625\" class=\"wpbr-collection-wrap js-wpbr-collection-wrap\" data-wpbr-collection-id=\"1843612625\">\n\t<\/div>\n<\/div>\n[\/et_pb_fullwidth_code][\/et_pb_section]<\/p>\n<span class=\"et_bloom_bottom_trigger\"><\/span>","protected":false},"excerpt":{"rendered":"<p>SOFA SKI CAMPS und Klaus Mair, Privat Coaching werden in \u00d6sterreich und Japan angeboten. Professionelles Skitraining f\u00fcr motivierte Sportler die gerne besser, schneller aber vor allem l\u00e4nger und sicherer Skifahren k\u00f6nnen wollen. <\/p>\n","protected":false},"author":1,"featured_media":0,"parent":316,"menu_order":0,"comment_status":"closed","ping_status":"closed","template":"","meta":{"_et_pb_use_builder":"on","_et_pb_old_content":"","_et_gb_content_width":"","footnotes":""},"class_list":["post-548","page","type-page","status-publish","hentry"],"yoast_head":"<!-- This site is optimized with the Yoast SEO plugin v27.4 - https:\/\/yoast.com\/product\/yoast-seo-wordpress\/ -->\n<title>Camps | SOFASKI.COM<\/title>\n<meta name=\"description\" content=\"Ski Technik Camps f\u00fcr motivierte Skifahrer. Wir bieten professionelles Coaching f\u00fcr touristische Skifahrer aller K\u00f6nnensstufen in \u00d6sterreich und Japan.\" \/>\n<meta name=\"robots\" content=\"index, follow, max-snippet:-1, max-image-preview:large, max-video-preview:-1\" \/>\n<link rel=\"canonical\" href=\"https:\/\/sofaski.com\/camps\/camps\/\" \/>\n<meta property=\"og:locale\" content=\"de_DE\" \/>\n<meta property=\"og:type\" content=\"article\" \/>\n<meta property=\"og:title\" content=\"Camps | SOFASKI.COM\" \/>\n<meta property=\"og:description\" content=\"Ski Technik Camps f\u00fcr motivierte Skifahrer. Wir bieten professionelles Coaching f\u00fcr touristische Skifahrer aller K\u00f6nnensstufen in \u00d6sterreich und Japan.\" \/>\n<meta property=\"og:url\" content=\"https:\/\/sofaski.com\/camps\/camps\/\" \/>\n<meta property=\"og:site_name\" content=\"SOFASKI.COM\" \/>\n<meta property=\"article:publisher\" content=\"https:\/\/www.facebook.com\/SofaSkiSchool\" \/>\n<meta property=\"article:modified_time\" content=\"2025-07-15T09:05:21+00:00\" \/>\n<meta property=\"og:image\" content=\"https:\/\/sofaski.com\/wp-content\/uploads\/2019\/11\/SOFASKI-copy-EMAIL.png\" \/>\n\t<meta property=\"og:image:width\" content=\"400\" \/>\n\t<meta property=\"og:image:height\" content=\"57\" \/>\n\t<meta property=\"og:image:type\" content=\"image\/png\" \/>\n<meta name=\"twitter:card\" content=\"summary_large_image\" \/>\n<meta name=\"twitter:label1\" content=\"Gesch\u00e4tzte Lesezeit\" \/>\n\t<meta name=\"twitter:data1\" content=\"7\u00a0Minuten\" \/>\n<script type=\"application\/ld+json\" class=\"yoast-schema-graph\">{\"@context\":\"https:\\\/\\\/schema.org\",\"@graph\":[{\"@type\":\"WebPage\",\"@id\":\"https:\\\/\\\/sofaski.com\\\/camps\\\/camps\\\/\",\"url\":\"https:\\\/\\\/sofaski.com\\\/camps\\\/camps\\\/\",\"name\":\"Camps | SOFASKI.COM\",\"isPartOf\":{\"@id\":\"https:\\\/\\\/sofaski.com\\\/#website\"},\"datePublished\":\"2019-10-07T13:47:09+00:00\",\"dateModified\":\"2025-07-15T09:05:21+00:00\",\"description\":\"Ski Technik Camps f\u00fcr motivierte Skifahrer. Wir bieten professionelles Coaching f\u00fcr touristische Skifahrer aller K\u00f6nnensstufen in \u00d6sterreich und Japan.\",\"breadcrumb\":{\"@id\":\"https:\\\/\\\/sofaski.com\\\/camps\\\/camps\\\/#breadcrumb\"},\"inLanguage\":\"de\",\"potentialAction\":[{\"@type\":\"ReadAction\",\"target\":[\"https:\\\/\\\/sofaski.com\\\/camps\\\/camps\\\/\"]}]},{\"@type\":\"BreadcrumbList\",\"@id\":\"https:\\\/\\\/sofaski.com\\\/camps\\\/camps\\\/#breadcrumb\",\"itemListElement\":[{\"@type\":\"ListItem\",\"position\":1,\"name\":\"Home\",\"item\":\"https:\\\/\\\/sofaski.com\\\/\"},{\"@type\":\"ListItem\",\"position\":2,\"name\":\"Camps\",\"item\":\"https:\\\/\\\/sofaski.com\\\/de\\\/camps\\\/\"},{\"@type\":\"ListItem\",\"position\":3,\"name\":\"Camps\"}]},{\"@type\":\"WebSite\",\"@id\":\"https:\\\/\\\/sofaski.com\\\/#website\",\"url\":\"https:\\\/\\\/sofaski.com\\\/\",\"name\":\"SOFASKI.COM\",\"description\":\"Every turn counts\",\"publisher\":{\"@id\":\"https:\\\/\\\/sofaski.com\\\/#organization\"},\"potentialAction\":[{\"@type\":\"SearchAction\",\"target\":{\"@type\":\"EntryPoint\",\"urlTemplate\":\"https:\\\/\\\/sofaski.com\\\/?s={search_term_string}\"},\"query-input\":{\"@type\":\"PropertyValueSpecification\",\"valueRequired\":true,\"valueName\":\"search_term_string\"}}],\"inLanguage\":\"de\"},{\"@type\":\"Organization\",\"@id\":\"https:\\\/\\\/sofaski.com\\\/#organization\",\"name\":\"SOFASKI.COM\",\"url\":\"https:\\\/\\\/sofaski.com\\\/\",\"logo\":{\"@type\":\"ImageObject\",\"inLanguage\":\"de\",\"@id\":\"https:\\\/\\\/sofaski.com\\\/#\\\/schema\\\/logo\\\/image\\\/\",\"url\":\"https:\\\/\\\/sofaski.com\\\/wp-content\\\/uploads\\\/2019\\\/11\\\/SOFASKI-copy-EMAIL.png\",\"contentUrl\":\"https:\\\/\\\/sofaski.com\\\/wp-content\\\/uploads\\\/2019\\\/11\\\/SOFASKI-copy-EMAIL.png\",\"width\":400,\"height\":57,\"caption\":\"SOFASKI.COM\"},\"image\":{\"@id\":\"https:\\\/\\\/sofaski.com\\\/#\\\/schema\\\/logo\\\/image\\\/\"},\"sameAs\":[\"https:\\\/\\\/www.facebook.com\\\/SofaSkiSchool\",\"https:\\\/\\\/www.instagram.com\\\/sofaskischool\\\/\",\"https:\\\/\\\/www.youtube.com\\\/c\\\/KlausMair\"]}]}<\/script>\n<!-- \/ Yoast SEO plugin. -->","yoast_head_json":{"title":"Camps | SOFASKI.COM","description":"Ski Technik Camps f\u00fcr motivierte Skifahrer. Wir bieten professionelles Coaching f\u00fcr touristische Skifahrer aller K\u00f6nnensstufen in \u00d6sterreich und Japan.","robots":{"index":"index","follow":"follow","max-snippet":"max-snippet:-1","max-image-preview":"max-image-preview:large","max-video-preview":"max-video-preview:-1"},"canonical":"https:\/\/sofaski.com\/camps\/camps\/","og_locale":"de_DE","og_type":"article","og_title":"Camps | SOFASKI.COM","og_description":"Ski Technik Camps f\u00fcr motivierte Skifahrer. Wir bieten professionelles Coaching f\u00fcr touristische Skifahrer aller K\u00f6nnensstufen in \u00d6sterreich und Japan.","og_url":"https:\/\/sofaski.com\/camps\/camps\/","og_site_name":"SOFASKI.COM","article_publisher":"https:\/\/www.facebook.com\/SofaSkiSchool","article_modified_time":"2025-07-15T09:05:21+00:00","og_image":[{"width":400,"height":57,"url":"https:\/\/sofaski.com\/wp-content\/uploads\/2019\/11\/SOFASKI-copy-EMAIL.png","type":"image\/png"}],"twitter_card":"summary_large_image","twitter_misc":{"Gesch\u00e4tzte Lesezeit":"7\u00a0Minuten"},"schema":{"@context":"https:\/\/schema.org","@graph":[{"@type":"WebPage","@id":"https:\/\/sofaski.com\/camps\/camps\/","url":"https:\/\/sofaski.com\/camps\/camps\/","name":"Camps | SOFASKI.COM","isPartOf":{"@id":"https:\/\/sofaski.com\/#website"},"datePublished":"2019-10-07T13:47:09+00:00","dateModified":"2025-07-15T09:05:21+00:00","description":"Ski Technik Camps f\u00fcr motivierte Skifahrer. Wir bieten professionelles Coaching f\u00fcr touristische Skifahrer aller K\u00f6nnensstufen in \u00d6sterreich und Japan.","breadcrumb":{"@id":"https:\/\/sofaski.com\/camps\/camps\/#breadcrumb"},"inLanguage":"de","potentialAction":[{"@type":"ReadAction","target":["https:\/\/sofaski.com\/camps\/camps\/"]}]},{"@type":"BreadcrumbList","@id":"https:\/\/sofaski.com\/camps\/camps\/#breadcrumb","itemListElement":[{"@type":"ListItem","position":1,"name":"Home","item":"https:\/\/sofaski.com\/"},{"@type":"ListItem","position":2,"name":"Camps","item":"https:\/\/sofaski.com\/de\/camps\/"},{"@type":"ListItem","position":3,"name":"Camps"}]},{"@type":"WebSite","@id":"https:\/\/sofaski.com\/#website","url":"https:\/\/sofaski.com\/","name":"SOFASKI.COM","description":"Every turn counts","publisher":{"@id":"https:\/\/sofaski.com\/#organization"},"potentialAction":[{"@type":"SearchAction","target":{"@type":"EntryPoint","urlTemplate":"https:\/\/sofaski.com\/?s={search_term_string}"},"query-input":{"@type":"PropertyValueSpecification","valueRequired":true,"valueName":"search_term_string"}}],"inLanguage":"de"},{"@type":"Organization","@id":"https:\/\/sofaski.com\/#organization","name":"SOFASKI.COM","url":"https:\/\/sofaski.com\/","logo":{"@type":"ImageObject","inLanguage":"de","@id":"https:\/\/sofaski.com\/#\/schema\/logo\/image\/","url":"https:\/\/sofaski.com\/wp-content\/uploads\/2019\/11\/SOFASKI-copy-EMAIL.png","contentUrl":"https:\/\/sofaski.com\/wp-content\/uploads\/2019\/11\/SOFASKI-copy-EMAIL.png","width":400,"height":57,"caption":"SOFASKI.COM"},"image":{"@id":"https:\/\/sofaski.com\/#\/schema\/logo\/image\/"},"sameAs":["https:\/\/www.facebook.com\/SofaSkiSchool","https:\/\/www.instagram.com\/sofaskischool\/","https:\/\/www.youtube.com\/c\/KlausMair"]}]}},"_links":{"self":[{"href":"https:\/\/sofaski.com\/de\/wp-json\/wp\/v2\/pages\/548","targetHints":{"allow":["GET"]}}],"collection":[{"href":"https:\/\/sofaski.com\/de\/wp-json\/wp\/v2\/pages"}],"about":[{"href":"https:\/\/sofaski.com\/de\/wp-json\/wp\/v2\/types\/page"}],"author":[{"embeddable":true,"href":"https:\/\/sofaski.com\/de\/wp-json\/wp\/v2\/users\/1"}],"replies":[{"embeddable":true,"href":"https:\/\/sofaski.com\/de\/wp-json\/wp\/v2\/comments?post=548"}],"version-history":[{"count":20,"href":"https:\/\/sofaski.com\/de\/wp-json\/wp\/v2\/pages\/548\/revisions"}],"predecessor-version":[{"id":12130,"href":"https:\/\/sofaski.com\/de\/wp-json\/wp\/v2\/pages\/548\/revisions\/12130"}],"up":[{"embeddable":true,"href":"https:\/\/sofaski.com\/de\/wp-json\/wp\/v2\/pages\/316"}],"wp:attachment":[{"href":"https:\/\/sofaski.com\/de\/wp-json\/wp\/v2\/media?parent=548"}],"curies":[{"name":"wp","href":"https:\/\/api.w.org\/{rel}","templated":true}]}}