{"id":5346,"date":"2020-06-05T07:39:32","date_gmt":"2020-06-05T07:39:32","guid":{"rendered":"https:\/\/klanten.poort3.nl\/sss\/?page_id=5346"},"modified":"2020-06-18T11:44:51","modified_gmt":"2020-06-18T11:44:51","slug":"online-ski-analyse-faq","status":"publish","type":"page","link":"https:\/\/sofaski.com\/de\/online-ski-analyse-faq\/","title":{"rendered":"Online Ski Analyse &#8211; FAQ"},"content":{"rendered":"<p>[et_pb_section fb_built=&#8220;1&#8243; _builder_version=&#8220;4.4.6&#8243;][et_pb_row _builder_version=&#8220;4.4.6&#8243;][et_pb_column type=&#8220;4_4&#8243; _builder_version=&#8220;4.4.6&#8243;][et_pb_text _builder_version=&#8220;4.4.8&#8243; hover_enabled=&#8220;0&#8243; custom_margin_last_edited=&#8220;on|phone&#8220; custom_margin_phone=&#8220;31px||||false|false&#8220;]<\/p>\n<h2>Online Ski Analyse &#8211; FAQ<\/h2>\n<p>&nbsp;<\/p>\n<p><strong>1. Wie kann ich meine Videos schicken?<\/strong><\/p>\n<p>Sie k\u00f6nnen mir Ihre Ski Videos via <a href=\"https:\/\/sofaskischool.wetransfer.com\">https:\/\/sofaskischool.wetransfer.com<\/a> schicken.<\/p>\n<p><strong>2. Wie bekomme ich meine Video Analyse?<\/strong><\/p>\n<p>Sie erhalten einen privaten Vimeo link \u00fcber welchen Sie Ihre Analyse streamen und herunterladen k\u00f6nnen. Ihr Trainingsplan wird Ihnen per email geschickt.<\/p>\n<p><strong>3. M\u00fcssen die Videos eine bestimmte L\u00e4nge oder Format haben?<\/strong><\/p>\n<p>Nein, Aufnahmen mit Smartphone oder Camcorder sind ideal. Die Clips brauchen keine bestimmte Qualit\u00e4t oder L\u00e4nge zu haben. Solange ich Ihre Schw\u00fcnge erkennen kann reichen mitunter auch 20-30 Sekunden Aufnahme, sie k\u00f6nnen aber so viel sie m\u00f6chten schicken. Auch GoPro Aufnahmen sind verwendbar, es sollte jedoch zumindest eine Fahrt dabei sein wo Sie direkt auf die Kamera zu fahren.<\/p>\n<p><strong>4. Worauf sollte ich achten, wenn ich mich filmen lasse?<\/strong><\/p>\n<p>Grunds\u00e4tzlich ist es am besten, wenn Sie sicher und kontrolliert auf die Kamera zu fahren. Kommen Sie dieser nicht zu nahe und stellen Sie sicher, dass auch der Kameramann an einem sicheren Ort steht. M\u00f6chten Sie beispielsweise v.a. Ihre Kurzschw\u00fcnge analysiert haben, so k\u00f6nnen Sie haupts\u00e4chlich Kurzschwungaufnahmen schicken. Es w\u00e4re jedoch hilfreich zumindest eine Abfahrt von Ihnen zu sehen, bei der Sie mittlere Radien auf pr\u00e4parierter Piste fahren.<\/p>\n<p>Hier eine kurze Checklist:<\/p>\n<ul>\n<li style=\"text-align: justify;\">W\u00e4hlen Sie eine Piste die Sie sicher und kontrolliert befahren k\u00f6nnen<\/li>\n<li style=\"text-align: justify;\">Die Piste sollte nicht zu sehr auf eine Seite h\u00e4ngend sein um die Kurven besser vergleichbar zu machen.<\/li>\n<li style=\"text-align: justify;\">Stellen Sie sicher, dass der Kameramann an einem sicheren Ort steht und fahren Sie erst los wenn dieser bereit ist und Sie ausreichend Platz auf der Piste haben<\/li>\n<li style=\"text-align: justify;\">F\u00fcr die Kamerafahrt w\u00e4re eine normale Fahrt ideal. Versuchen Sie nichts Besonderes f\u00fcr die Aufnahme zu machen und kontrollieren Sie Ihr Tempo!<\/li>\n<\/ul>\n<p><strong>5. Warum gibt es f\u00fcr die Online Ski Analysen und Trainingsplanungen immer zwei Preise?<\/strong><\/p>\n<p>In den letzten Jahren habe ich viel Zeit in die Erstellung von Skianalysen gesteckt und mir immer wieder gedacht, dass diese auch f\u00fcr andere Skifahrer interessant sein k\u00f6nnten. Anstatt Sie im Nachhinein zu fragen ob Sie einer Ver\u00f6ffentlichung zustimmen, biete ich Ihnen beim Kauf der Analyse einen g\u00fcnstigeren Preis an sofern Sie einer Weiterverwendung zustimmen. Somit haben auch Sie etwas von der Freigabe und k\u00f6nnen Sich beim Kauf entscheiden was Ihnen besser passt. Ob Ihr Video ver\u00f6ffentlicht wird ist nicht besonders wahrscheinlich , sollte es aber dazu kommen, so werde Ich Sie per Email informieren und Sie erhalten kostenlosen Zugang zu allen Skiunterrichtsvideos in denen Ihre Clips verwendet wurden. Ich denke das ist fair und kann so auch anderen Skifahrern weiterhelfen. Alle Informationen dazu finden sie hier.<\/p>\n<p><strong>6. Was spricht daf\u00fcr eine Online Skianalyse erstellen zu lassen?<\/strong><\/p>\n<p><strong><em>Der erste Schritt zur Verbesserung des Eigenk\u00f6nnens beginnt immer damit genau zu verstehen und sehen zu k\u00f6nnen was man optimieren k\u00f6nnte und warum. In einer guten Skianalyse geht es nicht nur um pauschal \u201eein wenig mehr dies oder jenes\u201c sondern ganz genau um Ihre Art der Bewegungsausf\u00fchrung. Erst wenn wir unsere Eigenheiten kennen und sehen k\u00f6nnen, k\u00f6nnen wir beginnen diese zu justieren. Dies gilt f\u00fcr den Profi genauso wie f\u00fcr den Breitensportler.<\/em><\/strong><\/p>\n<p><strong><em>Mit den Online Analyse und Trainingsplanungs Produkten auf <span style=\"color: #d3312d;\">SOFASKI.COM<\/span> erhalten Sie die M\u00f6glichkeit dieses Feedback direkt vom Experten auf einfache, schnelle und kostenschonende Weise zu bekommen. Wie wir meinen eine tolle Gelegenheit f\u00fcr Skifahrer die wirklich etwas weiterbringen wollen.<\/em><\/strong><\/p>\n<p><strong><em>Wie auch die Skiunterrichtsvideos versteht sich die Analyse nicht als Ersatz f\u00fcr den Skiunterricht sondern sollte diesen unterst\u00fctzen. Mit einem besseren Verst\u00e4ndnis Ihrer Skitechnik k\u00f6nnen Sie Inhalte besser einfordern und Fortschritte messbar machen.<\/em><\/strong><\/p>\n<p>[\/et_pb_text][\/et_pb_column][\/et_pb_row][et_pb_row _builder_version=&#8220;4.4.8&#8243;][et_pb_column type=&#8220;4_4&#8243; _builder_version=&#8220;4.4.8&#8243;][et_pb_image src=&#8220;https:\/\/sofaski.com\/wp-content\/uploads\/2020\/06\/Bild10-b-scaled.jpg&#8220; title_text=&#8220;Bild10 b&#8220; _builder_version=&#8220;4.4.8&#8243;][\/et_pb_image][\/et_pb_column][\/et_pb_row][\/et_pb_section][et_pb_section fb_built=&#8220;1&#8243; _builder_version=&#8220;3.29.3&#8243; background_color=&#8220;#f2f2f2&#8243;][et_pb_row column_structure=&#8220;1_2,1_2&#8243; _builder_version=&#8220;3.29.3&#8243;][et_pb_column type=&#8220;1_2&#8243; _builder_version=&#8220;3.29.3&#8243;][et_pb_text _builder_version=&#8220;4.4.6&#8243; text_font_size=&#8220;29px&#8220; text_line_height=&#8220;1.8em&#8220; max_width=&#8220;100%&#8220;]<\/p>\n<p style=\"text-align: center;\">Bei weiteren Fragen, einfach mailen!<\/p>\n<p>[\/et_pb_text][\/et_pb_column][et_pb_column type=&#8220;1_2&#8243; _builder_version=&#8220;3.29.3&#8243;][et_pb_button button_url=&#8220;mailto:info@sofaski.com&#8220; url_new_window=&#8220;on&#8220; button_text=&#8220;Email Klaus&#8220; button_alignment=&#8220;center&#8220; _builder_version=&#8220;4.0.6&#8243; custom_margin=&#8220;10px||||false|false&#8220;][\/et_pb_button][\/et_pb_column][\/et_pb_row][\/et_pb_section]<\/p>\n<span class=\"et_bloom_bottom_trigger\"><\/span>","protected":false},"excerpt":{"rendered":"<p>Online Ski Analyse &#8211; FAQ &nbsp; 1. Wie kann ich meine Videos schicken? Sie k\u00f6nnen mir Ihre Ski Videos via https:\/\/sofaskischool.wetransfer.com schicken. 2. Wie bekomme ich meine Video Analyse? Sie erhalten einen privaten Vimeo link \u00fcber welchen Sie Ihre Analyse streamen und herunterladen k\u00f6nnen. Ihr Trainingsplan wird Ihnen per email geschickt. 3. M\u00fcssen die Videos [&hellip;]<\/p>\n","protected":false},"author":10254,"featured_media":0,"parent":0,"menu_order":0,"comment_status":"closed","ping_status":"closed","template":"","meta":{"_et_pb_use_builder":"on","_et_pb_old_content":"<p>All instructionals are available for instant on-demand streaming or for download through the Vimeo App.<\/p><p>The clips can comfortably be watched through your Smart TV, Mac, PC or smartphone and tablet.<\/p><p>To access your on demand clips you will need a <a href=\"https:\/\/vimeo.com\/\">Vimeo account<\/a>, which is free and easy to set up (email+password or log in with Facebook, Google,...).<\/p><p><strong>We also recommend the use of the Vimeo App which is pre-installed on many Smart TVs, Apple TV,\u2026 and is free for download on smartphones and tablets.<\/strong><\/p><p>You can purchase your Sofa Ski School instructionals through the shop on SOFASKI.COM or on vimeo.com.<\/p><p>After your purchase on SOFASKI.COM you will receive a code within 24 hours to unlock your Sofa Ski School video. You will only need the to use the link once to unlock the video, after that it will be available on any device once you log in to your Vimeo account. <strong>Once unlocked the videos will be connected with the account you used and cannot be moved to a different account.\u00a0<\/strong><\/p><p>You can find your purchased videos on vimeo using this link\u00a0<a href=\"https:\/\/vimeo.com\/purchases\">www.vimeo.com\/purchases <\/a><span style=\"font-size: 16px;\">or directly in the \"my instructionals\" section in your Account on SOFASKI.COM.<\/span><span style=\"font-size: 16px;\">\u00a0<\/span><\/p><p><strong>All On-Demand products include all future updates of the instructional as well as access to the Sofa Ski School Member Area from where you can download the reminder cards to view them on your device.<\/strong><\/p><p>Please also see the FAQ\u2019s below or <a href=\"mailto:klaus@sofaski.com\">email me<\/a> if you have further questions.<\/p><p>[\/et_pb_text][\/et_pb_column][\/et_pb_row][et_pb_row _builder_version=\"4.0.3\"][et_pb_column type=\"4_4\" _builder_version=\"4.0.3\"][et_pb_code _builder_version=\"4.4.6\"]<iframe src=\"https:\/\/player.vimeo.com\/video\/149298636\" width=\"640\" height=\"360\" frameborder=\"0\" allowfullscreen=\"allowfullscreen\" data-mce-fragment=\"1\"><\/iframe>[\/et_pb_code][et_pb_text _builder_version=\"4.4.6\"]<\/p><p><span style=\"font-size: 16px;\"><strong>How do I get access to the Member Area for customers?<\/strong><\/span><\/p><p>After your purchase you will be sent your log in information for the member area, where you can find additional videos and ski articles. If you purchase on Vimeo.com then please forward me your order confirmation and I will unlock your email address for the member area.\u00a0<\/p><p><strong>Can I watch the On-Demand \/ Download content on multiple devices?<\/strong><\/p><p>As long as you are logged in with your Vimeo account you can access the videos that you have purchased. You can only be logged in on one device at a time.<\/p><p><strong>Can I download the clips to my PC \/ Mac?<\/strong><\/p><p>You won\u2019t be able to download the .mp4 videos on your PC for copyright reasons but you can view all clips offline through the Vimeo App.<\/p><p>\u00a0<\/p><p>[\/et_pb_text][\/et_pb_column][\/et_pb_row][\/et_pb_section][et_pb_section fb_built=\"1\" _builder_version=\"3.29.3\" background_color=\"#f2f2f2\"][et_pb_row column_structure=\"1_2,1_2\" _builder_version=\"3.29.3\"][et_pb_column type=\"1_2\" _builder_version=\"3.29.3\"][et_pb_text _builder_version=\"4.4.6\" text_font_size=\"29px\" text_line_height=\"1.8em\" max_width=\"100%\"]<\/p><p style=\"text-align: center;\">Please get in touch if you have any further questions!<\/p><p>[\/et_pb_text][\/et_pb_column][et_pb_column type=\"1_2\" _builder_version=\"3.29.3\"][et_pb_button button_url=\"mailto:info@sofaski.com\" url_new_window=\"on\" button_text=\"Email Klaus\" button_alignment=\"center\" _builder_version=\"4.0.6\" custom_margin=\"10px||||false|false\"][\/et_pb_button][\/et_pb_column][\/et_pb_row][\/et_pb_section]<\/p>","_et_gb_content_width":"","footnotes":""},"class_list":["post-5346","page","type-page","status-publish","hentry"],"yoast_head":"<!-- This site is optimized with the Yoast SEO plugin v27.4 - https:\/\/yoast.com\/product\/yoast-seo-wordpress\/ -->\n<title>Online Ski Analyse - FAQ | SOFASKI.COM<\/title>\n<meta name=\"robots\" content=\"index, follow, max-snippet:-1, max-image-preview:large, max-video-preview:-1\" \/>\n<link rel=\"canonical\" href=\"https:\/\/sofaski.com\/de\/online-ski-analyse-faq\/\" \/>\n<meta property=\"og:locale\" content=\"de_DE\" \/>\n<meta property=\"og:type\" content=\"article\" \/>\n<meta property=\"og:title\" content=\"Online Ski Analyse - FAQ | SOFASKI.COM\" \/>\n<meta property=\"og:description\" content=\"Online Ski Analyse - FAQ &nbsp; 1. Wie kann ich meine Videos schicken? Sie k\u00f6nnen mir Ihre Ski Videos via https:\/\/sofaskischool.wetransfer.com schicken. 2. Wie bekomme ich meine Video Analyse? Sie erhalten einen privaten Vimeo link \u00fcber welchen Sie Ihre Analyse streamen und herunterladen k\u00f6nnen. Ihr Trainingsplan wird Ihnen per email geschickt. 3. M\u00fcssen die Videos [&hellip;]\" \/>\n<meta property=\"og:url\" content=\"https:\/\/sofaski.com\/de\/online-ski-analyse-faq\/\" \/>\n<meta property=\"og:site_name\" content=\"SOFASKI.COM\" \/>\n<meta property=\"article:publisher\" content=\"https:\/\/www.facebook.com\/SofaSkiSchool\" \/>\n<meta property=\"article:modified_time\" content=\"2020-06-18T11:44:51+00:00\" \/>\n<meta property=\"og:image\" content=\"https:\/\/sofaski.com\/wp-content\/uploads\/2019\/11\/SOFASKI-copy-EMAIL.png\" \/>\n\t<meta property=\"og:image:width\" content=\"400\" \/>\n\t<meta property=\"og:image:height\" content=\"57\" \/>\n\t<meta property=\"og:image:type\" content=\"image\/png\" \/>\n<meta name=\"twitter:card\" content=\"summary_large_image\" \/>\n<meta name=\"twitter:label1\" content=\"Gesch\u00e4tzte Lesezeit\" \/>\n\t<meta name=\"twitter:data1\" content=\"4\u00a0Minuten\" \/>\n<script type=\"application\/ld+json\" class=\"yoast-schema-graph\">{\"@context\":\"https:\\\/\\\/schema.org\",\"@graph\":[{\"@type\":\"WebPage\",\"@id\":\"https:\\\/\\\/sofaski.com\\\/de\\\/online-ski-analyse-faq\\\/\",\"url\":\"https:\\\/\\\/sofaski.com\\\/de\\\/online-ski-analyse-faq\\\/\",\"name\":\"Online Ski Analyse - FAQ | SOFASKI.COM\",\"isPartOf\":{\"@id\":\"https:\\\/\\\/sofaski.com\\\/#website\"},\"datePublished\":\"2020-06-05T07:39:32+00:00\",\"dateModified\":\"2020-06-18T11:44:51+00:00\",\"breadcrumb\":{\"@id\":\"https:\\\/\\\/sofaski.com\\\/de\\\/online-ski-analyse-faq\\\/#breadcrumb\"},\"inLanguage\":\"de\",\"potentialAction\":[{\"@type\":\"ReadAction\",\"target\":[\"https:\\\/\\\/sofaski.com\\\/de\\\/online-ski-analyse-faq\\\/\"]}]},{\"@type\":\"BreadcrumbList\",\"@id\":\"https:\\\/\\\/sofaski.com\\\/de\\\/online-ski-analyse-faq\\\/#breadcrumb\",\"itemListElement\":[{\"@type\":\"ListItem\",\"position\":1,\"name\":\"Home\",\"item\":\"https:\\\/\\\/sofaski.com\\\/\"},{\"@type\":\"ListItem\",\"position\":2,\"name\":\"Online Ski Analyse &#8211; FAQ\"}]},{\"@type\":\"WebSite\",\"@id\":\"https:\\\/\\\/sofaski.com\\\/#website\",\"url\":\"https:\\\/\\\/sofaski.com\\\/\",\"name\":\"SOFASKI.COM\",\"description\":\"Every turn counts\",\"publisher\":{\"@id\":\"https:\\\/\\\/sofaski.com\\\/#organization\"},\"potentialAction\":[{\"@type\":\"SearchAction\",\"target\":{\"@type\":\"EntryPoint\",\"urlTemplate\":\"https:\\\/\\\/sofaski.com\\\/?s={search_term_string}\"},\"query-input\":{\"@type\":\"PropertyValueSpecification\",\"valueRequired\":true,\"valueName\":\"search_term_string\"}}],\"inLanguage\":\"de\"},{\"@type\":\"Organization\",\"@id\":\"https:\\\/\\\/sofaski.com\\\/#organization\",\"name\":\"SOFASKI.COM\",\"url\":\"https:\\\/\\\/sofaski.com\\\/\",\"logo\":{\"@type\":\"ImageObject\",\"inLanguage\":\"de\",\"@id\":\"https:\\\/\\\/sofaski.com\\\/#\\\/schema\\\/logo\\\/image\\\/\",\"url\":\"https:\\\/\\\/sofaski.com\\\/wp-content\\\/uploads\\\/2019\\\/11\\\/SOFASKI-copy-EMAIL.png\",\"contentUrl\":\"https:\\\/\\\/sofaski.com\\\/wp-content\\\/uploads\\\/2019\\\/11\\\/SOFASKI-copy-EMAIL.png\",\"width\":400,\"height\":57,\"caption\":\"SOFASKI.COM\"},\"image\":{\"@id\":\"https:\\\/\\\/sofaski.com\\\/#\\\/schema\\\/logo\\\/image\\\/\"},\"sameAs\":[\"https:\\\/\\\/www.facebook.com\\\/SofaSkiSchool\",\"https:\\\/\\\/www.instagram.com\\\/sofaskischool\\\/\",\"https:\\\/\\\/www.youtube.com\\\/c\\\/KlausMair\"]}]}<\/script>\n<!-- \/ Yoast SEO plugin. -->","yoast_head_json":{"title":"Online Ski Analyse - FAQ | SOFASKI.COM","robots":{"index":"index","follow":"follow","max-snippet":"max-snippet:-1","max-image-preview":"max-image-preview:large","max-video-preview":"max-video-preview:-1"},"canonical":"https:\/\/sofaski.com\/de\/online-ski-analyse-faq\/","og_locale":"de_DE","og_type":"article","og_title":"Online Ski Analyse - FAQ | SOFASKI.COM","og_description":"Online Ski Analyse - FAQ &nbsp; 1. Wie kann ich meine Videos schicken? Sie k\u00f6nnen mir Ihre Ski Videos via https:\/\/sofaskischool.wetransfer.com schicken. 2. Wie bekomme ich meine Video Analyse? Sie erhalten einen privaten Vimeo link \u00fcber welchen Sie Ihre Analyse streamen und herunterladen k\u00f6nnen. Ihr Trainingsplan wird Ihnen per email geschickt. 3. M\u00fcssen die Videos [&hellip;]","og_url":"https:\/\/sofaski.com\/de\/online-ski-analyse-faq\/","og_site_name":"SOFASKI.COM","article_publisher":"https:\/\/www.facebook.com\/SofaSkiSchool","article_modified_time":"2020-06-18T11:44:51+00:00","og_image":[{"width":400,"height":57,"url":"https:\/\/sofaski.com\/wp-content\/uploads\/2019\/11\/SOFASKI-copy-EMAIL.png","type":"image\/png"}],"twitter_card":"summary_large_image","twitter_misc":{"Gesch\u00e4tzte Lesezeit":"4\u00a0Minuten"},"schema":{"@context":"https:\/\/schema.org","@graph":[{"@type":"WebPage","@id":"https:\/\/sofaski.com\/de\/online-ski-analyse-faq\/","url":"https:\/\/sofaski.com\/de\/online-ski-analyse-faq\/","name":"Online Ski Analyse - FAQ | SOFASKI.COM","isPartOf":{"@id":"https:\/\/sofaski.com\/#website"},"datePublished":"2020-06-05T07:39:32+00:00","dateModified":"2020-06-18T11:44:51+00:00","breadcrumb":{"@id":"https:\/\/sofaski.com\/de\/online-ski-analyse-faq\/#breadcrumb"},"inLanguage":"de","potentialAction":[{"@type":"ReadAction","target":["https:\/\/sofaski.com\/de\/online-ski-analyse-faq\/"]}]},{"@type":"BreadcrumbList","@id":"https:\/\/sofaski.com\/de\/online-ski-analyse-faq\/#breadcrumb","itemListElement":[{"@type":"ListItem","position":1,"name":"Home","item":"https:\/\/sofaski.com\/"},{"@type":"ListItem","position":2,"name":"Online Ski Analyse &#8211; FAQ"}]},{"@type":"WebSite","@id":"https:\/\/sofaski.com\/#website","url":"https:\/\/sofaski.com\/","name":"SOFASKI.COM","description":"Every turn counts","publisher":{"@id":"https:\/\/sofaski.com\/#organization"},"potentialAction":[{"@type":"SearchAction","target":{"@type":"EntryPoint","urlTemplate":"https:\/\/sofaski.com\/?s={search_term_string}"},"query-input":{"@type":"PropertyValueSpecification","valueRequired":true,"valueName":"search_term_string"}}],"inLanguage":"de"},{"@type":"Organization","@id":"https:\/\/sofaski.com\/#organization","name":"SOFASKI.COM","url":"https:\/\/sofaski.com\/","logo":{"@type":"ImageObject","inLanguage":"de","@id":"https:\/\/sofaski.com\/#\/schema\/logo\/image\/","url":"https:\/\/sofaski.com\/wp-content\/uploads\/2019\/11\/SOFASKI-copy-EMAIL.png","contentUrl":"https:\/\/sofaski.com\/wp-content\/uploads\/2019\/11\/SOFASKI-copy-EMAIL.png","width":400,"height":57,"caption":"SOFASKI.COM"},"image":{"@id":"https:\/\/sofaski.com\/#\/schema\/logo\/image\/"},"sameAs":["https:\/\/www.facebook.com\/SofaSkiSchool","https:\/\/www.instagram.com\/sofaskischool\/","https:\/\/www.youtube.com\/c\/KlausMair"]}]}},"_links":{"self":[{"href":"https:\/\/sofaski.com\/de\/wp-json\/wp\/v2\/pages\/5346","targetHints":{"allow":["GET"]}}],"collection":[{"href":"https:\/\/sofaski.com\/de\/wp-json\/wp\/v2\/pages"}],"about":[{"href":"https:\/\/sofaski.com\/de\/wp-json\/wp\/v2\/types\/page"}],"author":[{"embeddable":true,"href":"https:\/\/sofaski.com\/de\/wp-json\/wp\/v2\/users\/10254"}],"replies":[{"embeddable":true,"href":"https:\/\/sofaski.com\/de\/wp-json\/wp\/v2\/comments?post=5346"}],"version-history":[{"count":4,"href":"https:\/\/sofaski.com\/de\/wp-json\/wp\/v2\/pages\/5346\/revisions"}],"predecessor-version":[{"id":6278,"href":"https:\/\/sofaski.com\/de\/wp-json\/wp\/v2\/pages\/5346\/revisions\/6278"}],"wp:attachment":[{"href":"https:\/\/sofaski.com\/de\/wp-json\/wp\/v2\/media?parent=5346"}],"curies":[{"name":"wp","href":"https:\/\/api.w.org\/{rel}","templated":true}]}}