{"id":5192,"date":"2020-06-23T07:38:40","date_gmt":"2020-06-23T07:38:40","guid":{"rendered":"https:\/\/klanten.poort3.nl\/sss\/?page_id=5192"},"modified":"2026-02-09T17:03:44","modified_gmt":"2026-02-09T17:03:44","slug":"download-on-demand-information","status":"publish","type":"page","link":"https:\/\/sofaski.com\/de\/download-on-demand-information\/","title":{"rendered":"Download \/ On-Demand Information"},"content":{"rendered":"<p>[et_pb_section fb_built=&#8220;1&#8243; _builder_version=&#8220;4.16&#8243; custom_padding=&#8220;||3px|||&#8220; global_colors_info=&#8220;{}&#8220;][et_pb_row _builder_version=&#8220;4.16&#8243; custom_padding=&#8220;||0px|||&#8220; global_colors_info=&#8220;{}&#8220;][et_pb_column type=&#8220;4_4&#8243; _builder_version=&#8220;4.16&#8243; global_colors_info=&#8220;{}&#8220;][et_pb_text _builder_version=&#8220;4.27.4&#8243; custom_margin=&#8220;21px||25px||false|false&#8220; custom_padding=&#8220;||2px|||&#8220; hover_enabled=&#8220;0&#8243; global_colors_info=&#8220;{}&#8220; sticky_enabled=&#8220;0&#8243;]<\/p>\n<h2>Download \/ On-Demand Information<\/h2>\n<p>&nbsp;<\/p>\n<p><span style=\"font-size: 16px;\">Alle Skiunterrichtsvideos k\u00f6nnen online gestreamt werden.<\/span><\/p>\n<p><span style=\"font-size: 16px;\">Die Videos lassen sich \u00fcber Smartphone, Tablet,\u00a0<span>Smart TV, Mac, PC,&#8230;\u00a0<\/span>abspielen.<\/span><\/p>\n<p><span style=\"font-size: 16px;\">Die online Videos werden \u00fcber <a href=\"www.vimeo.com\">Vimeo<\/a> bereitgestellt. Um gekaufte On-Demand Videos ansehen zu k\u00f6nnen brauchen Sie ein Vimeo Konto, dieses ist gratis und kann mit ein paar Klicks eingerichtet werden.\u00a0<\/span><\/p>\n<p>Sie finden Ihre gekauften Videos verlinkt auf Ihrem SOFASKI.COM Profil:\u00a0<a href=\"https:\/\/sofaski.com\/de\/my-account\/\">https:\/\/sofaski.com\/de\/my-account\/<\/a><span style=\"font-size: 16px;\"><\/span><\/p>\n<p>oder auf Vimeo unter:\u00a0<a href=\"https:\/\/vimeo.com\/purchases\">https:\/\/vimeo.com\/purchases<\/a><\/p>\n<p>Bei Verwendung der App finden Sie die gekauften Videos:<\/p>\n<p>[\/et_pb_text][\/et_pb_column][\/et_pb_row][et_pb_row column_structure=&#8220;1_2,1_2&#8243; _builder_version=&#8220;4.16&#8243; global_colors_info=&#8220;{}&#8220;][et_pb_column type=&#8220;1_2&#8243; _builder_version=&#8220;4.16&#8243; global_colors_info=&#8220;{}&#8220;][et_pb_text _builder_version=&#8220;4.16&#8243; global_colors_info=&#8220;{}&#8220;]<\/p>\n<p>Nach Auswahl dieses Symbols am unteren Bildschirmrand:<\/p>\n<p>[\/et_pb_text][\/et_pb_column][et_pb_column type=&#8220;1_2&#8243; _builder_version=&#8220;4.16&#8243; global_colors_info=&#8220;{}&#8220;][et_pb_image src=&#8220;https:\/\/sofaski.com\/wp-content\/uploads\/2020\/07\/vimeo.png&#8220; title_text=&#8220;vimeo&#8220; _builder_version=&#8220;4.16&#8243; global_colors_info=&#8220;{}&#8220;][\/et_pb_image][\/et_pb_column][\/et_pb_row][et_pb_row column_structure=&#8220;1_2,1_2&#8243; _builder_version=&#8220;4.16&#8243; global_colors_info=&#8220;{}&#8220;][et_pb_column type=&#8220;1_2&#8243; _builder_version=&#8220;4.16&#8243; global_colors_info=&#8220;{}&#8220;][et_pb_text _builder_version=&#8220;4.16&#8243; custom_padding=&#8220;1px|||||&#8220; global_colors_info=&#8220;{}&#8220;]<\/p>\n<p>und dann oben, ganz rechts &#8222;Eink\u00e4ufe&#8220; oder \u00e4hnlich ausw\u00e4hlen.<\/p>\n<p>[\/et_pb_text][\/et_pb_column][et_pb_column type=&#8220;1_2&#8243; _builder_version=&#8220;4.16&#8243; global_colors_info=&#8220;{}&#8220;][et_pb_image src=&#8220;https:\/\/sofaski.com\/wp-content\/uploads\/2020\/07\/vimeo-2.png&#8220; title_text=&#8220;vimeo 2&#8243; _builder_version=&#8220;4.16&#8243; global_colors_info=&#8220;{}&#8220;][\/et_pb_image][\/et_pb_column][\/et_pb_row][et_pb_row _builder_version=&#8220;4.16&#8243; global_colors_info=&#8220;{}&#8220;][et_pb_column type=&#8220;4_4&#8243; _builder_version=&#8220;4.16&#8243; global_colors_info=&#8220;{}&#8220;][et_pb_text _builder_version=&#8220;4.16&#8243; global_colors_info=&#8220;{}&#8220;]<\/p>\n<p>Siehe auch:<a href=\"https:\/\/vimeo.com\/347145609\" target=\"_blank\" rel=\"noopener noreferrer\">\u00a0https:\/\/vimeo.com\/347145609<\/a>\u00a0(das gleiche wie oben beschrieben, als Video, leider nur auf Englisch)<\/p>\n<p><span style=\"font-size: 16px;\">Alle On-Demand Videos beinhalten gratis Updates auf zuk\u00fcnftige Versionen des gekauften Videos als auch den gratis Zugang zum <\/span><a href=\"https:\/\/sofaski.com\/de\/member-area\/\" style=\"font-size: 16px;\">Mitgliederbereich<\/a><span style=\"font-size: 16px;\"> auf SOFASKI.COM wo Sie auch Ihre <\/span><a href=\"https:\/\/sofaski.com\/de\/from-blue-to-powder-reminder-cards\/\" style=\"font-size: 16px;\">Erinnerungskarten<\/a><span style=\"font-size: 16px;\"> finden.<\/span><\/p>\n<p>Unten finden Sie Antworten auf weitere FAQs. Falls Sie weitere Fragen haben sollten so schicken Sie uns bitte eine Nachricht oder email.<\/p>\n<p>[\/et_pb_text][\/et_pb_column][\/et_pb_row][et_pb_row _builder_version=&#8220;4.16&#8243; global_colors_info=&#8220;{}&#8220;][et_pb_column type=&#8220;4_4&#8243; _builder_version=&#8220;4.16&#8243; global_colors_info=&#8220;{}&#8220;][et_pb_video src=&#8220;https:\/\/vimeo.com\/149298636&#8243; _builder_version=&#8220;4.16&#8243; global_colors_info=&#8220;{}&#8220;][\/et_pb_video][\/et_pb_column][\/et_pb_row][et_pb_row _builder_version=&#8220;4.16&#8243; custom_margin=&#8220;0px|auto||auto|false|false&#8220; custom_margin_tablet=&#8220;241px||||false|false&#8220; custom_margin_phone=&#8220;8px||||false|false&#8220; custom_margin_last_edited=&#8220;on|phone&#8220; global_colors_info=&#8220;{}&#8220;][et_pb_column type=&#8220;4_4&#8243; _builder_version=&#8220;4.16&#8243; global_colors_info=&#8220;{}&#8220;][et_pb_text _builder_version=&#8220;4.27.4&#8243; hover_enabled=&#8220;0&#8243; global_colors_info=&#8220;{}&#8220; sticky_enabled=&#8220;0&#8243;]<\/p>\n<p><strong>Wie erhalte ich Zugang zum Mitgliederbereich?<\/strong><\/p>\n<p>Nach Ihrem Kauf erhalten Sie Ihre Log In Informationen per Email (innerhalb von max. 24h). Im Mitgliederbereich finden Sie die 12 Erinnerungskarten als auch weitere Skivideos und Skiartikel. Sollten Sie Ihr Video \u00fcber Vimeo.com gekauft haben so schicken Sie mir bitte eine Email mit screenshot oder Kaufbest\u00e4tigung und ich werden Ihren Account freischalten.<\/p>\n<p><strong>Kann ich die On Demand \/ Download Videos auf verschiedenen Ger\u00e4ten anschauen?<\/strong><\/p>\n<p>Sofern Sie \u00fcber Vimeo eingeloggt sind (Website oder App) k\u00f6nnen Sie die gekauften Videos auf allen Ger\u00e4ten anschauen.<\/p>\n<p><strong>Kann ich die .mp4 files auf meinen PC oder MAC herunterladen?<\/strong><\/p>\n<p>Ein herunterladen der tats\u00e4chlichen .mp4 files ist aus Copyright Gr\u00fcnden nicht m\u00f6glich<\/p>\n<p>[\/et_pb_text][\/et_pb_column][\/et_pb_row][\/et_pb_section][et_pb_section fb_built=&#8220;1&#8243; _builder_version=&#8220;4.16&#8243; background_color=&#8220;#f2f2f2&#8243; global_colors_info=&#8220;{}&#8220;][et_pb_row column_structure=&#8220;1_2,1_2&#8243; _builder_version=&#8220;4.16&#8243; global_colors_info=&#8220;{}&#8220;][et_pb_column type=&#8220;1_2&#8243; _builder_version=&#8220;4.16&#8243; global_colors_info=&#8220;{}&#8220;][et_pb_text _builder_version=&#8220;4.16&#8243; text_font_size=&#8220;29px&#8220; text_line_height=&#8220;1.8em&#8220; max_width=&#8220;100%&#8220; global_colors_info=&#8220;{}&#8220;]<\/p>\n<p style=\"text-align: center;\">Bei weiteren Fragen, einfach mailen!<\/p>\n<p>[\/et_pb_text][\/et_pb_column][et_pb_column type=&#8220;1_2&#8243; _builder_version=&#8220;4.16&#8243; global_colors_info=&#8220;{}&#8220;][et_pb_button button_url=&#8220;mailto:info@sofaski.com&#8220; url_new_window=&#8220;on&#8220; button_text=&#8220;Email Klaus&#8220; button_alignment=&#8220;center&#8220; _builder_version=&#8220;4.16&#8243; custom_margin=&#8220;10px||||false|false&#8220; global_colors_info=&#8220;{}&#8220;][\/et_pb_button][\/et_pb_column][\/et_pb_row][\/et_pb_section]<\/p>\n<span class=\"et_bloom_bottom_trigger\"><\/span>","protected":false},"excerpt":{"rendered":"<p>Download \/ On-Demand Information &nbsp; Alle Skiunterrichtsvideos k\u00f6nnen online gestreamt werden. Die Videos lassen sich \u00fcber Smartphone, Tablet,\u00a0Smart TV, Mac, PC,&#8230;\u00a0abspielen. Die online Videos werden \u00fcber Vimeo bereitgestellt. Um gekaufte On-Demand Videos ansehen zu k\u00f6nnen brauchen Sie ein Vimeo Konto, dieses ist gratis und kann mit ein paar Klicks eingerichtet werden.\u00a0 Sie finden Ihre gekauften [&hellip;]<\/p>\n","protected":false},"author":10254,"featured_media":0,"parent":0,"menu_order":0,"comment_status":"closed","ping_status":"closed","template":"","meta":{"_et_pb_use_builder":"on","_et_pb_old_content":"<p>All instructionals are available for instant on-demand streaming or for download through the Vimeo App.<\/p><p>The clips can comfortably be watched through your Smart TV, Mac, PC or smartphone and tablet.<\/p><p>To access your on demand clips you will need a <a href=\"https:\/\/vimeo.com\/\">Vimeo account<\/a>, which is free and easy to set up (email+password or log in with Facebook, Google,...).<\/p><p><strong>We also recommend the use of the Vimeo App which is pre-installed on many Smart TVs, Apple TV,\u2026 and is free for download on smartphones and tablets.<\/strong><\/p><p>You can purchase your Sofa Ski School instructionals through the shop on SOFASKI.COM or on vimeo.com.<\/p><p>After your purchase on SOFASKI.COM you will receive a code within 24 hours to unlock your Sofa Ski School video. You will only need the to use the link once to unlock the video, after that it will be available on any device once you log in to your Vimeo account. <strong>Once unlocked the videos will be connected with the account you used and cannot be moved to a different account.\u00a0<\/strong><\/p><p>You can find your purchased videos on vimeo using this link\u00a0<a href=\"https:\/\/vimeo.com\/purchases\">www.vimeo.com\/purchases <\/a><span style=\"font-size: 16px;\">or directly in the \"my instructionals\" section in your Account on SOFASKI.COM.<\/span><span style=\"font-size: 16px;\">\u00a0<\/span><\/p><p><strong>All On-Demand products include all future updates of the instructional as well as access to the Sofa Ski School Member Area from where you can download the reminder cards to view them on your device.<\/strong><\/p><p>Please also see the FAQ\u2019s below or <a href=\"mailto:klaus@sofaski.com\">email me<\/a> if you have further questions.<\/p><p>[\/et_pb_text][\/et_pb_column][\/et_pb_row][et_pb_row _builder_version=\"4.0.3\"][et_pb_column type=\"4_4\" _builder_version=\"4.0.3\"][et_pb_code _builder_version=\"4.4.6\"]<iframe src=\"https:\/\/player.vimeo.com\/video\/149298636\" width=\"640\" height=\"360\" frameborder=\"0\" allowfullscreen=\"allowfullscreen\" data-mce-fragment=\"1\"><\/iframe>[\/et_pb_code][et_pb_text _builder_version=\"4.4.6\"]<\/p><p><span style=\"font-size: 16px;\"><strong>How do I get access to the Member Area for customers?<\/strong><\/span><\/p><p>After your purchase you will be sent your log in information for the member area, where you can find additional videos and ski articles. If you purchase on Vimeo.com then please forward me your order confirmation and I will unlock your email address for the member area.\u00a0<\/p><p><strong>Can I watch the On-Demand \/ Download content on multiple devices?<\/strong><\/p><p>As long as you are logged in with your Vimeo account you can access the videos that you have purchased. You can only be logged in on one device at a time.<\/p><p><strong>Can I download the clips to my PC \/ Mac?<\/strong><\/p><p>You won\u2019t be able to download the .mp4 videos on your PC for copyright reasons but you can view all clips offline through the Vimeo App.<\/p><p>\u00a0<\/p><p>[\/et_pb_text][\/et_pb_column][\/et_pb_row][\/et_pb_section][et_pb_section fb_built=\"1\" _builder_version=\"3.29.3\" background_color=\"#f2f2f2\"][et_pb_row column_structure=\"1_2,1_2\" _builder_version=\"3.29.3\"][et_pb_column type=\"1_2\" _builder_version=\"3.29.3\"][et_pb_text _builder_version=\"4.4.6\" text_font_size=\"29px\" text_line_height=\"1.8em\" max_width=\"100%\"]<\/p><p style=\"text-align: center;\">Please get in touch if you have any further questions!<\/p><p>[\/et_pb_text][\/et_pb_column][et_pb_column type=\"1_2\" _builder_version=\"3.29.3\"][et_pb_button button_url=\"mailto:info@sofaski.com\" url_new_window=\"on\" button_text=\"Email Klaus\" button_alignment=\"center\" _builder_version=\"4.0.6\" custom_margin=\"10px||||false|false\"][\/et_pb_button][\/et_pb_column][\/et_pb_row][\/et_pb_section]<\/p>","_et_gb_content_width":"","footnotes":""},"class_list":["post-5192","page","type-page","status-publish","hentry"],"yoast_head":"<!-- This site is optimized with the Yoast SEO plugin v27.4 - https:\/\/yoast.com\/product\/yoast-seo-wordpress\/ -->\n<title>Download \/ On-Demand Information | SOFASKI.COM<\/title>\n<meta name=\"robots\" content=\"index, follow, max-snippet:-1, max-image-preview:large, max-video-preview:-1\" \/>\n<link rel=\"canonical\" href=\"https:\/\/sofaski.com\/de\/download-on-demand-information\/\" \/>\n<meta property=\"og:locale\" content=\"de_DE\" \/>\n<meta property=\"og:type\" content=\"article\" \/>\n<meta property=\"og:title\" content=\"Download \/ On-Demand Information | SOFASKI.COM\" \/>\n<meta property=\"og:description\" content=\"Download \/ On-Demand Information &nbsp; Alle Skiunterrichtsvideos k\u00f6nnen online gestreamt werden. Die Videos lassen sich \u00fcber Smartphone, Tablet,\u00a0Smart TV, Mac, PC,...\u00a0abspielen. Die online Videos werden \u00fcber Vimeo bereitgestellt. Um gekaufte On-Demand Videos ansehen zu k\u00f6nnen brauchen Sie ein Vimeo Konto, dieses ist gratis und kann mit ein paar Klicks eingerichtet werden.\u00a0 Sie finden Ihre gekauften [&hellip;]\" \/>\n<meta property=\"og:url\" content=\"https:\/\/sofaski.com\/de\/download-on-demand-information\/\" \/>\n<meta property=\"og:site_name\" content=\"SOFASKI.COM\" \/>\n<meta property=\"article:publisher\" content=\"https:\/\/www.facebook.com\/SofaSkiSchool\" \/>\n<meta property=\"article:modified_time\" content=\"2026-02-09T17:03:44+00:00\" \/>\n<meta property=\"og:image\" content=\"https:\/\/sofaski.com\/wp-content\/uploads\/2019\/11\/SOFASKI-copy-EMAIL.png\" \/>\n\t<meta property=\"og:image:width\" content=\"400\" \/>\n\t<meta property=\"og:image:height\" content=\"57\" \/>\n\t<meta property=\"og:image:type\" content=\"image\/png\" \/>\n<meta name=\"twitter:card\" content=\"summary_large_image\" \/>\n<meta name=\"twitter:label1\" content=\"Gesch\u00e4tzte Lesezeit\" \/>\n\t<meta name=\"twitter:data1\" content=\"2\u00a0Minuten\" \/>\n<script type=\"application\/ld+json\" class=\"yoast-schema-graph\">{\"@context\":\"https:\\\/\\\/schema.org\",\"@graph\":[{\"@type\":\"WebPage\",\"@id\":\"https:\\\/\\\/sofaski.com\\\/de\\\/download-on-demand-information\\\/\",\"url\":\"https:\\\/\\\/sofaski.com\\\/de\\\/download-on-demand-information\\\/\",\"name\":\"Download \\\/ On-Demand Information | SOFASKI.COM\",\"isPartOf\":{\"@id\":\"https:\\\/\\\/sofaski.com\\\/#website\"},\"datePublished\":\"2020-06-23T07:38:40+00:00\",\"dateModified\":\"2026-02-09T17:03:44+00:00\",\"breadcrumb\":{\"@id\":\"https:\\\/\\\/sofaski.com\\\/de\\\/download-on-demand-information\\\/#breadcrumb\"},\"inLanguage\":\"de\",\"potentialAction\":[{\"@type\":\"ReadAction\",\"target\":[\"https:\\\/\\\/sofaski.com\\\/de\\\/download-on-demand-information\\\/\"]}]},{\"@type\":\"BreadcrumbList\",\"@id\":\"https:\\\/\\\/sofaski.com\\\/de\\\/download-on-demand-information\\\/#breadcrumb\",\"itemListElement\":[{\"@type\":\"ListItem\",\"position\":1,\"name\":\"Home\",\"item\":\"https:\\\/\\\/sofaski.com\\\/\"},{\"@type\":\"ListItem\",\"position\":2,\"name\":\"Download \\\/ On-Demand Information\"}]},{\"@type\":\"WebSite\",\"@id\":\"https:\\\/\\\/sofaski.com\\\/#website\",\"url\":\"https:\\\/\\\/sofaski.com\\\/\",\"name\":\"SOFASKI.COM\",\"description\":\"Every turn counts\",\"publisher\":{\"@id\":\"https:\\\/\\\/sofaski.com\\\/#organization\"},\"potentialAction\":[{\"@type\":\"SearchAction\",\"target\":{\"@type\":\"EntryPoint\",\"urlTemplate\":\"https:\\\/\\\/sofaski.com\\\/?s={search_term_string}\"},\"query-input\":{\"@type\":\"PropertyValueSpecification\",\"valueRequired\":true,\"valueName\":\"search_term_string\"}}],\"inLanguage\":\"de\"},{\"@type\":\"Organization\",\"@id\":\"https:\\\/\\\/sofaski.com\\\/#organization\",\"name\":\"SOFASKI.COM\",\"url\":\"https:\\\/\\\/sofaski.com\\\/\",\"logo\":{\"@type\":\"ImageObject\",\"inLanguage\":\"de\",\"@id\":\"https:\\\/\\\/sofaski.com\\\/#\\\/schema\\\/logo\\\/image\\\/\",\"url\":\"https:\\\/\\\/sofaski.com\\\/wp-content\\\/uploads\\\/2019\\\/11\\\/SOFASKI-copy-EMAIL.png\",\"contentUrl\":\"https:\\\/\\\/sofaski.com\\\/wp-content\\\/uploads\\\/2019\\\/11\\\/SOFASKI-copy-EMAIL.png\",\"width\":400,\"height\":57,\"caption\":\"SOFASKI.COM\"},\"image\":{\"@id\":\"https:\\\/\\\/sofaski.com\\\/#\\\/schema\\\/logo\\\/image\\\/\"},\"sameAs\":[\"https:\\\/\\\/www.facebook.com\\\/SofaSkiSchool\",\"https:\\\/\\\/www.instagram.com\\\/sofaskischool\\\/\",\"https:\\\/\\\/www.youtube.com\\\/c\\\/KlausMair\"]}]}<\/script>\n<!-- \/ Yoast SEO plugin. -->","yoast_head_json":{"title":"Download \/ On-Demand Information | SOFASKI.COM","robots":{"index":"index","follow":"follow","max-snippet":"max-snippet:-1","max-image-preview":"max-image-preview:large","max-video-preview":"max-video-preview:-1"},"canonical":"https:\/\/sofaski.com\/de\/download-on-demand-information\/","og_locale":"de_DE","og_type":"article","og_title":"Download \/ On-Demand Information | SOFASKI.COM","og_description":"Download \/ On-Demand Information &nbsp; Alle Skiunterrichtsvideos k\u00f6nnen online gestreamt werden. Die Videos lassen sich \u00fcber Smartphone, Tablet,\u00a0Smart TV, Mac, PC,...\u00a0abspielen. Die online Videos werden \u00fcber Vimeo bereitgestellt. Um gekaufte On-Demand Videos ansehen zu k\u00f6nnen brauchen Sie ein Vimeo Konto, dieses ist gratis und kann mit ein paar Klicks eingerichtet werden.\u00a0 Sie finden Ihre gekauften [&hellip;]","og_url":"https:\/\/sofaski.com\/de\/download-on-demand-information\/","og_site_name":"SOFASKI.COM","article_publisher":"https:\/\/www.facebook.com\/SofaSkiSchool","article_modified_time":"2026-02-09T17:03:44+00:00","og_image":[{"width":400,"height":57,"url":"https:\/\/sofaski.com\/wp-content\/uploads\/2019\/11\/SOFASKI-copy-EMAIL.png","type":"image\/png"}],"twitter_card":"summary_large_image","twitter_misc":{"Gesch\u00e4tzte Lesezeit":"2\u00a0Minuten"},"schema":{"@context":"https:\/\/schema.org","@graph":[{"@type":"WebPage","@id":"https:\/\/sofaski.com\/de\/download-on-demand-information\/","url":"https:\/\/sofaski.com\/de\/download-on-demand-information\/","name":"Download \/ On-Demand Information | SOFASKI.COM","isPartOf":{"@id":"https:\/\/sofaski.com\/#website"},"datePublished":"2020-06-23T07:38:40+00:00","dateModified":"2026-02-09T17:03:44+00:00","breadcrumb":{"@id":"https:\/\/sofaski.com\/de\/download-on-demand-information\/#breadcrumb"},"inLanguage":"de","potentialAction":[{"@type":"ReadAction","target":["https:\/\/sofaski.com\/de\/download-on-demand-information\/"]}]},{"@type":"BreadcrumbList","@id":"https:\/\/sofaski.com\/de\/download-on-demand-information\/#breadcrumb","itemListElement":[{"@type":"ListItem","position":1,"name":"Home","item":"https:\/\/sofaski.com\/"},{"@type":"ListItem","position":2,"name":"Download \/ On-Demand Information"}]},{"@type":"WebSite","@id":"https:\/\/sofaski.com\/#website","url":"https:\/\/sofaski.com\/","name":"SOFASKI.COM","description":"Every turn counts","publisher":{"@id":"https:\/\/sofaski.com\/#organization"},"potentialAction":[{"@type":"SearchAction","target":{"@type":"EntryPoint","urlTemplate":"https:\/\/sofaski.com\/?s={search_term_string}"},"query-input":{"@type":"PropertyValueSpecification","valueRequired":true,"valueName":"search_term_string"}}],"inLanguage":"de"},{"@type":"Organization","@id":"https:\/\/sofaski.com\/#organization","name":"SOFASKI.COM","url":"https:\/\/sofaski.com\/","logo":{"@type":"ImageObject","inLanguage":"de","@id":"https:\/\/sofaski.com\/#\/schema\/logo\/image\/","url":"https:\/\/sofaski.com\/wp-content\/uploads\/2019\/11\/SOFASKI-copy-EMAIL.png","contentUrl":"https:\/\/sofaski.com\/wp-content\/uploads\/2019\/11\/SOFASKI-copy-EMAIL.png","width":400,"height":57,"caption":"SOFASKI.COM"},"image":{"@id":"https:\/\/sofaski.com\/#\/schema\/logo\/image\/"},"sameAs":["https:\/\/www.facebook.com\/SofaSkiSchool","https:\/\/www.instagram.com\/sofaskischool\/","https:\/\/www.youtube.com\/c\/KlausMair"]}]}},"_links":{"self":[{"href":"https:\/\/sofaski.com\/de\/wp-json\/wp\/v2\/pages\/5192","targetHints":{"allow":["GET"]}}],"collection":[{"href":"https:\/\/sofaski.com\/de\/wp-json\/wp\/v2\/pages"}],"about":[{"href":"https:\/\/sofaski.com\/de\/wp-json\/wp\/v2\/types\/page"}],"author":[{"embeddable":true,"href":"https:\/\/sofaski.com\/de\/wp-json\/wp\/v2\/users\/10254"}],"replies":[{"embeddable":true,"href":"https:\/\/sofaski.com\/de\/wp-json\/wp\/v2\/comments?post=5192"}],"version-history":[{"count":19,"href":"https:\/\/sofaski.com\/de\/wp-json\/wp\/v2\/pages\/5192\/revisions"}],"predecessor-version":[{"id":12346,"href":"https:\/\/sofaski.com\/de\/wp-json\/wp\/v2\/pages\/5192\/revisions\/12346"}],"wp:attachment":[{"href":"https:\/\/sofaski.com\/de\/wp-json\/wp\/v2\/media?parent=5192"}],"curies":[{"name":"wp","href":"https:\/\/api.w.org\/{rel}","templated":true}]}}