{"id":518,"date":"2019-10-07T12:16:32","date_gmt":"2019-10-07T12:16:32","guid":{"rendered":"https:\/\/klanten.poort3.nl\/sss\/?page_id=518"},"modified":"2023-09-18T09:17:32","modified_gmt":"2023-09-18T09:17:32","slug":"blue-to-powder","status":"publish","type":"page","link":"https:\/\/sofaski.com\/de\/videos\/blue-to-powder\/","title":{"rendered":"Blue to Powder"},"content":{"rendered":"<p>[et_pb_section fb_built=&#8220;1&#8243; fullwidth=&#8220;on&#8220; _builder_version=&#8220;4.16&#8243; background_image=&#8220;https:\/\/sofaski.com\/wp-content\/uploads\/2019\/12\/IMG_6559-2-small.jpg&#8220; global_colors_info=&#8220;{}&#8220;][et_pb_fullwidth_slider show_image_video_mobile=&#8220;on&#8220; use_bg_overlay=&#8220;off&#8220; _builder_version=&#8220;4.16&#8243; text_orientation=&#8220;left&#8220; auto=&#8220;on&#8220; auto_ignore_hover=&#8220;on&#8220; global_colors_info=&#8220;{}&#8220;][et_pb_slide heading=&#8220;From Blue to Powder&#8220; image=&#8220;https:\/\/sofaski.com\/wp-content\/uploads\/2020\/07\/BTP-new-DVD-cover-Vimeo-3.0-800.png&#8220; use_bg_overlay=&#8220;off&#8220; use_text_overlay=&#8220;off&#8220; image_tablet=&#8220;https:\/\/sofaski.com\/wp-content\/uploads\/2019\/11\/BTP-new-DVD-cover-Vimeo-3.1.jpg&#8220; image_phone=&#8220;https:\/\/sofaski.com\/wp-content\/uploads\/2019\/11\/BTP-new-DVD-cover-Vimeo-3.1.jpg&#8220; image_last_edited=&#8220;on|phone&#8220; content_tablet=&#8220;<\/p>\n<p>\u00fcberarbeitete Deutsche Version ver\u00f6ffentlicht 2020<\/p>\n<p>&#8220; content_phone=&#8220;<\/p>\n<p>\u00fcberarbeitete Deutsche Version ver\u00f6ffentlicht 2020<\/p>\n<p>&#8220; content_last_edited=&#8220;on|phone&#8220; _builder_version=&#8220;4.16&#8243; header_font_size=&#8220;45px&#8220; header_line_height=&#8220;1.2em&#8220; body_font_size=&#8220;25px&#8220; body_line_height=&#8220;1.2em&#8220; background_color=&#8220;rgba(0,0,0,0)&#8220; background_enable_color=&#8220;on&#8220; background_enable_image=&#8220;off&#8220; background_size=&#8220;contain&#8220; width=&#8220;100%&#8220; width_tablet=&#8220;&#8220; width_phone=&#8220;100%&#8220; width_last_edited=&#8220;on|phone&#8220; max_width=&#8220;100%&#8220; custom_padding=&#8220;||||false|false&#8220; custom_padding_tablet=&#8220;&#8220; custom_padding_phone=&#8220;5px||||false|false&#8220; custom_padding_last_edited=&#8220;on|phone&#8220; header_text_color_tablet=&#8220;&#8220; header_text_color_phone=&#8220;&#8220; header_text_color_last_edited=&#8220;on|phone&#8220; header_font_size_tablet=&#8220;32px&#8220; header_font_size_phone=&#8220;30px&#8220; header_font_size_last_edited=&#8220;on|phone&#8220; body_font_size_tablet=&#8220;20px&#8220; body_font_size_phone=&#8220;20px&#8220; body_font_size_last_edited=&#8220;on|desktop&#8220; header_text_shadow_style=&#8220;preset5&#8243; header_text_shadow_horizontal_length=&#8220;0.06em&#8220; header_text_shadow_vertical_length=&#8220;0.04em&#8220; header_text_shadow_color=&#8220;#000000&#8243; body_text_shadow_style=&#8220;preset5&#8243; body_text_shadow_horizontal_length=&#8220;0.03em&#8220; body_text_shadow_vertical_length=&#8220;0.03em&#8220; border_width_all_image=&#8220;20px&#8220; border_color_all_image=&#8220;rgba(0,0,0,0)&#8220; border_radii_image_tablet=&#8220;&#8220; border_radii_image_phone=&#8220;on||||&#8220; border_radii_image_last_edited=&#8220;on|phone&#8220; global_colors_info=&#8220;{}&#8220; sticky_transition=&#8220;on&#8220;]<\/p>\n<p>\u00fcberarbeitete Deutsche Version ver\u00f6ffentlicht 2020<\/p>\n<p>[\/et_pb_slide][et_pb_slide heading=&#8220;Ski Grundlagen Verstehen und Anwenden&#8220; image=&#8220;https:\/\/sofaski.com\/wp-content\/uploads\/2019\/10\/Thump-Steuerphase-Rot-3-cropped-Kopie.jpg&#8220; _builder_version=&#8220;4.16&#8243; header_font_size=&#8220;35px&#8220; header_line_height=&#8220;1.2em&#8220; body_text_color=&#8220;#ffffff&#8220; body_font_size=&#8220;29px&#8220; background_color=&#8220;rgba(0,0,0,0)&#8220; background_enable_color=&#8220;on&#8220; text_orientation=&#8220;center&#8220; custom_padding_tablet=&#8220;&#8220; custom_padding_phone=&#8220;20px||||false|false&#8220; custom_padding_last_edited=&#8220;on|phone&#8220; header_font_size_tablet=&#8220;25px&#8220; header_font_size_phone=&#8220;25px&#8220; header_font_size_last_edited=&#8220;on|desktop&#8220; header_text_shadow_style=&#8220;preset5&#8243; header_text_shadow_horizontal_length=&#8220;0.06em&#8220; header_text_shadow_vertical_length=&#8220;0.04em&#8220; header_text_shadow_color=&#8220;#000000&#8243; body_text_shadow_style=&#8220;preset5&#8243; body_text_shadow_horizontal_length=&#8220;0.05em&#8220; body_text_shadow_vertical_length=&#8220;0.05em&#8220; body_text_shadow_color=&#8220;#000000&#8243; border_color_all_image=&#8220;rgba(0,0,0,0)&#8220; border_width_all_image_tablet=&#8220;&#8220; border_width_all_image_phone=&#8220;20px&#8220; border_width_all_image_last_edited=&#8220;on|phone&#8220; global_colors_info=&#8220;{}&#8220; sticky_transition=&#8220;on&#8220;][\/et_pb_slide][et_pb_slide heading=&#8220;140 Minuten, 25+ \u00dcbungen&#8220; image=&#8220;https:\/\/sofaski.com\/wp-content\/uploads\/2019\/11\/2019-POWDER-on-one-v3-heller.jpg&#8220; use_text_overlay=&#8220;off&#8220; _builder_version=&#8220;4.16&#8243; header_font_size=&#8220;35px&#8220; header_line_height=&#8220;1.2em&#8220; background_color=&#8220;rgba(0,0,0,0)&#8220; background_enable_color=&#8220;on&#8220; text_orientation=&#8220;center&#8220; custom_padding_tablet=&#8220;&#8220; custom_padding_phone=&#8220;20px||||false|false&#8220; custom_padding_last_edited=&#8220;on|phone&#8220; header_font_size_tablet=&#8220;25px&#8220; header_font_size_phone=&#8220;25px&#8220; header_font_size_last_edited=&#8220;on|phone&#8220; header_text_shadow_style=&#8220;preset5&#8243; header_text_shadow_horizontal_length=&#8220;0.06em&#8220; header_text_shadow_vertical_length=&#8220;0.04em&#8220; header_text_shadow_color=&#8220;#000000&#8243; border_color_all_image=&#8220;rgba(0,0,0,0)&#8220; border_width_all_image_tablet=&#8220;&#8220; border_width_all_image_phone=&#8220;20px&#8220; border_width_all_image_last_edited=&#8220;on|phone&#8220; global_colors_info=&#8220;{}&#8220; sticky_transition=&#8220;on&#8220;][\/et_pb_slide][et_pb_slide heading=&#8220;Tiefschnee, Buckelpiste, Kurzschwung,&#8230;&#8220; image=&#8220;https:\/\/sofaski.com\/wp-content\/uploads\/2020\/06\/THumb-Kurzschwung.jpg&#8220; use_text_overlay=&#8220;off&#8220; _builder_version=&#8220;4.16&#8243; header_font_size=&#8220;35px&#8220; header_line_height=&#8220;1.2em&#8220; body_font_size=&#8220;35px&#8220; body_line_height=&#8220;1.2em&#8220; background_color=&#8220;rgba(0,0,0,0)&#8220; background_enable_color=&#8220;on&#8220; custom_padding_tablet=&#8220;&#8220; custom_padding_phone=&#8220;34px||||false|false&#8220; custom_padding_last_edited=&#8220;on|phone&#8220; header_font_size_tablet=&#8220;25px&#8220; header_font_size_phone=&#8220;25px&#8220; header_font_size_last_edited=&#8220;on|phone&#8220; text_orientation_tablet=&#8220;&#8220; text_orientation_phone=&#8220;center&#8220; text_orientation_last_edited=&#8220;on|phone&#8220; header_text_shadow_style=&#8220;preset5&#8243; header_text_shadow_horizontal_length=&#8220;0.06em&#8220; header_text_shadow_vertical_length=&#8220;0.04em&#8220; header_text_shadow_color=&#8220;#000000&#8243; body_text_shadow_style=&#8220;preset5&#8243; body_text_shadow_horizontal_length=&#8220;0.05em&#8220; body_text_shadow_vertical_length=&#8220;0.05em&#8220; body_text_shadow_color=&#8220;#000000&#8243; border_color_all_image=&#8220;rgba(0,0,0,0)&#8220; border_width_all_image_tablet=&#8220;&#8220; border_width_all_image_phone=&#8220;20px&#8220; border_width_all_image_last_edited=&#8220;on|phone&#8220; global_colors_info=&#8220;{}&#8220; sticky_transition=&#8220;on&#8220;][\/et_pb_slide][et_pb_slide heading=&#8220;Zugang zum Mitgliederbereich&#8220; image=&#8220;https:\/\/sofaski.com\/wp-content\/uploads\/2020\/06\/Mitgliederbereich-D.jpg&#8220; _builder_version=&#8220;4.16&#8243; header_level=&#8220;h3&#8243; header_text_align=&#8220;left&#8220; header_text_color=&#8220;#ffffff&#8220; header_font_size=&#8220;35px&#8220; header_line_height=&#8220;1.2em&#8220; background_color=&#8220;rgba(0,0,0,0)&#8220; background_enable_color=&#8220;on&#8220; background_enable_image=&#8220;off&#8220; background_size=&#8220;contain&#8220; text_orientation=&#8220;left&#8220; custom_padding_tablet=&#8220;&#8220; custom_padding_phone=&#8220;15px||||false|false&#8220; custom_padding_last_edited=&#8220;on|phone&#8220; header_text_align_tablet=&#8220;&#8220; header_text_align_phone=&#8220;center&#8220; header_text_align_last_edited=&#8220;on|phone&#8220; header_font_size_tablet=&#8220;25px&#8220; header_font_size_phone=&#8220;25px&#8220; header_font_size_last_edited=&#8220;on|phone&#8220; text_orientation_tablet=&#8220;&#8220; text_orientation_phone=&#8220;center&#8220; text_orientation_last_edited=&#8220;on|phone&#8220; header_text_shadow_style=&#8220;preset5&#8243; header_text_shadow_horizontal_length=&#8220;0.06em&#8220; header_text_shadow_vertical_length=&#8220;0.04em&#8220; header_text_shadow_color=&#8220;#000000&#8243; border_color_all_image=&#8220;rgba(0,0,0,0)&#8220; border_width_all_image_tablet=&#8220;&#8220; border_width_all_image_phone=&#8220;30px&#8220; border_width_all_image_last_edited=&#8220;on|phone&#8220; global_colors_info=&#8220;{}&#8220; sticky_transition=&#8220;on&#8220;][\/et_pb_slide][et_pb_slide heading=&#8220;12 Erinnerungskarten zum Download&#8220; image=&#8220;https:\/\/sofaski.com\/wp-content\/uploads\/2020\/06\/Karten-f\u00fcr-website-titel-unscharf.png&#8220; use_text_overlay=&#8220;off&#8220; _builder_version=&#8220;4.16&#8243; header_level=&#8220;h3&#8243; header_text_color=&#8220;#ffffff&#8220; header_font_size=&#8220;35px&#8220; header_line_height=&#8220;1.2em&#8220; background_color=&#8220;rgba(0,0,0,0)&#8220; background_enable_color=&#8220;on&#8220; background_enable_image=&#8220;off&#8220; background_size=&#8220;contain&#8220; custom_padding_tablet=&#8220;&#8220; custom_padding_phone=&#8220;20px||||false|false&#8220; custom_padding_last_edited=&#8220;on|phone&#8220; header_font_size_tablet=&#8220;25px&#8220; header_font_size_phone=&#8220;&#8220; header_font_size_last_edited=&#8220;on|tablet&#8220; text_orientation_tablet=&#8220;&#8220; text_orientation_phone=&#8220;center&#8220; text_orientation_last_edited=&#8220;on|phone&#8220; header_text_shadow_style=&#8220;preset5&#8243; header_text_shadow_horizontal_length=&#8220;0.06em&#8220; header_text_shadow_vertical_length=&#8220;0.04em&#8220; header_text_shadow_color=&#8220;#000000&#8243; border_color_all_image=&#8220;rgba(0,0,0,0)&#8220; border_width_all_image_tablet=&#8220;&#8220; border_width_all_image_phone=&#8220;20px&#8220; border_width_all_image_last_edited=&#8220;on|phone&#8220; global_colors_info=&#8220;{}&#8220; sticky_transition=&#8220;on&#8220;][\/et_pb_slide][et_pb_slide heading=&#8220;Einfach Besser Skifahren&#8220; image=&#8220;https:\/\/sofaski.com\/wp-content\/uploads\/2019\/11\/Bild26-copy-16-9VL1.jpg&#8220; use_text_overlay=&#8220;off&#8220; _builder_version=&#8220;4.16&#8243; header_font_size=&#8220;35px&#8220; header_line_height=&#8220;1.2em&#8220; background_color=&#8220;rgba(0,0,0,0)&#8220; background_enable_color=&#8220;on&#8220; background_enable_image=&#8220;off&#8220; background_size=&#8220;contain&#8220; custom_padding_tablet=&#8220;&#8220; custom_padding_phone=&#8220;22px||||false|false&#8220; custom_padding_last_edited=&#8220;on|phone&#8220; header_font_size_tablet=&#8220;25px&#8220; header_font_size_phone=&#8220;&#8220; header_font_size_last_edited=&#8220;on|phone&#8220; text_orientation_tablet=&#8220;&#8220; text_orientation_phone=&#8220;center&#8220; text_orientation_last_edited=&#8220;on|phone&#8220; header_text_shadow_style=&#8220;preset5&#8243; header_text_shadow_horizontal_length=&#8220;0.06em&#8220; header_text_shadow_vertical_length=&#8220;0.04em&#8220; header_text_shadow_color=&#8220;#000000&#8243; border_color_all_image=&#8220;rgba(0,0,0,0)&#8220; border_width_all_image_tablet=&#8220;&#8220; border_width_all_image_phone=&#8220;20px&#8220; border_width_all_image_last_edited=&#8220;on|phone&#8220; global_colors_info=&#8220;{}&#8220; sticky_transition=&#8220;on&#8220;][\/et_pb_slide][\/et_pb_fullwidth_slider][\/et_pb_section][et_pb_section fb_built=&#8220;1&#8243; _builder_version=&#8220;4.16&#8243; background_color=&#8220;#e0e0e0&#8243; custom_padding=&#8220;33px||32px|||&#8220; global_colors_info=&#8220;{}&#8220;][et_pb_row _builder_version=&#8220;4.16&#8243; global_colors_info=&#8220;{}&#8220;][et_pb_column type=&#8220;4_4&#8243; _builder_version=&#8220;4.16&#8243; global_colors_info=&#8220;{}&#8220;][et_pb_text _builder_version=&#8220;4.16&#8243; global_colors_info=&#8220;{}&#8220;]<\/p>\n<h2>Sofa Ski School \u2013 From Blue to Powder<\/h2>\n<p>besch\u00e4ftigt sich mit den wichtigsten Skigrundlagen und zeigt wie diese optimiert werden k\u00f6nnen, um dann in schwierigeren Situationen mehr Sicherheit und eine besseren Performance zu haben.<\/p>\n<p>In Blue to Powder zeigt Klaus Mair seine effektivsten Einheiten, um mittel und langfristig besser am Ski stehen zu k\u00f6nnen. Das Ziel ist dabei immer dem Zuseher so viel wie m\u00f6glich weiterhelfen zu k\u00f6nnen.<\/p>\n<p>Um Ihnen zu helfen Skitechnik Grundlagen von Grund auf besser zu verstehen, sind die Hauptkapitel in blau, rot und schwarz unterteilt. Im zweiten Teil des Videos wird gezeigt wie diese dann im <strong>Tiefschnee, in den Buckeln, im Steilen Gel\u00e4nde,\u00a0 beim Carving oder in den Kurzschw\u00fcngen<\/strong> Anwendung finden.<\/p>\n<p><strong><em>Seien Sie w\u00e4hlerisch bei der Wahl Ihres Skilehrers! Das gilt im Winterurlaub genauso wie in der Vorbereitung. <\/em><\/strong><\/p>\n<p>Blue to Powder ist\u00a0ein Resultat tausender Coachingstunden auf Schnee und ein best-of jener Lektionen und Erkl\u00e4rungen die sich am meisten bew\u00e4hrt haben.\u00a0<span style=\"font-size: 16px;\">Sofa Ski School basiert auf der \u00d6sterreichischen Skischule. Wie wenig andere konnte sich Klaus Mair in den letzten Jahren auf das Training mit touristischen Skifahrern spezialisieren.<\/span><\/p>\n<p>Das Video hat eine Spielzeit von \u00fcber 140 Minuten. Schauen Sie sich ein oder zwei Einheiten am St\u00fcck an und versuchen Sie dann die Umsetzung auf Schnee. Zur Unterst\u00fctzung gibt es Erinnerungskarten auf Deutsch zum download im Mitgliederbereich.<\/p>\n<p><em><strong>Blue to Powder wurde urspr\u00fcnglich auf Englisch ver\u00f6ffentlicht. Die vollst\u00e4ndig \u00fcberarbeitete Deutsche Version wurde 2020 ver\u00f6ffentlicht. Das Deutsche Video ist nur online (zum download und streamen) und nicht als DVD erh\u00e4ltlich.\u00a0<\/strong><\/em><\/p>\n<p>[\/et_pb_text][et_pb_button button_url=&#8220;https:\/\/sofaski.com\/de\/product\/from-blue-to-powder\/&#8220; button_text=&#8220;Kaufen sie das VIdeo im shop&#8220; _builder_version=&#8220;4.16&#8243; _dynamic_attributes=&#8220;button_url&#8220; global_colors_info=&#8220;{}&#8220; button_text__hover_enabled=&#8220;on|hover&#8220; button_text__hover=&#8220;und Sie erhalten sofort Zugang zum Mitgliederbereich&#8220;][\/et_pb_button][\/et_pb_column][\/et_pb_row][\/et_pb_section][et_pb_section fb_built=&#8220;1&#8243; _builder_version=&#8220;4.16&#8243; custom_padding=&#8220;12px|||||&#8220; global_colors_info=&#8220;{}&#8220;][et_pb_row _builder_version=&#8220;4.16&#8243; custom_padding=&#8220;33px||22px|||&#8220; global_colors_info=&#8220;{}&#8220;][et_pb_column type=&#8220;4_4&#8243; _builder_version=&#8220;4.16&#8243; global_colors_info=&#8220;{}&#8220;][et_pb_button button_url=&#8220;https:\/\/vimeo.com\/ondemand\/bluetopowderdeutsch&#8220; button_text=&#8220;Oder auf vimeo.com&#8220; button_text_last_edited=&#8220;off|desktop&#8220; _builder_version=&#8220;4.16&#8243; button_bg_color=&#8220;#19B7EA&#8220; button_border_color=&#8220;#19B7EA&#8220; custom_margin_phone=&#8220;||24px||false|false&#8220; button_text_size_tablet=&#8220;&#8220; button_text_size_phone=&#8220;&#8220; button_text_size_last_edited=&#8220;on|desktop&#8220; button_bg_color_tablet=&#8220;&#8220; button_bg_color_phone=&#8220;&#8220; button_bg_color_last_edited=&#8220;on|desktop&#8220; global_colors_info=&#8220;{}&#8220; button_text__hover_enabled=&#8220;off|desktop&#8220; button_bg_color__hover=&#8220;#3eb6e2&#8243; button_bg_color__hover_enabled=&#8220;on|hover&#8220; button_text_size__hover_enabled=&#8220;on|desktop&#8220;][\/et_pb_button][\/et_pb_column][\/et_pb_row][\/et_pb_section][et_pb_section fb_built=&#8220;1&#8243; _builder_version=&#8220;4.16&#8243; use_background_color_gradient=&#8220;on&#8220; background_color_gradient_stops=&#8220;#ffffff 0%|rgba(0,0,0,0.2) 100%&#8220; background_color_gradient_start=&#8220;#ffffff&#8220; background_color_gradient_end=&#8220;rgba(0,0,0,0.2)&#8220; custom_margin=&#8220;-51px|||||&#8220; custom_padding=&#8220;16px|||||&#8220; global_colors_info=&#8220;{}&#8220;][et_pb_row _builder_version=&#8220;4.16&#8243; custom_padding=&#8220;15px|||||&#8220; global_colors_info=&#8220;{}&#8220;][et_pb_column type=&#8220;4_4&#8243; _builder_version=&#8220;4.16&#8243; global_colors_info=&#8220;{}&#8220;][et_pb_video src=&#8220;https:\/\/vimeo.com\/148915219&#8243; image_src=&#8220;\/\/i.vimeocdn.com\/video\/542550163_960.jpg&#8220; play_icon_color=&#8220;#ffffff&#8220; thumbnail_overlay_color=&#8220;rgba(0,0,0,0.6)&#8220; _builder_version=&#8220;4.17.4&#8243; hover_enabled=&#8220;0&#8243; box_shadow_style=&#8220;preset3&#8243; global_colors_info=&#8220;{}&#8220; sticky_enabled=&#8220;0&#8243;][\/et_pb_video][\/et_pb_column][\/et_pb_row][\/et_pb_section][et_pb_section fb_built=&#8220;1&#8243; fullwidth=&#8220;on&#8220; _builder_version=&#8220;4.16&#8243; animation_style=&#8220;flip&#8220; global_colors_info=&#8220;{}&#8220;][et_pb_fullwidth_code _builder_version=&#8220;4.16&#8243; global_colors_info=&#8220;{}&#8220;]<div class=\"wpbr-wrap\">\n\t<div id=\"wpbr-collection-wrap-3724351138\" class=\"wpbr-collection-wrap js-wpbr-collection-wrap\" data-wpbr-collection-id=\"3724351138\">\n\t<\/div>\n<\/div>\n[\/et_pb_fullwidth_code][\/et_pb_section]<\/p>\n<span class=\"et_bloom_bottom_trigger\"><\/span>","protected":false},"excerpt":{"rendered":"<p>\u00fcberarbeitete Deutsche Version ver\u00f6ffentlicht 2020Sofa Ski School \u2013 From Blue to Powder besch\u00e4ftigt sich mit den wichtigsten Skigrundlagen und zeigt wie diese optimiert werden k\u00f6nnen, um dann in schwierigeren Situationen mehr Sicherheit und eine besseren Performance zu haben. In Blue to Powder zeigt Klaus Mair seine effektivsten Einheiten, um mittel und langfristig besser am Ski [&hellip;]<\/p>\n","protected":false},"author":1,"featured_media":0,"parent":308,"menu_order":0,"comment_status":"closed","ping_status":"closed","template":"","meta":{"_et_pb_use_builder":"on","_et_pb_old_content":"","_et_gb_content_width":"","footnotes":""},"class_list":["post-518","page","type-page","status-publish","hentry"],"yoast_head":"<!-- This site is optimized with the Yoast SEO plugin v27.3 - https:\/\/yoast.com\/product\/yoast-seo-wordpress\/ -->\n<title>Blue to Powder | SOFASKI.COM<\/title>\n<meta name=\"robots\" content=\"index, follow, max-snippet:-1, max-image-preview:large, max-video-preview:-1\" \/>\n<link rel=\"canonical\" href=\"https:\/\/sofaski.com\/de\/videos\/blue-to-powder\/\" \/>\n<meta property=\"og:locale\" content=\"de_DE\" \/>\n<meta property=\"og:type\" content=\"article\" \/>\n<meta property=\"og:title\" content=\"Blue to Powder | SOFASKI.COM\" \/>\n<meta property=\"og:description\" content=\"\u00fcberarbeitete Deutsche Version ver\u00f6ffentlicht 2020Sofa Ski School \u2013 From Blue to Powder besch\u00e4ftigt sich mit den wichtigsten Skigrundlagen und zeigt wie diese optimiert werden k\u00f6nnen, um dann in schwierigeren Situationen mehr Sicherheit und eine besseren Performance zu haben. In Blue to Powder zeigt Klaus Mair seine effektivsten Einheiten, um mittel und langfristig besser am Ski [&hellip;]\" \/>\n<meta property=\"og:url\" content=\"https:\/\/sofaski.com\/de\/videos\/blue-to-powder\/\" \/>\n<meta property=\"og:site_name\" content=\"SOFASKI.COM\" \/>\n<meta property=\"article:publisher\" content=\"https:\/\/www.facebook.com\/SofaSkiSchool\" \/>\n<meta property=\"article:modified_time\" content=\"2023-09-18T09:17:32+00:00\" \/>\n<meta property=\"og:image\" content=\"https:\/\/sofaski.com\/wp-content\/uploads\/2019\/11\/SOFASKI-copy-EMAIL.png\" \/>\n\t<meta property=\"og:image:width\" content=\"400\" \/>\n\t<meta property=\"og:image:height\" content=\"57\" \/>\n\t<meta property=\"og:image:type\" content=\"image\/png\" \/>\n<meta name=\"twitter:card\" content=\"summary_large_image\" \/>\n<meta name=\"twitter:label1\" content=\"Gesch\u00e4tzte Lesezeit\" \/>\n\t<meta name=\"twitter:data1\" content=\"9\u00a0Minuten\" \/>\n<script type=\"application\/ld+json\" class=\"yoast-schema-graph\">{\"@context\":\"https:\\\/\\\/schema.org\",\"@graph\":[{\"@type\":\"WebPage\",\"@id\":\"https:\\\/\\\/sofaski.com\\\/de\\\/videos\\\/blue-to-powder\\\/\",\"url\":\"https:\\\/\\\/sofaski.com\\\/de\\\/videos\\\/blue-to-powder\\\/\",\"name\":\"Blue to Powder | SOFASKI.COM\",\"isPartOf\":{\"@id\":\"https:\\\/\\\/sofaski.com\\\/#website\"},\"datePublished\":\"2019-10-07T12:16:32+00:00\",\"dateModified\":\"2023-09-18T09:17:32+00:00\",\"breadcrumb\":{\"@id\":\"https:\\\/\\\/sofaski.com\\\/de\\\/videos\\\/blue-to-powder\\\/#breadcrumb\"},\"inLanguage\":\"de\",\"potentialAction\":[{\"@type\":\"ReadAction\",\"target\":[\"https:\\\/\\\/sofaski.com\\\/de\\\/videos\\\/blue-to-powder\\\/\"]}]},{\"@type\":\"BreadcrumbList\",\"@id\":\"https:\\\/\\\/sofaski.com\\\/de\\\/videos\\\/blue-to-powder\\\/#breadcrumb\",\"itemListElement\":[{\"@type\":\"ListItem\",\"position\":1,\"name\":\"Home\",\"item\":\"https:\\\/\\\/sofaski.com\\\/\"},{\"@type\":\"ListItem\",\"position\":2,\"name\":\"Videos\",\"item\":\"https:\\\/\\\/sofaski.com\\\/de\\\/videos\\\/\"},{\"@type\":\"ListItem\",\"position\":3,\"name\":\"Blue to Powder\"}]},{\"@type\":\"WebSite\",\"@id\":\"https:\\\/\\\/sofaski.com\\\/#website\",\"url\":\"https:\\\/\\\/sofaski.com\\\/\",\"name\":\"SOFASKI.COM\",\"description\":\"Every turn counts\",\"publisher\":{\"@id\":\"https:\\\/\\\/sofaski.com\\\/#organization\"},\"potentialAction\":[{\"@type\":\"SearchAction\",\"target\":{\"@type\":\"EntryPoint\",\"urlTemplate\":\"https:\\\/\\\/sofaski.com\\\/?s={search_term_string}\"},\"query-input\":{\"@type\":\"PropertyValueSpecification\",\"valueRequired\":true,\"valueName\":\"search_term_string\"}}],\"inLanguage\":\"de\"},{\"@type\":\"Organization\",\"@id\":\"https:\\\/\\\/sofaski.com\\\/#organization\",\"name\":\"SOFASKI.COM\",\"url\":\"https:\\\/\\\/sofaski.com\\\/\",\"logo\":{\"@type\":\"ImageObject\",\"inLanguage\":\"de\",\"@id\":\"https:\\\/\\\/sofaski.com\\\/#\\\/schema\\\/logo\\\/image\\\/\",\"url\":\"https:\\\/\\\/sofaski.com\\\/wp-content\\\/uploads\\\/2019\\\/11\\\/SOFASKI-copy-EMAIL.png\",\"contentUrl\":\"https:\\\/\\\/sofaski.com\\\/wp-content\\\/uploads\\\/2019\\\/11\\\/SOFASKI-copy-EMAIL.png\",\"width\":400,\"height\":57,\"caption\":\"SOFASKI.COM\"},\"image\":{\"@id\":\"https:\\\/\\\/sofaski.com\\\/#\\\/schema\\\/logo\\\/image\\\/\"},\"sameAs\":[\"https:\\\/\\\/www.facebook.com\\\/SofaSkiSchool\",\"https:\\\/\\\/www.instagram.com\\\/sofaskischool\\\/\",\"https:\\\/\\\/www.youtube.com\\\/c\\\/KlausMair\"]}]}<\/script>\n<!-- \/ Yoast SEO plugin. -->","yoast_head_json":{"title":"Blue to Powder | SOFASKI.COM","robots":{"index":"index","follow":"follow","max-snippet":"max-snippet:-1","max-image-preview":"max-image-preview:large","max-video-preview":"max-video-preview:-1"},"canonical":"https:\/\/sofaski.com\/de\/videos\/blue-to-powder\/","og_locale":"de_DE","og_type":"article","og_title":"Blue to Powder | SOFASKI.COM","og_description":"\u00fcberarbeitete Deutsche Version ver\u00f6ffentlicht 2020Sofa Ski School \u2013 From Blue to Powder besch\u00e4ftigt sich mit den wichtigsten Skigrundlagen und zeigt wie diese optimiert werden k\u00f6nnen, um dann in schwierigeren Situationen mehr Sicherheit und eine besseren Performance zu haben. In Blue to Powder zeigt Klaus Mair seine effektivsten Einheiten, um mittel und langfristig besser am Ski [&hellip;]","og_url":"https:\/\/sofaski.com\/de\/videos\/blue-to-powder\/","og_site_name":"SOFASKI.COM","article_publisher":"https:\/\/www.facebook.com\/SofaSkiSchool","article_modified_time":"2023-09-18T09:17:32+00:00","og_image":[{"width":400,"height":57,"url":"https:\/\/sofaski.com\/wp-content\/uploads\/2019\/11\/SOFASKI-copy-EMAIL.png","type":"image\/png"}],"twitter_card":"summary_large_image","twitter_misc":{"Gesch\u00e4tzte Lesezeit":"9\u00a0Minuten"},"schema":{"@context":"https:\/\/schema.org","@graph":[{"@type":"WebPage","@id":"https:\/\/sofaski.com\/de\/videos\/blue-to-powder\/","url":"https:\/\/sofaski.com\/de\/videos\/blue-to-powder\/","name":"Blue to Powder | SOFASKI.COM","isPartOf":{"@id":"https:\/\/sofaski.com\/#website"},"datePublished":"2019-10-07T12:16:32+00:00","dateModified":"2023-09-18T09:17:32+00:00","breadcrumb":{"@id":"https:\/\/sofaski.com\/de\/videos\/blue-to-powder\/#breadcrumb"},"inLanguage":"de","potentialAction":[{"@type":"ReadAction","target":["https:\/\/sofaski.com\/de\/videos\/blue-to-powder\/"]}]},{"@type":"BreadcrumbList","@id":"https:\/\/sofaski.com\/de\/videos\/blue-to-powder\/#breadcrumb","itemListElement":[{"@type":"ListItem","position":1,"name":"Home","item":"https:\/\/sofaski.com\/"},{"@type":"ListItem","position":2,"name":"Videos","item":"https:\/\/sofaski.com\/de\/videos\/"},{"@type":"ListItem","position":3,"name":"Blue to Powder"}]},{"@type":"WebSite","@id":"https:\/\/sofaski.com\/#website","url":"https:\/\/sofaski.com\/","name":"SOFASKI.COM","description":"Every turn counts","publisher":{"@id":"https:\/\/sofaski.com\/#organization"},"potentialAction":[{"@type":"SearchAction","target":{"@type":"EntryPoint","urlTemplate":"https:\/\/sofaski.com\/?s={search_term_string}"},"query-input":{"@type":"PropertyValueSpecification","valueRequired":true,"valueName":"search_term_string"}}],"inLanguage":"de"},{"@type":"Organization","@id":"https:\/\/sofaski.com\/#organization","name":"SOFASKI.COM","url":"https:\/\/sofaski.com\/","logo":{"@type":"ImageObject","inLanguage":"de","@id":"https:\/\/sofaski.com\/#\/schema\/logo\/image\/","url":"https:\/\/sofaski.com\/wp-content\/uploads\/2019\/11\/SOFASKI-copy-EMAIL.png","contentUrl":"https:\/\/sofaski.com\/wp-content\/uploads\/2019\/11\/SOFASKI-copy-EMAIL.png","width":400,"height":57,"caption":"SOFASKI.COM"},"image":{"@id":"https:\/\/sofaski.com\/#\/schema\/logo\/image\/"},"sameAs":["https:\/\/www.facebook.com\/SofaSkiSchool","https:\/\/www.instagram.com\/sofaskischool\/","https:\/\/www.youtube.com\/c\/KlausMair"]}]}},"_links":{"self":[{"href":"https:\/\/sofaski.com\/de\/wp-json\/wp\/v2\/pages\/518","targetHints":{"allow":["GET"]}}],"collection":[{"href":"https:\/\/sofaski.com\/de\/wp-json\/wp\/v2\/pages"}],"about":[{"href":"https:\/\/sofaski.com\/de\/wp-json\/wp\/v2\/types\/page"}],"author":[{"embeddable":true,"href":"https:\/\/sofaski.com\/de\/wp-json\/wp\/v2\/users\/1"}],"replies":[{"embeddable":true,"href":"https:\/\/sofaski.com\/de\/wp-json\/wp\/v2\/comments?post=518"}],"version-history":[{"count":14,"href":"https:\/\/sofaski.com\/de\/wp-json\/wp\/v2\/pages\/518\/revisions"}],"predecessor-version":[{"id":10944,"href":"https:\/\/sofaski.com\/de\/wp-json\/wp\/v2\/pages\/518\/revisions\/10944"}],"up":[{"embeddable":true,"href":"https:\/\/sofaski.com\/de\/wp-json\/wp\/v2\/pages\/308"}],"wp:attachment":[{"href":"https:\/\/sofaski.com\/de\/wp-json\/wp\/v2\/media?parent=518"}],"curies":[{"name":"wp","href":"https:\/\/api.w.org\/{rel}","templated":true}]}}