{"id":5170,"date":"2020-05-26T09:51:24","date_gmt":"2020-05-26T09:51:24","guid":{"rendered":"https:\/\/klanten.poort3.nl\/sss\/?page_id=5170"},"modified":"2020-11-08T06:26:09","modified_gmt":"2020-11-08T06:26:09","slug":"einwilligung-und-zustimmung-2","status":"publish","type":"page","link":"https:\/\/sofaski.com\/de\/einwilligung-und-zustimmung-2\/","title":{"rendered":"Einwilligung und Zustimmung"},"content":{"rendered":"<p>[et_pb_section fb_built=&#8220;1&#8243; _builder_version=&#8220;4.0.3&#8243;][et_pb_row _builder_version=&#8220;4.0.3&#8243; custom_padding=&#8220;61px|||||&#8220;][et_pb_column type=&#8220;4_4&#8243; _builder_version=&#8220;4.0.3&#8243;][et_pb_text _builder_version=&#8220;4.4.6&#8243;]<\/p>\n<h3><\/h3>\n<h3>Einwilligung und Zustimmung<\/h3>\n<p>&nbsp;<\/p>\n<p>Danke f\u00fcr Ihr Interesse an meinen Ski Analysen und Trainingsplanungen!<\/p>\n<p>Unten finden Sie die detaillierte Ausf\u00fchrung hier meine <strong>Kurzversion<\/strong>:<\/p>\n<p><em>Nachdem ich pers\u00f6nlich viel Zeit in die Produktion der Ski Analysen stecke w\u00e4re es oft toll, wenn ich diese auch mit anderen Kunden teilen k\u00f6nnte. Um Kunden zu belohnen die mir dies erlauben habe ich den erm\u00e4\u00dfigten Preis eingerichtet. Sollten Sie dieses Angebot in Anspruch nehmen so werde ich nicht Ihren vollen Namen verwenden und Nahaufnahmen Ihres Gesichts vermeiden. Sollte ich ein neues Video mit Ihren Aufnahmen produzieren so erhalten sie nat\u00fcrlich stets gratis Zugang dazu. Falls Sie Ihre Videos und mein Feedback lieber nicht mit anderen teilen m\u00f6chten, so ist das auch v\u00f6llig in Ordnung. Sie erhalten dasselbe Produkt und Ihre Videos bleiben privat. In jedem Fall bleibt das Copyright f\u00fcr die Skianalyse bei mir.<\/em><\/p>\n<p><span style=\"font-size: 16px;\">Mit der Auswahl des Feldes <\/span><strong style=\"font-size: 16px;\">\u201eJa, ich erteile meine Zustimmung zur Verwendung meines Videos f\u00fcr wirtschaftliche Zwecke\u201c<\/strong><span style=\"font-size: 16px;\"> im Drop-down-Men\u00fc willige ich ein und gebe meine ausdr\u00fcckliche Zustimmung dazu, dass mein \u00fcbermitteltes Video, auf dem ich zu sehen bin, mit oder ohne im Rahmen der beauftragten Analyse erfolgten Bearbeitung von SOFASKI.COM Klaus Mair in folgendem Umfang verarbeitet, verwendet und g\u00e4nzlich oder teilweise (auch als Standbild) an Dritte \u00fcbermittelt bzw. ver\u00f6ffentlicht und hierf\u00fcr auch gespeichert werden darf:<\/span><\/p>\n<ul>\n<li>Erstellung und Verkauf von Video-Ski-Tutorials bzw. Skilehrvideos an beliebige Dritte (Verkauf va. online aber auch als DVD) zB: <a href=\"https:\/\/vimeo.com\/ondemand\/bluetopowder\" target=\"_blank\" rel=\"noopener noreferrer\">https:\/\/vimeo.com\/ondemand\/bluetopowder<\/a><\/li>\n<li>Ver\u00f6ffentlichung auf der Website von <a href=\"www.SOFASKI.COM\">SOFASKI.COM<\/a> sowohl im allgemeinen als auch den Mitgliedern vorbehaltenen Bereich<\/li>\n<li>Ver\u00f6ffentlichung im \u00f6ffentlichen Klaus Mair Blog auf <a href=\"www.SOFASKI.COM.com\">www.SOFASKI.COM.com<\/a><\/li>\n<li>Ver\u00f6ffentlichung auf Social Media von SOFASKI.COM wie insb. facebook, YouTube, Vimeo, Instagram etc. Dort als \u00f6ffentlich zug\u00e4nglicher Clip oder als bezahlte Werbung.<\/li>\n<li>Verwendung zu Schulungszwecken bzw. Anschauungsmaterial f\u00fcr und Ver\u00f6ffentlichung im Rahmen von Skitechnikschulungen f\u00fcr Kunden und Skilehrer und Schitechnikvortr\u00e4-gen, Seminaren, Camps und \u00e4hnlichem (Teilnehmer und Zuh\u00f6rer)<\/li>\n<li>Verwendung in Analysen f\u00fcr andere Kunden<\/li>\n<li>Werbefolder und Werbeclips f\u00fcr SOFASKI.COM, die physisch, per E-Mail oder auch per Internet an beliebige Dritte verbreitet werden<\/li>\n<\/ul>\n<p>Neben des Bildes bzw. Videos werden keine personenbezogenen Daten wie z.B. Namen ver-\u00f6ffentlicht oder bekanntgegeben. <strong>Bei Verwendung bzw. Ver\u00f6ffentlichung in Produkten bzw. auf der Website erhalte ich kostenfreien Zugriff darauf.<\/strong><\/p>\n<p>Die Verwendung bzw. Ver\u00f6ffentlichung erfolgt einerseits zu Zwecken der Erstellung und des Verkaufs der Tutorials bzw. Lehrvideos sowie Anschauungsmaterials sowie als Beispiel in anderen Analysen, Skitechnikschulungen und Vortr\u00e4gen, Seminaren und Camps etc. und dient sohin der Erstellung bzw. Erbringung der von SOFASKI.COM verkauften Produkte und an-gebotenen Dienstleistungen.<\/p>\n<p>Andererseits erfolgt die Verwendung und Ver\u00f6ffentlichung zum Zweck der Eigenwerbung\/Selbstvermarktung von SOFASKI.COM f\u00fcr die von ihr angebotenen Produkte und Dienstleistungen.<\/p>\n<p>Das Video wird f\u00fcr obige Zwecke auf unbestimmte Zeit zweckgebunden gespeichert.<\/p>\n<p>In oben beschriebenen Umfang erteile ich auch ausdr\u00fccklich ein zeitlich und r\u00e4umlich uneingeschr\u00e4nktes Verwertungsrecht bzw. Werknutzungsrecht an den Bild-, Film- und Tonauf-nahmen meiner Person und erkl\u00e4re ausdr\u00fccklich, dass ich diese selbst aufgenommen habe bzw. diese in meinem Auftrag aufgenommen wurden und somit keine Urheberrechte Dritter daran bestehen. Ich stimme auch einer Bearbeitung dieser Aufnahmen ausdr\u00fccklich zu.<\/p>\n<p>Wollen Sie diese Einwilligung und Zustimmung nicht geben, w\u00e4hlen sie bitte im Drop-down-Men\u00fc das Feld <strong>\u201eNein, ich m\u00f6chte, dass mein Video privat bleibt\u201c<\/strong> aus. Die von SOFASKI.COM Klaus Mair erbrachten Leistungen \u00e4ndern sich durch die Auswahl nicht.<\/p>\n<p><strong style=\"font-size: 16px;\">Recht auf Widerruf der Einwilligung:<\/strong><\/p>\n<p>Die Einwilligung zur Verarbeitung und Weitergabe des Videos kann jederzeit f\u00fcr die Zukunft widerrufen werden. Die Rechtm\u00e4\u00dfigkeit der aufgrund der Einwilligung bis zum Widerruf erfolgten Datenverarbeitung wird durch diesen nicht ber\u00fchrt.<br \/> Das Widerrufsrecht bezieht sich nur auf die Datenverarbeitung und nicht die zivilrechtliche Zustimmung zur Ver\u00f6ffentlichung ihrer Bildaufnahmen nach dem Urheberrechtsgesetzt (\u00a7 78 UrhG).<\/p>\n<p>F\u00fcr weitere Datenschutzhinweise und Informationen zu datenschutzrechtlichem Verantwortlichem [Klaus Mair], Rechtsgrundalgen der Verarbeitung [Einwilligung, Vertragserf\u00fcllung], Betroffenenrechte [Recht auf Auskunft, Recht auf Berichtigung, Recht auf L\u00f6schung, Einschr\u00e4nkung und Widerspruch, Recht auf Daten\u00fcbertragbarkeit, Beschwerderecht) siehe <a href=\"https:\/\/sofaski.com\/de\/data-protection\/\">Datenschutz<\/a><\/p>\n<p><strong>\u00a0<\/strong><\/p>\n<p>[\/et_pb_text][\/et_pb_column][\/et_pb_row][\/et_pb_section]<\/p>\n<span class=\"et_bloom_bottom_trigger\"><\/span>","protected":false},"excerpt":{"rendered":"<p>Einwilligung und Zustimmung &nbsp; Danke f\u00fcr Ihr Interesse an meinen Ski Analysen und Trainingsplanungen! Unten finden Sie die detaillierte Ausf\u00fchrung hier meine Kurzversion: Nachdem ich pers\u00f6nlich viel Zeit in die Produktion der Ski Analysen stecke w\u00e4re es oft toll, wenn ich diese auch mit anderen Kunden teilen k\u00f6nnte. Um Kunden zu belohnen die mir dies [&hellip;]<\/p>\n","protected":false},"author":10254,"featured_media":0,"parent":0,"menu_order":0,"comment_status":"closed","ping_status":"closed","template":"","meta":{"_et_pb_use_builder":"on","_et_pb_old_content":"","_et_gb_content_width":"","footnotes":""},"class_list":["post-5170","page","type-page","status-publish","hentry"],"yoast_head":"<!-- This site is optimized with the Yoast SEO plugin v27.4 - https:\/\/yoast.com\/product\/yoast-seo-wordpress\/ -->\n<title>Einwilligung und Zustimmung | SOFASKI.COM<\/title>\n<meta name=\"robots\" content=\"index, follow, max-snippet:-1, max-image-preview:large, max-video-preview:-1\" \/>\n<link rel=\"canonical\" href=\"https:\/\/sofaski.com\/de\/einwilligung-und-zustimmung-2\/\" \/>\n<meta property=\"og:locale\" content=\"de_DE\" \/>\n<meta property=\"og:type\" content=\"article\" \/>\n<meta property=\"og:title\" content=\"Einwilligung und Zustimmung | SOFASKI.COM\" \/>\n<meta property=\"og:description\" content=\"Einwilligung und Zustimmung &nbsp; Danke f\u00fcr Ihr Interesse an meinen Ski Analysen und Trainingsplanungen! Unten finden Sie die detaillierte Ausf\u00fchrung hier meine Kurzversion: Nachdem ich pers\u00f6nlich viel Zeit in die Produktion der Ski Analysen stecke w\u00e4re es oft toll, wenn ich diese auch mit anderen Kunden teilen k\u00f6nnte. Um Kunden zu belohnen die mir dies [&hellip;]\" \/>\n<meta property=\"og:url\" content=\"https:\/\/sofaski.com\/de\/einwilligung-und-zustimmung-2\/\" \/>\n<meta property=\"og:site_name\" content=\"SOFASKI.COM\" \/>\n<meta property=\"article:publisher\" content=\"https:\/\/www.facebook.com\/SofaSkiSchool\" \/>\n<meta property=\"article:modified_time\" content=\"2020-11-08T06:26:09+00:00\" \/>\n<meta property=\"og:image\" content=\"https:\/\/sofaski.com\/wp-content\/uploads\/2019\/11\/SOFASKI-copy-EMAIL.png\" \/>\n\t<meta property=\"og:image:width\" content=\"400\" \/>\n\t<meta property=\"og:image:height\" content=\"57\" \/>\n\t<meta property=\"og:image:type\" content=\"image\/png\" \/>\n<meta name=\"twitter:card\" content=\"summary_large_image\" \/>\n<meta name=\"twitter:label1\" content=\"Gesch\u00e4tzte Lesezeit\" \/>\n\t<meta name=\"twitter:data1\" content=\"4\u00a0Minuten\" \/>\n<script type=\"application\/ld+json\" class=\"yoast-schema-graph\">{\"@context\":\"https:\\\/\\\/schema.org\",\"@graph\":[{\"@type\":\"WebPage\",\"@id\":\"https:\\\/\\\/sofaski.com\\\/de\\\/einwilligung-und-zustimmung-2\\\/\",\"url\":\"https:\\\/\\\/sofaski.com\\\/de\\\/einwilligung-und-zustimmung-2\\\/\",\"name\":\"Einwilligung und Zustimmung | SOFASKI.COM\",\"isPartOf\":{\"@id\":\"https:\\\/\\\/sofaski.com\\\/#website\"},\"datePublished\":\"2020-05-26T09:51:24+00:00\",\"dateModified\":\"2020-11-08T06:26:09+00:00\",\"breadcrumb\":{\"@id\":\"https:\\\/\\\/sofaski.com\\\/de\\\/einwilligung-und-zustimmung-2\\\/#breadcrumb\"},\"inLanguage\":\"de\",\"potentialAction\":[{\"@type\":\"ReadAction\",\"target\":[\"https:\\\/\\\/sofaski.com\\\/de\\\/einwilligung-und-zustimmung-2\\\/\"]}]},{\"@type\":\"BreadcrumbList\",\"@id\":\"https:\\\/\\\/sofaski.com\\\/de\\\/einwilligung-und-zustimmung-2\\\/#breadcrumb\",\"itemListElement\":[{\"@type\":\"ListItem\",\"position\":1,\"name\":\"Home\",\"item\":\"https:\\\/\\\/sofaski.com\\\/\"},{\"@type\":\"ListItem\",\"position\":2,\"name\":\"Einwilligung und Zustimmung\"}]},{\"@type\":\"WebSite\",\"@id\":\"https:\\\/\\\/sofaski.com\\\/#website\",\"url\":\"https:\\\/\\\/sofaski.com\\\/\",\"name\":\"SOFASKI.COM\",\"description\":\"Every turn counts\",\"publisher\":{\"@id\":\"https:\\\/\\\/sofaski.com\\\/#organization\"},\"potentialAction\":[{\"@type\":\"SearchAction\",\"target\":{\"@type\":\"EntryPoint\",\"urlTemplate\":\"https:\\\/\\\/sofaski.com\\\/?s={search_term_string}\"},\"query-input\":{\"@type\":\"PropertyValueSpecification\",\"valueRequired\":true,\"valueName\":\"search_term_string\"}}],\"inLanguage\":\"de\"},{\"@type\":\"Organization\",\"@id\":\"https:\\\/\\\/sofaski.com\\\/#organization\",\"name\":\"SOFASKI.COM\",\"url\":\"https:\\\/\\\/sofaski.com\\\/\",\"logo\":{\"@type\":\"ImageObject\",\"inLanguage\":\"de\",\"@id\":\"https:\\\/\\\/sofaski.com\\\/#\\\/schema\\\/logo\\\/image\\\/\",\"url\":\"https:\\\/\\\/sofaski.com\\\/wp-content\\\/uploads\\\/2019\\\/11\\\/SOFASKI-copy-EMAIL.png\",\"contentUrl\":\"https:\\\/\\\/sofaski.com\\\/wp-content\\\/uploads\\\/2019\\\/11\\\/SOFASKI-copy-EMAIL.png\",\"width\":400,\"height\":57,\"caption\":\"SOFASKI.COM\"},\"image\":{\"@id\":\"https:\\\/\\\/sofaski.com\\\/#\\\/schema\\\/logo\\\/image\\\/\"},\"sameAs\":[\"https:\\\/\\\/www.facebook.com\\\/SofaSkiSchool\",\"https:\\\/\\\/www.instagram.com\\\/sofaskischool\\\/\",\"https:\\\/\\\/www.youtube.com\\\/c\\\/KlausMair\"]}]}<\/script>\n<!-- \/ Yoast SEO plugin. -->","yoast_head_json":{"title":"Einwilligung und Zustimmung | SOFASKI.COM","robots":{"index":"index","follow":"follow","max-snippet":"max-snippet:-1","max-image-preview":"max-image-preview:large","max-video-preview":"max-video-preview:-1"},"canonical":"https:\/\/sofaski.com\/de\/einwilligung-und-zustimmung-2\/","og_locale":"de_DE","og_type":"article","og_title":"Einwilligung und Zustimmung | SOFASKI.COM","og_description":"Einwilligung und Zustimmung &nbsp; Danke f\u00fcr Ihr Interesse an meinen Ski Analysen und Trainingsplanungen! Unten finden Sie die detaillierte Ausf\u00fchrung hier meine Kurzversion: Nachdem ich pers\u00f6nlich viel Zeit in die Produktion der Ski Analysen stecke w\u00e4re es oft toll, wenn ich diese auch mit anderen Kunden teilen k\u00f6nnte. Um Kunden zu belohnen die mir dies [&hellip;]","og_url":"https:\/\/sofaski.com\/de\/einwilligung-und-zustimmung-2\/","og_site_name":"SOFASKI.COM","article_publisher":"https:\/\/www.facebook.com\/SofaSkiSchool","article_modified_time":"2020-11-08T06:26:09+00:00","og_image":[{"width":400,"height":57,"url":"https:\/\/sofaski.com\/wp-content\/uploads\/2019\/11\/SOFASKI-copy-EMAIL.png","type":"image\/png"}],"twitter_card":"summary_large_image","twitter_misc":{"Gesch\u00e4tzte Lesezeit":"4\u00a0Minuten"},"schema":{"@context":"https:\/\/schema.org","@graph":[{"@type":"WebPage","@id":"https:\/\/sofaski.com\/de\/einwilligung-und-zustimmung-2\/","url":"https:\/\/sofaski.com\/de\/einwilligung-und-zustimmung-2\/","name":"Einwilligung und Zustimmung | SOFASKI.COM","isPartOf":{"@id":"https:\/\/sofaski.com\/#website"},"datePublished":"2020-05-26T09:51:24+00:00","dateModified":"2020-11-08T06:26:09+00:00","breadcrumb":{"@id":"https:\/\/sofaski.com\/de\/einwilligung-und-zustimmung-2\/#breadcrumb"},"inLanguage":"de","potentialAction":[{"@type":"ReadAction","target":["https:\/\/sofaski.com\/de\/einwilligung-und-zustimmung-2\/"]}]},{"@type":"BreadcrumbList","@id":"https:\/\/sofaski.com\/de\/einwilligung-und-zustimmung-2\/#breadcrumb","itemListElement":[{"@type":"ListItem","position":1,"name":"Home","item":"https:\/\/sofaski.com\/"},{"@type":"ListItem","position":2,"name":"Einwilligung und Zustimmung"}]},{"@type":"WebSite","@id":"https:\/\/sofaski.com\/#website","url":"https:\/\/sofaski.com\/","name":"SOFASKI.COM","description":"Every turn counts","publisher":{"@id":"https:\/\/sofaski.com\/#organization"},"potentialAction":[{"@type":"SearchAction","target":{"@type":"EntryPoint","urlTemplate":"https:\/\/sofaski.com\/?s={search_term_string}"},"query-input":{"@type":"PropertyValueSpecification","valueRequired":true,"valueName":"search_term_string"}}],"inLanguage":"de"},{"@type":"Organization","@id":"https:\/\/sofaski.com\/#organization","name":"SOFASKI.COM","url":"https:\/\/sofaski.com\/","logo":{"@type":"ImageObject","inLanguage":"de","@id":"https:\/\/sofaski.com\/#\/schema\/logo\/image\/","url":"https:\/\/sofaski.com\/wp-content\/uploads\/2019\/11\/SOFASKI-copy-EMAIL.png","contentUrl":"https:\/\/sofaski.com\/wp-content\/uploads\/2019\/11\/SOFASKI-copy-EMAIL.png","width":400,"height":57,"caption":"SOFASKI.COM"},"image":{"@id":"https:\/\/sofaski.com\/#\/schema\/logo\/image\/"},"sameAs":["https:\/\/www.facebook.com\/SofaSkiSchool","https:\/\/www.instagram.com\/sofaskischool\/","https:\/\/www.youtube.com\/c\/KlausMair"]}]}},"_links":{"self":[{"href":"https:\/\/sofaski.com\/de\/wp-json\/wp\/v2\/pages\/5170","targetHints":{"allow":["GET"]}}],"collection":[{"href":"https:\/\/sofaski.com\/de\/wp-json\/wp\/v2\/pages"}],"about":[{"href":"https:\/\/sofaski.com\/de\/wp-json\/wp\/v2\/types\/page"}],"author":[{"embeddable":true,"href":"https:\/\/sofaski.com\/de\/wp-json\/wp\/v2\/users\/10254"}],"replies":[{"embeddable":true,"href":"https:\/\/sofaski.com\/de\/wp-json\/wp\/v2\/comments?post=5170"}],"version-history":[{"count":8,"href":"https:\/\/sofaski.com\/de\/wp-json\/wp\/v2\/pages\/5170\/revisions"}],"predecessor-version":[{"id":7882,"href":"https:\/\/sofaski.com\/de\/wp-json\/wp\/v2\/pages\/5170\/revisions\/7882"}],"wp:attachment":[{"href":"https:\/\/sofaski.com\/de\/wp-json\/wp\/v2\/media?parent=5170"}],"curies":[{"name":"wp","href":"https:\/\/api.w.org\/{rel}","templated":true}]}}