{"id":5142,"date":"2020-05-25T12:57:41","date_gmt":"2020-05-25T12:57:41","guid":{"rendered":"https:\/\/klanten.poort3.nl\/sss\/?page_id=5142"},"modified":"2020-06-30T09:13:42","modified_gmt":"2020-06-30T09:13:42","slug":"skifahren-lernen-auf-dem-sofa","status":"publish","type":"page","link":"https:\/\/sofaski.com\/de\/skifahren-lernen-auf-dem-sofa\/","title":{"rendered":"Skifahren Lernen auf dem Sofa? So kann es funktionieren&#8230;"},"content":{"rendered":"<p>[et_pb_section fb_built=&#8220;1&#8243; _builder_version=&#8220;3.29.3&#8243;][et_pb_row _builder_version=&#8220;3.29.3&#8243;][et_pb_column type=&#8220;4_4&#8243; _builder_version=&#8220;3.29.3&#8243;][et_pb_text _builder_version=&#8220;4.4.8&#8243; custom_margin=&#8220;38px||||false|false&#8220; custom_margin_tablet=&#8220;&#8220; custom_margin_phone=&#8220;&#8220; custom_margin_last_edited=&#8220;on|phone&#8220; custom_padding=&#8220;||1px|||&#8220;]<\/p>\n<h2>Skifahren lernen auf dem Sofa? So kann es funktionieren:<\/h2>\n<p>&nbsp;<\/p>\n<p><strong>Die Motivation mein eigenes Skiunterrichts Video zu produzieren, kam aus der Beobachtung, dass ein gro\u00dfer Teil der Skifahrer wesentlich besser am Ski stehen k\u00f6nnte aber nicht einmal daran denkt einen Skikurs zu besuchen. Ich entschied mich etwas dagegen zu tun.<\/strong><\/p>\n<p>In \u00fcber 30 Jahren Skiunterricht hatte ich zahlreiche Sessellift Gespr\u00e4che mit zufriedenen Skisch\u00fclern aller K\u00f6nnensstufen. Diese freuten sich \u00fcber Ihre Fortschritte, wunderten sich aber auch dar\u00fcber warum Sie nicht schon fr\u00fcher etwas in Ihre Skitechnik investiert hatten.<\/p>\n<p><strong>Die Frage nach dem Warum ergab meist:<\/strong><\/p>\n<blockquote>\n<p>\u201eSkifahrer sind oft skeptisch einen Skikurs zu buchen. Sie zweifeln daran ob Sie davon auch profitieren, ob es das Geld wert sein wird. Sie bef\u00fcrchten einen Skilehrer zu bekommen der Ihnen nichts beibringen kann und m\u00f6chten nicht Ihre wertvolle Zeit auf der Piste in einem Kurs verbringen der Ihnen vielleicht nichts bringt.\u201c<\/p>\n<\/blockquote>\n<p>Alles mitunter berechtigte Bedenken, die jedoch dazu f\u00fchren, dass man keinen Unterricht nimmt und wahrscheinlich nichts dazulernt, sondern alte Muster weiter einschleift.<\/p>\n<p>Sofa Ski School l\u00f6st dieses Dilemma und bietet Skiunterricht der vor, w\u00e4hrend und nach dem Skiurlaub konsumiert werden kann. Ohne Risiko eingehen zu m\u00fcssen k\u00f6nnen Sie sich zuerst die gratis Einheiten und Inhalte auf <a href=\"www.sofaski.com\">SOFASKI.COM<\/a> anschauen und ausprobieren. Auf diese Weise wissen Sie bereits vor dem Skikurs was Sie verbessern m\u00f6chten und k\u00f6nnen dies einfordern.<\/p>\n<p><strong>Verstehen Sie mich bitte nicht falsch, die effektivste Methode wird es IMMER sein mit einem guten Coach am Berg zu trainieren. Dies wollen wir auch nicht ersetzen. Aber wenn Sie besser skifahren lernen m\u00f6chten, dann macht es doch Sinn sich schlau zu machen!?<\/strong><\/p>\n<p><strong>Wie wei\u00df man aber, dass der YouTube Experte auch wei\u00df wovon er spricht?<\/strong><\/p>\n<p><strong>Wie findet man den richtigen Skilehrer?<\/strong><\/p>\n<p>F\u00fcr jemand ohne Vorwissen ist diese Frage nicht ganz trivial. Nicht immer geben die Videos mit der h\u00fcbschesten Aufmachung auch die besten Ratschl\u00e4ge. Grunds\u00e4tzlich verh\u00e4lt es sich wohl wie mit jedem anderen Produkt. Zur Meinungsbildung helfen Ihnen vielleicht die zahlreichen Kundenrezensionen unten. Gerne bin ich Ihnen auch bei der Suche nach einem Coach oder der besten Trainingsm\u00f6glichkeit behilflich.<\/p>\n<p>Auf <a href=\"www.sofaski.com\">SOFASKI.COM<\/a> erhalten Sie alles was Sie f\u00fcr die Verbesserung Ihrer Skitechnik brauchen, von Skiunterrichtsvideos, \u00fcber Online Ski Analysen und Trainingspl\u00e4ne, zus\u00e4tzlichen Inhalten im Mitgliederbereich bis zu Privat Coaching und Ski Technik Camps.<\/p>\n<p>Die Methode baut auf der \u00d6sterreichischen Skischule auf und ist ein sich st\u00e4ndig weiterentwickelndes Resultat von tausenden Unterrichtseinheiten mit Skifahrern aller Leistungsstufen. Ich arbeite jedes Jahr mit \u00fcber 350 Skifahrern, fertige \u00fcber 700 Skianalysen pro Jahr an und unterrichte nun schon seit \u00fcber 30 Jahren, davon die letzten 20 Jahre ganzj\u00e4hrig als Skilehrer.<\/p>\n<p>Es ist unser Ziel Ihnen genau zu zeigen worauf sie achten sollten. Mit besseren Skigrundlagen werden Sie mit jedem Schwung Fortschritte machen, anstatt sich falsche Bewegungsmuster weiter einzuschleifen.<\/p>\n<p><strong>Das Ziel muss dabei nicht sein wie Marcel Hirscher oder Felix Neureuther skifahren zu k\u00f6nnen. Indem Sie herausfinden wie Sie Kurven wirklich sauber carven k\u00f6nnen oder sich bewusst werden was die wichtigsten Skigrundlagen sind, die uns um die Kurve und sicher \u00fcber steilere Pisten bringen, wird Skifahren zum Sport und ist nicht nur Zeitvertreib. Mit besserer Technik fahren sie sicherer und mit weniger Kraftaufwand genussvoll bis ins hohe Alter.<\/strong><\/p>\n<p>Aus meiner t\u00e4glichen Erfahrung kann ich Ihnen sagen, dass die Verbesserung der Performance meistens \u00fcber eine Optimierung der Grundlagen f\u00fchrt. So wie der Musiker seine Tonleitern \u00fcbt, verhilft auch dem Skifahrer die Perfektionierung des Elementaren zum Durchbruch. Ich halte nicht viel von Skilehrern die Einfaches Verkomplizieren, um besonders schlau zu wirken. Der gute Coach vereinfacht und hilft Ihnen Grundlegendes besser zu verstehen und zu sp\u00fcren.<\/p>\n<p>Sollte dies nicht gelingen und sollten Sie mit meinem Produkt nicht zufrieden sein, so garantiere ich Ihnen eine 100%ige Geld-zur\u00fcck Garantie.<\/p>\n<p>Ich w\u00fcrde mich freuen von Ihnen zu h\u00f6ren!<\/p>\n<p>[\/et_pb_text][\/et_pb_column][\/et_pb_row][et_pb_row column_structure=&#8220;1_2,1_2&#8243; _builder_version=&#8220;4.4.6&#8243;][et_pb_column type=&#8220;1_2&#8243; _builder_version=&#8220;4.4.6&#8243;][et_pb_image src=&#8220;https:\/\/sofaski.com\/wp-content\/uploads\/2019\/10\/signaturetransparentcopy.png&#8220; title_text=&#8220;signature+transparent+copy&#8220; _builder_version=&#8220;4.4.6&#8243;][\/et_pb_image][\/et_pb_column][et_pb_column type=&#8220;1_2&#8243; _builder_version=&#8220;4.4.6&#8243;][et_pb_button button_url=&#8220;mailto:klaus@sofaski.com&#8220; button_text=&#8220;EMAIL KLAUS&#8220; button_alignment=&#8220;right&#8220; _builder_version=&#8220;4.4.6&#8243;][\/et_pb_button][\/et_pb_column][\/et_pb_row][et_pb_row _builder_version=&#8220;4.4.6&#8243;][et_pb_column type=&#8220;4_4&#8243; _builder_version=&#8220;4.4.6&#8243;][et_pb_button button_url=&#8220;@ET-DC@eyJkeW5hbWljIjp0cnVlLCJjb250ZW50IjoicG9zdF9saW5rX3VybF9wYWdlIiwic2V0dGluZ3MiOnsicG9zdF9pZCI6IjIxNzkifX0=@&#8220; button_text=&#8220;Kundenbewertungen&#8220; button_alignment=&#8220;center&#8220; _builder_version=&#8220;4.4.8&#8243; _dynamic_attributes=&#8220;button_url&#8220; button_use_icon=&#8220;off&#8220; custom_margin=&#8220;53px||50px||false|false&#8220; custom_margin_phone=&#8220;27px||33px||false|false&#8220;][\/et_pb_button][\/et_pb_column][\/et_pb_row][et_pb_row _builder_version=&#8220;4.4.8&#8243;][et_pb_column type=&#8220;4_4&#8243; _builder_version=&#8220;4.4.8&#8243;][et_pb_video src=&#8220;https:\/\/vimeo.com\/161779950&#8243; _builder_version=&#8220;4.4.8&#8243;][\/et_pb_video][\/et_pb_column][\/et_pb_row][\/et_pb_section][et_pb_section fb_built=&#8220;1&#8243; _builder_version=&#8220;3.29.3&#8243; min_height=&#8220;517px&#8220; custom_padding=&#8220;31px|||||&#8220;][et_pb_row _builder_version=&#8220;4.4.8&#8243; min_height=&#8220;318px&#8220; custom_margin=&#8220;|auto||auto|false|false&#8220;][et_pb_column type=&#8220;4_4&#8243; _builder_version=&#8220;3.29.3&#8243;][et_pb_text _builder_version=&#8220;4.4.8&#8243; text_font_size=&#8220;29px&#8220; text_line_height=&#8220;1.8em&#8220; text_font_size_tablet=&#8220;&#8220; text_font_size_phone=&#8220;16px&#8220; text_font_size_last_edited=&#8220;on|phone&#8220;]<\/p>\n<p style=\"text-align: center;\"><a href=\"http:\/\/www.facebook.com\/SofaSkiSchool\">www.facebook.com\/SofaSkiSchool<\/a><br \/> <a href=\"http:\/\/www.youtube.com\/MairKlaus\">www.youtube.com\/MairKlaus<\/a><br \/> <a href=\"http:\/\/www.instagram.com\/sofaskischool\">www.instagram.com\/sofaskischool<\/a><\/p>\n<p>[\/et_pb_text][\/et_pb_column][\/et_pb_row][\/et_pb_section]<\/p>\n<span class=\"et_bloom_bottom_trigger\"><\/span>","protected":false},"excerpt":{"rendered":"<p>Skifahren lernen auf dem Sofa? So kann es funktionieren: &nbsp; Die Motivation mein eigenes Skiunterrichts Video zu produzieren, kam aus der Beobachtung, dass ein gro\u00dfer Teil der Skifahrer wesentlich besser am Ski stehen k\u00f6nnte aber nicht einmal daran denkt einen Skikurs zu besuchen. Ich entschied mich etwas dagegen zu tun. In \u00fcber 30 Jahren Skiunterricht [&hellip;]<\/p>\n","protected":false},"author":10254,"featured_media":0,"parent":0,"menu_order":0,"comment_status":"closed","ping_status":"closed","template":"","meta":{"_et_pb_use_builder":"on","_et_pb_old_content":"","_et_gb_content_width":"","footnotes":""},"class_list":["post-5142","page","type-page","status-publish","hentry"],"yoast_head":"<!-- This site is optimized with the Yoast SEO plugin v27.3 - https:\/\/yoast.com\/product\/yoast-seo-wordpress\/ -->\n<title>Skifahren Lernen auf dem Sofa? So kann es funktionieren... | SOFASKI.COM<\/title>\n<meta name=\"robots\" content=\"index, follow, max-snippet:-1, max-image-preview:large, max-video-preview:-1\" \/>\n<link rel=\"canonical\" href=\"https:\/\/sofaski.com\/de\/skifahren-lernen-auf-dem-sofa\/\" \/>\n<meta property=\"og:locale\" content=\"de_DE\" \/>\n<meta property=\"og:type\" content=\"article\" \/>\n<meta property=\"og:title\" content=\"Skifahren Lernen auf dem Sofa? So kann es funktionieren... | SOFASKI.COM\" \/>\n<meta property=\"og:description\" content=\"Skifahren lernen auf dem Sofa? So kann es funktionieren: &nbsp; Die Motivation mein eigenes Skiunterrichts Video zu produzieren, kam aus der Beobachtung, dass ein gro\u00dfer Teil der Skifahrer wesentlich besser am Ski stehen k\u00f6nnte aber nicht einmal daran denkt einen Skikurs zu besuchen. Ich entschied mich etwas dagegen zu tun. In \u00fcber 30 Jahren Skiunterricht [&hellip;]\" \/>\n<meta property=\"og:url\" content=\"https:\/\/sofaski.com\/de\/skifahren-lernen-auf-dem-sofa\/\" \/>\n<meta property=\"og:site_name\" content=\"SOFASKI.COM\" \/>\n<meta property=\"article:publisher\" content=\"https:\/\/www.facebook.com\/SofaSkiSchool\" \/>\n<meta property=\"article:modified_time\" content=\"2020-06-30T09:13:42+00:00\" \/>\n<meta property=\"og:image\" content=\"https:\/\/sofaski.com\/wp-content\/uploads\/2019\/11\/SOFASKI-copy-EMAIL.png\" \/>\n\t<meta property=\"og:image:width\" content=\"400\" \/>\n\t<meta property=\"og:image:height\" content=\"57\" \/>\n\t<meta property=\"og:image:type\" content=\"image\/png\" \/>\n<meta name=\"twitter:card\" content=\"summary_large_image\" \/>\n<meta name=\"twitter:label1\" content=\"Gesch\u00e4tzte Lesezeit\" \/>\n\t<meta name=\"twitter:data1\" content=\"5\u00a0Minuten\" \/>\n<script type=\"application\/ld+json\" class=\"yoast-schema-graph\">{\"@context\":\"https:\\\/\\\/schema.org\",\"@graph\":[{\"@type\":\"WebPage\",\"@id\":\"https:\\\/\\\/sofaski.com\\\/de\\\/skifahren-lernen-auf-dem-sofa\\\/\",\"url\":\"https:\\\/\\\/sofaski.com\\\/de\\\/skifahren-lernen-auf-dem-sofa\\\/\",\"name\":\"Skifahren Lernen auf dem Sofa? So kann es funktionieren... | SOFASKI.COM\",\"isPartOf\":{\"@id\":\"https:\\\/\\\/sofaski.com\\\/#website\"},\"datePublished\":\"2020-05-25T12:57:41+00:00\",\"dateModified\":\"2020-06-30T09:13:42+00:00\",\"breadcrumb\":{\"@id\":\"https:\\\/\\\/sofaski.com\\\/de\\\/skifahren-lernen-auf-dem-sofa\\\/#breadcrumb\"},\"inLanguage\":\"de\",\"potentialAction\":[{\"@type\":\"ReadAction\",\"target\":[\"https:\\\/\\\/sofaski.com\\\/de\\\/skifahren-lernen-auf-dem-sofa\\\/\"]}]},{\"@type\":\"BreadcrumbList\",\"@id\":\"https:\\\/\\\/sofaski.com\\\/de\\\/skifahren-lernen-auf-dem-sofa\\\/#breadcrumb\",\"itemListElement\":[{\"@type\":\"ListItem\",\"position\":1,\"name\":\"Home\",\"item\":\"https:\\\/\\\/sofaski.com\\\/\"},{\"@type\":\"ListItem\",\"position\":2,\"name\":\"Skifahren Lernen auf dem Sofa? So kann es funktionieren&#8230;\"}]},{\"@type\":\"WebSite\",\"@id\":\"https:\\\/\\\/sofaski.com\\\/#website\",\"url\":\"https:\\\/\\\/sofaski.com\\\/\",\"name\":\"SOFASKI.COM\",\"description\":\"Every turn counts\",\"publisher\":{\"@id\":\"https:\\\/\\\/sofaski.com\\\/#organization\"},\"potentialAction\":[{\"@type\":\"SearchAction\",\"target\":{\"@type\":\"EntryPoint\",\"urlTemplate\":\"https:\\\/\\\/sofaski.com\\\/?s={search_term_string}\"},\"query-input\":{\"@type\":\"PropertyValueSpecification\",\"valueRequired\":true,\"valueName\":\"search_term_string\"}}],\"inLanguage\":\"de\"},{\"@type\":\"Organization\",\"@id\":\"https:\\\/\\\/sofaski.com\\\/#organization\",\"name\":\"SOFASKI.COM\",\"url\":\"https:\\\/\\\/sofaski.com\\\/\",\"logo\":{\"@type\":\"ImageObject\",\"inLanguage\":\"de\",\"@id\":\"https:\\\/\\\/sofaski.com\\\/#\\\/schema\\\/logo\\\/image\\\/\",\"url\":\"https:\\\/\\\/sofaski.com\\\/wp-content\\\/uploads\\\/2019\\\/11\\\/SOFASKI-copy-EMAIL.png\",\"contentUrl\":\"https:\\\/\\\/sofaski.com\\\/wp-content\\\/uploads\\\/2019\\\/11\\\/SOFASKI-copy-EMAIL.png\",\"width\":400,\"height\":57,\"caption\":\"SOFASKI.COM\"},\"image\":{\"@id\":\"https:\\\/\\\/sofaski.com\\\/#\\\/schema\\\/logo\\\/image\\\/\"},\"sameAs\":[\"https:\\\/\\\/www.facebook.com\\\/SofaSkiSchool\",\"https:\\\/\\\/www.instagram.com\\\/sofaskischool\\\/\",\"https:\\\/\\\/www.youtube.com\\\/c\\\/KlausMair\"]}]}<\/script>\n<!-- \/ Yoast SEO plugin. -->","yoast_head_json":{"title":"Skifahren Lernen auf dem Sofa? So kann es funktionieren... | SOFASKI.COM","robots":{"index":"index","follow":"follow","max-snippet":"max-snippet:-1","max-image-preview":"max-image-preview:large","max-video-preview":"max-video-preview:-1"},"canonical":"https:\/\/sofaski.com\/de\/skifahren-lernen-auf-dem-sofa\/","og_locale":"de_DE","og_type":"article","og_title":"Skifahren Lernen auf dem Sofa? So kann es funktionieren... | SOFASKI.COM","og_description":"Skifahren lernen auf dem Sofa? So kann es funktionieren: &nbsp; Die Motivation mein eigenes Skiunterrichts Video zu produzieren, kam aus der Beobachtung, dass ein gro\u00dfer Teil der Skifahrer wesentlich besser am Ski stehen k\u00f6nnte aber nicht einmal daran denkt einen Skikurs zu besuchen. Ich entschied mich etwas dagegen zu tun. In \u00fcber 30 Jahren Skiunterricht [&hellip;]","og_url":"https:\/\/sofaski.com\/de\/skifahren-lernen-auf-dem-sofa\/","og_site_name":"SOFASKI.COM","article_publisher":"https:\/\/www.facebook.com\/SofaSkiSchool","article_modified_time":"2020-06-30T09:13:42+00:00","og_image":[{"width":400,"height":57,"url":"https:\/\/sofaski.com\/wp-content\/uploads\/2019\/11\/SOFASKI-copy-EMAIL.png","type":"image\/png"}],"twitter_card":"summary_large_image","twitter_misc":{"Gesch\u00e4tzte Lesezeit":"5\u00a0Minuten"},"schema":{"@context":"https:\/\/schema.org","@graph":[{"@type":"WebPage","@id":"https:\/\/sofaski.com\/de\/skifahren-lernen-auf-dem-sofa\/","url":"https:\/\/sofaski.com\/de\/skifahren-lernen-auf-dem-sofa\/","name":"Skifahren Lernen auf dem Sofa? So kann es funktionieren... | SOFASKI.COM","isPartOf":{"@id":"https:\/\/sofaski.com\/#website"},"datePublished":"2020-05-25T12:57:41+00:00","dateModified":"2020-06-30T09:13:42+00:00","breadcrumb":{"@id":"https:\/\/sofaski.com\/de\/skifahren-lernen-auf-dem-sofa\/#breadcrumb"},"inLanguage":"de","potentialAction":[{"@type":"ReadAction","target":["https:\/\/sofaski.com\/de\/skifahren-lernen-auf-dem-sofa\/"]}]},{"@type":"BreadcrumbList","@id":"https:\/\/sofaski.com\/de\/skifahren-lernen-auf-dem-sofa\/#breadcrumb","itemListElement":[{"@type":"ListItem","position":1,"name":"Home","item":"https:\/\/sofaski.com\/"},{"@type":"ListItem","position":2,"name":"Skifahren Lernen auf dem Sofa? So kann es funktionieren&#8230;"}]},{"@type":"WebSite","@id":"https:\/\/sofaski.com\/#website","url":"https:\/\/sofaski.com\/","name":"SOFASKI.COM","description":"Every turn counts","publisher":{"@id":"https:\/\/sofaski.com\/#organization"},"potentialAction":[{"@type":"SearchAction","target":{"@type":"EntryPoint","urlTemplate":"https:\/\/sofaski.com\/?s={search_term_string}"},"query-input":{"@type":"PropertyValueSpecification","valueRequired":true,"valueName":"search_term_string"}}],"inLanguage":"de"},{"@type":"Organization","@id":"https:\/\/sofaski.com\/#organization","name":"SOFASKI.COM","url":"https:\/\/sofaski.com\/","logo":{"@type":"ImageObject","inLanguage":"de","@id":"https:\/\/sofaski.com\/#\/schema\/logo\/image\/","url":"https:\/\/sofaski.com\/wp-content\/uploads\/2019\/11\/SOFASKI-copy-EMAIL.png","contentUrl":"https:\/\/sofaski.com\/wp-content\/uploads\/2019\/11\/SOFASKI-copy-EMAIL.png","width":400,"height":57,"caption":"SOFASKI.COM"},"image":{"@id":"https:\/\/sofaski.com\/#\/schema\/logo\/image\/"},"sameAs":["https:\/\/www.facebook.com\/SofaSkiSchool","https:\/\/www.instagram.com\/sofaskischool\/","https:\/\/www.youtube.com\/c\/KlausMair"]}]}},"_links":{"self":[{"href":"https:\/\/sofaski.com\/de\/wp-json\/wp\/v2\/pages\/5142","targetHints":{"allow":["GET"]}}],"collection":[{"href":"https:\/\/sofaski.com\/de\/wp-json\/wp\/v2\/pages"}],"about":[{"href":"https:\/\/sofaski.com\/de\/wp-json\/wp\/v2\/types\/page"}],"author":[{"embeddable":true,"href":"https:\/\/sofaski.com\/de\/wp-json\/wp\/v2\/users\/10254"}],"replies":[{"embeddable":true,"href":"https:\/\/sofaski.com\/de\/wp-json\/wp\/v2\/comments?post=5142"}],"version-history":[{"count":10,"href":"https:\/\/sofaski.com\/de\/wp-json\/wp\/v2\/pages\/5142\/revisions"}],"predecessor-version":[{"id":7064,"href":"https:\/\/sofaski.com\/de\/wp-json\/wp\/v2\/pages\/5142\/revisions\/7064"}],"wp:attachment":[{"href":"https:\/\/sofaski.com\/de\/wp-json\/wp\/v2\/media?parent=5142"}],"curies":[{"name":"wp","href":"https:\/\/api.w.org\/{rel}","templated":true}]}}