{"id":514,"date":"2019-10-07T12:15:12","date_gmt":"2019-10-07T12:15:12","guid":{"rendered":"https:\/\/klanten.poort3.nl\/sss\/?page_id=514"},"modified":"2020-07-15T14:04:24","modified_gmt":"2020-07-15T14:04:24","slug":"blue-to-black","status":"publish","type":"page","link":"https:\/\/sofaski.com\/de\/videos\/blue-to-black\/","title":{"rendered":"Blue to Black"},"content":{"rendered":"<p>[et_pb_section fb_built=&#8220;1&#8243; fullwidth=&#8220;on&#8220; _builder_version=&#8220;4.0.6&#8243; background_image=&#8220;https:\/\/sofaski.com\/wp-content\/uploads\/2019\/12\/titel-Blue-to-Black-background-scaled.jpg&#8220;][et_pb_fullwidth_slider show_image_video_mobile=&#8220;on&#8220; use_bg_overlay=&#8220;off&#8220; _builder_version=&#8220;4.5.1&#8243; text_orientation=&#8220;left&#8220; animation_style=&#8220;fade&#8220; auto=&#8220;on&#8220; auto_ignore_hover=&#8220;on&#8220; hover_enabled=&#8220;0&#8243;][et_pb_slide heading=&#8220;From Blue to Black Diamond&#8220; image=&#8220;https:\/\/sofaski.com\/wp-content\/uploads\/2020\/07\/BTB-new-DVD-cover-Vimeo-3.0-DONE-800.png&#8220; use_bg_overlay=&#8220;off&#8220; use_text_overlay=&#8220;on&#8220; content_tablet=&#8220;<\/p>\n<h2>ver\u00f6ffentlicht 2007<\/h2>\n<p>&#8220; content_phone=&#8220;<\/p>\n<p>ver\u00f6ffentlicht 2007<\/p>\n<p>&#8220; content_last_edited=&#8220;on|tablet&#8220; _builder_version=&#8220;4.5.1&#8243; header_line_height=&#8220;1.2em&#8220; body_line_height=&#8220;1.3em&#8220; background_color=&#8220;rgba(0,0,0,0)&#8220; background_enable_color=&#8220;on&#8220; background_enable_image=&#8220;off&#8220; background_size=&#8220;contain&#8220; custom_padding_tablet=&#8220;&#8220; custom_padding_phone=&#8220;19px|25px||25px|false|false&#8220; custom_padding_last_edited=&#8220;on|phone&#8220; hover_enabled=&#8220;0&#8243; header_font_size_tablet=&#8220;&#8220; header_font_size_phone=&#8220;23px&#8220; header_font_size_last_edited=&#8220;on|phone&#8220; body_font_size_tablet=&#8220;15px&#8220; body_font_size_phone=&#8220;15px&#8220; body_font_size_last_edited=&#8220;on|tablet&#8220; header_text_shadow_style=&#8220;preset5&#8243; header_text_shadow_horizontal_length=&#8220;0.06em&#8220; header_text_shadow_vertical_length=&#8220;0.04em&#8220; header_text_shadow_color=&#8220;#000000&#8243; title_text=&#8220;From Blue to Black&#8220;]<\/p>\n<h2>ver\u00f6ffentlicht 2007<\/h2>\n<p>[\/et_pb_slide][et_pb_slide heading=&#8220;80 Minuten Skiunterricht&#8220; image=&#8220;https:\/\/sofaski.com\/wp-content\/uploads\/2019\/12\/steeps-1.jpg&#8220; use_text_overlay=&#8220;on&#8220; content_tablet=&#8220;<\/p>\n<p>14 zus\u00e4tzliche \u00dcbungen<\/p>\n<p>&#8220; content_phone=&#8220;<\/p>\n<p>14 zus\u00e4tzliche \u00dcbungen<\/p>\n<p>&#8220; content_last_edited=&#8220;on|phone&#8220; _builder_version=&#8220;4.4.8&#8243; header_font_size=&#8220;41px&#8220; header_line_height=&#8220;1.2em&#8220; body_font=&#8220;||||||||&#8220; body_line_height=&#8220;1.2em&#8220; background_color=&#8220;rgba(0,0,0,0)&#8220; background_enable_color=&#8220;on&#8220; custom_padding_tablet=&#8220;&#8220; custom_padding_phone=&#8220;19px||||false|false&#8220; custom_padding_last_edited=&#8220;on|phone&#8220; header_font_size_tablet=&#8220;20px&#8220; header_font_size_phone=&#8220;20px&#8220; header_font_size_last_edited=&#8220;on|phone&#8220; body_font_size_tablet=&#8220;20px&#8220; body_font_size_phone=&#8220;20px&#8220; body_font_size_last_edited=&#8220;on|phone&#8220; header_text_shadow_style=&#8220;preset5&#8243; header_text_shadow_horizontal_length=&#8220;0.06em&#8220; header_text_shadow_vertical_length=&#8220;0.04em&#8220; header_text_shadow_color=&#8220;#000000&#8243;]<\/p>\n<h2><strong>14 zus\u00e4tzliche \u00dcbungen<\/strong><\/h2>\n<p>[\/et_pb_slide][et_pb_slide heading=&#8220;Finden Sie heraus wo Sie das gr\u00f6\u00dfte Verbesserungspotential haben&#8220; image=&#8220;https:\/\/sofaski.com\/wp-content\/uploads\/2019\/12\/Bild2-German.jpg&#8220; use_text_overlay=&#8220;on&#8220; heading_tablet=&#8220;Finden Sie heraus wo Sie das gr\u00f6\u00dfte Verbesserungspotential haben&#8220; heading_phone=&#8220;Finden Sie heraus wo Sie das gr\u00f6\u00dfte Verbesserungspotential haben&#8220; heading_last_edited=&#8220;on|tablet&#8220; _builder_version=&#8220;4.4.8&#8243; header_text_align=&#8220;center&#8220; header_font_size=&#8220;37px&#8220; header_line_height=&#8220;1.6em&#8220; background_color=&#8220;rgba(0,0,0,0)&#8220; background_enable_color=&#8220;on&#8220; background_enable_image=&#8220;off&#8220; background_size=&#8220;contain&#8220; custom_padding_tablet=&#8220;&#8220; custom_padding_phone=&#8220;19px||||false|false&#8220; custom_padding_last_edited=&#8220;on|phone&#8220; header_font_size_tablet=&#8220;15px&#8220; header_font_size_phone=&#8220;18px&#8220; header_font_size_last_edited=&#8220;on|phone&#8220; header_text_shadow_style=&#8220;preset5&#8243; header_text_shadow_horizontal_length=&#8220;0.06em&#8220; header_text_shadow_vertical_length=&#8220;0.04em&#8220; header_text_shadow_color=&#8220;#000000&#8243;][\/et_pb_slide][et_pb_slide heading=&#8220;und gelangen Sie zu genau der Einheit die Ihnen am ehesten weiterhilft&#8220; image=&#8220;https:\/\/sofaski.com\/wp-content\/uploads\/2019\/12\/Bild1-German.jpg&#8220; use_text_overlay=&#8220;on&#8220; _builder_version=&#8220;4.4.8&#8243; header_level=&#8220;h2&#8243; header_text_align=&#8220;center&#8220; header_text_color=&#8220;#ffffff&#8220; header_font_size=&#8220;32px&#8220; header_line_height=&#8220;1.6em&#8220; background_color=&#8220;rgba(0,0,0,0)&#8220; background_enable_color=&#8220;on&#8220; background_enable_image=&#8220;off&#8220; background_size=&#8220;contain&#8220; custom_padding_tablet=&#8220;&#8220; custom_padding_phone=&#8220;19px||||false|false&#8220; custom_padding_last_edited=&#8220;on|phone&#8220; header_font_size_tablet=&#8220;15px&#8220; header_font_size_phone=&#8220;18px&#8220; header_font_size_last_edited=&#8220;on|phone&#8220; header_text_shadow_style=&#8220;preset5&#8243; header_text_shadow_horizontal_length=&#8220;0.06em&#8220; header_text_shadow_vertical_length=&#8220;0.04em&#8220; header_text_shadow_color=&#8220;#000000&#8243;][\/et_pb_slide][et_pb_slide heading=&#8220;Zugang zum Mitgliederbereich&#8220; image=&#8220;https:\/\/sofaski.com\/wp-content\/uploads\/2020\/06\/Mitgliederbereich-D.jpg&#8220; use_text_overlay=&#8220;on&#8220; _builder_version=&#8220;4.4.8&#8243; header_font_size=&#8220;35px&#8220; header_line_height=&#8220;1.2em&#8220; background_color=&#8220;rgba(0,0,0,0)&#8220; background_enable_color=&#8220;on&#8220; custom_padding_tablet=&#8220;&#8220; custom_padding_phone=&#8220;19px||||false|false&#8220; custom_padding_last_edited=&#8220;on|phone&#8220; header_font_size_tablet=&#8220;25px&#8220; header_font_size_phone=&#8220;25px&#8220; header_font_size_last_edited=&#8220;on|phone&#8220; header_text_shadow_style=&#8220;preset5&#8243; header_text_shadow_vertical_length=&#8220;0.05em&#8220; header_text_shadow_horizontal_length_tablet=&#8220;&#8220; header_text_shadow_horizontal_length_phone=&#8220;0.05em&#8220; header_text_shadow_horizontal_length_last_edited=&#8220;on|phone&#8220;][\/et_pb_slide][et_pb_slide heading=&#8220;12 Erinnerungskarten zum Download&#8220; image=&#8220;https:\/\/sofaski.com\/wp-content\/uploads\/2020\/06\/BTB-Reminder-Cards-web-blurred.png&#8220; use_text_overlay=&#8220;on&#8220; _builder_version=&#8220;4.4.8&#8243; header_font_size=&#8220;35px&#8220; header_line_height=&#8220;1.6em&#8220; background_color=&#8220;rgba(0,0,0,0)&#8220; background_enable_color=&#8220;on&#8220; custom_padding_tablet=&#8220;&#8220; custom_padding_phone=&#8220;19px||||false|false&#8220; custom_padding_last_edited=&#8220;on|phone&#8220; header_font_size_tablet=&#8220;25px&#8220; header_font_size_phone=&#8220;25px&#8220; header_font_size_last_edited=&#8220;on|phone&#8220; header_text_shadow_style=&#8220;preset5&#8243; header_text_shadow_horizontal_length=&#8220;0.05em&#8220; header_text_shadow_vertical_length=&#8220;0.05em&#8220;][\/et_pb_slide][\/et_pb_fullwidth_slider][\/et_pb_section][et_pb_section fb_built=&#8220;1&#8243; _builder_version=&#8220;4.0.2&#8243; background_color=&#8220;#e0e0e0&#8243; custom_padding=&#8220;33px||33px|||&#8220;][et_pb_row _builder_version=&#8220;4.0.2&#8243;][et_pb_column type=&#8220;4_4&#8243; _builder_version=&#8220;4.0.2&#8243;][et_pb_text _builder_version=&#8220;4.0.2&#8243;]<\/p>\n<h2>Sofa Ski School &#8211; From Blue to Black Diamond<\/h2>\n<p class=\"bodytext\">ist ein Skiunterrichtsvideo zur Verbesserung des Eigenk\u00f6nnens f\u00fcr durchschnittliche bis ausgezeichnete Skifahrer.<\/p>\n<p class=\"bodytext\"><em>Das Video ist eines der erfolgreichsten Skiunterrichts Videos weltweit und beinhaltet Kapitel zur <strong>Selbstanalyse<\/strong>, <strong>den wichtigsten Skigrundlagen, Carving, Skifahren im steilen Gel\u00e4nde, Kurzschw\u00fcnge<\/strong> und <strong>14 zus\u00e4tzliche Technik\u00fcbungen.<\/strong><\/em><\/p>\n<p class=\"bodytext\">Wie in einem guten Skikurs werden sie zun\u00e4chst angehalten zu hinterfragen, was Sie vielleicht falsch machen, bzw. besser machen k\u00f6nnten. Im Kapitel &#8222;Wo soll ich anfangen&#8220; werden die h\u00e4ufigsten Skifehler beschrieben und demonstriert, um Ihnen zu helfen, direkt zu jener Einheit zu gelangen, die Ihnen hoffentlich am meisten weiterhilft.<\/p>\n<p class=\"bodytext\"><span style=\"font-size: 16px;\">Beim Kauf der DVD erhalten sie <\/span><b style=\"font-size: 16px;\">3 laminierte Erinnerungskarten auf Deutsch<\/b><span style=\"font-size: 16px;\">, auf denen die wichtigsten Dinge noch einmal zusammengefasst sind. Diese Karten k\u00f6nnen auch nach dem Kauf im Mitgliederbereich heruntergeladen werden.<\/span><\/p>\n<p><em><strong>From Blue to Black ist eine Amateurproduktion eines Skilehrers. Der Schwerpunkt liegt nicht auf der Qualit\u00e4t von Bild und Ton sondern auf der Vermittlung von effektiven und in der Praxis bew\u00e4hrten Einheiten, die Skifahrern helfen besser am Ski zu stehen.<\/strong><\/em> Die erfolgreiche Verwendung des Lehrmittels kann in \u00fcber 200 positiven Rezensionen nachgelesen werden. Eine kleine Auswahl finden Sie unten.<\/p>\n<p>[\/et_pb_text][et_pb_button button_url=&#8220;@ET-DC@eyJkeW5hbWljIjp0cnVlLCJjb250ZW50IjoicG9zdF9saW5rX3VybF9wcm9kdWN0Iiwic2V0dGluZ3MiOnsicG9zdF9pZCI6IjY3NyJ9fQ==@&#8220; button_text=&#8220;Kaufen Sie dieses Video im Shop&#8220; _builder_version=&#8220;4.4.8&#8243; _dynamic_attributes=&#8220;button_url&#8220; button_text__hover_enabled=&#8220;on|hover&#8220; button_text__hover=&#8220;und Sie erhalten sofort Zugang zum Mitgliederbereich&#8220;][\/et_pb_button][\/et_pb_column][\/et_pb_row][\/et_pb_section][et_pb_section fb_built=&#8220;1&#8243; _builder_version=&#8220;4.0.6&#8243; use_background_color_gradient=&#8220;on&#8220; background_color_gradient_start=&#8220;#ffffff&#8220; background_color_gradient_end=&#8220;rgba(0,0,0,0.2)&#8220; width=&#8220;100%&#8220; custom_margin=&#8220;||||false|false&#8220; custom_padding=&#8220;33px|||||&#8220;][et_pb_row _builder_version=&#8220;4.0.6&#8243;][et_pb_column type=&#8220;4_4&#8243; _builder_version=&#8220;4.0.6&#8243;][et_pb_button button_url=&#8220;https:\/\/vimeo.com\/ondemand\/bluetoblackdeutsch&#8220; button_text=&#8220;Oder auf Vimeo.com&#8220; button_text_tablet=&#8220;Oder auf Vimeo.com&#8220; button_text_phone=&#8220;Oder auf Vimeo.com&#8220; button_text_last_edited=&#8220;on|phone&#8220; _builder_version=&#8220;4.4.8&#8243; button_bg_color=&#8220;#19B7EA&#8220; button_border_color=&#8220;#19B7EA&#8220; custom_margin_phone=&#8220;||13px||false|false&#8220; button_bg_color_tablet=&#8220;&#8220; button_bg_color_phone=&#8220;&#8220; button_bg_color_last_edited=&#8220;on|desktop&#8220; button_text__hover_enabled=&#8220;on|desktop&#8220; button_bg_color__hover_enabled=&#8220;on|hover&#8220; button_bg_color__hover=&#8220;#3eb6e2&#8243; button_text_size__hover_enabled=&#8220;on|desktop&#8220;][\/et_pb_button][\/et_pb_column][\/et_pb_row][et_pb_row _builder_version=&#8220;4.0.11&#8243; custom_margin=&#8220;||||false|false&#8220; animation_style=&#8220;fade&#8220;][et_pb_column type=&#8220;4_4&#8243; _builder_version=&#8220;4.0.6&#8243;][et_pb_video src=&#8220;https:\/\/vimeo.com\/ondemand\/bluetoblackdeutsch\/148276002&#8243; image_src=&#8220;\/\/i.vimeocdn.com\/video\/831456568_640.jpg&#8220; play_icon_color=&#8220;#ffffff&#8220; thumbnail_overlay_color=&#8220;rgba(0,0,0,0.6)&#8220; _builder_version=&#8220;4.0.6&#8243; box_shadow_style=&#8220;preset3&#8243;][\/et_pb_video][\/et_pb_column][\/et_pb_row][\/et_pb_section][et_pb_section fb_built=&#8220;1&#8243; _builder_version=&#8220;4.4.8&#8243; custom_padding=&#8220;32px||32px|||&#8220;][et_pb_row _builder_version=&#8220;4.4.8&#8243;][et_pb_column type=&#8220;4_4&#8243; _builder_version=&#8220;4.4.8&#8243;][et_pb_button button_url=&#8220;@ET-DC@eyJkeW5hbWljIjp0cnVlLCJjb250ZW50IjoicG9zdF9saW5rX3VybF9wYWdlIiwic2V0dGluZ3MiOnsicG9zdF9pZCI6IjIxNzkifX0=@&#8220; button_text=&#8220;Alle Kundenbewertungen&#8220; button_alignment=&#8220;center&#8220; _builder_version=&#8220;4.4.8&#8243; _dynamic_attributes=&#8220;button_url&#8220;][\/et_pb_button][\/et_pb_column][\/et_pb_row][\/et_pb_section][et_pb_section fb_built=&#8220;1&#8243; fullwidth=&#8220;on&#8220; _builder_version=&#8220;4.0.11&#8243; animation_style=&#8220;flip&#8220;][et_pb_fullwidth_code _builder_version=&#8220;4.0.11&#8243;]<div class=\"wpbr-wrap\">\n\t<div id=\"wpbr-collection-wrap-692263296\" class=\"wpbr-collection-wrap js-wpbr-collection-wrap\" data-wpbr-collection-id=\"692263296\">\n\t<\/div>\n<\/div>\n[\/et_pb_fullwidth_code][\/et_pb_section]<\/p>\n<span class=\"et_bloom_bottom_trigger\"><\/span>","protected":false},"excerpt":{"rendered":"<p>ver\u00f6ffentlicht 200714 zus\u00e4tzliche \u00dcbungenSofa Ski School &#8211; From Blue to Black Diamond ist ein Skiunterrichtsvideo zur Verbesserung des Eigenk\u00f6nnens f\u00fcr durchschnittliche bis ausgezeichnete Skifahrer. Das Video ist eines der erfolgreichsten Skiunterrichts Videos weltweit und beinhaltet Kapitel zur Selbstanalyse, den wichtigsten Skigrundlagen, Carving, Skifahren im steilen Gel\u00e4nde, Kurzschw\u00fcnge und 14 zus\u00e4tzliche Technik\u00fcbungen. Wie in einem guten [&hellip;]<\/p>\n","protected":false},"author":1,"featured_media":0,"parent":308,"menu_order":0,"comment_status":"closed","ping_status":"closed","template":"","meta":{"_et_pb_use_builder":"on","_et_pb_old_content":"","_et_gb_content_width":"","footnotes":""},"class_list":["post-514","page","type-page","status-publish","hentry"],"yoast_head":"<!-- This site is optimized with the Yoast SEO plugin v27.3 - https:\/\/yoast.com\/product\/yoast-seo-wordpress\/ -->\n<title>Blue to Black | SOFASKI.COM<\/title>\n<meta name=\"robots\" content=\"index, follow, max-snippet:-1, max-image-preview:large, max-video-preview:-1\" \/>\n<link rel=\"canonical\" href=\"https:\/\/sofaski.com\/de\/videos\/blue-to-black\/\" \/>\n<meta property=\"og:locale\" content=\"de_DE\" \/>\n<meta property=\"og:type\" content=\"article\" \/>\n<meta property=\"og:title\" content=\"Blue to Black | SOFASKI.COM\" \/>\n<meta property=\"og:description\" content=\"ver\u00f6ffentlicht 200714 zus\u00e4tzliche \u00dcbungenSofa Ski School - From Blue to Black Diamond ist ein Skiunterrichtsvideo zur Verbesserung des Eigenk\u00f6nnens f\u00fcr durchschnittliche bis ausgezeichnete Skifahrer. Das Video ist eines der erfolgreichsten Skiunterrichts Videos weltweit und beinhaltet Kapitel zur Selbstanalyse, den wichtigsten Skigrundlagen, Carving, Skifahren im steilen Gel\u00e4nde, Kurzschw\u00fcnge und 14 zus\u00e4tzliche Technik\u00fcbungen. Wie in einem guten [&hellip;]\" \/>\n<meta property=\"og:url\" content=\"https:\/\/sofaski.com\/de\/videos\/blue-to-black\/\" \/>\n<meta property=\"og:site_name\" content=\"SOFASKI.COM\" \/>\n<meta property=\"article:publisher\" content=\"https:\/\/www.facebook.com\/SofaSkiSchool\" \/>\n<meta property=\"article:modified_time\" content=\"2020-07-15T14:04:24+00:00\" \/>\n<meta property=\"og:image\" content=\"https:\/\/sofaski.com\/wp-content\/uploads\/2019\/11\/SOFASKI-copy-EMAIL.png\" \/>\n\t<meta property=\"og:image:width\" content=\"400\" \/>\n\t<meta property=\"og:image:height\" content=\"57\" \/>\n\t<meta property=\"og:image:type\" content=\"image\/png\" \/>\n<meta name=\"twitter:card\" content=\"summary_large_image\" \/>\n<meta name=\"twitter:label1\" content=\"Gesch\u00e4tzte Lesezeit\" \/>\n\t<meta name=\"twitter:data1\" content=\"7\u00a0Minuten\" \/>\n<script type=\"application\/ld+json\" class=\"yoast-schema-graph\">{\"@context\":\"https:\\\/\\\/schema.org\",\"@graph\":[{\"@type\":\"WebPage\",\"@id\":\"https:\\\/\\\/sofaski.com\\\/de\\\/videos\\\/blue-to-black\\\/\",\"url\":\"https:\\\/\\\/sofaski.com\\\/de\\\/videos\\\/blue-to-black\\\/\",\"name\":\"Blue to Black | SOFASKI.COM\",\"isPartOf\":{\"@id\":\"https:\\\/\\\/sofaski.com\\\/#website\"},\"datePublished\":\"2019-10-07T12:15:12+00:00\",\"dateModified\":\"2020-07-15T14:04:24+00:00\",\"breadcrumb\":{\"@id\":\"https:\\\/\\\/sofaski.com\\\/de\\\/videos\\\/blue-to-black\\\/#breadcrumb\"},\"inLanguage\":\"de\",\"potentialAction\":[{\"@type\":\"ReadAction\",\"target\":[\"https:\\\/\\\/sofaski.com\\\/de\\\/videos\\\/blue-to-black\\\/\"]}]},{\"@type\":\"BreadcrumbList\",\"@id\":\"https:\\\/\\\/sofaski.com\\\/de\\\/videos\\\/blue-to-black\\\/#breadcrumb\",\"itemListElement\":[{\"@type\":\"ListItem\",\"position\":1,\"name\":\"Home\",\"item\":\"https:\\\/\\\/sofaski.com\\\/\"},{\"@type\":\"ListItem\",\"position\":2,\"name\":\"Videos\",\"item\":\"https:\\\/\\\/sofaski.com\\\/de\\\/videos\\\/\"},{\"@type\":\"ListItem\",\"position\":3,\"name\":\"Blue to Black\"}]},{\"@type\":\"WebSite\",\"@id\":\"https:\\\/\\\/sofaski.com\\\/#website\",\"url\":\"https:\\\/\\\/sofaski.com\\\/\",\"name\":\"SOFASKI.COM\",\"description\":\"Every turn counts\",\"publisher\":{\"@id\":\"https:\\\/\\\/sofaski.com\\\/#organization\"},\"potentialAction\":[{\"@type\":\"SearchAction\",\"target\":{\"@type\":\"EntryPoint\",\"urlTemplate\":\"https:\\\/\\\/sofaski.com\\\/?s={search_term_string}\"},\"query-input\":{\"@type\":\"PropertyValueSpecification\",\"valueRequired\":true,\"valueName\":\"search_term_string\"}}],\"inLanguage\":\"de\"},{\"@type\":\"Organization\",\"@id\":\"https:\\\/\\\/sofaski.com\\\/#organization\",\"name\":\"SOFASKI.COM\",\"url\":\"https:\\\/\\\/sofaski.com\\\/\",\"logo\":{\"@type\":\"ImageObject\",\"inLanguage\":\"de\",\"@id\":\"https:\\\/\\\/sofaski.com\\\/#\\\/schema\\\/logo\\\/image\\\/\",\"url\":\"https:\\\/\\\/sofaski.com\\\/wp-content\\\/uploads\\\/2019\\\/11\\\/SOFASKI-copy-EMAIL.png\",\"contentUrl\":\"https:\\\/\\\/sofaski.com\\\/wp-content\\\/uploads\\\/2019\\\/11\\\/SOFASKI-copy-EMAIL.png\",\"width\":400,\"height\":57,\"caption\":\"SOFASKI.COM\"},\"image\":{\"@id\":\"https:\\\/\\\/sofaski.com\\\/#\\\/schema\\\/logo\\\/image\\\/\"},\"sameAs\":[\"https:\\\/\\\/www.facebook.com\\\/SofaSkiSchool\",\"https:\\\/\\\/www.instagram.com\\\/sofaskischool\\\/\",\"https:\\\/\\\/www.youtube.com\\\/c\\\/KlausMair\"]}]}<\/script>\n<!-- \/ Yoast SEO plugin. -->","yoast_head_json":{"title":"Blue to Black | SOFASKI.COM","robots":{"index":"index","follow":"follow","max-snippet":"max-snippet:-1","max-image-preview":"max-image-preview:large","max-video-preview":"max-video-preview:-1"},"canonical":"https:\/\/sofaski.com\/de\/videos\/blue-to-black\/","og_locale":"de_DE","og_type":"article","og_title":"Blue to Black | SOFASKI.COM","og_description":"ver\u00f6ffentlicht 200714 zus\u00e4tzliche \u00dcbungenSofa Ski School - From Blue to Black Diamond ist ein Skiunterrichtsvideo zur Verbesserung des Eigenk\u00f6nnens f\u00fcr durchschnittliche bis ausgezeichnete Skifahrer. Das Video ist eines der erfolgreichsten Skiunterrichts Videos weltweit und beinhaltet Kapitel zur Selbstanalyse, den wichtigsten Skigrundlagen, Carving, Skifahren im steilen Gel\u00e4nde, Kurzschw\u00fcnge und 14 zus\u00e4tzliche Technik\u00fcbungen. Wie in einem guten [&hellip;]","og_url":"https:\/\/sofaski.com\/de\/videos\/blue-to-black\/","og_site_name":"SOFASKI.COM","article_publisher":"https:\/\/www.facebook.com\/SofaSkiSchool","article_modified_time":"2020-07-15T14:04:24+00:00","og_image":[{"width":400,"height":57,"url":"https:\/\/sofaski.com\/wp-content\/uploads\/2019\/11\/SOFASKI-copy-EMAIL.png","type":"image\/png"}],"twitter_card":"summary_large_image","twitter_misc":{"Gesch\u00e4tzte Lesezeit":"7\u00a0Minuten"},"schema":{"@context":"https:\/\/schema.org","@graph":[{"@type":"WebPage","@id":"https:\/\/sofaski.com\/de\/videos\/blue-to-black\/","url":"https:\/\/sofaski.com\/de\/videos\/blue-to-black\/","name":"Blue to Black | SOFASKI.COM","isPartOf":{"@id":"https:\/\/sofaski.com\/#website"},"datePublished":"2019-10-07T12:15:12+00:00","dateModified":"2020-07-15T14:04:24+00:00","breadcrumb":{"@id":"https:\/\/sofaski.com\/de\/videos\/blue-to-black\/#breadcrumb"},"inLanguage":"de","potentialAction":[{"@type":"ReadAction","target":["https:\/\/sofaski.com\/de\/videos\/blue-to-black\/"]}]},{"@type":"BreadcrumbList","@id":"https:\/\/sofaski.com\/de\/videos\/blue-to-black\/#breadcrumb","itemListElement":[{"@type":"ListItem","position":1,"name":"Home","item":"https:\/\/sofaski.com\/"},{"@type":"ListItem","position":2,"name":"Videos","item":"https:\/\/sofaski.com\/de\/videos\/"},{"@type":"ListItem","position":3,"name":"Blue to Black"}]},{"@type":"WebSite","@id":"https:\/\/sofaski.com\/#website","url":"https:\/\/sofaski.com\/","name":"SOFASKI.COM","description":"Every turn counts","publisher":{"@id":"https:\/\/sofaski.com\/#organization"},"potentialAction":[{"@type":"SearchAction","target":{"@type":"EntryPoint","urlTemplate":"https:\/\/sofaski.com\/?s={search_term_string}"},"query-input":{"@type":"PropertyValueSpecification","valueRequired":true,"valueName":"search_term_string"}}],"inLanguage":"de"},{"@type":"Organization","@id":"https:\/\/sofaski.com\/#organization","name":"SOFASKI.COM","url":"https:\/\/sofaski.com\/","logo":{"@type":"ImageObject","inLanguage":"de","@id":"https:\/\/sofaski.com\/#\/schema\/logo\/image\/","url":"https:\/\/sofaski.com\/wp-content\/uploads\/2019\/11\/SOFASKI-copy-EMAIL.png","contentUrl":"https:\/\/sofaski.com\/wp-content\/uploads\/2019\/11\/SOFASKI-copy-EMAIL.png","width":400,"height":57,"caption":"SOFASKI.COM"},"image":{"@id":"https:\/\/sofaski.com\/#\/schema\/logo\/image\/"},"sameAs":["https:\/\/www.facebook.com\/SofaSkiSchool","https:\/\/www.instagram.com\/sofaskischool\/","https:\/\/www.youtube.com\/c\/KlausMair"]}]}},"_links":{"self":[{"href":"https:\/\/sofaski.com\/de\/wp-json\/wp\/v2\/pages\/514","targetHints":{"allow":["GET"]}}],"collection":[{"href":"https:\/\/sofaski.com\/de\/wp-json\/wp\/v2\/pages"}],"about":[{"href":"https:\/\/sofaski.com\/de\/wp-json\/wp\/v2\/types\/page"}],"author":[{"embeddable":true,"href":"https:\/\/sofaski.com\/de\/wp-json\/wp\/v2\/users\/1"}],"replies":[{"embeddable":true,"href":"https:\/\/sofaski.com\/de\/wp-json\/wp\/v2\/comments?post=514"}],"version-history":[{"count":22,"href":"https:\/\/sofaski.com\/de\/wp-json\/wp\/v2\/pages\/514\/revisions"}],"predecessor-version":[{"id":7499,"href":"https:\/\/sofaski.com\/de\/wp-json\/wp\/v2\/pages\/514\/revisions\/7499"}],"up":[{"embeddable":true,"href":"https:\/\/sofaski.com\/de\/wp-json\/wp\/v2\/pages\/308"}],"wp:attachment":[{"href":"https:\/\/sofaski.com\/de\/wp-json\/wp\/v2\/media?parent=514"}],"curies":[{"name":"wp","href":"https:\/\/api.w.org\/{rel}","templated":true}]}}