{"id":5056,"date":"2020-05-25T08:29:29","date_gmt":"2020-05-25T08:29:29","guid":{"rendered":"https:\/\/klanten.poort3.nl\/sss\/?page_id=5056"},"modified":"2020-06-18T09:16:24","modified_gmt":"2020-06-18T09:16:24","slug":"die-sofa-ski-school-story","status":"publish","type":"page","link":"https:\/\/sofaski.com\/de\/uber\/die-sofa-ski-school-story\/","title":{"rendered":"Die Sofa Ski School Story"},"content":{"rendered":"<p>[et_pb_section fb_built=&#8220;1&#8243; _builder_version=&#8220;4.4.6&#8243;][et_pb_row _builder_version=&#8220;4.4.6&#8243;][et_pb_column type=&#8220;4_4&#8243; _builder_version=&#8220;4.4.6&#8243;][et_pb_text _builder_version=&#8220;4.4.8&#8243; hover_enabled=&#8220;0&#8243; custom_margin_last_edited=&#8220;on|phone&#8220; custom_margin_phone=&#8220;31px||||false|false&#8220; content_last_edited=&#8220;on|phone&#8220; content_phone=&#8220;<\/p>\n<h1>Die\u00a0<span><span style=%22color: #ff0000;%22>Sofa Ski\u00a0<\/span><\/span><span><span style=%22color: #ff0000;%22>School<\/span>\u00a0<\/span>Story<\/h1>\n<p><span style=%22font-size: 16px;%22>Die Idee dazu meine eigene Skiunterrichts DVD zu produzieren, kam mir in meiner Zeit als Skilehrer in <\/span><strong style=%22font-size: 16px;%22>Kalifornien<\/strong><span style=%22font-size: 16px;%22>. Nach <\/span><strong style=%22font-size: 16px;%22>Studium und Ausbildung zum Staatlich gepr\u00fcften Skilehrer<\/strong><span style=%22font-size: 16px;%22> wollte ich einen Winter in den USA als Skilehrer unterrichten. Ich entschied mich f\u00fcr <\/span><a href=%22https:\/\/www.mammothmountain.com\/%22 data-et-target-link=%22_blank%22 rel=%22noopener noreferrer%22 style=%22font-size: 16px;%22>Mammoth Mountain<\/a><span style=%22font-size: 16px;%22>, eines der gr\u00f6\u00dften Skigebiete in Nordamerika und aus einem Winter wurden sechs.<\/span><\/p>\n<p>Die Arbeit in Kalifornien begeisterte mich von Anfang an. Vor allem die sport-, ski- und lernbegeisterten G\u00e4ste waren f\u00fcr mich eine riesige Motivation, um mich als Skilehrer weiterzuentwickeln. Nachdem mein Verdienst stark vom Trinkgeld und dieses wiederum oft vom Lernerfolg meiner G\u00e4ste abhing machte ich mich daran Unterrichtseinheiten zu entwickeln die zum gr\u00f6\u00dftm\u00f6glichen Erfolg in kurzer Zeit f\u00fchren sollten.<\/p>\n<p>In meinen Privatkursen hatte ich es immer wieder mit den drei h\u00e4ufigsten Skifehler zu tun. <strong>Aufbauend auf der \u00d6sterreichischen Lehrmethode experimentierte ich damit, immer wieder die gleiche Einheit leicht abge\u00e4ndert zu unterrichten und bald stellte sich f\u00fcr mich heraus wie ich die 3 Hauptskifehler am effektivsten korrigieren kann.<\/strong><\/p>\n<p>Als ich herausfand, dass man DVD-Men\u00fcs auch in die Mitte von Videos setzen konnte, kam mir die Idee die Fehlerbilder so mit der passenden Unterrichtseinheit zu verbinden. Das Konzept der <strong>interaktiven Ski Applikation<\/strong>\u00a0auf DVD sollte es dem Zuseher erlauben, selbst herauszufinden wo seine ski-technische Schw\u00e4che liegt um dann genau zu der Einheit zu gelangen, welche am ehesten zu einer Verbesserung des Eigenk\u00f6nnens f\u00fchren wird.<\/p>\n<p>Mit einem Budget von 1000$ engagierte ich im Fr\u00fchling 2007 einen Kameramann und filmte das Material, welches ich sp\u00e4ter selbst bearbeitete. <strong>Im Oktober 2007 wurde die Carving Lektion der DVD auf YouTube ver\u00f6ffentlicht und Ende M\u00e4rz 2008 war diese mit \u00fcber 100.000 Aufrufen das am meisten gesehene Skiunterrichts Video im Internet.<\/strong><\/p>\n<p><strong>Die ersten DVD\u2019s wurden alle zusammen mit einer gratis Skianalyse angeboten.<\/strong> Soviel ich weis waren dies die ersten kommerziell angebotenen Online Skianalysen. Alle DVDs wurden einzeln gebrannt und h\u00e4ndisch beschriftet und verpackt. Die Verk\u00e4ufe wurden mehr und mehr und bald musste ich die gratis Skianalyse streichen.<\/p>\n<p>&#8222;]<\/p>\n<h1>Die\u00a0<span><span style=\"color: #ff0000;\">Sofa Ski School<\/span>\u00a0<\/span>Story<\/h1>\n<p><span style=\"font-size: 16px;\">Die Idee dazu meine eigene Skiunterrichts DVD zu produzieren, kam mir in meiner Zeit als Skilehrer in <\/span><strong style=\"font-size: 16px;\">Kalifornien<\/strong><span style=\"font-size: 16px;\">. Nach <\/span><strong style=\"font-size: 16px;\">Studium und Ausbildung zum Staatlich gepr\u00fcften Skilehrer<\/strong><span style=\"font-size: 16px;\"> wollte ich einen Winter in den USA als Skilehrer unterrichten. Ich entschied mich f\u00fcr <\/span><a href=\"https:\/\/www.mammothmountain.com\/\" target=\"_blank\" rel=\"noopener noreferrer\" style=\"font-size: 16px;\">Mammoth Mountain<\/a><span style=\"font-size: 16px;\">, eines der gr\u00f6\u00dften Skigebiete in Nordamerika und aus einem Winter wurden sechs.<\/span><\/p>\n<p>Die Arbeit in Kalifornien begeisterte mich von Anfang an. Vor allem die sport-, ski- und lernbegeisterten G\u00e4ste waren f\u00fcr mich eine riesige Motivation, um mich als Skilehrer weiterzuentwickeln. Nachdem mein Verdienst stark vom Trinkgeld und dieses wiederum oft vom Lernerfolg meiner G\u00e4ste abhing machte ich mich daran Unterrichtseinheiten zu entwickeln die zum gr\u00f6\u00dftm\u00f6glichen Erfolg in kurzer Zeit f\u00fchren sollten.<\/p>\n<p>In meinen Privatkursen hatte ich es immer wieder mit den drei h\u00e4ufigsten Skifehler zu tun. <strong>Aufbauend auf der \u00d6sterreichischen Lehrmethode experimentierte ich damit, immer wieder die gleiche Einheit leicht abge\u00e4ndert zu unterrichten und bald stellte sich f\u00fcr mich heraus wie ich die 3 Hauptskifehler am effektivsten korrigieren kann.<\/strong><\/p>\n<p>Als ich herausfand, dass man DVD-Men\u00fcs auch in die Mitte von Videos setzen konnte, kam mir die Idee die Fehlerbilder so mit der passenden Unterrichtseinheit zu verbinden. Das Konzept der <strong>interaktiven Ski Applikation<\/strong>\u00a0auf DVD sollte es dem Zuseher erlauben, selbst herauszufinden wo seine ski-technische Schw\u00e4che liegt um dann genau zu der Einheit zu gelangen, welche am ehesten zu einer Verbesserung des Eigenk\u00f6nnens f\u00fchren wird.<\/p>\n<p>Mit einem Budget von 1000$ engagierte ich im Fr\u00fchling 2007 einen Kameramann und filmte das Material, welches ich sp\u00e4ter selbst bearbeitete. <strong>Im Oktober 2007 wurde die Carving Lektion der DVD auf YouTube ver\u00f6ffentlicht und Ende M\u00e4rz 2008 war diese mit \u00fcber 100.000 Aufrufen das am meisten gesehene Skiunterrichts Video im Internet.<\/strong><\/p>\n<p><strong>Die ersten DVD\u2019s wurden alle zusammen mit einer gratis Skianalyse angeboten.<\/strong> Soviel ich weis waren dies die ersten kommerziell angebotenen Online Skianalysen. Alle DVDs wurden einzeln gebrannt und h\u00e4ndisch beschriftet und verpackt. Die Verk\u00e4ufe wurden mehr und mehr und bald musste ich die gratis Skianalyse streichen.<\/p>\n<p>[\/et_pb_text][\/et_pb_column][\/et_pb_row][et_pb_row column_structure=&#8220;1_2,1_2&#8243; _builder_version=&#8220;4.4.6&#8243;][et_pb_column type=&#8220;1_2&#8243; _builder_version=&#8220;4.4.6&#8243;][et_pb_image src=&#8220;https:\/\/sofaski.com\/wp-content\/uploads\/2020\/05\/Bild2-German-2-1.jpg&#8220; title_text=&#8220;Bild2 German-2&#8243; _builder_version=&#8220;4.4.6&#8243;][\/et_pb_image][\/et_pb_column][et_pb_column type=&#8220;1_2&#8243; _builder_version=&#8220;4.4.6&#8243;][et_pb_image src=&#8220;https:\/\/sofaski.com\/wp-content\/uploads\/2020\/05\/IMG_9319-c-800.jpg&#8220; title_text=&#8220;IMG_9319 c 800&#8243; _builder_version=&#8220;4.4.6&#8243;][\/et_pb_image][\/et_pb_column][\/et_pb_row][et_pb_row _builder_version=&#8220;4.4.6&#8243;][et_pb_column type=&#8220;4_4&#8243; _builder_version=&#8220;4.4.6&#8243;][et_pb_text _builder_version=&#8220;4.4.6&#8243;]<\/p>\n<p>Im <strong>Fr\u00fchling 2008<\/strong> unterschrieb ich einen Distributionsvertrag mit VAS Entertainment, dem weltweit gr\u00f6\u00dften Sportfilm Verlag, um ein gr\u00f6\u00dferes Publikum zu erreichen.<strong> Die DVD &#8222;Sofa Ski School &#8211; From Blue to Black&#8220; wurde im Herbst 2008 ver\u00f6ffentlicht und ist mittlerweile mit \u00fcber 20.000 verkauften Exemplaren eine der meistverkauften Skiunterrichts DVDs am Markt.<\/strong> Die Carving Ski Lesson auf YouTube ist nach wie vor das meistgesehene Skiunterrichtsvideo online und h\u00e4lt bei 3,6 Millionen Aufrufen (4,4 Millionen wenn man alle Versionen zusammenz\u00e4hlt).<\/p>\n<p><strong>2009<\/strong> bekam ich das Angebot die Skischule in Treble Cone, Neuseeland zu \u00fcbernehmen. Ich kannte das Skigebiet, da ich dort die beiden \u201eSommer\u201c davor bereits als Skirennlauf Trainer gearbeitet hatte. Ziel war es die Skischule anzuschieben und in Zusammenarbeit mit Sofa Ski School neue Gesch\u00e4ftsfelder zu entwickeln.<\/p>\n<p>F\u00fcr die Winter in der N\u00f6rdlichen Hemisph\u00e4re kehrte ich 2009 wieder nach \u00d6sterreich zur\u00fcck, um am <a href=\"http:\/\/www.skiarlberg.at\/de\" target=\"_blank\" rel=\"noopener noreferrer\">Arlberg<\/a> und im <a href=\"http:\/\/www.montafon.at\">Montafon<\/a> zu unterrichten. Durch meine DVD stieg mein Bekanntheitsgrad international und so hatte ich immer mehr Skifahrer die zum Training mit mir nach <a href=\"www.vorarlberg.travel\/\">Vorarlberg<\/a> kamen.<\/p>\n<p><strong>2011<\/strong> veranstaltete ich das erste Sofa Ski Camp. Ziel war es mit einer Gruppe von motivierten Skifahrern, \u00e4hnlicher Leistungsstufe ein paar Tage in Folge intensiv zu trainieren.<\/p>\n<p><strong>2011<\/strong> entschied sich Treble Cone in Zusammenarbeit mit Sofa Ski School auch in Neuseeland Sofa Ski Camps anzubieten.<\/p>\n<p><strong>2014<\/strong> ver\u00f6ffentlichte ich meine zweite DVD <strong>\u201eFrom Blue to Powder\u201c<\/strong> gefilmt in Treble Cone.<\/p>\n<p>2014 erhielt ich erstmals eine professionelle Website mit <strong>Mitgliederbereich<\/strong> in dem Kunden zus\u00e4tzliche Inhalte abrufen konnten. <strong>Beide Videos konnten nun auch on-demand und zum download erworben werden.<\/strong><\/p>\n<p><strong>2016<\/strong>\u00a0wurden meine Camps in Neuseeland bereits von \u00fcber 100 Skifahrern besucht und ich trat von der Skischulleiter Position zur\u00fcck, um mich noch mehr auf die Sofa Ski Camps konzentrieren zu k\u00f6nnen. <strong>In nur 8 Jahren konnte die Skischule, trotz stagnierender Besucherzahlen im Skigebiet, in Umsatz und unterrichteten Stunden verdoppelt werden.<\/strong><\/p>\n<p><strong>2019 wurden die Sofa Ski Camps at Treble Cone zum weltweit gr\u00f6\u00dften Ski Improvement Camp f\u00fcr touristische Skil\u00e4ufer.<\/strong> In 8 Jahren wuchs das Programm von 20 Teilnehmern auf 262, generierte 1300 Skifahrertage und 8% des Umsatzes des gesamten Skigebiets (Lifttickets, Skischule, Verleih, Cafes, Restaurants,\u2026 inklusive).<\/p>\n<p><strong>2020<\/strong> wurde Treble Cone verkauft und die Sofa Ski Camps vom neuen Management eingestellt.<\/p>\n<p>[\/et_pb_text][\/et_pb_column][\/et_pb_row][et_pb_row column_structure=&#8220;1_2,1_2&#8243; _builder_version=&#8220;4.4.6&#8243;][et_pb_column type=&#8220;1_2&#8243; _builder_version=&#8220;4.4.6&#8243;][et_pb_image src=&#8220;https:\/\/sofaski.com\/wp-content\/uploads\/2020\/05\/SOFA-DVD-promo-screenshot-dvd-and-download.jpg&#8220; title_text=&#8220;SOFA DVD promo screenshot dvd and download&#8220; _builder_version=&#8220;4.4.6&#8243;][\/et_pb_image][\/et_pb_column][et_pb_column type=&#8220;1_2&#8243; _builder_version=&#8220;4.4.6&#8243;][et_pb_image src=&#8220;https:\/\/sofaski.com\/wp-content\/uploads\/2020\/05\/SOFA-SKI-CAMPS-TC-2019-TEAM-logo.jpg&#8220; title_text=&#8220;SOFA SKI CAMPS TC 2019 TEAM logo&#8220; _builder_version=&#8220;4.4.6&#8243;][\/et_pb_image][\/et_pb_column][\/et_pb_row][et_pb_row _builder_version=&#8220;4.4.6&#8243;][et_pb_column type=&#8220;4_4&#8243; _builder_version=&#8220;4.4.6&#8243;][et_pb_text _builder_version=&#8220;4.4.6&#8243;]<\/p>\n<p><strong>Seit 2019 werden Sofa Ski Camps auch in Japan angeboten.<\/strong> Durchgef\u00fchrt von <a href=\"https:\/\/www.skisportadventure.com\/\" target=\"_blank\" rel=\"noopener noreferrer\"><strong>Hansj\u00f6rg Rumpold \/ Ski Sport Adventure<\/strong><\/a>\u00a0konnten <strong>2020 bereits \u00fcber 60 Teilnehmer mit Sofa Ski Camps Coaches in Japan trainieren.<\/strong><\/p>\n<p>Auch die <strong>Sofa Ski Camps \u00d6sterreich und das KM Privat Coaching im Montafon<\/strong> entwickelten sich sehr positiv in den letzten Jahren und jeden Winter werden 800 \u00dcbernachtungen von Skifahrern generiert die zum Training mit mir ins Montafon kommen.<\/p>\n<p><strong>Im Mai 2020<\/strong> wurde die neue Website <a href=\"http:\/\/www.sofaski.com\" target=\"_blank\" rel=\"noopener noreferrer\">SOFASKI.COM<\/a> ver\u00f6ffentlicht. Es kam zum Markenwechsel von Sofa Ski School auf SOFASKI.COM um die verschiedenen Leistungen der Firma besser zu beschreiben. SOFASKI.COM umfasst dabei die wichtigsten Services f\u00fcr Skifahrer die an Ihrer Skitechnik arbeiten wollen, von <strong>Skiunterrichtsvideos (<a href=\"http:\/\/www.sofaskischool.com\">sofaskischool.com<\/a>)<\/strong> \u00fcber <strong>Online Skianalysen und Trainingsplanungen (<a href=\"http:\/\/www.skianalyse.de\">skianalyse.de<\/a>)<\/strong> bis zu <strong>Ski Camps und Privat Coachings (<a href=\"http:\/\/www.sofaskicamps.com\">sofaskicamps.com<\/a>)<\/strong>.<\/p>\n<p>[\/et_pb_text][\/et_pb_column][\/et_pb_row][et_pb_row _builder_version=&#8220;4.4.8&#8243;][et_pb_column type=&#8220;4_4&#8243; _builder_version=&#8220;4.4.8&#8243;][et_pb_text _builder_version=&#8220;4.4.8&#8243; text_font_size=&#8220;25px&#8220; hover_enabled=&#8220;0&#8243; text_font_size_last_edited=&#8220;on|phone&#8220; text_font_size_phone=&#8220;16px&#8220; text_line_height=&#8220;1.5em&#8220;]<\/p>\n<p style=\"text-align: center;\"><span style=\"color: #0000ff;\"><em><a href=\"http:\/\/www.facebook.com\/SofaSkiSchool\" style=\"color: #0000ff;\">www.facebook.com\/SofaSkiSchool<\/a><\/em><\/span><\/p>\n<p style=\"text-align: center;\"><span style=\"color: #0000ff;\"><em> <a href=\"http:\/\/www.youtube.com\/MairKlaus\" style=\"color: #0000ff;\">www.youtube.com\/MairKlaus<\/a><\/em><\/span><\/p>\n<p style=\"text-align: center;\"><span style=\"color: #0000ff;\"><em> <a href=\"http:\/\/www.instagram.com\/sofaskischool\" style=\"color: #0000ff;\">www.instagram.com\/sofaskischool<\/a><\/em><\/span><\/p>\n<p>[\/et_pb_text][\/et_pb_column][\/et_pb_row][et_pb_row _builder_version=&#8220;4.4.6&#8243;][et_pb_column type=&#8220;4_4&#8243; _builder_version=&#8220;4.4.6&#8243;][et_pb_image src=&#8220;https:\/\/sofaski.com\/wp-content\/uploads\/2020\/05\/Branding-2020-deutsch.jpg&#8220; title_text=&#8220;Branding 2020 deutsch&#8220; _builder_version=&#8220;4.4.6&#8243;][\/et_pb_image][\/et_pb_column][\/et_pb_row][et_pb_row _builder_version=&#8220;4.4.8&#8243; hover_enabled=&#8220;0&#8243; custom_margin_last_edited=&#8220;on|desktop&#8220; custom_margin=&#8220;||463px||false|false&#8220; custom_margin_phone=&#8220;||203px||false|false&#8220; custom_margin_tablet=&#8220;||614px||false|false&#8220;][et_pb_column type=&#8220;4_4&#8243; _builder_version=&#8220;4.4.6&#8243;][et_pb_code _builder_version=&#8220;4.4.8&#8243; hover_enabled=&#8220;0&#8243; custom_margin=&#8220;||242px||false|false&#8220; custom_margin_last_edited=&#8220;on|tablet&#8220; custom_margin_tablet=&#8220;||202px||false|false&#8220;]<iframe src=\"https:\/\/player.vimeo.com\/video\/421586266\" width=\"640\" height=\"360\" frameborder=\"0\" allow=\"autoplay; fullscreen\" allowfullscreen><\/iframe>[\/et_pb_code][\/et_pb_column][\/et_pb_row][\/et_pb_section]<\/p>\n<span class=\"et_bloom_bottom_trigger\"><\/span>","protected":false},"excerpt":{"rendered":"<p>Die\u00a0Sofa Ski School\u00a0Story Die Idee dazu meine eigene Skiunterrichts DVD zu produzieren, kam mir in meiner Zeit als Skilehrer in Kalifornien. Nach Studium und Ausbildung zum Staatlich gepr\u00fcften Skilehrer wollte ich einen Winter in den USA als Skilehrer unterrichten. Ich entschied mich f\u00fcr Mammoth Mountain, eines der gr\u00f6\u00dften Skigebiete in Nordamerika und aus einem Winter [&hellip;]<\/p>\n","protected":false},"author":10254,"featured_media":0,"parent":302,"menu_order":0,"comment_status":"closed","ping_status":"closed","template":"","meta":{"_et_pb_use_builder":"on","_et_pb_old_content":"","_et_gb_content_width":"","footnotes":""},"class_list":["post-5056","page","type-page","status-publish","hentry"],"yoast_head":"<!-- This site is optimized with the Yoast SEO plugin v27.4 - https:\/\/yoast.com\/product\/yoast-seo-wordpress\/ -->\n<title>Die Sofa Ski School Story | SOFASKI.COM<\/title>\n<meta name=\"robots\" content=\"index, follow, max-snippet:-1, max-image-preview:large, max-video-preview:-1\" \/>\n<link rel=\"canonical\" href=\"https:\/\/sofaski.com\/de\/uber\/die-sofa-ski-school-story\/\" \/>\n<meta property=\"og:locale\" content=\"de_DE\" \/>\n<meta property=\"og:type\" content=\"article\" \/>\n<meta property=\"og:title\" content=\"Die Sofa Ski School Story | SOFASKI.COM\" \/>\n<meta property=\"og:description\" content=\"Die\u00a0Sofa Ski School\u00a0Story Die Idee dazu meine eigene Skiunterrichts DVD zu produzieren, kam mir in meiner Zeit als Skilehrer in Kalifornien. Nach Studium und Ausbildung zum Staatlich gepr\u00fcften Skilehrer wollte ich einen Winter in den USA als Skilehrer unterrichten. Ich entschied mich f\u00fcr Mammoth Mountain, eines der gr\u00f6\u00dften Skigebiete in Nordamerika und aus einem Winter [&hellip;]\" \/>\n<meta property=\"og:url\" content=\"https:\/\/sofaski.com\/de\/uber\/die-sofa-ski-school-story\/\" \/>\n<meta property=\"og:site_name\" content=\"SOFASKI.COM\" \/>\n<meta property=\"article:publisher\" content=\"https:\/\/www.facebook.com\/SofaSkiSchool\" \/>\n<meta property=\"article:modified_time\" content=\"2020-06-18T09:16:24+00:00\" \/>\n<meta property=\"og:image\" content=\"https:\/\/sofaski.com\/wp-content\/uploads\/2019\/11\/SOFASKI-copy-EMAIL.png\" \/>\n\t<meta property=\"og:image:width\" content=\"400\" \/>\n\t<meta property=\"og:image:height\" content=\"57\" \/>\n\t<meta property=\"og:image:type\" content=\"image\/png\" \/>\n<meta name=\"twitter:card\" content=\"summary_large_image\" \/>\n<meta name=\"twitter:label1\" content=\"Gesch\u00e4tzte Lesezeit\" \/>\n\t<meta name=\"twitter:data1\" content=\"8\u00a0Minuten\" \/>\n<script type=\"application\/ld+json\" class=\"yoast-schema-graph\">{\"@context\":\"https:\\\/\\\/schema.org\",\"@graph\":[{\"@type\":\"WebPage\",\"@id\":\"https:\\\/\\\/sofaski.com\\\/de\\\/uber\\\/die-sofa-ski-school-story\\\/\",\"url\":\"https:\\\/\\\/sofaski.com\\\/de\\\/uber\\\/die-sofa-ski-school-story\\\/\",\"name\":\"Die Sofa Ski School Story | SOFASKI.COM\",\"isPartOf\":{\"@id\":\"https:\\\/\\\/sofaski.com\\\/#website\"},\"datePublished\":\"2020-05-25T08:29:29+00:00\",\"dateModified\":\"2020-06-18T09:16:24+00:00\",\"breadcrumb\":{\"@id\":\"https:\\\/\\\/sofaski.com\\\/de\\\/uber\\\/die-sofa-ski-school-story\\\/#breadcrumb\"},\"inLanguage\":\"de\",\"potentialAction\":[{\"@type\":\"ReadAction\",\"target\":[\"https:\\\/\\\/sofaski.com\\\/de\\\/uber\\\/die-sofa-ski-school-story\\\/\"]}]},{\"@type\":\"BreadcrumbList\",\"@id\":\"https:\\\/\\\/sofaski.com\\\/de\\\/uber\\\/die-sofa-ski-school-story\\\/#breadcrumb\",\"itemListElement\":[{\"@type\":\"ListItem\",\"position\":1,\"name\":\"Home\",\"item\":\"https:\\\/\\\/sofaski.com\\\/\"},{\"@type\":\"ListItem\",\"position\":2,\"name\":\"Uber\",\"item\":\"https:\\\/\\\/sofaski.com\\\/de\\\/uber\\\/\"},{\"@type\":\"ListItem\",\"position\":3,\"name\":\"Die Sofa Ski School Story\"}]},{\"@type\":\"WebSite\",\"@id\":\"https:\\\/\\\/sofaski.com\\\/#website\",\"url\":\"https:\\\/\\\/sofaski.com\\\/\",\"name\":\"SOFASKI.COM\",\"description\":\"Every turn counts\",\"publisher\":{\"@id\":\"https:\\\/\\\/sofaski.com\\\/#organization\"},\"potentialAction\":[{\"@type\":\"SearchAction\",\"target\":{\"@type\":\"EntryPoint\",\"urlTemplate\":\"https:\\\/\\\/sofaski.com\\\/?s={search_term_string}\"},\"query-input\":{\"@type\":\"PropertyValueSpecification\",\"valueRequired\":true,\"valueName\":\"search_term_string\"}}],\"inLanguage\":\"de\"},{\"@type\":\"Organization\",\"@id\":\"https:\\\/\\\/sofaski.com\\\/#organization\",\"name\":\"SOFASKI.COM\",\"url\":\"https:\\\/\\\/sofaski.com\\\/\",\"logo\":{\"@type\":\"ImageObject\",\"inLanguage\":\"de\",\"@id\":\"https:\\\/\\\/sofaski.com\\\/#\\\/schema\\\/logo\\\/image\\\/\",\"url\":\"https:\\\/\\\/sofaski.com\\\/wp-content\\\/uploads\\\/2019\\\/11\\\/SOFASKI-copy-EMAIL.png\",\"contentUrl\":\"https:\\\/\\\/sofaski.com\\\/wp-content\\\/uploads\\\/2019\\\/11\\\/SOFASKI-copy-EMAIL.png\",\"width\":400,\"height\":57,\"caption\":\"SOFASKI.COM\"},\"image\":{\"@id\":\"https:\\\/\\\/sofaski.com\\\/#\\\/schema\\\/logo\\\/image\\\/\"},\"sameAs\":[\"https:\\\/\\\/www.facebook.com\\\/SofaSkiSchool\",\"https:\\\/\\\/www.instagram.com\\\/sofaskischool\\\/\",\"https:\\\/\\\/www.youtube.com\\\/c\\\/KlausMair\"]}]}<\/script>\n<!-- \/ Yoast SEO plugin. -->","yoast_head_json":{"title":"Die Sofa Ski School Story | SOFASKI.COM","robots":{"index":"index","follow":"follow","max-snippet":"max-snippet:-1","max-image-preview":"max-image-preview:large","max-video-preview":"max-video-preview:-1"},"canonical":"https:\/\/sofaski.com\/de\/uber\/die-sofa-ski-school-story\/","og_locale":"de_DE","og_type":"article","og_title":"Die Sofa Ski School Story | SOFASKI.COM","og_description":"Die\u00a0Sofa Ski School\u00a0Story Die Idee dazu meine eigene Skiunterrichts DVD zu produzieren, kam mir in meiner Zeit als Skilehrer in Kalifornien. Nach Studium und Ausbildung zum Staatlich gepr\u00fcften Skilehrer wollte ich einen Winter in den USA als Skilehrer unterrichten. Ich entschied mich f\u00fcr Mammoth Mountain, eines der gr\u00f6\u00dften Skigebiete in Nordamerika und aus einem Winter [&hellip;]","og_url":"https:\/\/sofaski.com\/de\/uber\/die-sofa-ski-school-story\/","og_site_name":"SOFASKI.COM","article_publisher":"https:\/\/www.facebook.com\/SofaSkiSchool","article_modified_time":"2020-06-18T09:16:24+00:00","og_image":[{"width":400,"height":57,"url":"https:\/\/sofaski.com\/wp-content\/uploads\/2019\/11\/SOFASKI-copy-EMAIL.png","type":"image\/png"}],"twitter_card":"summary_large_image","twitter_misc":{"Gesch\u00e4tzte Lesezeit":"8\u00a0Minuten"},"schema":{"@context":"https:\/\/schema.org","@graph":[{"@type":"WebPage","@id":"https:\/\/sofaski.com\/de\/uber\/die-sofa-ski-school-story\/","url":"https:\/\/sofaski.com\/de\/uber\/die-sofa-ski-school-story\/","name":"Die Sofa Ski School Story | SOFASKI.COM","isPartOf":{"@id":"https:\/\/sofaski.com\/#website"},"datePublished":"2020-05-25T08:29:29+00:00","dateModified":"2020-06-18T09:16:24+00:00","breadcrumb":{"@id":"https:\/\/sofaski.com\/de\/uber\/die-sofa-ski-school-story\/#breadcrumb"},"inLanguage":"de","potentialAction":[{"@type":"ReadAction","target":["https:\/\/sofaski.com\/de\/uber\/die-sofa-ski-school-story\/"]}]},{"@type":"BreadcrumbList","@id":"https:\/\/sofaski.com\/de\/uber\/die-sofa-ski-school-story\/#breadcrumb","itemListElement":[{"@type":"ListItem","position":1,"name":"Home","item":"https:\/\/sofaski.com\/"},{"@type":"ListItem","position":2,"name":"Uber","item":"https:\/\/sofaski.com\/de\/uber\/"},{"@type":"ListItem","position":3,"name":"Die Sofa Ski School Story"}]},{"@type":"WebSite","@id":"https:\/\/sofaski.com\/#website","url":"https:\/\/sofaski.com\/","name":"SOFASKI.COM","description":"Every turn counts","publisher":{"@id":"https:\/\/sofaski.com\/#organization"},"potentialAction":[{"@type":"SearchAction","target":{"@type":"EntryPoint","urlTemplate":"https:\/\/sofaski.com\/?s={search_term_string}"},"query-input":{"@type":"PropertyValueSpecification","valueRequired":true,"valueName":"search_term_string"}}],"inLanguage":"de"},{"@type":"Organization","@id":"https:\/\/sofaski.com\/#organization","name":"SOFASKI.COM","url":"https:\/\/sofaski.com\/","logo":{"@type":"ImageObject","inLanguage":"de","@id":"https:\/\/sofaski.com\/#\/schema\/logo\/image\/","url":"https:\/\/sofaski.com\/wp-content\/uploads\/2019\/11\/SOFASKI-copy-EMAIL.png","contentUrl":"https:\/\/sofaski.com\/wp-content\/uploads\/2019\/11\/SOFASKI-copy-EMAIL.png","width":400,"height":57,"caption":"SOFASKI.COM"},"image":{"@id":"https:\/\/sofaski.com\/#\/schema\/logo\/image\/"},"sameAs":["https:\/\/www.facebook.com\/SofaSkiSchool","https:\/\/www.instagram.com\/sofaskischool\/","https:\/\/www.youtube.com\/c\/KlausMair"]}]}},"_links":{"self":[{"href":"https:\/\/sofaski.com\/de\/wp-json\/wp\/v2\/pages\/5056","targetHints":{"allow":["GET"]}}],"collection":[{"href":"https:\/\/sofaski.com\/de\/wp-json\/wp\/v2\/pages"}],"about":[{"href":"https:\/\/sofaski.com\/de\/wp-json\/wp\/v2\/types\/page"}],"author":[{"embeddable":true,"href":"https:\/\/sofaski.com\/de\/wp-json\/wp\/v2\/users\/10254"}],"replies":[{"embeddable":true,"href":"https:\/\/sofaski.com\/de\/wp-json\/wp\/v2\/comments?post=5056"}],"version-history":[{"count":14,"href":"https:\/\/sofaski.com\/de\/wp-json\/wp\/v2\/pages\/5056\/revisions"}],"predecessor-version":[{"id":6255,"href":"https:\/\/sofaski.com\/de\/wp-json\/wp\/v2\/pages\/5056\/revisions\/6255"}],"up":[{"embeddable":true,"href":"https:\/\/sofaski.com\/de\/wp-json\/wp\/v2\/pages\/302"}],"wp:attachment":[{"href":"https:\/\/sofaski.com\/de\/wp-json\/wp\/v2\/media?parent=5056"}],"curies":[{"name":"wp","href":"https:\/\/api.w.org\/{rel}","templated":true}]}}