{"id":497,"date":"2019-10-07T12:05:32","date_gmt":"2019-10-07T12:05:32","guid":{"rendered":"https:\/\/klanten.poort3.nl\/sss\/?page_id=497"},"modified":"2024-07-24T07:48:39","modified_gmt":"2024-07-24T07:48:39","slug":"about-sofaski-com","status":"publish","type":"page","link":"https:\/\/sofaski.com\/de\/uber\/about-sofaski-com\/","title":{"rendered":"About SofaSki.com"},"content":{"rendered":"<p>[et_pb_section fb_built=&#8220;1&#8243; _builder_version=&#8220;4.16&#8243; custom_padding=&#8220;14px||16px|||&#8220; global_colors_info=&#8220;{}&#8220;][et_pb_row _builder_version=&#8220;4.16&#8243; global_colors_info=&#8220;{}&#8220;][et_pb_column type=&#8220;4_4&#8243; _builder_version=&#8220;4.16&#8243; global_colors_info=&#8220;{}&#8220;][et_pb_text _builder_version=&#8220;4.16&#8243; custom_margin=&#8220;46px||||false|false&#8220; global_colors_info=&#8220;{}&#8220;]<\/p>\n<h1>\u00dcber\u00a0<span style=\"color: #cf0000;\">SOFASKI.COM<\/span><\/h1>\n<p style=\"text-align: justify;\">SOFASKI.COM bietet Skiunterrichts Videos, Online Skianalysen, Trainingsplanungen, Privat Coaching und Skitechnik Camps in \u00d6sterreich, Japan, Deutschland und Neuseeland.<\/p>\n<p style=\"text-align: justify;\"><strong><em>Es ist unser Ziel professionelles Coaching einer gr\u00f6\u00dferen Gruppe an Skifahrern zug\u00e4nglich zu machen und\u00a0zu einem besseren Skitechnik Verst\u00e4ndnis beizutragen, um Skifahrer aller K\u00f6nnensstufen zu inspirieren an Ihrer Skitechnik zu arbeiten.<\/em><\/strong><\/p>\n<p style=\"text-align: justify;\">Die\u00a0Sofa Ski School Methode basiert auf der <strong>\u00d6sterreichischen Skischule<\/strong> und hat Ihren Schwerpunkt auf den Skigrundlagen und einer aufbauenden Lehrmethode, welche den Transfer von grundlegenden Skifertigkeiten in fortgeschrittene Skitechniken erlaubt.<\/p>\n<p style=\"text-align: justify;\">Gegr\u00fcndet 2007 unter dem Namen Sofa Ski School wurde die Firma 2019 in SOFASKI.COM umbenannt.<\/p>\n<p>[\/et_pb_text][\/et_pb_column][\/et_pb_row][et_pb_row column_structure=&#8220;1_4,1_4,1_4,1_4&#8243; disabled_on=&#8220;on|off|off&#8220; _builder_version=&#8220;4.16&#8243; _module_preset=&#8220;default&#8220; global_colors_info=&#8220;{}&#8220;][et_pb_column type=&#8220;1_4&#8243; _builder_version=&#8220;4.16&#8243; _module_preset=&#8220;default&#8220; global_colors_info=&#8220;{}&#8220;][et_pb_image src=&#8220;https:\/\/sofaski.com\/wp-content\/uploads\/2021\/03\/Image3-b-Kopie-600.jpg&#8220; title_text=&#8220;Image3 b Kopie 600&#8243; _builder_version=&#8220;4.16&#8243; _module_preset=&#8220;default&#8220; global_colors_info=&#8220;{}&#8220;][\/et_pb_image][\/et_pb_column][et_pb_column type=&#8220;1_4&#8243; _builder_version=&#8220;4.16&#8243; _module_preset=&#8220;default&#8220; global_colors_info=&#8220;{}&#8220;][et_pb_image src=&#8220;https:\/\/sofaski.com\/wp-content\/uploads\/2020\/05\/FINAL-THUMB-BTP-Youtube-Powder.jpg&#8220; title_text=&#8220;FINAL THUMB BTP Youtube Powder&#8220; _builder_version=&#8220;4.16&#8243; _module_preset=&#8220;default&#8220; global_colors_info=&#8220;{}&#8220;][\/et_pb_image][\/et_pb_column][et_pb_column type=&#8220;1_4&#8243; _builder_version=&#8220;4.16&#8243; _module_preset=&#8220;default&#8220; global_colors_info=&#8220;{}&#8220;][et_pb_image src=&#8220;https:\/\/sofaski.com\/wp-content\/uploads\/2019\/10\/Analysis-Video-Check-Thumb-v2-logo-round-more-centered-vCALLUM.jpg&#8220; alt=&#8220;Online Ski Analysis&#8220; title_text=&#8220;Analysis Video Check Thumb v2 logo round more centered vCALLUM&#8220; _builder_version=&#8220;4.16&#8243; _module_preset=&#8220;default&#8220; global_colors_info=&#8220;{}&#8220;][\/et_pb_image][\/et_pb_column][et_pb_column type=&#8220;1_4&#8243; _builder_version=&#8220;4.16&#8243; _module_preset=&#8220;default&#8220; global_colors_info=&#8220;{}&#8220;][et_pb_image src=&#8220;https:\/\/sofaski.com\/wp-content\/uploads\/2020\/08\/SOFA-SKI-CAMPS-TC-2019-TEAM-logo-SMALL.jpg&#8220; alt=&#8220;SOFA SKI CAMPS&#8220; title_text=&#8220;SOFA SKI CAMPS&#8220; _builder_version=&#8220;4.16&#8243; _module_preset=&#8220;default&#8220; global_colors_info=&#8220;{}&#8220;][\/et_pb_image][\/et_pb_column][\/et_pb_row][\/et_pb_section][et_pb_section fb_built=&#8220;1&#8243; _builder_version=&#8220;4.16&#8243; background_color=&#8220;#f2f2f2&#8243; custom_padding=&#8220;27px||26px|||&#8220; global_colors_info=&#8220;{}&#8220;][et_pb_row column_structure=&#8220;3_5,2_5&#8243; _builder_version=&#8220;4.16&#8243; global_colors_info=&#8220;{}&#8220;][et_pb_column type=&#8220;3_5&#8243; _builder_version=&#8220;4.16&#8243; global_colors_info=&#8220;{}&#8220;][et_pb_text _builder_version=&#8220;4.16&#8243; custom_padding=&#8220;||0px|||&#8220; global_colors_info=&#8220;{}&#8220;]<\/p>\n<p style=\"text-align: center;\">&#8222;<em><strong>Je besser Sie Skifahren verstehen,<\/strong><\/em><\/p>\n<p style=\"text-align: center;\"><em><strong> umso besser k\u00f6nnen Sie sich selbst \u00fcberpr\u00fcfen und Anpassungen vornehmen.<\/strong><\/em><\/p>\n<p style=\"text-align: center;\"><strong>LERNEN<\/strong> Sie mehr \u00fcber Skitechnik,<\/p>\n<p style=\"text-align: center;\"><strong>VERSTEHEN<\/strong> Sie Ihr eigenes Skifahren besser durch eine Ski Analyse<\/p>\n<p style=\"text-align: center;\">und <strong>TRAINIEREN<\/strong> Sie mit uns!\u201d<\/p>\n<p>[\/et_pb_text][et_pb_image src=&#8220;https:\/\/sofaski.com\/wp-content\/uploads\/2019\/10\/signaturetransparentcopy.png&#8220; title_text=&#8220;signature+transparent+copy&#8220; align=&#8220;center&#8220; _builder_version=&#8220;4.16&#8243; global_colors_info=&#8220;{}&#8220;][\/et_pb_image][\/et_pb_column][et_pb_column type=&#8220;2_5&#8243; _builder_version=&#8220;4.16&#8243; global_colors_info=&#8220;{}&#8220;][et_pb_button button_url=&#8220;@ET-DC@eyJkeW5hbWljIjp0cnVlLCJjb250ZW50IjoicG9zdF9saW5rX3VybF9wYWdlIiwic2V0dGluZ3MiOnsicG9zdF9pZCI6IjQ4OCJ9fQ==@&#8220; button_text=&#8220;\u00dcBER Klaus Mair&#8220; button_alignment=&#8220;center&#8220; _builder_version=&#8220;4.16&#8243; _dynamic_attributes=&#8220;button_url&#8220; custom_margin=&#8220;92px||||false|false&#8220; custom_margin_tablet=&#8220;&#8220; custom_margin_phone=&#8220;2px||||false|false&#8220; custom_margin_last_edited=&#8220;on|phone&#8220; global_colors_info=&#8220;{}&#8220; custom_margin__hover_enabled=&#8220;on|desktop&#8220; custom_margin__hover=&#8220;92px||||false|false&#8220;][\/et_pb_button][\/et_pb_column][\/et_pb_row][\/et_pb_section][et_pb_section fb_built=&#8220;1&#8243; _builder_version=&#8220;4.16&#8243; custom_padding=&#8220;32px||23px|||&#8220; global_colors_info=&#8220;{}&#8220;][et_pb_row _builder_version=&#8220;4.16&#8243; custom_padding=&#8220;40px|||||&#8220; global_colors_info=&#8220;{}&#8220;][et_pb_column type=&#8220;4_4&#8243; _builder_version=&#8220;4.16&#8243; global_colors_info=&#8220;{}&#8220;][et_pb_button button_url=&#8220;@ET-DC@eyJkeW5hbWljIjp0cnVlLCJjb250ZW50IjoicG9zdF9saW5rX3VybF9wYWdlIiwic2V0dGluZ3MiOnsicG9zdF9pZCI6IjUwNTYifX0=@&#8220; button_text=&#8220;DIE SOFA SKI SCHOOL STORY&#8220; button_alignment=&#8220;center&#8220; _builder_version=&#8220;4.16&#8243; _dynamic_attributes=&#8220;button_url&#8220; global_colors_info=&#8220;{}&#8220;][\/et_pb_button][\/et_pb_column][\/et_pb_row][et_pb_row _builder_version=&#8220;4.16&#8243; _module_preset=&#8220;default&#8220; global_colors_info=&#8220;{}&#8220;][et_pb_column type=&#8220;4_4&#8243; _builder_version=&#8220;4.16&#8243; _module_preset=&#8220;default&#8220; global_colors_info=&#8220;{}&#8220;][et_pb_video src=&#8220;https:\/\/vimeo.com\/518977561&#8243; _builder_version=&#8220;4.16&#8243; _module_preset=&#8220;default&#8220; global_colors_info=&#8220;{}&#8220;][\/et_pb_video][\/et_pb_column][\/et_pb_row][\/et_pb_section][et_pb_section fb_built=&#8220;1&#8243; _builder_version=&#8220;4.16&#8243; custom_margin=&#8220;-4px|||||&#8220; custom_padding=&#8220;19px||23px|||&#8220; global_colors_info=&#8220;{}&#8220;][et_pb_row _builder_version=&#8220;4.16&#8243; custom_padding=&#8220;13px|||||&#8220; global_colors_info=&#8220;{}&#8220;][et_pb_column type=&#8220;4_4&#8243; _builder_version=&#8220;4.16&#8243; global_colors_info=&#8220;{}&#8220;][et_pb_text content_tablet=&#8220;&#8220; content_phone=&#8220;&#8220; content_last_edited=&#8220;on|phone&#8220; _builder_version=&#8220;4.16&#8243; text_font_size=&#8220;29px&#8220; text_line_height=&#8220;2.2em&#8220; text_font_size_tablet=&#8220;&#8220; text_font_size_phone=&#8220;18px&#8220; text_font_size_last_edited=&#8220;on|phone&#8220; global_colors_info=&#8220;{}&#8220;]<\/p>\n<p style=\"text-align: center;\"><span style=\"color: #3126b5;\"><a href=\"http:\/\/www.facebook.com\/SofaSkiSchool\" style=\"color: #3126b5;\">www.facebook.com\/SofaSkiSchool<\/a><\/span><br \/> <span style=\"color: #3126b5;\"> <a href=\"http:\/\/www.youtube.com\/MairKlaus\" style=\"color: #3126b5;\">www.youtube.com\/MairKlaus<\/a><\/span><br \/> <span style=\"color: #3126b5;\"> <a href=\"http:\/\/www.instagram.com\/sofaskischool\" style=\"color: #3126b5;\">www.instagram.com\/sofaskischool<\/a><\/span><\/p>\n<p>[\/et_pb_text][\/et_pb_column][\/et_pb_row][\/et_pb_section][et_pb_section fb_built=&#8220;1&#8243; _builder_version=&#8220;4.16&#8243; custom_padding=&#8220;9px|||||&#8220; global_colors_info=&#8220;{}&#8220;][et_pb_row _builder_version=&#8220;4.16&#8243; global_colors_info=&#8220;{}&#8220;][et_pb_column type=&#8220;4_4&#8243; _builder_version=&#8220;4.16&#8243; global_colors_info=&#8220;{}&#8220;][et_pb_image src=&#8220;https:\/\/sofaski.com\/wp-content\/uploads\/2019\/11\/Branding-2020-deutsch-1.jpg&#8220; _builder_version=&#8220;4.16&#8243; custom_padding=&#8220;0px|||||&#8220; global_colors_info=&#8220;{}&#8220;][\/et_pb_image][\/et_pb_column][\/et_pb_row][\/et_pb_section]<\/p>\n<span class=\"et_bloom_bottom_trigger\"><\/span>","protected":false},"excerpt":{"rendered":"<p>\u00dcber\u00a0SOFASKI.COM SOFASKI.COM bietet Skiunterrichts Videos, Online Skianalysen, Trainingsplanungen, Privat Coaching und Skitechnik Camps in \u00d6sterreich, Japan, Deutschland und Neuseeland. Es ist unser Ziel professionelles Coaching einer gr\u00f6\u00dferen Gruppe an Skifahrern zug\u00e4nglich zu machen und\u00a0zu einem besseren Skitechnik Verst\u00e4ndnis beizutragen, um Skifahrer aller K\u00f6nnensstufen zu inspirieren an Ihrer Skitechnik zu arbeiten. Die\u00a0Sofa Ski School Methode basiert [&hellip;]<\/p>\n","protected":false},"author":1,"featured_media":0,"parent":302,"menu_order":0,"comment_status":"closed","ping_status":"closed","template":"","meta":{"_et_pb_use_builder":"on","_et_pb_old_content":"","_et_gb_content_width":"","footnotes":""},"class_list":["post-497","page","type-page","status-publish","hentry"],"yoast_head":"<!-- This site is optimized with the Yoast SEO plugin v27.4 - https:\/\/yoast.com\/product\/yoast-seo-wordpress\/ -->\n<title>About SofaSki.com | SOFASKI.COM<\/title>\n<meta name=\"robots\" content=\"index, follow, max-snippet:-1, max-image-preview:large, max-video-preview:-1\" \/>\n<link rel=\"canonical\" href=\"https:\/\/sofaski.com\/de\/uber\/about-sofaski-com\/\" \/>\n<meta property=\"og:locale\" content=\"de_DE\" \/>\n<meta property=\"og:type\" content=\"article\" \/>\n<meta property=\"og:title\" content=\"About SofaSki.com | SOFASKI.COM\" \/>\n<meta property=\"og:description\" content=\"\u00dcber\u00a0SOFASKI.COM SOFASKI.COM bietet Skiunterrichts Videos, Online Skianalysen, Trainingsplanungen, Privat Coaching und Skitechnik Camps in \u00d6sterreich, Japan, Deutschland und Neuseeland. Es ist unser Ziel professionelles Coaching einer gr\u00f6\u00dferen Gruppe an Skifahrern zug\u00e4nglich zu machen und\u00a0zu einem besseren Skitechnik Verst\u00e4ndnis beizutragen, um Skifahrer aller K\u00f6nnensstufen zu inspirieren an Ihrer Skitechnik zu arbeiten. Die\u00a0Sofa Ski School Methode basiert [&hellip;]\" \/>\n<meta property=\"og:url\" content=\"https:\/\/sofaski.com\/de\/uber\/about-sofaski-com\/\" \/>\n<meta property=\"og:site_name\" content=\"SOFASKI.COM\" \/>\n<meta property=\"article:publisher\" content=\"https:\/\/www.facebook.com\/SofaSkiSchool\" \/>\n<meta property=\"article:modified_time\" content=\"2024-07-24T07:48:39+00:00\" \/>\n<meta property=\"og:image\" content=\"https:\/\/sofaski.com\/wp-content\/uploads\/2019\/11\/SOFASKI-copy-EMAIL.png\" \/>\n\t<meta property=\"og:image:width\" content=\"400\" \/>\n\t<meta property=\"og:image:height\" content=\"57\" \/>\n\t<meta property=\"og:image:type\" content=\"image\/png\" \/>\n<meta name=\"twitter:card\" content=\"summary_large_image\" \/>\n<meta name=\"twitter:label1\" content=\"Gesch\u00e4tzte Lesezeit\" \/>\n\t<meta name=\"twitter:data1\" content=\"4\u00a0Minuten\" \/>\n<script type=\"application\/ld+json\" class=\"yoast-schema-graph\">{\"@context\":\"https:\\\/\\\/schema.org\",\"@graph\":[{\"@type\":\"WebPage\",\"@id\":\"https:\\\/\\\/sofaski.com\\\/de\\\/uber\\\/about-sofaski-com\\\/\",\"url\":\"https:\\\/\\\/sofaski.com\\\/de\\\/uber\\\/about-sofaski-com\\\/\",\"name\":\"About SofaSki.com | SOFASKI.COM\",\"isPartOf\":{\"@id\":\"https:\\\/\\\/sofaski.com\\\/#website\"},\"datePublished\":\"2019-10-07T12:05:32+00:00\",\"dateModified\":\"2024-07-24T07:48:39+00:00\",\"breadcrumb\":{\"@id\":\"https:\\\/\\\/sofaski.com\\\/de\\\/uber\\\/about-sofaski-com\\\/#breadcrumb\"},\"inLanguage\":\"de\",\"potentialAction\":[{\"@type\":\"ReadAction\",\"target\":[\"https:\\\/\\\/sofaski.com\\\/de\\\/uber\\\/about-sofaski-com\\\/\"]}]},{\"@type\":\"BreadcrumbList\",\"@id\":\"https:\\\/\\\/sofaski.com\\\/de\\\/uber\\\/about-sofaski-com\\\/#breadcrumb\",\"itemListElement\":[{\"@type\":\"ListItem\",\"position\":1,\"name\":\"Home\",\"item\":\"https:\\\/\\\/sofaski.com\\\/\"},{\"@type\":\"ListItem\",\"position\":2,\"name\":\"Uber\",\"item\":\"https:\\\/\\\/sofaski.com\\\/de\\\/uber\\\/\"},{\"@type\":\"ListItem\",\"position\":3,\"name\":\"About SofaSki.com\"}]},{\"@type\":\"WebSite\",\"@id\":\"https:\\\/\\\/sofaski.com\\\/#website\",\"url\":\"https:\\\/\\\/sofaski.com\\\/\",\"name\":\"SOFASKI.COM\",\"description\":\"Every turn counts\",\"publisher\":{\"@id\":\"https:\\\/\\\/sofaski.com\\\/#organization\"},\"potentialAction\":[{\"@type\":\"SearchAction\",\"target\":{\"@type\":\"EntryPoint\",\"urlTemplate\":\"https:\\\/\\\/sofaski.com\\\/?s={search_term_string}\"},\"query-input\":{\"@type\":\"PropertyValueSpecification\",\"valueRequired\":true,\"valueName\":\"search_term_string\"}}],\"inLanguage\":\"de\"},{\"@type\":\"Organization\",\"@id\":\"https:\\\/\\\/sofaski.com\\\/#organization\",\"name\":\"SOFASKI.COM\",\"url\":\"https:\\\/\\\/sofaski.com\\\/\",\"logo\":{\"@type\":\"ImageObject\",\"inLanguage\":\"de\",\"@id\":\"https:\\\/\\\/sofaski.com\\\/#\\\/schema\\\/logo\\\/image\\\/\",\"url\":\"https:\\\/\\\/sofaski.com\\\/wp-content\\\/uploads\\\/2019\\\/11\\\/SOFASKI-copy-EMAIL.png\",\"contentUrl\":\"https:\\\/\\\/sofaski.com\\\/wp-content\\\/uploads\\\/2019\\\/11\\\/SOFASKI-copy-EMAIL.png\",\"width\":400,\"height\":57,\"caption\":\"SOFASKI.COM\"},\"image\":{\"@id\":\"https:\\\/\\\/sofaski.com\\\/#\\\/schema\\\/logo\\\/image\\\/\"},\"sameAs\":[\"https:\\\/\\\/www.facebook.com\\\/SofaSkiSchool\",\"https:\\\/\\\/www.instagram.com\\\/sofaskischool\\\/\",\"https:\\\/\\\/www.youtube.com\\\/c\\\/KlausMair\"]}]}<\/script>\n<!-- \/ Yoast SEO plugin. -->","yoast_head_json":{"title":"About SofaSki.com | SOFASKI.COM","robots":{"index":"index","follow":"follow","max-snippet":"max-snippet:-1","max-image-preview":"max-image-preview:large","max-video-preview":"max-video-preview:-1"},"canonical":"https:\/\/sofaski.com\/de\/uber\/about-sofaski-com\/","og_locale":"de_DE","og_type":"article","og_title":"About SofaSki.com | SOFASKI.COM","og_description":"\u00dcber\u00a0SOFASKI.COM SOFASKI.COM bietet Skiunterrichts Videos, Online Skianalysen, Trainingsplanungen, Privat Coaching und Skitechnik Camps in \u00d6sterreich, Japan, Deutschland und Neuseeland. Es ist unser Ziel professionelles Coaching einer gr\u00f6\u00dferen Gruppe an Skifahrern zug\u00e4nglich zu machen und\u00a0zu einem besseren Skitechnik Verst\u00e4ndnis beizutragen, um Skifahrer aller K\u00f6nnensstufen zu inspirieren an Ihrer Skitechnik zu arbeiten. Die\u00a0Sofa Ski School Methode basiert [&hellip;]","og_url":"https:\/\/sofaski.com\/de\/uber\/about-sofaski-com\/","og_site_name":"SOFASKI.COM","article_publisher":"https:\/\/www.facebook.com\/SofaSkiSchool","article_modified_time":"2024-07-24T07:48:39+00:00","og_image":[{"width":400,"height":57,"url":"https:\/\/sofaski.com\/wp-content\/uploads\/2019\/11\/SOFASKI-copy-EMAIL.png","type":"image\/png"}],"twitter_card":"summary_large_image","twitter_misc":{"Gesch\u00e4tzte Lesezeit":"4\u00a0Minuten"},"schema":{"@context":"https:\/\/schema.org","@graph":[{"@type":"WebPage","@id":"https:\/\/sofaski.com\/de\/uber\/about-sofaski-com\/","url":"https:\/\/sofaski.com\/de\/uber\/about-sofaski-com\/","name":"About SofaSki.com | SOFASKI.COM","isPartOf":{"@id":"https:\/\/sofaski.com\/#website"},"datePublished":"2019-10-07T12:05:32+00:00","dateModified":"2024-07-24T07:48:39+00:00","breadcrumb":{"@id":"https:\/\/sofaski.com\/de\/uber\/about-sofaski-com\/#breadcrumb"},"inLanguage":"de","potentialAction":[{"@type":"ReadAction","target":["https:\/\/sofaski.com\/de\/uber\/about-sofaski-com\/"]}]},{"@type":"BreadcrumbList","@id":"https:\/\/sofaski.com\/de\/uber\/about-sofaski-com\/#breadcrumb","itemListElement":[{"@type":"ListItem","position":1,"name":"Home","item":"https:\/\/sofaski.com\/"},{"@type":"ListItem","position":2,"name":"Uber","item":"https:\/\/sofaski.com\/de\/uber\/"},{"@type":"ListItem","position":3,"name":"About SofaSki.com"}]},{"@type":"WebSite","@id":"https:\/\/sofaski.com\/#website","url":"https:\/\/sofaski.com\/","name":"SOFASKI.COM","description":"Every turn counts","publisher":{"@id":"https:\/\/sofaski.com\/#organization"},"potentialAction":[{"@type":"SearchAction","target":{"@type":"EntryPoint","urlTemplate":"https:\/\/sofaski.com\/?s={search_term_string}"},"query-input":{"@type":"PropertyValueSpecification","valueRequired":true,"valueName":"search_term_string"}}],"inLanguage":"de"},{"@type":"Organization","@id":"https:\/\/sofaski.com\/#organization","name":"SOFASKI.COM","url":"https:\/\/sofaski.com\/","logo":{"@type":"ImageObject","inLanguage":"de","@id":"https:\/\/sofaski.com\/#\/schema\/logo\/image\/","url":"https:\/\/sofaski.com\/wp-content\/uploads\/2019\/11\/SOFASKI-copy-EMAIL.png","contentUrl":"https:\/\/sofaski.com\/wp-content\/uploads\/2019\/11\/SOFASKI-copy-EMAIL.png","width":400,"height":57,"caption":"SOFASKI.COM"},"image":{"@id":"https:\/\/sofaski.com\/#\/schema\/logo\/image\/"},"sameAs":["https:\/\/www.facebook.com\/SofaSkiSchool","https:\/\/www.instagram.com\/sofaskischool\/","https:\/\/www.youtube.com\/c\/KlausMair"]}]}},"_links":{"self":[{"href":"https:\/\/sofaski.com\/de\/wp-json\/wp\/v2\/pages\/497","targetHints":{"allow":["GET"]}}],"collection":[{"href":"https:\/\/sofaski.com\/de\/wp-json\/wp\/v2\/pages"}],"about":[{"href":"https:\/\/sofaski.com\/de\/wp-json\/wp\/v2\/types\/page"}],"author":[{"embeddable":true,"href":"https:\/\/sofaski.com\/de\/wp-json\/wp\/v2\/users\/1"}],"replies":[{"embeddable":true,"href":"https:\/\/sofaski.com\/de\/wp-json\/wp\/v2\/comments?post=497"}],"version-history":[{"count":11,"href":"https:\/\/sofaski.com\/de\/wp-json\/wp\/v2\/pages\/497\/revisions"}],"predecessor-version":[{"id":11383,"href":"https:\/\/sofaski.com\/de\/wp-json\/wp\/v2\/pages\/497\/revisions\/11383"}],"up":[{"embeddable":true,"href":"https:\/\/sofaski.com\/de\/wp-json\/wp\/v2\/pages\/302"}],"wp:attachment":[{"href":"https:\/\/sofaski.com\/de\/wp-json\/wp\/v2\/media?parent=497"}],"curies":[{"name":"wp","href":"https:\/\/api.w.org\/{rel}","templated":true}]}}