{"id":488,"date":"2019-10-07T11:41:40","date_gmt":"2019-10-07T11:41:40","guid":{"rendered":"https:\/\/klanten.poort3.nl\/sss\/?page_id=488"},"modified":"2024-05-06T07:03:20","modified_gmt":"2024-05-06T07:03:20","slug":"about-klaus-mair","status":"publish","type":"page","link":"https:\/\/sofaski.com\/de\/uber\/about-klaus-mair\/","title":{"rendered":"About Klaus Mair"},"content":{"rendered":"<p>[et_pb_section fb_built=&#8220;1&#8243; _builder_version=&#8220;4.16&#8243; background_color=&#8220;rgba(0,0,0,0)&#8220; background_image=&#8220;https:\/\/sofaski.com\/wp-content\/uploads\/2019\/12\/Klaus-Mair-Bild-800.jpg&#8220; background_size=&#8220;initial&#8220; min_height=&#8220;438px&#8220; background_last_edited=&#8220;on|desktop&#8220; background_size_phone=&#8220;contain&#8220; collapsed=&#8220;off&#8220; global_colors_info=&#8220;{}&#8220;][\/et_pb_section][et_pb_section fb_built=&#8220;1&#8243; _builder_version=&#8220;4.16&#8243; global_colors_info=&#8220;{}&#8220;][et_pb_row _builder_version=&#8220;4.16&#8243; global_colors_info=&#8220;{}&#8220;][et_pb_column type=&#8220;4_4&#8243; _builder_version=&#8220;4.16&#8243; global_colors_info=&#8220;{}&#8220;][et_pb_text _builder_version=&#8220;4.24.0&#8243; hover_enabled=&#8220;0&#8243; global_colors_info=&#8220;{}&#8220; sticky_enabled=&#8220;0&#8243;]<\/p>\n<h1>\u00dcber\u00a0<span style=\"color: #cf0000;\">Klaus Mair<\/span><\/h1>\n<p>Klaus Mair\u00a0aus Schruns\/Montafon\/\u00d6sterreich ist \u00f6sterreichischer staatlich gepr\u00fcfter Skilehrer mit einem Masters Abschlu\u00df in Sport und Mathematik der Universit\u00e4t Wien.<\/p>\n<p>Klaus hat mit 16 Jahren begonnen in den Schulferien als Skilehrer zu arbeiten und ist seit 2005 ganzj\u00e4hrig als Skilehrer, Skirennlaufcoach und Skischulleiter in den USA (Mammoth Mountain), \u00d6sterreich (Schruns, Z\u00fcrs) und Neuseeland (Treble Cone) t\u00e4tig.<\/p>\n<p>2007 gr\u00fcndete er Sofa Ski School, er ist der Autor zweier Skiunterrichtsvideos und einer der Vorreiter in der Verwendung von online Marketing Kan\u00e4len f\u00fcr die Verbreitung von Skiunterrichtsinhalten.<\/p>\n<p>Seit 2010 ist Sofa Ski School \/ SOFASKI.COM die einzige Skischule weltweit die Skiunterrichts Videos, Online Ski Analysen und Trainingsplanungen sowie Privat Coaching und Skitechnik Camps anbietet.<\/p>\n<p>In den letzten 10 Jahren konnte sich Klaus besonders auf die Eigenk\u00f6nnensverbesserung touristischer Skifahrer aller K\u00f6nnensstufen spezialisieren. Heute arbeitet er mit \u00fcber 350 Skifahrern pro Jahr und bietet Privat Coaching in \u00d6sterreich und SOFA SKI CAMPS in \u00d6sterreich, Deutschland, Neuseeland und Japan an.<\/p>\n<p>[\/et_pb_text][\/et_pb_column][\/et_pb_row][et_pb_row _builder_version=&#8220;4.16&#8243; global_colors_info=&#8220;{}&#8220;][et_pb_column type=&#8220;4_4&#8243; _builder_version=&#8220;4.16&#8243; global_colors_info=&#8220;{}&#8220;][et_pb_code _builder_version=&#8220;4.16&#8243; custom_margin_tablet=&#8220;&#8220; custom_margin_phone=&#8220;||16px||false|false&#8220; custom_margin_last_edited=&#8220;on|phone&#8220; global_colors_info=&#8220;{}&#8220;]<\/p>\n<div style=\"padding:56.25% 0 0 0;position:relative;\"><iframe src=\"https:\/\/player.vimeo.com\/video\/144846880\" style=\"position:absolute;top:0;left:0;width:100%;height:100%;\" frameborder=\"0\" allow=\"autoplay; fullscreen\" allowfullscreen><\/iframe><\/div>\n<p><script src=\"https:\/\/player.vimeo.com\/api\/player.js\"><\/script><!-- [et_pb_line_break_holder] -->[\/et_pb_code][\/et_pb_column][\/et_pb_row][et_pb_row _builder_version=&#8220;4.17.4&#8243; _module_preset=&#8220;default&#8220; global_colors_info=&#8220;{}&#8220;][et_pb_column type=&#8220;4_4&#8243; _builder_version=&#8220;4.17.4&#8243; _module_preset=&#8220;default&#8220; global_colors_info=&#8220;{}&#8220;][et_pb_button button_url=&#8220;@ET-DC@eyJkeW5hbWljIjp0cnVlLCJjb250ZW50IjoicG9zdF9saW5rX3VybF9wYWdlIiwic2V0dGluZ3MiOnsicG9zdF9pZCI6IjQ5NCJ9fQ==@&#8220; button_text=&#8220;UEBER SOFASKI.COM&#8220; button_alignment=&#8220;center&#8220; _builder_version=&#8220;4.17.4&#8243; _dynamic_attributes=&#8220;button_url&#8220; _module_preset=&#8220;default&#8220; global_colors_info=&#8220;{}&#8220;][\/et_pb_button][\/et_pb_column][\/et_pb_row][\/et_pb_section][et_pb_section fb_built=&#8220;1&#8243; _builder_version=&#8220;4.16&#8243; background_color=&#8220;#f2f2f2&#8243; global_colors_info=&#8220;{}&#8220;][et_pb_row column_structure=&#8220;1_2,1_2&#8243; _builder_version=&#8220;4.16&#8243; custom_margin_tablet=&#8220;&#8220; custom_margin_phone=&#8220;14px||||false|false&#8220; custom_margin_last_edited=&#8220;on|phone&#8220; global_colors_info=&#8220;{}&#8220;][et_pb_column type=&#8220;1_2&#8243; _builder_version=&#8220;4.16&#8243; global_colors_info=&#8220;{}&#8220;][et_pb_text _builder_version=&#8220;4.16&#8243; text_text_color=&#8220;#0400f0&#8243; text_font_size=&#8220;29px&#8220; text_line_height=&#8220;1.8em&#8220; text_orientation=&#8220;center&#8220; max_width=&#8220;100%&#8220; custom_margin=&#8220;-22px||||false|false&#8220; custom_margin_tablet=&#8220;&#8220; custom_margin_phone=&#8220;0px||||false|false&#8220; custom_margin_last_edited=&#8220;on|desktop&#8220; custom_padding_tablet=&#8220;0px||||false|false&#8220; custom_padding_phone=&#8220;&#8220; custom_padding_last_edited=&#8220;on|tablet&#8220; text_font_size_tablet=&#8220;24px&#8220; text_font_size_phone=&#8220;18px&#8220; text_font_size_last_edited=&#8220;on|tablet&#8220; global_colors_info=&#8220;{}&#8220;]<\/p>\n<p><span style=\"color: #0000ff;\"><a href=\"http:\/\/www.facebook.com\/SofaSkiSchool\" style=\"color: #0000ff;\">www.facebook.com\/SofaSkiSchool<br \/> <\/a><a href=\"http:\/\/www.youtube.com\/MairKlaus\" style=\"color: #0000ff;\">www.youtube.com\/MairKlaus<\/a><\/span><br \/> <span style=\"color: #0000ff;\"> <a href=\"http:\/\/www.instagram.com\/sofaskischool\" style=\"color: #0000ff;\">www.instagram.com\/sofaskischool<\/a><\/span><\/p>\n<p>[\/et_pb_text][\/et_pb_column][et_pb_column type=&#8220;1_2&#8243; _builder_version=&#8220;4.16&#8243; global_colors_info=&#8220;{}&#8220;][et_pb_button button_url=&#8220;mailto:klaus@sofaski.com&#8220; url_new_window=&#8220;on&#8220; button_text=&#8220;Email Klaus&#8220; button_alignment=&#8220;center&#8220; _builder_version=&#8220;4.16&#8243; custom_margin=&#8220;54px||||false|false&#8220; custom_margin_tablet=&#8220;&#8220; custom_margin_phone=&#8220;3px||12px||false|false&#8220; custom_margin_last_edited=&#8220;on|phone&#8220; global_colors_info=&#8220;{}&#8220; custom_margin__hover_enabled=&#8220;on|desktop&#8220; custom_margin__hover=&#8220;54px||||false|false&#8220;][\/et_pb_button][\/et_pb_column][\/et_pb_row][\/et_pb_section]<\/p>\n<span class=\"et_bloom_bottom_trigger\"><\/span>","protected":false},"excerpt":{"rendered":"<p>\u00dcber\u00a0Klaus Mair Klaus Mair\u00a0aus Schruns\/Montafon\/\u00d6sterreich ist \u00f6sterreichischer staatlich gepr\u00fcfter Skilehrer mit einem Masters Abschlu\u00df in Sport und Mathematik der Universit\u00e4t Wien. Klaus hat mit 16 Jahren begonnen in den Schulferien als Skilehrer zu arbeiten und ist seit 2005 ganzj\u00e4hrig als Skilehrer, Skirennlaufcoach und Skischulleiter in den USA (Mammoth Mountain), \u00d6sterreich (Schruns, Z\u00fcrs) und Neuseeland (Treble [&hellip;]<\/p>\n","protected":false},"author":1,"featured_media":0,"parent":302,"menu_order":0,"comment_status":"closed","ping_status":"closed","template":"","meta":{"_et_pb_use_builder":"on","_et_pb_old_content":"","_et_gb_content_width":"","footnotes":""},"class_list":["post-488","page","type-page","status-publish","hentry"],"yoast_head":"<!-- This site is optimized with the Yoast SEO plugin v27.4 - https:\/\/yoast.com\/product\/yoast-seo-wordpress\/ -->\n<title>About Klaus Mair | SOFASKI.COM<\/title>\n<meta name=\"robots\" content=\"index, follow, max-snippet:-1, max-image-preview:large, max-video-preview:-1\" \/>\n<link rel=\"canonical\" href=\"https:\/\/sofaski.com\/de\/uber\/about-klaus-mair\/\" \/>\n<meta property=\"og:locale\" content=\"de_DE\" \/>\n<meta property=\"og:type\" content=\"article\" \/>\n<meta property=\"og:title\" content=\"About Klaus Mair | SOFASKI.COM\" \/>\n<meta property=\"og:description\" content=\"\u00dcber\u00a0Klaus Mair Klaus Mair\u00a0aus Schruns\/Montafon\/\u00d6sterreich ist \u00f6sterreichischer staatlich gepr\u00fcfter Skilehrer mit einem Masters Abschlu\u00df in Sport und Mathematik der Universit\u00e4t Wien. Klaus hat mit 16 Jahren begonnen in den Schulferien als Skilehrer zu arbeiten und ist seit 2005 ganzj\u00e4hrig als Skilehrer, Skirennlaufcoach und Skischulleiter in den USA (Mammoth Mountain), \u00d6sterreich (Schruns, Z\u00fcrs) und Neuseeland (Treble [&hellip;]\" \/>\n<meta property=\"og:url\" content=\"https:\/\/sofaski.com\/de\/uber\/about-klaus-mair\/\" \/>\n<meta property=\"og:site_name\" content=\"SOFASKI.COM\" \/>\n<meta property=\"article:publisher\" content=\"https:\/\/www.facebook.com\/SofaSkiSchool\" \/>\n<meta property=\"article:modified_time\" content=\"2024-05-06T07:03:20+00:00\" \/>\n<meta property=\"og:image\" content=\"https:\/\/sofaski.com\/wp-content\/uploads\/2019\/11\/SOFASKI-copy-EMAIL.png\" \/>\n\t<meta property=\"og:image:width\" content=\"400\" \/>\n\t<meta property=\"og:image:height\" content=\"57\" \/>\n\t<meta property=\"og:image:type\" content=\"image\/png\" \/>\n<meta name=\"twitter:card\" content=\"summary_large_image\" \/>\n<meta name=\"twitter:label1\" content=\"Gesch\u00e4tzte Lesezeit\" \/>\n\t<meta name=\"twitter:data1\" content=\"3\u00a0Minuten\" \/>\n<script type=\"application\/ld+json\" class=\"yoast-schema-graph\">{\"@context\":\"https:\\\/\\\/schema.org\",\"@graph\":[{\"@type\":\"WebPage\",\"@id\":\"https:\\\/\\\/sofaski.com\\\/de\\\/uber\\\/about-klaus-mair\\\/\",\"url\":\"https:\\\/\\\/sofaski.com\\\/de\\\/uber\\\/about-klaus-mair\\\/\",\"name\":\"About Klaus Mair | SOFASKI.COM\",\"isPartOf\":{\"@id\":\"https:\\\/\\\/sofaski.com\\\/#website\"},\"datePublished\":\"2019-10-07T11:41:40+00:00\",\"dateModified\":\"2024-05-06T07:03:20+00:00\",\"breadcrumb\":{\"@id\":\"https:\\\/\\\/sofaski.com\\\/de\\\/uber\\\/about-klaus-mair\\\/#breadcrumb\"},\"inLanguage\":\"de\",\"potentialAction\":[{\"@type\":\"ReadAction\",\"target\":[\"https:\\\/\\\/sofaski.com\\\/de\\\/uber\\\/about-klaus-mair\\\/\"]}]},{\"@type\":\"BreadcrumbList\",\"@id\":\"https:\\\/\\\/sofaski.com\\\/de\\\/uber\\\/about-klaus-mair\\\/#breadcrumb\",\"itemListElement\":[{\"@type\":\"ListItem\",\"position\":1,\"name\":\"Home\",\"item\":\"https:\\\/\\\/sofaski.com\\\/\"},{\"@type\":\"ListItem\",\"position\":2,\"name\":\"Uber\",\"item\":\"https:\\\/\\\/sofaski.com\\\/de\\\/uber\\\/\"},{\"@type\":\"ListItem\",\"position\":3,\"name\":\"About Klaus Mair\"}]},{\"@type\":\"WebSite\",\"@id\":\"https:\\\/\\\/sofaski.com\\\/#website\",\"url\":\"https:\\\/\\\/sofaski.com\\\/\",\"name\":\"SOFASKI.COM\",\"description\":\"Every turn counts\",\"publisher\":{\"@id\":\"https:\\\/\\\/sofaski.com\\\/#organization\"},\"potentialAction\":[{\"@type\":\"SearchAction\",\"target\":{\"@type\":\"EntryPoint\",\"urlTemplate\":\"https:\\\/\\\/sofaski.com\\\/?s={search_term_string}\"},\"query-input\":{\"@type\":\"PropertyValueSpecification\",\"valueRequired\":true,\"valueName\":\"search_term_string\"}}],\"inLanguage\":\"de\"},{\"@type\":\"Organization\",\"@id\":\"https:\\\/\\\/sofaski.com\\\/#organization\",\"name\":\"SOFASKI.COM\",\"url\":\"https:\\\/\\\/sofaski.com\\\/\",\"logo\":{\"@type\":\"ImageObject\",\"inLanguage\":\"de\",\"@id\":\"https:\\\/\\\/sofaski.com\\\/#\\\/schema\\\/logo\\\/image\\\/\",\"url\":\"https:\\\/\\\/sofaski.com\\\/wp-content\\\/uploads\\\/2019\\\/11\\\/SOFASKI-copy-EMAIL.png\",\"contentUrl\":\"https:\\\/\\\/sofaski.com\\\/wp-content\\\/uploads\\\/2019\\\/11\\\/SOFASKI-copy-EMAIL.png\",\"width\":400,\"height\":57,\"caption\":\"SOFASKI.COM\"},\"image\":{\"@id\":\"https:\\\/\\\/sofaski.com\\\/#\\\/schema\\\/logo\\\/image\\\/\"},\"sameAs\":[\"https:\\\/\\\/www.facebook.com\\\/SofaSkiSchool\",\"https:\\\/\\\/www.instagram.com\\\/sofaskischool\\\/\",\"https:\\\/\\\/www.youtube.com\\\/c\\\/KlausMair\"]}]}<\/script>\n<!-- \/ Yoast SEO plugin. -->","yoast_head_json":{"title":"About Klaus Mair | SOFASKI.COM","robots":{"index":"index","follow":"follow","max-snippet":"max-snippet:-1","max-image-preview":"max-image-preview:large","max-video-preview":"max-video-preview:-1"},"canonical":"https:\/\/sofaski.com\/de\/uber\/about-klaus-mair\/","og_locale":"de_DE","og_type":"article","og_title":"About Klaus Mair | SOFASKI.COM","og_description":"\u00dcber\u00a0Klaus Mair Klaus Mair\u00a0aus Schruns\/Montafon\/\u00d6sterreich ist \u00f6sterreichischer staatlich gepr\u00fcfter Skilehrer mit einem Masters Abschlu\u00df in Sport und Mathematik der Universit\u00e4t Wien. Klaus hat mit 16 Jahren begonnen in den Schulferien als Skilehrer zu arbeiten und ist seit 2005 ganzj\u00e4hrig als Skilehrer, Skirennlaufcoach und Skischulleiter in den USA (Mammoth Mountain), \u00d6sterreich (Schruns, Z\u00fcrs) und Neuseeland (Treble [&hellip;]","og_url":"https:\/\/sofaski.com\/de\/uber\/about-klaus-mair\/","og_site_name":"SOFASKI.COM","article_publisher":"https:\/\/www.facebook.com\/SofaSkiSchool","article_modified_time":"2024-05-06T07:03:20+00:00","og_image":[{"width":400,"height":57,"url":"https:\/\/sofaski.com\/wp-content\/uploads\/2019\/11\/SOFASKI-copy-EMAIL.png","type":"image\/png"}],"twitter_card":"summary_large_image","twitter_misc":{"Gesch\u00e4tzte Lesezeit":"3\u00a0Minuten"},"schema":{"@context":"https:\/\/schema.org","@graph":[{"@type":"WebPage","@id":"https:\/\/sofaski.com\/de\/uber\/about-klaus-mair\/","url":"https:\/\/sofaski.com\/de\/uber\/about-klaus-mair\/","name":"About Klaus Mair | SOFASKI.COM","isPartOf":{"@id":"https:\/\/sofaski.com\/#website"},"datePublished":"2019-10-07T11:41:40+00:00","dateModified":"2024-05-06T07:03:20+00:00","breadcrumb":{"@id":"https:\/\/sofaski.com\/de\/uber\/about-klaus-mair\/#breadcrumb"},"inLanguage":"de","potentialAction":[{"@type":"ReadAction","target":["https:\/\/sofaski.com\/de\/uber\/about-klaus-mair\/"]}]},{"@type":"BreadcrumbList","@id":"https:\/\/sofaski.com\/de\/uber\/about-klaus-mair\/#breadcrumb","itemListElement":[{"@type":"ListItem","position":1,"name":"Home","item":"https:\/\/sofaski.com\/"},{"@type":"ListItem","position":2,"name":"Uber","item":"https:\/\/sofaski.com\/de\/uber\/"},{"@type":"ListItem","position":3,"name":"About Klaus Mair"}]},{"@type":"WebSite","@id":"https:\/\/sofaski.com\/#website","url":"https:\/\/sofaski.com\/","name":"SOFASKI.COM","description":"Every turn counts","publisher":{"@id":"https:\/\/sofaski.com\/#organization"},"potentialAction":[{"@type":"SearchAction","target":{"@type":"EntryPoint","urlTemplate":"https:\/\/sofaski.com\/?s={search_term_string}"},"query-input":{"@type":"PropertyValueSpecification","valueRequired":true,"valueName":"search_term_string"}}],"inLanguage":"de"},{"@type":"Organization","@id":"https:\/\/sofaski.com\/#organization","name":"SOFASKI.COM","url":"https:\/\/sofaski.com\/","logo":{"@type":"ImageObject","inLanguage":"de","@id":"https:\/\/sofaski.com\/#\/schema\/logo\/image\/","url":"https:\/\/sofaski.com\/wp-content\/uploads\/2019\/11\/SOFASKI-copy-EMAIL.png","contentUrl":"https:\/\/sofaski.com\/wp-content\/uploads\/2019\/11\/SOFASKI-copy-EMAIL.png","width":400,"height":57,"caption":"SOFASKI.COM"},"image":{"@id":"https:\/\/sofaski.com\/#\/schema\/logo\/image\/"},"sameAs":["https:\/\/www.facebook.com\/SofaSkiSchool","https:\/\/www.instagram.com\/sofaskischool\/","https:\/\/www.youtube.com\/c\/KlausMair"]}]}},"_links":{"self":[{"href":"https:\/\/sofaski.com\/de\/wp-json\/wp\/v2\/pages\/488","targetHints":{"allow":["GET"]}}],"collection":[{"href":"https:\/\/sofaski.com\/de\/wp-json\/wp\/v2\/pages"}],"about":[{"href":"https:\/\/sofaski.com\/de\/wp-json\/wp\/v2\/types\/page"}],"author":[{"embeddable":true,"href":"https:\/\/sofaski.com\/de\/wp-json\/wp\/v2\/users\/1"}],"replies":[{"embeddable":true,"href":"https:\/\/sofaski.com\/de\/wp-json\/wp\/v2\/comments?post=488"}],"version-history":[{"count":11,"href":"https:\/\/sofaski.com\/de\/wp-json\/wp\/v2\/pages\/488\/revisions"}],"predecessor-version":[{"id":11209,"href":"https:\/\/sofaski.com\/de\/wp-json\/wp\/v2\/pages\/488\/revisions\/11209"}],"up":[{"embeddable":true,"href":"https:\/\/sofaski.com\/de\/wp-json\/wp\/v2\/pages\/302"}],"wp:attachment":[{"href":"https:\/\/sofaski.com\/de\/wp-json\/wp\/v2\/media?parent=488"}],"curies":[{"name":"wp","href":"https:\/\/api.w.org\/{rel}","templated":true}]}}