{"id":320,"date":"2019-10-03T10:19:12","date_gmt":"2019-10-03T10:19:12","guid":{"rendered":"https:\/\/klanten.poort3.nl\/sss\/?page_id=320"},"modified":"2020-06-21T08:12:38","modified_gmt":"2020-06-21T08:12:38","slug":"blog","status":"publish","type":"page","link":"https:\/\/sofaski.com\/de\/blog\/","title":{"rendered":"Blog"},"content":{"rendered":"<p>[et_pb_section fb_built=&#8220;1&#8243; _builder_version=&#8220;3.29.3&#8243;][et_pb_row _builder_version=&#8220;3.29.3&#8243;][et_pb_column type=&#8220;4_4&#8243; _builder_version=&#8220;3.29.3&#8243;][et_pb_text _builder_version=&#8220;4.4.8&#8243; custom_margin_tablet=&#8220;&#8220; custom_margin_phone=&#8220;28px||||false|false&#8220; custom_margin_last_edited=&#8220;on|phone&#8220;]<\/p>\n<div id=\"mContent\">\n<div id=\"c35\" class=\"csc-default\">\n<h2>Klaus Mair Blog<\/h2>\n<p class=\"bodytext\">Willkommen zu meinem neuen Blog. Ich hoffe ich kann Ihnen hiermit regelm\u00e4\u00dfig interessante Beitr\u00e4ge zum Thema Skifahren und Ski Coaching n\u00e4herbringen. Um \u00fcber neue Artikel informiert zu werden, k\u00f6nnen Sie Sich unten zum Newsletter anmelden. SOFASKI.COM Kunden erhalten \u00fcber den Mitgliederbereich Zugang zu weiteren Inhalten. Danke f\u00fcr Ihr Interesse! LG, Klaus\u00a0<\/p>\n<\/div>\n<\/div>\n<p>[\/et_pb_text][\/et_pb_column][\/et_pb_row][et_pb_row column_structure=&#8220;2_3,1_3&#8243; _builder_version=&#8220;3.29.3&#8243;][et_pb_column type=&#8220;2_3&#8243; _builder_version=&#8220;3.29.3&#8243;][et_pb_blog posts_number=&#8220;20&#8243; show_more=&#8220;on&#8220; show_author=&#8220;off&#8220; _builder_version=&#8220;4.4.2&#8243;][\/et_pb_blog][\/et_pb_column][et_pb_column type=&#8220;1_3&#8243; _builder_version=&#8220;3.29.3&#8243;][et_pb_sidebar _builder_version=&#8220;4.0.6&#8243;][\/et_pb_sidebar][\/et_pb_column][\/et_pb_row][\/et_pb_section]<\/p>\n<span class=\"et_bloom_bottom_trigger\"><\/span>","protected":false},"excerpt":{"rendered":"<p>Klaus Mair Blog Willkommen zu meinem neuen Blog. Ich hoffe ich kann Ihnen hiermit regelm\u00e4\u00dfig interessante Beitr\u00e4ge zum Thema Skifahren und Ski Coaching n\u00e4herbringen. Um \u00fcber neue Artikel informiert zu werden, k\u00f6nnen Sie Sich unten zum Newsletter anmelden. SOFASKI.COM Kunden erhalten \u00fcber den Mitgliederbereich Zugang zu weiteren Inhalten. Danke f\u00fcr Ihr Interesse! LG, Klaus\u00a0<\/p>\n","protected":false},"author":1,"featured_media":0,"parent":0,"menu_order":0,"comment_status":"closed","ping_status":"closed","template":"","meta":{"_et_pb_use_builder":"on","_et_pb_old_content":"","_et_gb_content_width":"","footnotes":""},"class_list":["post-320","page","type-page","status-publish","hentry"],"yoast_head":"<!-- This site is optimized with the Yoast SEO plugin v27.4 - https:\/\/yoast.com\/product\/yoast-seo-wordpress\/ -->\n<title>Blog | SOFASKI.COM<\/title>\n<meta name=\"robots\" content=\"index, follow, max-snippet:-1, max-image-preview:large, max-video-preview:-1\" \/>\n<link rel=\"canonical\" href=\"https:\/\/sofaski.com\/de\/blog\/\" \/>\n<meta property=\"og:locale\" content=\"de_DE\" \/>\n<meta property=\"og:type\" content=\"article\" \/>\n<meta property=\"og:title\" content=\"Blog | SOFASKI.COM\" \/>\n<meta property=\"og:description\" content=\"Klaus Mair Blog Willkommen zu meinem neuen Blog. Ich hoffe ich kann Ihnen hiermit regelm\u00e4\u00dfig interessante Beitr\u00e4ge zum Thema Skifahren und Ski Coaching n\u00e4herbringen. Um \u00fcber neue Artikel informiert zu werden, k\u00f6nnen Sie Sich unten zum Newsletter anmelden. SOFASKI.COM Kunden erhalten \u00fcber den Mitgliederbereich Zugang zu weiteren Inhalten. Danke f\u00fcr Ihr Interesse! LG, Klaus\u00a0\" \/>\n<meta property=\"og:url\" content=\"https:\/\/sofaski.com\/de\/blog\/\" \/>\n<meta property=\"og:site_name\" content=\"SOFASKI.COM\" \/>\n<meta property=\"article:publisher\" content=\"https:\/\/www.facebook.com\/SofaSkiSchool\" \/>\n<meta property=\"article:modified_time\" content=\"2020-06-21T08:12:38+00:00\" \/>\n<meta property=\"og:image\" content=\"https:\/\/sofaski.com\/wp-content\/uploads\/2019\/11\/SOFASKI-copy-EMAIL.png\" \/>\n\t<meta property=\"og:image:width\" content=\"400\" \/>\n\t<meta property=\"og:image:height\" content=\"57\" \/>\n\t<meta property=\"og:image:type\" content=\"image\/png\" \/>\n<meta name=\"twitter:card\" content=\"summary_large_image\" \/>\n<meta name=\"twitter:label1\" content=\"Gesch\u00e4tzte Lesezeit\" \/>\n\t<meta name=\"twitter:data1\" content=\"1\u00a0Minute\" \/>\n<script type=\"application\/ld+json\" class=\"yoast-schema-graph\">{\"@context\":\"https:\\\/\\\/schema.org\",\"@graph\":[{\"@type\":\"WebPage\",\"@id\":\"https:\\\/\\\/sofaski.com\\\/de\\\/blog\\\/\",\"url\":\"https:\\\/\\\/sofaski.com\\\/de\\\/blog\\\/\",\"name\":\"Blog | SOFASKI.COM\",\"isPartOf\":{\"@id\":\"https:\\\/\\\/sofaski.com\\\/#website\"},\"datePublished\":\"2019-10-03T10:19:12+00:00\",\"dateModified\":\"2020-06-21T08:12:38+00:00\",\"breadcrumb\":{\"@id\":\"https:\\\/\\\/sofaski.com\\\/de\\\/blog\\\/#breadcrumb\"},\"inLanguage\":\"de\",\"potentialAction\":[{\"@type\":\"ReadAction\",\"target\":[\"https:\\\/\\\/sofaski.com\\\/de\\\/blog\\\/\"]}]},{\"@type\":\"BreadcrumbList\",\"@id\":\"https:\\\/\\\/sofaski.com\\\/de\\\/blog\\\/#breadcrumb\",\"itemListElement\":[{\"@type\":\"ListItem\",\"position\":1,\"name\":\"Home\",\"item\":\"https:\\\/\\\/sofaski.com\\\/\"},{\"@type\":\"ListItem\",\"position\":2,\"name\":\"Blog\"}]},{\"@type\":\"WebSite\",\"@id\":\"https:\\\/\\\/sofaski.com\\\/#website\",\"url\":\"https:\\\/\\\/sofaski.com\\\/\",\"name\":\"SOFASKI.COM\",\"description\":\"Every turn counts\",\"publisher\":{\"@id\":\"https:\\\/\\\/sofaski.com\\\/#organization\"},\"potentialAction\":[{\"@type\":\"SearchAction\",\"target\":{\"@type\":\"EntryPoint\",\"urlTemplate\":\"https:\\\/\\\/sofaski.com\\\/?s={search_term_string}\"},\"query-input\":{\"@type\":\"PropertyValueSpecification\",\"valueRequired\":true,\"valueName\":\"search_term_string\"}}],\"inLanguage\":\"de\"},{\"@type\":\"Organization\",\"@id\":\"https:\\\/\\\/sofaski.com\\\/#organization\",\"name\":\"SOFASKI.COM\",\"url\":\"https:\\\/\\\/sofaski.com\\\/\",\"logo\":{\"@type\":\"ImageObject\",\"inLanguage\":\"de\",\"@id\":\"https:\\\/\\\/sofaski.com\\\/#\\\/schema\\\/logo\\\/image\\\/\",\"url\":\"https:\\\/\\\/sofaski.com\\\/wp-content\\\/uploads\\\/2019\\\/11\\\/SOFASKI-copy-EMAIL.png\",\"contentUrl\":\"https:\\\/\\\/sofaski.com\\\/wp-content\\\/uploads\\\/2019\\\/11\\\/SOFASKI-copy-EMAIL.png\",\"width\":400,\"height\":57,\"caption\":\"SOFASKI.COM\"},\"image\":{\"@id\":\"https:\\\/\\\/sofaski.com\\\/#\\\/schema\\\/logo\\\/image\\\/\"},\"sameAs\":[\"https:\\\/\\\/www.facebook.com\\\/SofaSkiSchool\",\"https:\\\/\\\/www.instagram.com\\\/sofaskischool\\\/\",\"https:\\\/\\\/www.youtube.com\\\/c\\\/KlausMair\"]}]}<\/script>\n<!-- \/ Yoast SEO plugin. -->","yoast_head_json":{"title":"Blog | SOFASKI.COM","robots":{"index":"index","follow":"follow","max-snippet":"max-snippet:-1","max-image-preview":"max-image-preview:large","max-video-preview":"max-video-preview:-1"},"canonical":"https:\/\/sofaski.com\/de\/blog\/","og_locale":"de_DE","og_type":"article","og_title":"Blog | SOFASKI.COM","og_description":"Klaus Mair Blog Willkommen zu meinem neuen Blog. Ich hoffe ich kann Ihnen hiermit regelm\u00e4\u00dfig interessante Beitr\u00e4ge zum Thema Skifahren und Ski Coaching n\u00e4herbringen. Um \u00fcber neue Artikel informiert zu werden, k\u00f6nnen Sie Sich unten zum Newsletter anmelden. SOFASKI.COM Kunden erhalten \u00fcber den Mitgliederbereich Zugang zu weiteren Inhalten. Danke f\u00fcr Ihr Interesse! LG, Klaus\u00a0","og_url":"https:\/\/sofaski.com\/de\/blog\/","og_site_name":"SOFASKI.COM","article_publisher":"https:\/\/www.facebook.com\/SofaSkiSchool","article_modified_time":"2020-06-21T08:12:38+00:00","og_image":[{"width":400,"height":57,"url":"https:\/\/sofaski.com\/wp-content\/uploads\/2019\/11\/SOFASKI-copy-EMAIL.png","type":"image\/png"}],"twitter_card":"summary_large_image","twitter_misc":{"Gesch\u00e4tzte Lesezeit":"1\u00a0Minute"},"schema":{"@context":"https:\/\/schema.org","@graph":[{"@type":"WebPage","@id":"https:\/\/sofaski.com\/de\/blog\/","url":"https:\/\/sofaski.com\/de\/blog\/","name":"Blog | SOFASKI.COM","isPartOf":{"@id":"https:\/\/sofaski.com\/#website"},"datePublished":"2019-10-03T10:19:12+00:00","dateModified":"2020-06-21T08:12:38+00:00","breadcrumb":{"@id":"https:\/\/sofaski.com\/de\/blog\/#breadcrumb"},"inLanguage":"de","potentialAction":[{"@type":"ReadAction","target":["https:\/\/sofaski.com\/de\/blog\/"]}]},{"@type":"BreadcrumbList","@id":"https:\/\/sofaski.com\/de\/blog\/#breadcrumb","itemListElement":[{"@type":"ListItem","position":1,"name":"Home","item":"https:\/\/sofaski.com\/"},{"@type":"ListItem","position":2,"name":"Blog"}]},{"@type":"WebSite","@id":"https:\/\/sofaski.com\/#website","url":"https:\/\/sofaski.com\/","name":"SOFASKI.COM","description":"Every turn counts","publisher":{"@id":"https:\/\/sofaski.com\/#organization"},"potentialAction":[{"@type":"SearchAction","target":{"@type":"EntryPoint","urlTemplate":"https:\/\/sofaski.com\/?s={search_term_string}"},"query-input":{"@type":"PropertyValueSpecification","valueRequired":true,"valueName":"search_term_string"}}],"inLanguage":"de"},{"@type":"Organization","@id":"https:\/\/sofaski.com\/#organization","name":"SOFASKI.COM","url":"https:\/\/sofaski.com\/","logo":{"@type":"ImageObject","inLanguage":"de","@id":"https:\/\/sofaski.com\/#\/schema\/logo\/image\/","url":"https:\/\/sofaski.com\/wp-content\/uploads\/2019\/11\/SOFASKI-copy-EMAIL.png","contentUrl":"https:\/\/sofaski.com\/wp-content\/uploads\/2019\/11\/SOFASKI-copy-EMAIL.png","width":400,"height":57,"caption":"SOFASKI.COM"},"image":{"@id":"https:\/\/sofaski.com\/#\/schema\/logo\/image\/"},"sameAs":["https:\/\/www.facebook.com\/SofaSkiSchool","https:\/\/www.instagram.com\/sofaskischool\/","https:\/\/www.youtube.com\/c\/KlausMair"]}]}},"_links":{"self":[{"href":"https:\/\/sofaski.com\/de\/wp-json\/wp\/v2\/pages\/320","targetHints":{"allow":["GET"]}}],"collection":[{"href":"https:\/\/sofaski.com\/de\/wp-json\/wp\/v2\/pages"}],"about":[{"href":"https:\/\/sofaski.com\/de\/wp-json\/wp\/v2\/types\/page"}],"author":[{"embeddable":true,"href":"https:\/\/sofaski.com\/de\/wp-json\/wp\/v2\/users\/1"}],"replies":[{"embeddable":true,"href":"https:\/\/sofaski.com\/de\/wp-json\/wp\/v2\/comments?post=320"}],"version-history":[{"count":6,"href":"https:\/\/sofaski.com\/de\/wp-json\/wp\/v2\/pages\/320\/revisions"}],"predecessor-version":[{"id":6415,"href":"https:\/\/sofaski.com\/de\/wp-json\/wp\/v2\/pages\/320\/revisions\/6415"}],"wp:attachment":[{"href":"https:\/\/sofaski.com\/de\/wp-json\/wp\/v2\/media?parent=320"}],"curies":[{"name":"wp","href":"https:\/\/api.w.org\/{rel}","templated":true}]}}