{"id":1086,"date":"2019-10-28T15:13:37","date_gmt":"2019-10-28T15:13:37","guid":{"rendered":"https:\/\/klanten.poort3.nl\/sss\/member-area-notloggedin\/"},"modified":"2021-08-28T13:20:55","modified_gmt":"2021-08-28T13:20:55","slug":"member-area-notloggedin","status":"publish","type":"page","link":"https:\/\/sofaski.com\/de\/member-area-notloggedin\/","title":{"rendered":"Member area"},"content":{"rendered":"<p>[et_pb_section fb_built=&#8220;1&#8243; _builder_version=&#8220;4.0.3&#8243;][et_pb_row _builder_version=&#8220;4.0.3&#8243;][et_pb_column type=&#8220;4_4&#8243; _builder_version=&#8220;4.0.3&#8243;][et_pb_text _builder_version=&#8220;4.0.3&#8243;]<\/p>\n<h1>Mitgliederbereich \u2013 <span style=\"color: #d3312d;\">SOFASKI.COM<\/span><\/h1>\n<p>Dieser Mitgliederbereich ist gratis f\u00fcr alle SOFASKI.COM Kunden. Nach Ihrer Bestellung erhalten Sie ein Best\u00e4tigungsemail und Ihr Zugang wird freischaltet.\u00a0<\/p>\n<p>Um die Bereiche unten ausw\u00e4hlen zu k\u00f6nnen m\u00fcssen Sie eingeloggt sein. Ihre Log In Daten sollten Sie per email erhalten haben (bitte \u00fcberpr\u00fcfen Sie Ihren Spam Ordner). Falls Sie das Video auf Vimeo.com gekauft haben and schicken Sie mir bitte ein Email mit Ihrer Bestellbest\u00e4tigung und ich werde Ihren Zugang freischalten.\u00a0<\/p>\n<p>[\/et_pb_text][\/et_pb_column][\/et_pb_row][et_pb_row column_structure=&#8220;1_3,1_3,1_3&#8243; _builder_version=&#8220;4.0.9&#8243;][et_pb_column type=&#8220;1_3&#8243; _builder_version=&#8220;4.0.9&#8243;][et_pb_image src=&#8220;https:\/\/sofaski.com\/wp-content\/uploads\/2019\/11\/Klaus-Mair-BLOG-FINAL-weiss-small.jpg&#8220; _builder_version=&#8220;4.0.9&#8243;][\/et_pb_image][\/et_pb_column][et_pb_column type=&#8220;1_3&#8243; _builder_version=&#8220;4.0.9&#8243;][et_pb_image src=&#8220;https:\/\/sofaski.com\/wp-content\/uploads\/2019\/11\/Frage-und-Antwort-Forum-500.jpg&#8220; _builder_version=&#8220;4.0.9&#8243;][\/et_pb_image][\/et_pb_column][et_pb_column type=&#8220;1_3&#8243; _builder_version=&#8220;4.0.9&#8243;][et_pb_image src=&#8220;https:\/\/sofaski.com\/wp-content\/uploads\/2019\/11\/Ski-Analysen-500.jpg&#8220; _builder_version=&#8220;4.0.9&#8243;][\/et_pb_image][\/et_pb_column][\/et_pb_row][et_pb_row _builder_version=&#8220;4.4.7&#8243;][et_pb_column type=&#8220;4_4&#8243; _builder_version=&#8220;4.4.7&#8243;][et_pb_button button_url=&#8220;@ET-DC@eyJkeW5hbWljIjp0cnVlLCJjb250ZW50IjoicG9zdF9saW5rX3VybF9wYWdlIiwic2V0dGluZ3MiOnsicG9zdF9pZCI6IjM4NyJ9fQ==@&#8220; button_text=&#8220;Mein profil&#8220; button_alignment=&#8220;center&#8220; _builder_version=&#8220;4.4.7&#8243; _dynamic_attributes=&#8220;button_url&#8220;][\/et_pb_button][\/et_pb_column][\/et_pb_row][\/et_pb_section]<\/p>\n<span class=\"et_bloom_bottom_trigger\"><\/span>","protected":false},"excerpt":{"rendered":"<p>Mitgliederbereich \u2013 SOFASKI.COM Dieser Mitgliederbereich ist gratis f\u00fcr alle SOFASKI.COM Kunden. Nach Ihrer Bestellung erhalten Sie ein Best\u00e4tigungsemail und Ihr Zugang wird freischaltet.\u00a0 Um die Bereiche unten ausw\u00e4hlen zu k\u00f6nnen m\u00fcssen Sie eingeloggt sein. Ihre Log In Daten sollten Sie per email erhalten haben (bitte \u00fcberpr\u00fcfen Sie Ihren Spam Ordner). Falls Sie das Video auf [&hellip;]<\/p>\n","protected":false},"author":1,"featured_media":0,"parent":0,"menu_order":0,"comment_status":"closed","ping_status":"closed","template":"","meta":{"_et_pb_use_builder":"on","_et_pb_old_content":"","_et_gb_content_width":"","footnotes":""},"class_list":["post-1086","page","type-page","status-publish","hentry"],"yoast_head":"<!-- This site is optimized with the Yoast SEO plugin v27.3 - https:\/\/yoast.com\/product\/yoast-seo-wordpress\/ -->\n<title>Member area | SOFASKI.COM<\/title>\n<meta name=\"robots\" content=\"index, follow, max-snippet:-1, max-image-preview:large, max-video-preview:-1\" \/>\n<link rel=\"canonical\" href=\"https:\/\/sofaski.com\/de\/member-area-notloggedin\/\" \/>\n<meta property=\"og:locale\" content=\"de_DE\" \/>\n<meta property=\"og:type\" content=\"article\" \/>\n<meta property=\"og:title\" content=\"Member area | SOFASKI.COM\" \/>\n<meta property=\"og:description\" content=\"Mitgliederbereich \u2013 SOFASKI.COM Dieser Mitgliederbereich ist gratis f\u00fcr alle SOFASKI.COM Kunden. Nach Ihrer Bestellung erhalten Sie ein Best\u00e4tigungsemail und Ihr Zugang wird freischaltet.\u00a0 Um die Bereiche unten ausw\u00e4hlen zu k\u00f6nnen m\u00fcssen Sie eingeloggt sein. Ihre Log In Daten sollten Sie per email erhalten haben (bitte \u00fcberpr\u00fcfen Sie Ihren Spam Ordner). Falls Sie das Video auf [&hellip;]\" \/>\n<meta property=\"og:url\" content=\"https:\/\/sofaski.com\/de\/member-area-notloggedin\/\" \/>\n<meta property=\"og:site_name\" content=\"SOFASKI.COM\" \/>\n<meta property=\"article:publisher\" content=\"https:\/\/www.facebook.com\/SofaSkiSchool\" \/>\n<meta property=\"article:modified_time\" content=\"2021-08-28T13:20:55+00:00\" \/>\n<meta property=\"og:image\" content=\"https:\/\/sofaski.com\/wp-content\/uploads\/2019\/11\/SOFASKI-copy-EMAIL.png\" \/>\n\t<meta property=\"og:image:width\" content=\"400\" \/>\n\t<meta property=\"og:image:height\" content=\"57\" \/>\n\t<meta property=\"og:image:type\" content=\"image\/png\" \/>\n<meta name=\"twitter:card\" content=\"summary_large_image\" \/>\n<meta name=\"twitter:label1\" content=\"Gesch\u00e4tzte Lesezeit\" \/>\n\t<meta name=\"twitter:data1\" content=\"1\u00a0Minute\" \/>\n<script type=\"application\/ld+json\" class=\"yoast-schema-graph\">{\"@context\":\"https:\\\/\\\/schema.org\",\"@graph\":[{\"@type\":\"WebPage\",\"@id\":\"https:\\\/\\\/sofaski.com\\\/de\\\/member-area-notloggedin\\\/\",\"url\":\"https:\\\/\\\/sofaski.com\\\/de\\\/member-area-notloggedin\\\/\",\"name\":\"Member area | SOFASKI.COM\",\"isPartOf\":{\"@id\":\"https:\\\/\\\/sofaski.com\\\/#website\"},\"datePublished\":\"2019-10-28T15:13:37+00:00\",\"dateModified\":\"2021-08-28T13:20:55+00:00\",\"breadcrumb\":{\"@id\":\"https:\\\/\\\/sofaski.com\\\/de\\\/member-area-notloggedin\\\/#breadcrumb\"},\"inLanguage\":\"de\",\"potentialAction\":[{\"@type\":\"ReadAction\",\"target\":[\"https:\\\/\\\/sofaski.com\\\/de\\\/member-area-notloggedin\\\/\"]}]},{\"@type\":\"BreadcrumbList\",\"@id\":\"https:\\\/\\\/sofaski.com\\\/de\\\/member-area-notloggedin\\\/#breadcrumb\",\"itemListElement\":[{\"@type\":\"ListItem\",\"position\":1,\"name\":\"Home\",\"item\":\"https:\\\/\\\/sofaski.com\\\/\"},{\"@type\":\"ListItem\",\"position\":2,\"name\":\"Member area\"}]},{\"@type\":\"WebSite\",\"@id\":\"https:\\\/\\\/sofaski.com\\\/#website\",\"url\":\"https:\\\/\\\/sofaski.com\\\/\",\"name\":\"SOFASKI.COM\",\"description\":\"Every turn counts\",\"publisher\":{\"@id\":\"https:\\\/\\\/sofaski.com\\\/#organization\"},\"potentialAction\":[{\"@type\":\"SearchAction\",\"target\":{\"@type\":\"EntryPoint\",\"urlTemplate\":\"https:\\\/\\\/sofaski.com\\\/?s={search_term_string}\"},\"query-input\":{\"@type\":\"PropertyValueSpecification\",\"valueRequired\":true,\"valueName\":\"search_term_string\"}}],\"inLanguage\":\"de\"},{\"@type\":\"Organization\",\"@id\":\"https:\\\/\\\/sofaski.com\\\/#organization\",\"name\":\"SOFASKI.COM\",\"url\":\"https:\\\/\\\/sofaski.com\\\/\",\"logo\":{\"@type\":\"ImageObject\",\"inLanguage\":\"de\",\"@id\":\"https:\\\/\\\/sofaski.com\\\/#\\\/schema\\\/logo\\\/image\\\/\",\"url\":\"https:\\\/\\\/sofaski.com\\\/wp-content\\\/uploads\\\/2019\\\/11\\\/SOFASKI-copy-EMAIL.png\",\"contentUrl\":\"https:\\\/\\\/sofaski.com\\\/wp-content\\\/uploads\\\/2019\\\/11\\\/SOFASKI-copy-EMAIL.png\",\"width\":400,\"height\":57,\"caption\":\"SOFASKI.COM\"},\"image\":{\"@id\":\"https:\\\/\\\/sofaski.com\\\/#\\\/schema\\\/logo\\\/image\\\/\"},\"sameAs\":[\"https:\\\/\\\/www.facebook.com\\\/SofaSkiSchool\",\"https:\\\/\\\/www.instagram.com\\\/sofaskischool\\\/\",\"https:\\\/\\\/www.youtube.com\\\/c\\\/KlausMair\"]}]}<\/script>\n<!-- \/ Yoast SEO plugin. -->","yoast_head_json":{"title":"Member area | SOFASKI.COM","robots":{"index":"index","follow":"follow","max-snippet":"max-snippet:-1","max-image-preview":"max-image-preview:large","max-video-preview":"max-video-preview:-1"},"canonical":"https:\/\/sofaski.com\/de\/member-area-notloggedin\/","og_locale":"de_DE","og_type":"article","og_title":"Member area | SOFASKI.COM","og_description":"Mitgliederbereich \u2013 SOFASKI.COM Dieser Mitgliederbereich ist gratis f\u00fcr alle SOFASKI.COM Kunden. Nach Ihrer Bestellung erhalten Sie ein Best\u00e4tigungsemail und Ihr Zugang wird freischaltet.\u00a0 Um die Bereiche unten ausw\u00e4hlen zu k\u00f6nnen m\u00fcssen Sie eingeloggt sein. Ihre Log In Daten sollten Sie per email erhalten haben (bitte \u00fcberpr\u00fcfen Sie Ihren Spam Ordner). Falls Sie das Video auf [&hellip;]","og_url":"https:\/\/sofaski.com\/de\/member-area-notloggedin\/","og_site_name":"SOFASKI.COM","article_publisher":"https:\/\/www.facebook.com\/SofaSkiSchool","article_modified_time":"2021-08-28T13:20:55+00:00","og_image":[{"width":400,"height":57,"url":"https:\/\/sofaski.com\/wp-content\/uploads\/2019\/11\/SOFASKI-copy-EMAIL.png","type":"image\/png"}],"twitter_card":"summary_large_image","twitter_misc":{"Gesch\u00e4tzte Lesezeit":"1\u00a0Minute"},"schema":{"@context":"https:\/\/schema.org","@graph":[{"@type":"WebPage","@id":"https:\/\/sofaski.com\/de\/member-area-notloggedin\/","url":"https:\/\/sofaski.com\/de\/member-area-notloggedin\/","name":"Member area | SOFASKI.COM","isPartOf":{"@id":"https:\/\/sofaski.com\/#website"},"datePublished":"2019-10-28T15:13:37+00:00","dateModified":"2021-08-28T13:20:55+00:00","breadcrumb":{"@id":"https:\/\/sofaski.com\/de\/member-area-notloggedin\/#breadcrumb"},"inLanguage":"de","potentialAction":[{"@type":"ReadAction","target":["https:\/\/sofaski.com\/de\/member-area-notloggedin\/"]}]},{"@type":"BreadcrumbList","@id":"https:\/\/sofaski.com\/de\/member-area-notloggedin\/#breadcrumb","itemListElement":[{"@type":"ListItem","position":1,"name":"Home","item":"https:\/\/sofaski.com\/"},{"@type":"ListItem","position":2,"name":"Member area"}]},{"@type":"WebSite","@id":"https:\/\/sofaski.com\/#website","url":"https:\/\/sofaski.com\/","name":"SOFASKI.COM","description":"Every turn counts","publisher":{"@id":"https:\/\/sofaski.com\/#organization"},"potentialAction":[{"@type":"SearchAction","target":{"@type":"EntryPoint","urlTemplate":"https:\/\/sofaski.com\/?s={search_term_string}"},"query-input":{"@type":"PropertyValueSpecification","valueRequired":true,"valueName":"search_term_string"}}],"inLanguage":"de"},{"@type":"Organization","@id":"https:\/\/sofaski.com\/#organization","name":"SOFASKI.COM","url":"https:\/\/sofaski.com\/","logo":{"@type":"ImageObject","inLanguage":"de","@id":"https:\/\/sofaski.com\/#\/schema\/logo\/image\/","url":"https:\/\/sofaski.com\/wp-content\/uploads\/2019\/11\/SOFASKI-copy-EMAIL.png","contentUrl":"https:\/\/sofaski.com\/wp-content\/uploads\/2019\/11\/SOFASKI-copy-EMAIL.png","width":400,"height":57,"caption":"SOFASKI.COM"},"image":{"@id":"https:\/\/sofaski.com\/#\/schema\/logo\/image\/"},"sameAs":["https:\/\/www.facebook.com\/SofaSkiSchool","https:\/\/www.instagram.com\/sofaskischool\/","https:\/\/www.youtube.com\/c\/KlausMair"]}]}},"_links":{"self":[{"href":"https:\/\/sofaski.com\/de\/wp-json\/wp\/v2\/pages\/1086","targetHints":{"allow":["GET"]}}],"collection":[{"href":"https:\/\/sofaski.com\/de\/wp-json\/wp\/v2\/pages"}],"about":[{"href":"https:\/\/sofaski.com\/de\/wp-json\/wp\/v2\/types\/page"}],"author":[{"embeddable":true,"href":"https:\/\/sofaski.com\/de\/wp-json\/wp\/v2\/users\/1"}],"replies":[{"embeddable":true,"href":"https:\/\/sofaski.com\/de\/wp-json\/wp\/v2\/comments?post=1086"}],"version-history":[{"count":6,"href":"https:\/\/sofaski.com\/de\/wp-json\/wp\/v2\/pages\/1086\/revisions"}],"predecessor-version":[{"id":9097,"href":"https:\/\/sofaski.com\/de\/wp-json\/wp\/v2\/pages\/1086\/revisions\/9097"}],"wp:attachment":[{"href":"https:\/\/sofaski.com\/de\/wp-json\/wp\/v2\/media?parent=1086"}],"curies":[{"name":"wp","href":"https:\/\/api.w.org\/{rel}","templated":true}]}}