{"id":1045,"date":"2019-10-28T12:02:23","date_gmt":"2019-10-28T12:02:23","guid":{"rendered":"https:\/\/klanten.poort3.nl\/sss\/terms-conditions\/"},"modified":"2019-12-20T16:31:44","modified_gmt":"2019-12-20T16:31:44","slug":"allgemeine-geschaeftsbedingungen-agb","status":"publish","type":"page","link":"https:\/\/sofaski.com\/de\/allgemeine-geschaeftsbedingungen-agb\/","title":{"rendered":"Allgemeine Gesch\u00e4ftsbedingungen (AGB)"},"content":{"rendered":"<p>[et_pb_section fb_built=&#8220;1&#8243; _builder_version=&#8220;4.0.3&#8243;][et_pb_row _builder_version=&#8220;4.0.3&#8243;][et_pb_column type=&#8220;4_4&#8243; _builder_version=&#8220;4.0.3&#8243;][et_pb_text _builder_version=&#8220;4.0.3&#8243;]<\/p>\n<p><strong>Allgemeinen Gesch\u00e4ftsbedingungen (AGB)<\/strong><\/p>\n<p><strong>\u00a0<\/strong><\/p>\n<p><strong>SOFASKI.COM Klaus Mair<\/strong><\/p>\n<p><strong>Silvrettastra\u00dfe 107<\/strong><\/p>\n<p><strong style=\"font-size: 16px;\">A-6870 Schruns<\/strong><\/p>\n<p><strong>Tel.: +43 650 655 2876<\/strong><\/p>\n<p><strong>E-Mail: <a href=\"mailto:sofaskischool@gmail.com\">klaus@sofaski.com<\/a><\/strong><\/p>\n<p><strong>www.SOFASKI.COM<\/strong><\/p>\n<p><strong>\u00a0<\/strong><\/p>\n<ol>\n<li><strong> Geltung <\/strong><\/li>\n<\/ol>\n<p>Soweit nicht ausdr\u00fccklich Gegenteiliges vereinbart wurde, gelten unsere, dem Vertragspartner bekannt gegebenen AGB. Unsere Lieferungen, Leistungen und Angebote erfolgen ausschlie\u00dflich aufgrund dieser Allgemeinen Gesch\u00e4ftsbedingungen. AGB des Vertragspartners gelten nur, wenn wir diesen schriftlich zustimmen.<\/p>\n<p>&nbsp;<\/p>\n<p>&nbsp;<\/p>\n<ol start=\"2\">\n<li><strong> Angebot<\/strong><\/li>\n<\/ol>\n<p>Unsere Angebote sind freibleibend. Der Vertrag gilt erst mit Absendung einer schriftlichen Auftragsbest\u00e4tigung durch uns als geschlossen.<\/p>\n<p>&nbsp;<\/p>\n<p>Bestellung und Vertragsabschluss \u00fcber den Webshop:<\/p>\n<p>Die Pr\u00e4sentationen der Waren\/Dienstleistungen im Webshop stellen keine bindenden Angebote dar sondern sind als Einladung an unsere Kunden zu verstehen, durch eine Bestellung ein Angebot abzugeben.<\/p>\n<p>Die Bestellung erfolgt in folgenden Schritten:<\/p>\n<ul>\n<li>Auswahl der gew\u00fcnschten Ware\/Dienstleistung<\/li>\n<li>allenfalls Auswahl ob <u>Zustimmung und Einwilligung zur Verwendung und Ver\u00f6ffentlichung des Videos<\/u> durch SAOFASKI erteilt (siehe &#8212;link&#8212;) wird oder nicht durch Drop-down-Men\u00fc<\/li>\n<li>Eingabe der Anmeldedaten f\u00fcr die Registrierung im Webshop (Vorname, Nachname, Stra\u00dfe u. Haus- und T\u00fcr-Nr, PLZ, Ort, Land, E-Mail-Adresse); Nach erstmaliger Registrierung ist nur mehr eine Anmeldung mit E-Mail-Adresse und Kennwort erforderlich<\/li>\n<li>Einblenden der vorvertraglichen Informationen f\u00fcr Verbraucher gem\u00e4\u00df \u00a7 5a KSchG und \u00a7\u00a04 FAGG<\/li>\n<li>Rechnungsinformationen<\/li>\n<li>Versandinformation<\/li>\n<li>Versandart<\/li>\n<li>Zahlungsinformation<\/li>\n<li>Bestell\u00fcbersicht \/ Pr\u00fcfung der Angaben im Warenkorb<\/li>\n<li>Best\u00e4tigung AGB durch Anklicken Check-box \u201eAGB\u201c<\/li>\n<li>Best\u00e4tigung durch Anklicken des Buttons \u201ezahlungspflichtig bestellen\u201c<\/li>\n<li>mit Best\u00e4tigung erfolgt die verbindliche Absendung der Bestellung. Durch das Absenden der Bestellung im Webshop gibt der Kunde ein verbindliches Angebot, gerichtet auf den Abschluss eines Vertrages \u00fcber die im Warenkorb enthaltenen Waren bzw. Dienstleistungen ab. Mit dem Absenden der Bestellung erkennt der Kunde die vorvertraglichen Informationen f\u00fcr Verbraucher und diese AGB als f\u00fcr das Rechtsverh\u00e4ltnis zwischen ihm und uns allein ma\u00dfgeblich an.<\/li>\n<li>Wir best\u00e4tigen den Eingang der Bestellung des Kunden durch Versendung einer Best\u00e4tigungs-E-Mail. Diese Bestellbest\u00e4tigung stellt noch nicht die Annahme des Vertragsangebotes durch uns dar. Sie dient lediglich der Information des Kunden, dass die Bestellung bei uns eingegangen ist. Die Erkl\u00e4rung der Annahme des Vertragsangebotes erfolgt durch die Auslieferung der Ware oder eine ausdr\u00fcckliche Annahmeerkl\u00e4rung.<\/li>\n<\/ul>\n<p>&nbsp;<\/p>\n<ol start=\"3\">\n<li><strong> R\u00fccktrittsrecht des Verbrauchers gem\u00e4\u00df \u00a7 11 FAGG:<\/strong><\/li>\n<\/ol>\n<p>Der Kunde, der Verbraucher im Sinne des Konsumentenschutzgesetzes (KSchG) ist, kann von einem au\u00dferhalb der Gesch\u00e4ftsr\u00e4ume des Unternehmers geschlossenen Vertrag oder von einem Fernabsatzvertrag \u2013 so keine gesetzliche Ausnahmeregelung greift \u2013 ohne Angabe von Gr\u00fcnden innerhalb von vierzehn Tagen zur\u00fccktreten.<\/p>\n<p>&nbsp;<\/p>\n<p>Die R\u00fccktrittsfrist des Verbrauchers betr\u00e4gt vierzehn Kalendertage. Sie beginnt bei Vertr\u00e4gen \u00fcber die Lieferung von Waren mit dem Tag, an dem der Verbraucher (Kunde) oder ein von ihm benannter Dritter, der nicht der Bef\u00f6rderer ist, die Waren in Besitz genommen hat. Im Falle eines Vertrages \u00fcber mehrere Waren, die in einer einheitlichen Bestellung bestellt und getrennt geliefert werden, ab dem Tag, an dem der Verbraucher (Kunde) oder ein von ihm benannter Dritter, der nicht der Bef\u00f6rderer ist, die letzte Ware in Besitz genommen hat.<\/p>\n<p>Bei Vertr\u00e4gen \u00fcber Dienstleistungen beginnt die Frist zum R\u00fccktritt mit dem Tag des Vertragsabschlusses.<\/p>\n<p>&nbsp;<\/p>\n<p>Die Erkl\u00e4rung des R\u00fccktritts ist an keine bestimmte Form gebunden. Es gen\u00fcgt, wenn der Kunde die R\u00fccktrittserkl\u00e4rung innerhalb der Frist abgesendet hat.\u00a0<\/p>\n<p>&nbsp;<\/p>\n<p>Kein R\u00fccktrittsrecht des Kunden besteht insbesondere<\/p>\n<ul>\n<li>bei Dienstleistungen, mit deren Ausf\u00fchrung auf einem Verlangen des Verbrauchers, welches dieser in Kenntnis des Verlustes des R\u00fccktrittsrechtes erkl\u00e4rt, innerhalb der R\u00fccktrittsfrist begonnen wird,<\/li>\n<li>Waren, die nach Kundenspezifikationen angefertigt werden oder die eindeutig auf die pers\u00f6nlichen Bed\u00fcrfnisse zugeschnitten sind,<\/li>\n<li>Waren, die schnell verderben k\u00f6nnen oder deren Verfallsdatum schnell \u00fcberschritten w\u00fcrde,<\/li>\n<li>Ton- oder Videoaufnahmen oder Computersoftware, die in einer versiegelten Packung geliefert werden, sofern deren Versiegelung nach der Lieferung entfernt wurde,<\/li>\n<li>Lieferungen von nicht auf einem k\u00f6rperlichen Datentr\u00e4ger gespeicherten digitalen Inhalten, wenn der Unternehmer \u2013 mit ausdr\u00fccklicher Zustimmung des Verbrauchers noch vor Ablauf der R\u00fccktrittsfrist mit der Lieferung begonnen hat, sofern der Kunde den damit verbundenen Verlust des R\u00fccktrittsrechtes zur Kenntnis genommen hat.<\/li>\n<\/ul>\n<p>&nbsp;<\/p>\n<p>Tritt der Kunde fristgerecht vom Vertrag zur\u00fcck, haben wir ihm alle Zahlungen, die wir von ihm erhalten haben, einschlie\u00dflich der Lieferkosten (mit Ausnahme der zus\u00e4tzlichen Kosten, die sich daraus ergeben, dass er eine andere Art der Lieferung als die von uns angebotene, g\u00fcnstigste Standardlieferung gew\u00e4hlt hat), unverz\u00fcglich und sp\u00e4testens binnen vierzehn Tagen ab dem Tag zur\u00fcckzuzahlen, an dem die Mitteilung \u00fcber Ihren Widerruf dieses Vertrags bei uns eingegangen ist. F\u00fcr diese R\u00fcckzahlung verwenden wir dasselbe Zahlungsmittel, das der Kunde bei der urspr\u00fcnglichen Transaktion eingesetzt hat, es sei denn, es wurde ausdr\u00fccklich etwas anderes vereinbart; in keinem Fall werden wir wegen dieser R\u00fcckzahlung Entgelte berechnen. Wir k\u00f6nnen die R\u00fcckzahlung verweigern, bis wir die Waren wieder zur\u00fcckerhalten haben oder bis der Kunde den Nachweis erbracht hat, dass er die Waren zur\u00fcckgesandt hat, je nachdem, welches der fr\u00fchere Zeitpunkt ist. Waren hat der Kunde unverz\u00fcglich und in jedem Fall sp\u00e4testens binnen vierzehn Tagen ab dem Tag, an dem er uns \u00fcber den Widerruf dieses Vertrags unterrichten hat, an uns zur\u00fcckzusenden oder zu \u00fcbergeben. Die Frist ist gewahrt, wenn die Waren vor Ablauf der Frist von vierzehn Tagen abgesendet werden. Der Kunde tr\u00e4gt die unmittelbaren Kosten der R\u00fccksendung der Waren. Der Kunde muss f\u00fcr einen etwaigen Wertverlust der Waren nur aufkommen, wenn dieser Wertverlust auf einen zur Pr\u00fcfung der Beschaffenheit, Eigenschaften und Funktionsweise der Waren nicht notwendigen Umgang mit ihnen zur\u00fcckzuf\u00fchren ist.<\/p>\n<p>&nbsp;<\/p>\n<p>Hat der Kunde verlangt, dass die Dienstleistungen w\u00e4hrend der R\u00fccktrittsfirst beginnen soll, so hat er uns einen angemessenen Betrag zu zahlen, der dem Anteil der bis zu dem Zeitpunkt, zu dem er uns von der Aus\u00fcbung des Widerrufsrechts hinsichtlich dieses Vertrags unterrichtet hat, bereits erbrachten Dienstleistungen im Vergleich zum Gesamtumfang der im Vertrag vorgesehenen Dienstleistungen entspricht.<\/p>\n<p>&nbsp;<\/p>\n<ol start=\"4\">\n<li><strong> geistiges Eigentum <\/strong><\/li>\n<\/ol>\n<p>Analysen und sonstige Unterlagen wie Trainingspl\u00e4ne und \u00e4hnliches bleiben unser geistiges Eigentum. Jede Verwendung, insbesondere die Weitergabe, Vervielf\u00e4ltigung, Ver\u00f6ffentlichung und Zurverf\u00fcgungstellung einschlie\u00dflich des auch nur auszugsweisen Kopierens, bedarf unserer ausdr\u00fccklichen Zustimmung. Davon ausgenommen ist die Verwendung zu Ihrem eigenen Gebrauch.<\/p>\n<p>&nbsp;<\/p>\n<ol start=\"5\">\n<li><strong> Preis (Kaufpreis, Werklohn) und Versandspesen<\/strong><\/li>\n<\/ol>\n<p>Es gelten die vereinbarten Preise. Die Preise sind im Webshop bei den einzelnen Artikeln\/Dienstleistungen angef\u00fchrt. Alle von uns genannten Preise sind inklusive Umsatzsteuer jedoch exklusive Versand zu verstehen. Der Versand erfolgt auf Kosten des Kunden. Die Versandkosten f\u00fcr die einzelnen Lieferdestinationen sind auf der Website unter \u201eLieferung und Versand\u201c ersichtlich.<\/p>\n<p>&nbsp;<\/p>\n<ol start=\"6\">\n<li><strong> Zahlungsbedingungen<\/strong><\/li>\n<\/ol>\n<p>Der K\u00e4ufer\/Besteller verpflichtet sich zur vollst\u00e4ndigen Bezahlung des Kaufpreises\/Werklohns bereits bei seiner Bestellung. Nach Eingang des Rechnungsbetrages wird die Lieferung in Versand gebracht bzw. die vereinbarte Dienst- bzw. Werkleistung erbracht. Akzeptiert werden nur Zahlungen \u00fcber Pay-Pal sowie Bank\u00fcberweisung.<\/p>\n<p>&nbsp;<\/p>\n<ol start=\"7\">\n<li><strong> Elektronische Rechnungslegung<\/strong><\/li>\n<\/ol>\n<p>Unser Kunde ist damit einverstanden, dass Rechnungen an ihn auch elektronisch erstellt und \u00fcbermittelt werden.<\/p>\n<p><span style=\"text-decoration: line-through;\">\u00a0<\/span><\/p>\n<ol start=\"8\">\n<li><strong> Zahlungsverzug &#8211; Verzugszinsen<\/strong><\/li>\n<\/ol>\n<p>Selbst bei unverschuldetem Zahlungsverzug des K\u00e4ufers\/Werkbestellers sind wir berechtigt, Verzugszinsen in der gesetzlichen H\u00f6he (derzeit 4% p.a.) zu verrechnen; hiedurch werden Anspr\u00fcche auf Ersatz nachgewiesener h\u00f6herer Zinsen nicht beeintr\u00e4chtigt.<\/p>\n<p>&nbsp;<\/p>\n<ol start=\"9\">\n<li><strong> Gefahrtragung<\/strong><\/li>\n<\/ol>\n<p>Bei der \u00dcbersendung durch uns geht die Gefahr f\u00fcr den Verlust oder die Besch\u00e4digung der Ware erst auf den Verbraucher (Kunde) \u00fcber, sobald die Ware bei ihm oder an einen von ihm bestimmten, vom Bef\u00f6rderer verschiedenen Dritten abgeliefert wird<\/p>\n<p>&nbsp;<\/p>\n<ol start=\"10\">\n<li><strong> Lieferbedingungen<\/strong><\/li>\n<\/ol>\n<p>Die Lieferung von Waren erfolgt vorbehaltlich Lieferungsm\u00f6glichkeit und solange der Vorrat reicht. Die Lieferzeit ist freibleibend. Die Zustellung der Waren erfolgt durch die \u00f6sterreichische Post oder durch einen Botendienst. Teillieferungen sind zul\u00e4ssig.<\/p>\n<p>&nbsp;<\/p>\n<p>Lieferungen Videos bzw. Filmen und anderen digitalen Inhalten wie insbesondere Analysen erfolgen, soweit keine ausdr\u00fcckliche Bestellung von DVDs erfolgt ist, \u00fcber das Videoportal \u201evimeo\u201c (www.vimeo.com). Der Kunde erh\u00e4lt einen Link \u00fcber den er sein Video freischalten kann und \u00fcber vimeo streamen kann. Vimeo ist ein kostenloser Dienst. Es ist jedoch eine Registrierung erforderlich. <u>Die Registrierung des Kunden bei vimeo ist daher Voraussetzung f\u00fcr den Vertrag \u00fcber Videos und Filme zwischen dem Kunden und uns. <\/u>\u00a0<\/p>\n<p>&nbsp;<\/p>\n<ol start=\"11\">\n<li><strong> Eigentumsvorbehalt<\/strong><\/li>\n<\/ol>\n<p>Die Ware bleibt bis zur vollst\u00e4ndigen Bezahlung des Kaufpreises und aller Kosten und Spesen unser Eigentum. Es wird vereinbart, dass in der Geltendmachung des Eigentumsvorbehalts kein R\u00fccktritt vom Vertrag liegt, au\u00dfer, wir erkl\u00e4ren den R\u00fccktritt vom Vertrag ausdr\u00fccklich.<sup><\/sup><\/p>\n<p>&nbsp;<\/p>\n<ol start=\"12\">\n<li><strong> Erf\u00fcllungsort<\/strong><\/li>\n<\/ol>\n<p>Erf\u00fcllungsort ist sowohl f\u00fcr unsere Leistung als auch die Gegenleistung der Sitz unseres Unternehmens in 6870 Schruns, Silvrettastra\u00dfe 107.<\/p>\n<p>&nbsp;<\/p>\n<ol start=\"13\">\n<li><strong> Nichterf\u00fcllung\/Liefer- und Leistungsverzug<\/strong><\/li>\n<\/ol>\n<p>Geringf\u00fcgige Lieferfrist\u00fcberschreitungen hat der K\u00e4ufer\/Werkbesteller jedenfalls zu akzeptieren, ohne dass ihm ein Schadenersatzanspruch oder ein R\u00fccktrittsrecht zusteht.<\/p>\n<p><strong>\u00a0<\/strong><\/p>\n<ol start=\"14\">\n<li><strong> Gew\u00e4hrleistung<\/strong><\/li>\n<\/ol>\n<p>Es gelten die gesetzlichen Gew\u00e4hrleistungsregelungen.<\/p>\n<p><strong>\u00a0<\/strong><\/p>\n<ol start=\"15\">\n<li><strong> Schadenersatz<\/strong><\/li>\n<\/ol>\n<p>Schadenersatzanspr\u00fcche in F\u00e4llen leichter Fahrl\u00e4ssigkeit sind ausgeschlossen; dies gilt nicht f\u00fcr Personensch\u00e4den.<\/p>\n<p>&nbsp;<\/p>\n<ol start=\"16\">\n<li><strong> Formvorschriften<\/strong><\/li>\n<\/ol>\n<p>S\u00e4mtliche nachtr\u00e4gliche \u00c4nderungen, Erg\u00e4nzungen, Nebenabreden usw. bed\u00fcrfen zu ihrer G\u00fcltigkeit der Schriftform.<\/p>\n<p>&nbsp;<\/p>\n<ol start=\"17\">\n<li><strong> Vertragssprache &#8211; Rechtswahl<\/strong><\/li>\n<\/ol>\n<p>Die Vertragssprache ist Deutsch. Die Vertragspartner vereinbaren \u00f6sterreichische inl\u00e4ndische Gerichtsbarkeit. Auf diesen Vertrag ist materielles \u00f6sterreichisches Recht unter Ausschluss der Verweisungsnormen des internationalen Privatrechts (zB EV\u00dc, ROM I &#8211; \u00adVO) und des UN\u2010Kaufrechtes anwendbar.<\/p>\n<p>&nbsp;<\/p>\n<ol start=\"18\">\n<li><strong> Gerichtsstandvereinbarung<\/strong><\/li>\n<\/ol>\n<p>F\u00fcr alle gegen einen Verbraucher, der im Inland seinen Wohnsitz, gew\u00f6hnlichen Aufenthalt oder Ort der Besch\u00e4ftigung hat, wegen Streitigkeiten aus diesem Vertrag erhobenen Klagen ist eines jener Gerichte zust\u00e4ndig, in dessen Sprengel der Verbraucher seinen Wohnsitz, gew\u00f6hnlichen Aufenthalt oder Ort der Besch\u00e4ftigung hat. In allen anderen F\u00e4llen wird die ausschlie\u00dfliche Zust\u00e4ndigkeit des f\u00fcr Schruns \u00f6rtlich zust\u00e4ndigen Gerichts vereinbart.<\/p>\n<p>&nbsp;<\/p>\n<ol start=\"19\">\n<li><strong> Teilnichtigkeit<\/strong><\/li>\n<\/ol>\n<p>Sollten Bestimmungen dieses Vertrages rechtsunwirksam, ung\u00fcltig und\/oder nichtig sein oder im Laufe ihrer Dauer werden, so ber\u00fchrt dies die Rechtswirksamkeit und die G\u00fcltigkeit der \u00fcbrigen Bestimmungen nicht. Die Vertragspartner verpflichten sich in diesem Fall, die rechtsunwirksame, ung\u00fcltige und\/oder nichtige (rechtsunwirksam, ung\u00fcltig und\/oder nichtig gewordene) Bestimmung durch eine solche zu ersetzen, die rechtswirksam und g\u00fcltig ist und in ihrer wirtschaftlichen Auswirkung der ersetzten Bestimmung \u2013 soweit als m\u00f6glich und rechtlich zul\u00e4ssig \u2013 entspricht.<\/p>\n<p>&nbsp;<\/p>\n<p>[\/et_pb_text][\/et_pb_column][\/et_pb_row][\/et_pb_section]<\/p>\n<span class=\"et_bloom_bottom_trigger\"><\/span>","protected":false},"excerpt":{"rendered":"<p>Allgemeinen Gesch\u00e4ftsbedingungen (AGB) \u00a0 SOFASKI.COM Klaus Mair Silvrettastra\u00dfe 107 A-6870 Schruns Tel.: +43 650 655 2876 E-Mail: klaus@sofaski.com www.SOFASKI.COM \u00a0 Geltung Soweit nicht ausdr\u00fccklich Gegenteiliges vereinbart wurde, gelten unsere, dem Vertragspartner bekannt gegebenen AGB. Unsere Lieferungen, Leistungen und Angebote erfolgen ausschlie\u00dflich aufgrund dieser Allgemeinen Gesch\u00e4ftsbedingungen. AGB des Vertragspartners gelten nur, wenn wir diesen schriftlich zustimmen. [&hellip;]<\/p>\n","protected":false},"author":1,"featured_media":0,"parent":0,"menu_order":0,"comment_status":"closed","ping_status":"closed","template":"","meta":{"_et_pb_use_builder":"on","_et_pb_old_content":"","_et_gb_content_width":"","footnotes":""},"class_list":["post-1045","page","type-page","status-publish","hentry"],"yoast_head":"<!-- This site is optimized with the Yoast SEO plugin v27.4 - https:\/\/yoast.com\/product\/yoast-seo-wordpress\/ -->\n<title>Allgemeine Gesch\u00e4ftsbedingungen (AGB) | SOFASKI.COM<\/title>\n<meta name=\"robots\" content=\"index, follow, max-snippet:-1, max-image-preview:large, max-video-preview:-1\" \/>\n<link rel=\"canonical\" href=\"https:\/\/sofaski.com\/de\/allgemeine-geschaeftsbedingungen-agb\/\" \/>\n<meta property=\"og:locale\" content=\"de_DE\" \/>\n<meta property=\"og:type\" content=\"article\" \/>\n<meta property=\"og:title\" content=\"Allgemeine Gesch\u00e4ftsbedingungen (AGB) | SOFASKI.COM\" \/>\n<meta property=\"og:description\" content=\"Allgemeinen Gesch\u00e4ftsbedingungen (AGB) \u00a0 SOFASKI.COM Klaus Mair Silvrettastra\u00dfe 107 A-6870 Schruns Tel.: +43 650 655 2876 E-Mail: klaus@sofaski.com www.SOFASKI.COM \u00a0 Geltung Soweit nicht ausdr\u00fccklich Gegenteiliges vereinbart wurde, gelten unsere, dem Vertragspartner bekannt gegebenen AGB. Unsere Lieferungen, Leistungen und Angebote erfolgen ausschlie\u00dflich aufgrund dieser Allgemeinen Gesch\u00e4ftsbedingungen. AGB des Vertragspartners gelten nur, wenn wir diesen schriftlich zustimmen. [&hellip;]\" \/>\n<meta property=\"og:url\" content=\"https:\/\/sofaski.com\/de\/allgemeine-geschaeftsbedingungen-agb\/\" \/>\n<meta property=\"og:site_name\" content=\"SOFASKI.COM\" \/>\n<meta property=\"article:publisher\" content=\"https:\/\/www.facebook.com\/SofaSkiSchool\" \/>\n<meta property=\"article:modified_time\" content=\"2019-12-20T16:31:44+00:00\" \/>\n<meta property=\"og:image\" content=\"https:\/\/sofaski.com\/wp-content\/uploads\/2019\/11\/SOFASKI-copy-EMAIL.png\" \/>\n\t<meta property=\"og:image:width\" content=\"400\" \/>\n\t<meta property=\"og:image:height\" content=\"57\" \/>\n\t<meta property=\"og:image:type\" content=\"image\/png\" \/>\n<meta name=\"twitter:card\" content=\"summary_large_image\" \/>\n<meta name=\"twitter:label1\" content=\"Gesch\u00e4tzte Lesezeit\" \/>\n\t<meta name=\"twitter:data1\" content=\"9\u00a0Minuten\" \/>\n<script type=\"application\/ld+json\" class=\"yoast-schema-graph\">{\"@context\":\"https:\\\/\\\/schema.org\",\"@graph\":[{\"@type\":\"WebPage\",\"@id\":\"https:\\\/\\\/sofaski.com\\\/de\\\/allgemeine-geschaeftsbedingungen-agb\\\/\",\"url\":\"https:\\\/\\\/sofaski.com\\\/de\\\/allgemeine-geschaeftsbedingungen-agb\\\/\",\"name\":\"Allgemeine Gesch\u00e4ftsbedingungen (AGB) | SOFASKI.COM\",\"isPartOf\":{\"@id\":\"https:\\\/\\\/sofaski.com\\\/#website\"},\"datePublished\":\"2019-10-28T12:02:23+00:00\",\"dateModified\":\"2019-12-20T16:31:44+00:00\",\"breadcrumb\":{\"@id\":\"https:\\\/\\\/sofaski.com\\\/de\\\/allgemeine-geschaeftsbedingungen-agb\\\/#breadcrumb\"},\"inLanguage\":\"de\",\"potentialAction\":[{\"@type\":\"ReadAction\",\"target\":[\"https:\\\/\\\/sofaski.com\\\/de\\\/allgemeine-geschaeftsbedingungen-agb\\\/\"]}]},{\"@type\":\"BreadcrumbList\",\"@id\":\"https:\\\/\\\/sofaski.com\\\/de\\\/allgemeine-geschaeftsbedingungen-agb\\\/#breadcrumb\",\"itemListElement\":[{\"@type\":\"ListItem\",\"position\":1,\"name\":\"Home\",\"item\":\"https:\\\/\\\/sofaski.com\\\/\"},{\"@type\":\"ListItem\",\"position\":2,\"name\":\"Allgemeine Gesch\u00e4ftsbedingungen (AGB)\"}]},{\"@type\":\"WebSite\",\"@id\":\"https:\\\/\\\/sofaski.com\\\/#website\",\"url\":\"https:\\\/\\\/sofaski.com\\\/\",\"name\":\"SOFASKI.COM\",\"description\":\"Every turn counts\",\"publisher\":{\"@id\":\"https:\\\/\\\/sofaski.com\\\/#organization\"},\"potentialAction\":[{\"@type\":\"SearchAction\",\"target\":{\"@type\":\"EntryPoint\",\"urlTemplate\":\"https:\\\/\\\/sofaski.com\\\/?s={search_term_string}\"},\"query-input\":{\"@type\":\"PropertyValueSpecification\",\"valueRequired\":true,\"valueName\":\"search_term_string\"}}],\"inLanguage\":\"de\"},{\"@type\":\"Organization\",\"@id\":\"https:\\\/\\\/sofaski.com\\\/#organization\",\"name\":\"SOFASKI.COM\",\"url\":\"https:\\\/\\\/sofaski.com\\\/\",\"logo\":{\"@type\":\"ImageObject\",\"inLanguage\":\"de\",\"@id\":\"https:\\\/\\\/sofaski.com\\\/#\\\/schema\\\/logo\\\/image\\\/\",\"url\":\"https:\\\/\\\/sofaski.com\\\/wp-content\\\/uploads\\\/2019\\\/11\\\/SOFASKI-copy-EMAIL.png\",\"contentUrl\":\"https:\\\/\\\/sofaski.com\\\/wp-content\\\/uploads\\\/2019\\\/11\\\/SOFASKI-copy-EMAIL.png\",\"width\":400,\"height\":57,\"caption\":\"SOFASKI.COM\"},\"image\":{\"@id\":\"https:\\\/\\\/sofaski.com\\\/#\\\/schema\\\/logo\\\/image\\\/\"},\"sameAs\":[\"https:\\\/\\\/www.facebook.com\\\/SofaSkiSchool\",\"https:\\\/\\\/www.instagram.com\\\/sofaskischool\\\/\",\"https:\\\/\\\/www.youtube.com\\\/c\\\/KlausMair\"]}]}<\/script>\n<!-- \/ Yoast SEO plugin. -->","yoast_head_json":{"title":"Allgemeine Gesch\u00e4ftsbedingungen (AGB) | SOFASKI.COM","robots":{"index":"index","follow":"follow","max-snippet":"max-snippet:-1","max-image-preview":"max-image-preview:large","max-video-preview":"max-video-preview:-1"},"canonical":"https:\/\/sofaski.com\/de\/allgemeine-geschaeftsbedingungen-agb\/","og_locale":"de_DE","og_type":"article","og_title":"Allgemeine Gesch\u00e4ftsbedingungen (AGB) | SOFASKI.COM","og_description":"Allgemeinen Gesch\u00e4ftsbedingungen (AGB) \u00a0 SOFASKI.COM Klaus Mair Silvrettastra\u00dfe 107 A-6870 Schruns Tel.: +43 650 655 2876 E-Mail: klaus@sofaski.com www.SOFASKI.COM \u00a0 Geltung Soweit nicht ausdr\u00fccklich Gegenteiliges vereinbart wurde, gelten unsere, dem Vertragspartner bekannt gegebenen AGB. Unsere Lieferungen, Leistungen und Angebote erfolgen ausschlie\u00dflich aufgrund dieser Allgemeinen Gesch\u00e4ftsbedingungen. AGB des Vertragspartners gelten nur, wenn wir diesen schriftlich zustimmen. [&hellip;]","og_url":"https:\/\/sofaski.com\/de\/allgemeine-geschaeftsbedingungen-agb\/","og_site_name":"SOFASKI.COM","article_publisher":"https:\/\/www.facebook.com\/SofaSkiSchool","article_modified_time":"2019-12-20T16:31:44+00:00","og_image":[{"width":400,"height":57,"url":"https:\/\/sofaski.com\/wp-content\/uploads\/2019\/11\/SOFASKI-copy-EMAIL.png","type":"image\/png"}],"twitter_card":"summary_large_image","twitter_misc":{"Gesch\u00e4tzte Lesezeit":"9\u00a0Minuten"},"schema":{"@context":"https:\/\/schema.org","@graph":[{"@type":"WebPage","@id":"https:\/\/sofaski.com\/de\/allgemeine-geschaeftsbedingungen-agb\/","url":"https:\/\/sofaski.com\/de\/allgemeine-geschaeftsbedingungen-agb\/","name":"Allgemeine Gesch\u00e4ftsbedingungen (AGB) | SOFASKI.COM","isPartOf":{"@id":"https:\/\/sofaski.com\/#website"},"datePublished":"2019-10-28T12:02:23+00:00","dateModified":"2019-12-20T16:31:44+00:00","breadcrumb":{"@id":"https:\/\/sofaski.com\/de\/allgemeine-geschaeftsbedingungen-agb\/#breadcrumb"},"inLanguage":"de","potentialAction":[{"@type":"ReadAction","target":["https:\/\/sofaski.com\/de\/allgemeine-geschaeftsbedingungen-agb\/"]}]},{"@type":"BreadcrumbList","@id":"https:\/\/sofaski.com\/de\/allgemeine-geschaeftsbedingungen-agb\/#breadcrumb","itemListElement":[{"@type":"ListItem","position":1,"name":"Home","item":"https:\/\/sofaski.com\/"},{"@type":"ListItem","position":2,"name":"Allgemeine Gesch\u00e4ftsbedingungen (AGB)"}]},{"@type":"WebSite","@id":"https:\/\/sofaski.com\/#website","url":"https:\/\/sofaski.com\/","name":"SOFASKI.COM","description":"Every turn counts","publisher":{"@id":"https:\/\/sofaski.com\/#organization"},"potentialAction":[{"@type":"SearchAction","target":{"@type":"EntryPoint","urlTemplate":"https:\/\/sofaski.com\/?s={search_term_string}"},"query-input":{"@type":"PropertyValueSpecification","valueRequired":true,"valueName":"search_term_string"}}],"inLanguage":"de"},{"@type":"Organization","@id":"https:\/\/sofaski.com\/#organization","name":"SOFASKI.COM","url":"https:\/\/sofaski.com\/","logo":{"@type":"ImageObject","inLanguage":"de","@id":"https:\/\/sofaski.com\/#\/schema\/logo\/image\/","url":"https:\/\/sofaski.com\/wp-content\/uploads\/2019\/11\/SOFASKI-copy-EMAIL.png","contentUrl":"https:\/\/sofaski.com\/wp-content\/uploads\/2019\/11\/SOFASKI-copy-EMAIL.png","width":400,"height":57,"caption":"SOFASKI.COM"},"image":{"@id":"https:\/\/sofaski.com\/#\/schema\/logo\/image\/"},"sameAs":["https:\/\/www.facebook.com\/SofaSkiSchool","https:\/\/www.instagram.com\/sofaskischool\/","https:\/\/www.youtube.com\/c\/KlausMair"]}]}},"_links":{"self":[{"href":"https:\/\/sofaski.com\/de\/wp-json\/wp\/v2\/pages\/1045","targetHints":{"allow":["GET"]}}],"collection":[{"href":"https:\/\/sofaski.com\/de\/wp-json\/wp\/v2\/pages"}],"about":[{"href":"https:\/\/sofaski.com\/de\/wp-json\/wp\/v2\/types\/page"}],"author":[{"embeddable":true,"href":"https:\/\/sofaski.com\/de\/wp-json\/wp\/v2\/users\/1"}],"replies":[{"embeddable":true,"href":"https:\/\/sofaski.com\/de\/wp-json\/wp\/v2\/comments?post=1045"}],"version-history":[{"count":4,"href":"https:\/\/sofaski.com\/de\/wp-json\/wp\/v2\/pages\/1045\/revisions"}],"predecessor-version":[{"id":3406,"href":"https:\/\/sofaski.com\/de\/wp-json\/wp\/v2\/pages\/1045\/revisions\/3406"}],"wp:attachment":[{"href":"https:\/\/sofaski.com\/de\/wp-json\/wp\/v2\/media?parent=1045"}],"curies":[{"name":"wp","href":"https:\/\/api.w.org\/{rel}","templated":true}]}}