{"id":1038,"date":"2019-10-28T11:58:53","date_gmt":"2019-10-28T11:58:53","guid":{"rendered":"https:\/\/klanten.poort3.nl\/sss\/data-protection\/"},"modified":"2019-12-20T16:26:27","modified_gmt":"2019-12-20T16:26:27","slug":"data-protection","status":"publish","type":"page","link":"https:\/\/sofaski.com\/de\/data-protection\/","title":{"rendered":"Data protection"},"content":{"rendered":"<p>[et_pb_section fb_built=&#8220;1&#8243; _builder_version=&#8220;4.0.3&#8243;][et_pb_row _builder_version=&#8220;4.0.3&#8243;][et_pb_column type=&#8220;4_4&#8243; _builder_version=&#8220;4.0.3&#8243;][et_pb_text _builder_version=&#8220;4.0.3&#8243;]<\/p>\n<p><strong>Datenschutzerkl\u00e4rung<\/strong><\/p>\n<p><strong>\u00a0<\/strong><\/p>\n<p>Der Schutz Ihrer pers\u00f6nlichen Daten ist uns ein besonderes Anliegen. Wir verarbeiten Ihre Daten daher ausschlie\u00dflich auf Grundlage der gesetzlichen Bestimmungen (DSGVO, DSG 2018, TKG 2003). In dieser Datenschutzerkl\u00e4rung informieren wir Sie \u00fcber die Verarbeitungst\u00e4tigkeiten Ihrer personenbezogenen Daten.<\/p>\n<p>&nbsp;<\/p>\n<ol>\n<li><strong> Name und Kontaktdaten des Verantwortlichen:<\/strong><\/li>\n<\/ol>\n<p>Datenschutzrechtlicher Verantwortlicher gem\u00e4\u00df Art 4 Z 7 DSGVO f\u00fcr die Website <a href=\"http:\/\/www.sofaski.com\/\">www.sofaski.com<\/a> ist Klaus Mair, Silvrettastra\u00dfe 107, A-6870 Schruns, Tel.: +43\u00a0650\u00a0655\u00a02876, E-Mail: <a href=\"mailto:info@sofaski.com\">klaus@sofaski.com<\/a><\/p>\n<p><span style=\"font-size: 16px;\">\u00a0<\/span><\/p>\n<ol start=\"2\">\n<li><strong> Verarbeitung personenbezogener Daten <\/strong><\/li>\n<\/ol>\n<p>Personenbezogene Daten sind Informationen \u00fcber Betroffene (nat\u00fcrliche Personen), deren Identit\u00e4t bestimm oder zumindest bestimmbar ist (z.B. Name, E-Mail Adresse oder IP-Adresse).<\/p>\n<p>&nbsp;<\/p>\n<p><strong>2.1. Verarbeitung der Zugriffsdaten beim Besuch unserer Website<\/strong><\/p>\n<p>Bei Ihrem Besuch auf unserer Website erheben, sammeln und speichern wir folgende Daten:<\/p>\n<ul>\n<li>IP-Adresse und IP-Standort<\/li>\n<li>Datum und Uhrzeit des Zugriffs,<\/li>\n<li>Browser inkl Version des Browsers,<\/li>\n<li>Betriebssystem,<\/li>\n<li>Referrer URL und<\/li>\n<li>Unterseite, die auf unserer Website angesteuert wurde.<\/li>\n<\/ul>\n<p>&nbsp;<\/p>\n<p>Dies ist technisch bedingt und stellt damit ein wichtiges Interesse iSv Art 6 Abs 1 lit f DSGVO dar. Diese Daten werden von uns maximal f\u00fcr zwei Monate gespeichert.<\/p>\n<p>&nbsp;<\/p>\n<p>Bei angemeldeten Nutzern im Mitgliederbereich werden zudem f\u00fcr die Registrierung erforderlichen Daten wie, Vorname, Nachname, Adresse,\u00a0Email-Adresse, f\u00fcr die Dauer des Nutzugsverh\u00e4ltnisses erhoben und gespeichert<\/p>\n<p>&nbsp;<\/p>\n<p>Wir werden Ihre auf Basis Ihrer Nutzung der Website erhobenen personenbezogenen Daten soweit im Folgenden nichts anderes geregelt wird, nicht an Dritte weitergeben oder weiterverarbeiten, es sei denn, es ist zur Erf\u00fcllung unserer Pflichten erforderlich oder gesetzlich\/beh\u00f6rdlich verpflichtend.<\/p>\n<p>&nbsp;<\/p>\n<p>Durch die Einbindung von Videos auf der Web-Site kommt es \u2013 technisch bedingt \u2013 zu Aufrufen der Server der Anbieter wie z.B. Vimeo. F\u00fcr die damit verbundene Verwendung von Daten Ihres Browsers bzw. Endger\u00e4tes wird auf die jeweiligen Datenschutzhinweise der Anbieter verwiesen.<\/p>\n<p>&nbsp;<\/p>\n<p><strong>Cookies<\/strong><\/p>\n<p>Unsere Website verwendet sogenannte Cookies. Dabei handelt es sich um kleine Textdateien, die mit Hilfe des Browsers auf Ihrem Endger\u00e4t abgelegt werden. Sie richten keinen Schaden an.<\/p>\n<p>&nbsp;<\/p>\n<p>Wir nutzen Cookies dazu, unser Angebot nutzerfreundlich zu gestalten, Fehler schneller zu finden und zu beheben sowie Serverkapazit\u00e4ten zu steuern. Einige Cookies bleiben auf Ihrem Endger\u00e4t gespeichert bis Sie diese l\u00f6schen. Sie erm\u00f6glichen es uns, Ihren Browser beim n\u00e4chsten Besuch wiederzuerkennen.<\/p>\n<p>&nbsp;<\/p>\n<p>Wenn Sie dies nicht w\u00fcnschen, so k\u00f6nnen Sie Ihren Browser so einrichten, dass er Sie \u00fcber das Setzen von Cookies informiert und Sie dies nur im Einzelfall erlauben. Bei der Deaktivierung von Cookies kann die Funktionalit\u00e4t unserer Website eingeschr\u00e4nkt sein.<\/p>\n<p>&nbsp;<\/p>\n<p><strong>Web-Analyse<\/strong><\/p>\n<p>Unsere Website verwendet Funktionen des Webanalysedienstes <strong>Google Analytics<\/strong> von Google Inc.<em>\u00a0 <\/em>Dazu werden Cookies verwendet, die eine Analyse der Benutzung der Website durch Ihre Benutzer erm\u00f6glicht. Die dadurch erzeugten Informationen \u00fcber Ihre Benutzung (einschlie\u00dflich Ihrer IP-Adresse) werden auf Server von Google, die sich auch \u00a0in den USA oder in anderen Staaten au\u00dferhalb der EU befinden k\u00f6nnen, \u00fcbertragen und dort gespeichert.<\/p>\n<p>&nbsp;<\/p>\n<p>Die folgenden Informationen werden von Google Analytics gesammelt: IP Adresse, Browser, Ger\u00e4tetyp, Ger\u00e4temodell, Land, Service-Provider, Bildschirmaufl\u00f6sung, Verweildauer auf der Website, Sprache, Betriebssystem, besuchte Seiten auf der Website. Google wird diese Informationen benutzen, um die Nutzung der Website durch Sie auszuwerten und Reports \u00fcber die Websiteaktivit\u00e4ten f\u00fcr uns zusammenzustellen.<\/p>\n<p>Ihre IP-Adresse wird erfasst, aber umgehend pseudonymisiert. Dadurch ist nur mehr eine grobe Lokalisierung m\u00f6glich.<\/p>\n<p>&nbsp;<\/p>\n<p>Sie k\u00f6nnen dies verhindern, indem Sie Ihren Browser so einrichten, dass keine Cookies gespeichert werden.<\/p>\n<p>&nbsp;<\/p>\n<p>Wir haben mit dem Anbieter einen entsprechenden Vertrag zur Auftragsdatenverarbeitung abgeschlossen. F\u00fcr jene F\u00e4lle, in denen personenbezogene Daten in die USA \u00fcbertragen werden, hat sich Goolge dem EU-US Privacy Schield unterworfen.\u00a0<\/p>\n<p>&nbsp;<\/p>\n<p>Die Datenverarbeitung erfolgt auf Basis der gesetzlichen Bestimmungen des \u00a7 96 Abs 3 TKG sowie des Art 6 Abs 1 lit f (berechtigtes Interesse) der DSGVO. Unser Anliegen im Sinne der DSGVO (berechtigtes Interesse) ist die Verbesserung unseres Angebotes und unseres Webauftritts. Da uns die Privatsph\u00e4re unserer Nutzer wichtig ist, werden die Nutzerdaten nach technischer M\u00f6glichkeit pseudonymisiert.<\/p>\n<p>&nbsp;<\/p>\n<p>Die Nutzerdaten werden f\u00fcr die Dauer von 38 Monaten aufbewahrt.<\/p>\n<p>&nbsp;<\/p>\n<p><strong>2.2. Bestellung bzw. Auftragserteilung und Webshop<\/strong><\/p>\n<p>Wir weisen darauf hin, dass zum Zweck des einfacheren Einkaufsvorganges und zur sp\u00e4teren Vertragsabwicklung von unserer Webshop-Software im Rahmen von Cookies die IP-Daten des Anschlussinhabers gespeichert werden, ebenso wie Name, Anschrift des K\u00e4ufers.<\/p>\n<p>&nbsp;<\/p>\n<p>Dar\u00fcber hinaus werden zum Zweck der Vertragsabwicklung folgende Daten auch bei uns gespeichert:<\/p>\n<ul>\n<li>Vor- und Zuname\u00a0\u00a0\u00a0\u00a0\u00a0\u00a0<\/li>\n<li>Adresse<\/li>\n<li>E-Mail-Adresse<\/li>\n<\/ul>\n<p>&nbsp;<\/p>\n<p><strong>Insbesondere wird das von Ihnen zur Durchf\u00fchrung einer Analyse \u00fcbermittelte Video gespeichert.<\/strong><\/p>\n<p>&nbsp;<\/p>\n<p>Die von Ihnen bereit gestellten Daten sind zur Vertragserf\u00fcllung bzw. zur Durchf\u00fchrung vorvertraglicher Ma\u00dfnahmen erforderlich. Ohne diese Daten k\u00f6nnen wir den Vertrag mit Ihnen nicht abschlie\u00dfen. Eine Daten\u00fcbermittlung an Dritte erfolgt nicht. Dies mit Ausnahme an das von uns beauftragte Transportunternehmen\/Versandunternehmen bzw. sonstigen Dienstleister zur Zustellung bzw. zur Verf\u00fcgung Stellung (Streaming) der Ware soweit dies erforderlich ist, um unsere Leistung zu erbringen sowie an unseren Steuerberater zur Erf\u00fcllung unserer steuerrechtlichen Verpflichtungen.<\/p>\n<p>&nbsp;<\/p>\n<p>Zudem kann eine Daten\u00fcbermittlung an Dritte aufgrund der und nach Ma\u00dfgabe der von Ihnen im Zuge des Bestellvorgangs ausdr\u00fccklichen erteilten <u>Einwilligung<\/u> erfolgen. Zum Zweck, Umfang und Speicherdauer siehe: <u>link zu Einwilligungserkl\u00e4rung<\/u><\/p>\n<p>Nach Abbruch des Einkaufsvorganges werden die bei uns gespeicherten Daten gel\u00f6scht. Im Falle eines Vertragsabschlusses werden s\u00e4mtliche Daten aus dem Vertragsverh\u00e4ltnis bis zum Ablauf der steuerrechtlichen Aufbewahrungsfrist (7 Jahre) gespeichert. Die Daten Name, Anschrift, gekaufte Waren und Kaufdatum werden dar\u00fcber hinaus bis zum Ablauf der Produkthaftung (10 Jahre) gespeichert.<\/p>\n<p>Die Datenverarbeitung erfolgt auf Basis der gesetzlichen Bestimmungen des \u00a7 96 Abs 3 TKG sowie des Art. 6 Abs 1 lit b (notwendig zur Vertragserf\u00fcllung) der DSGVO.<\/p>\n<p>&nbsp;<\/p>\n<p>Wenn Sie eine \u201eEinwilligung und Zustimmung\u201c erkl\u00e4rt haben, verwenden wir ihre personenbezogenen Daten auf Grundlage dieser Einwilligung (Art. 6 Abs 1 lit a DSGVO). Zudem erfolgt die Datenverarbeitung auch auf Grundlage von Art. 6 Abs 1 lit b (notwendig zur Vertragserf\u00fcllung) DSGVO, da ihre Zustimmung einen entgeltlichen Vertrag \u00fcber Verwertungsrechte an ihrem Video darstellt.<\/p>\n<p>&nbsp;<\/p>\n<p><strong>2.3. sonstiger Kontakt mit uns<\/strong><\/p>\n<p>Wenn Sie per Formular auf der Website oder per E-Mail Kontakt mit uns aufnehmen, werden Ihre angegebenen Daten zwecks Bearbeitung der Anfrage und f\u00fcr den Fall von Anschlussfragen sechs Monate bei uns gespeichert. Diese Daten geben wir nicht ohne Ihre Einwilligung weiter.<\/p>\n<p>&nbsp;<\/p>\n<p>Die von Ihnen im Rahmen der Kontaktaufnahme bekanntgegebenen personenbezogenen Daten werden zu den Zwecken der Kontaktaufnahme und des Abschlusses eines Kaufvertrages bzw. sonstigen Vertrages (Analyse, Camp, Vortrag etc) verarbeitet. Im Falle einer Auftragserteilung gilt Punkt 2.2..<\/p>\n<p>&nbsp;<\/p>\n<p>Die Verarbeitung Ihrer personenbezogenen Daten im Rahmen der Kontaktaufnahme basiert auf der Durchf\u00fchrung vorvertraglicher Ma\u00dfnahmen gem\u00e4\u00df Art. 6 Abs 1 lit b DSGVO.<\/p>\n<p>&nbsp;<\/p>\n<p><strong>2.4. Newsletter<\/strong><\/p>\n<p>Sie haben die M\u00f6glichkeit, \u00fcber unsere Website unseren Newsletter zu abonnieren. Hierf\u00fcr ben\u00f6tigen wir Ihre E-Mail-Adresse und ihre Erkl\u00e4rung, dass Sie mit dem Bezug des Newsletters einverstanden sind. Die Newsletter-Versendung erfolgt \u00fcber \u201eMailChimp\u201c als unserem Betreiber der E-Mail-Newsletter-Services. Somit wird auch Ihre E-Mail-Adresse an MailChimp weitergegeben. Bei Anmeldung speichert MailChimp auch die IP-Adresse von der die Anmeldung erfolgt ist und das Datum der Eintragung. MailChimp ist eine Unternehmen der Rocket Science Group LLC mit Sitz in den USA. Die Daten\u00fcbermittlung erfolgt daher in die USA. Rocket Science Group LLC hat sich ebenfalls dem EU-US Privacy Schield unterworfen. Es liegt daher gem. der EU-Kommission ein angemessenes Datenschutzniveau vor.<\/p>\n<p>&nbsp;<\/p>\n<p>In unserem Auftrag f\u00fchrt MailChimp eine Nutzungsanalyse durch. Dabei wird das \u00d6ffnungs- und Klickverhalten von den \u00fcber MailChimp versendeten E-Mails getrackt. Dies erm\u00f6glicht auch, dass automatische L\u00f6schen von Empf\u00e4ngern des Newsletters, die f\u00fcr eine bestimmte Zeit den Newsletter nicht ge\u00f6ffnet haben. Dies dient auch der Kosteneinsparung. Zudem erm\u00f6glicht es uns bessere Leistungen bzw. passgenaueren Informationen anzubieten.<\/p>\n<p>&nbsp;<\/p>\n<p>Rechtsgrundlage f\u00fcr die Verarbeitung der Daten in den USA ist daher Art. 6 Abs 1 lit f DSGVO (berechtigtes Interesse). Es wurde ein Auftragsverarbeitungsvertrag abgeschlossen.<\/p>\n<p>&nbsp;<\/p>\n<p>Sobald Sie sich f\u00fcr den Newsletter angemeldet haben, erhalten Sie ein Best\u00e4tigungs-E-Mail mit einem Link zur Best\u00e4tigung der Anmeldung.<\/p>\n<p>&nbsp;<\/p>\n<p>Das Abo des Newsletters k\u00f6nnen Sie jederzeit stornieren. Senden Sie Ihre Stornierung bitte an folgende E-Mail-Adresse: info@sofaski.com Wir l\u00f6schen anschlie\u00dfend umgehend Ihre Daten im Zusammenhang mit dem Newsletter-Versand. Durch diesen Widerruf wird die Rechtm\u00e4\u00dfigkeit der aufgrund der Zustimmung bis zum Widerruf erfolgten Verarbeitung nicht ber\u00fchrt.<\/p>\n<p>&nbsp;<\/p>\n<ol start=\"3\">\n<li><strong> Datensicherheit<\/strong><\/li>\n<\/ol>\n<p>Die Sicherheit Ihrer personenbezogenen Daten ist uns ein besonderes Anliegen. Wir halten daher die Bestimmungen der Art. 32 DSGVO ein. Wir treffen angemessene technische und organisatorische Sicherheitsma\u00dfnahmen, um die Geheimhaltung und Sicherheit Ihrer personenbezogenen Daten zu gew\u00e4hren.<\/p>\n<p>&nbsp;<\/p>\n<ol start=\"4\">\n<li><strong> Ihnen stehen folgende datenschutzrechtliche Recht zu:<\/strong><\/li>\n<\/ol>\n<p>Haben Sie in die Verarbeitung Ihrer personenbezogenen Daten durch uns eingewilligt, haben Sie das Recht, die Einwilligung jederzeit mit Wirkung f\u00fcr die Zukunft zu widerrufen. Die Rechtm\u00e4\u00dfigkeit der Verarbeitung Ihrer personenbezogenen Daten bis zu einem Widerruf wird durch den Widerruf nicht ber\u00fchrt (<strong>Widerruf von Einwilligungserkl\u00e4rungen<\/strong> Art. 7 DSGVO).<\/p>\n<p>&nbsp;<\/p>\n<p>Zudem stehen Ihnen nach der DSGVO folgende Rechte zu:<\/p>\n<p>&nbsp;<\/p>\n<p>Werden ihre personenbezogenen Daten verarbeitet, so habe Sie das Recht, Auskunft \u00fcber die zu Ihrer Person gespeicherten Daten zu erhalten (<strong>Recht auf Auskunft <\/strong>Art. 15 DSGVO).<\/p>\n<p>&nbsp;<\/p>\n<p>Sollten unrichtige personenbezogenen Daten verarbeitet werden, steht Ihnen ein Recht auf Berichtigung zu (<strong>Recht auf Berichtigung <\/strong>\u00a0Art. 16 DSGVO).<\/p>\n<p>&nbsp;<\/p>\n<p>Liegen die gesetzlichen Voraussetzungen vor, so k\u00f6nnen Sie die L\u00f6schung oder Einschr\u00e4nkung der Verarbeitung verlangen sowie Widerspruch gegen die Verarbeitung einlegen (<strong>Rechte auf L\u00f6schung und Einschr\u00e4nkung <\/strong>Art. 17, 18 DSGVO).<\/p>\n<p>&nbsp;<\/p>\n<p>Wenn Sie in die Datenverarbeitung eingewilligt haben oder ein Vertrag zur Datenverarbeitung besteht und die Datenverarbeitung mithilfe automatisierter Verfahren durchgef\u00fchrt wurde, steht Ihnen gegebenenfalls ein <strong>Recht auf Daten\u00fcbertragbarkeit<\/strong> zu (Art. 20 DSGVO).<\/p>\n<p>&nbsp;<\/p>\n<p>Dar\u00fcber hinaus besteht ein <strong>Beschwerderecht<\/strong>: Sie k\u00f6nnen jederzeit bei der <u>\u00d6sterreichischen Datenschutzbeh\u00f6rde<\/u>, Barichgasse 40-42, 1030 Wien, Telefon: +43 1 52 152-0, E-Mail: dsb@dsb.gv.at, Beschwerde einlegen.<\/p>\n<p><strong>Unter bestimmten Voraussetzungen haben Sie das Recht aus Gr\u00fcnden, die sich aus Ihrer besonderen Situation ergeben, jederzeit gegen unserer Verarbeitung Ihrer personenbezogenen Daten zu widersprechen und wir k\u00f6nnen verpflichtet sein, Ihre personenbezogenen Daten nicht mehr zu verarbeiten. <\/strong><\/p>\n<p><strong>\u00a0<\/strong><\/p>\n<p><strong>Zus\u00e4tzlich, wenn personenbezogene Daten verarbeitet werden um Direktwerbung zu betreiben, so haben Sie das Recht, jederzeit Widerspruch gegen die Verarbeitung Sie betreffender personenbezogener Daten zum Zwecke derartiger Werbung einzulegen. Dies gilt auch f\u00fcr Profiling, soweit es mit solcher Direktwerbung in Verbindung steht. In diesem Fall werden die personenbezogenen Daten nicht mehr f\u00fcr diese Zwecke von uns verarbeitet. <\/strong><\/p>\n<p><strong>\u00a0<\/strong><\/p>\n<p>[\/et_pb_text][\/et_pb_column][\/et_pb_row][\/et_pb_section]<\/p>\n<span class=\"et_bloom_bottom_trigger\"><\/span>","protected":false},"excerpt":{"rendered":"<p>Datenschutzerkl\u00e4rung \u00a0 Der Schutz Ihrer pers\u00f6nlichen Daten ist uns ein besonderes Anliegen. Wir verarbeiten Ihre Daten daher ausschlie\u00dflich auf Grundlage der gesetzlichen Bestimmungen (DSGVO, DSG 2018, TKG 2003). In dieser Datenschutzerkl\u00e4rung informieren wir Sie \u00fcber die Verarbeitungst\u00e4tigkeiten Ihrer personenbezogenen Daten. &nbsp; Name und Kontaktdaten des Verantwortlichen: Datenschutzrechtlicher Verantwortlicher gem\u00e4\u00df Art 4 Z 7 DSGVO f\u00fcr [&hellip;]<\/p>\n","protected":false},"author":1,"featured_media":0,"parent":0,"menu_order":0,"comment_status":"closed","ping_status":"closed","template":"","meta":{"_et_pb_use_builder":"on","_et_pb_old_content":"","_et_gb_content_width":"","footnotes":""},"class_list":["post-1038","page","type-page","status-publish","hentry"],"yoast_head":"<!-- This site is optimized with the Yoast SEO plugin v27.4 - https:\/\/yoast.com\/product\/yoast-seo-wordpress\/ -->\n<title>Data protection | SOFASKI.COM<\/title>\n<meta name=\"robots\" content=\"index, follow, max-snippet:-1, max-image-preview:large, max-video-preview:-1\" \/>\n<link rel=\"canonical\" href=\"https:\/\/sofaski.com\/de\/data-protection\/\" \/>\n<meta property=\"og:locale\" content=\"de_DE\" \/>\n<meta property=\"og:type\" content=\"article\" \/>\n<meta property=\"og:title\" content=\"Data protection | SOFASKI.COM\" \/>\n<meta property=\"og:description\" content=\"Datenschutzerkl\u00e4rung \u00a0 Der Schutz Ihrer pers\u00f6nlichen Daten ist uns ein besonderes Anliegen. Wir verarbeiten Ihre Daten daher ausschlie\u00dflich auf Grundlage der gesetzlichen Bestimmungen (DSGVO, DSG 2018, TKG 2003). In dieser Datenschutzerkl\u00e4rung informieren wir Sie \u00fcber die Verarbeitungst\u00e4tigkeiten Ihrer personenbezogenen Daten. &nbsp; Name und Kontaktdaten des Verantwortlichen: Datenschutzrechtlicher Verantwortlicher gem\u00e4\u00df Art 4 Z 7 DSGVO f\u00fcr [&hellip;]\" \/>\n<meta property=\"og:url\" content=\"https:\/\/sofaski.com\/de\/data-protection\/\" \/>\n<meta property=\"og:site_name\" content=\"SOFASKI.COM\" \/>\n<meta property=\"article:publisher\" content=\"https:\/\/www.facebook.com\/SofaSkiSchool\" \/>\n<meta property=\"article:modified_time\" content=\"2019-12-20T16:26:27+00:00\" \/>\n<meta property=\"og:image\" content=\"https:\/\/sofaski.com\/wp-content\/uploads\/2019\/11\/SOFASKI-copy-EMAIL.png\" \/>\n\t<meta property=\"og:image:width\" content=\"400\" \/>\n\t<meta property=\"og:image:height\" content=\"57\" \/>\n\t<meta property=\"og:image:type\" content=\"image\/png\" \/>\n<meta name=\"twitter:card\" content=\"summary_large_image\" \/>\n<meta name=\"twitter:label1\" content=\"Gesch\u00e4tzte Lesezeit\" \/>\n\t<meta name=\"twitter:data1\" content=\"9\u00a0Minuten\" \/>\n<script type=\"application\/ld+json\" class=\"yoast-schema-graph\">{\"@context\":\"https:\\\/\\\/schema.org\",\"@graph\":[{\"@type\":\"WebPage\",\"@id\":\"https:\\\/\\\/sofaski.com\\\/de\\\/data-protection\\\/\",\"url\":\"https:\\\/\\\/sofaski.com\\\/de\\\/data-protection\\\/\",\"name\":\"Data protection | SOFASKI.COM\",\"isPartOf\":{\"@id\":\"https:\\\/\\\/sofaski.com\\\/#website\"},\"datePublished\":\"2019-10-28T11:58:53+00:00\",\"dateModified\":\"2019-12-20T16:26:27+00:00\",\"breadcrumb\":{\"@id\":\"https:\\\/\\\/sofaski.com\\\/de\\\/data-protection\\\/#breadcrumb\"},\"inLanguage\":\"de\",\"potentialAction\":[{\"@type\":\"ReadAction\",\"target\":[\"https:\\\/\\\/sofaski.com\\\/de\\\/data-protection\\\/\"]}]},{\"@type\":\"BreadcrumbList\",\"@id\":\"https:\\\/\\\/sofaski.com\\\/de\\\/data-protection\\\/#breadcrumb\",\"itemListElement\":[{\"@type\":\"ListItem\",\"position\":1,\"name\":\"Home\",\"item\":\"https:\\\/\\\/sofaski.com\\\/\"},{\"@type\":\"ListItem\",\"position\":2,\"name\":\"Data protection\"}]},{\"@type\":\"WebSite\",\"@id\":\"https:\\\/\\\/sofaski.com\\\/#website\",\"url\":\"https:\\\/\\\/sofaski.com\\\/\",\"name\":\"SOFASKI.COM\",\"description\":\"Every turn counts\",\"publisher\":{\"@id\":\"https:\\\/\\\/sofaski.com\\\/#organization\"},\"potentialAction\":[{\"@type\":\"SearchAction\",\"target\":{\"@type\":\"EntryPoint\",\"urlTemplate\":\"https:\\\/\\\/sofaski.com\\\/?s={search_term_string}\"},\"query-input\":{\"@type\":\"PropertyValueSpecification\",\"valueRequired\":true,\"valueName\":\"search_term_string\"}}],\"inLanguage\":\"de\"},{\"@type\":\"Organization\",\"@id\":\"https:\\\/\\\/sofaski.com\\\/#organization\",\"name\":\"SOFASKI.COM\",\"url\":\"https:\\\/\\\/sofaski.com\\\/\",\"logo\":{\"@type\":\"ImageObject\",\"inLanguage\":\"de\",\"@id\":\"https:\\\/\\\/sofaski.com\\\/#\\\/schema\\\/logo\\\/image\\\/\",\"url\":\"https:\\\/\\\/sofaski.com\\\/wp-content\\\/uploads\\\/2019\\\/11\\\/SOFASKI-copy-EMAIL.png\",\"contentUrl\":\"https:\\\/\\\/sofaski.com\\\/wp-content\\\/uploads\\\/2019\\\/11\\\/SOFASKI-copy-EMAIL.png\",\"width\":400,\"height\":57,\"caption\":\"SOFASKI.COM\"},\"image\":{\"@id\":\"https:\\\/\\\/sofaski.com\\\/#\\\/schema\\\/logo\\\/image\\\/\"},\"sameAs\":[\"https:\\\/\\\/www.facebook.com\\\/SofaSkiSchool\",\"https:\\\/\\\/www.instagram.com\\\/sofaskischool\\\/\",\"https:\\\/\\\/www.youtube.com\\\/c\\\/KlausMair\"]}]}<\/script>\n<!-- \/ Yoast SEO plugin. -->","yoast_head_json":{"title":"Data protection | SOFASKI.COM","robots":{"index":"index","follow":"follow","max-snippet":"max-snippet:-1","max-image-preview":"max-image-preview:large","max-video-preview":"max-video-preview:-1"},"canonical":"https:\/\/sofaski.com\/de\/data-protection\/","og_locale":"de_DE","og_type":"article","og_title":"Data protection | SOFASKI.COM","og_description":"Datenschutzerkl\u00e4rung \u00a0 Der Schutz Ihrer pers\u00f6nlichen Daten ist uns ein besonderes Anliegen. Wir verarbeiten Ihre Daten daher ausschlie\u00dflich auf Grundlage der gesetzlichen Bestimmungen (DSGVO, DSG 2018, TKG 2003). In dieser Datenschutzerkl\u00e4rung informieren wir Sie \u00fcber die Verarbeitungst\u00e4tigkeiten Ihrer personenbezogenen Daten. &nbsp; Name und Kontaktdaten des Verantwortlichen: Datenschutzrechtlicher Verantwortlicher gem\u00e4\u00df Art 4 Z 7 DSGVO f\u00fcr [&hellip;]","og_url":"https:\/\/sofaski.com\/de\/data-protection\/","og_site_name":"SOFASKI.COM","article_publisher":"https:\/\/www.facebook.com\/SofaSkiSchool","article_modified_time":"2019-12-20T16:26:27+00:00","og_image":[{"width":400,"height":57,"url":"https:\/\/sofaski.com\/wp-content\/uploads\/2019\/11\/SOFASKI-copy-EMAIL.png","type":"image\/png"}],"twitter_card":"summary_large_image","twitter_misc":{"Gesch\u00e4tzte Lesezeit":"9\u00a0Minuten"},"schema":{"@context":"https:\/\/schema.org","@graph":[{"@type":"WebPage","@id":"https:\/\/sofaski.com\/de\/data-protection\/","url":"https:\/\/sofaski.com\/de\/data-protection\/","name":"Data protection | SOFASKI.COM","isPartOf":{"@id":"https:\/\/sofaski.com\/#website"},"datePublished":"2019-10-28T11:58:53+00:00","dateModified":"2019-12-20T16:26:27+00:00","breadcrumb":{"@id":"https:\/\/sofaski.com\/de\/data-protection\/#breadcrumb"},"inLanguage":"de","potentialAction":[{"@type":"ReadAction","target":["https:\/\/sofaski.com\/de\/data-protection\/"]}]},{"@type":"BreadcrumbList","@id":"https:\/\/sofaski.com\/de\/data-protection\/#breadcrumb","itemListElement":[{"@type":"ListItem","position":1,"name":"Home","item":"https:\/\/sofaski.com\/"},{"@type":"ListItem","position":2,"name":"Data protection"}]},{"@type":"WebSite","@id":"https:\/\/sofaski.com\/#website","url":"https:\/\/sofaski.com\/","name":"SOFASKI.COM","description":"Every turn counts","publisher":{"@id":"https:\/\/sofaski.com\/#organization"},"potentialAction":[{"@type":"SearchAction","target":{"@type":"EntryPoint","urlTemplate":"https:\/\/sofaski.com\/?s={search_term_string}"},"query-input":{"@type":"PropertyValueSpecification","valueRequired":true,"valueName":"search_term_string"}}],"inLanguage":"de"},{"@type":"Organization","@id":"https:\/\/sofaski.com\/#organization","name":"SOFASKI.COM","url":"https:\/\/sofaski.com\/","logo":{"@type":"ImageObject","inLanguage":"de","@id":"https:\/\/sofaski.com\/#\/schema\/logo\/image\/","url":"https:\/\/sofaski.com\/wp-content\/uploads\/2019\/11\/SOFASKI-copy-EMAIL.png","contentUrl":"https:\/\/sofaski.com\/wp-content\/uploads\/2019\/11\/SOFASKI-copy-EMAIL.png","width":400,"height":57,"caption":"SOFASKI.COM"},"image":{"@id":"https:\/\/sofaski.com\/#\/schema\/logo\/image\/"},"sameAs":["https:\/\/www.facebook.com\/SofaSkiSchool","https:\/\/www.instagram.com\/sofaskischool\/","https:\/\/www.youtube.com\/c\/KlausMair"]}]}},"_links":{"self":[{"href":"https:\/\/sofaski.com\/de\/wp-json\/wp\/v2\/pages\/1038","targetHints":{"allow":["GET"]}}],"collection":[{"href":"https:\/\/sofaski.com\/de\/wp-json\/wp\/v2\/pages"}],"about":[{"href":"https:\/\/sofaski.com\/de\/wp-json\/wp\/v2\/types\/page"}],"author":[{"embeddable":true,"href":"https:\/\/sofaski.com\/de\/wp-json\/wp\/v2\/users\/1"}],"replies":[{"embeddable":true,"href":"https:\/\/sofaski.com\/de\/wp-json\/wp\/v2\/comments?post=1038"}],"version-history":[{"count":2,"href":"https:\/\/sofaski.com\/de\/wp-json\/wp\/v2\/pages\/1038\/revisions"}],"predecessor-version":[{"id":3403,"href":"https:\/\/sofaski.com\/de\/wp-json\/wp\/v2\/pages\/1038\/revisions\/3403"}],"wp:attachment":[{"href":"https:\/\/sofaski.com\/de\/wp-json\/wp\/v2\/media?parent=1038"}],"curies":[{"name":"wp","href":"https:\/\/api.w.org\/{rel}","templated":true}]}}