{"id":1019,"date":"2019-10-28T11:02:38","date_gmt":"2019-10-28T11:02:38","guid":{"rendered":"https:\/\/klanten.poort3.nl\/sss\/?page_id=1019"},"modified":"2024-11-12T10:57:55","modified_gmt":"2024-11-12T10:57:55","slug":"versand-bezahlung","status":"publish","type":"page","link":"https:\/\/sofaski.com\/de\/versand-bezahlung\/","title":{"rendered":"Versand &#038; Bezahlung"},"content":{"rendered":"<p>[et_pb_section fb_built=&#8220;1&#8243; _builder_version=&#8220;4.16&#8243; background_color=&#8220;rgba(224,224,224,0)&#8220; global_colors_info=&#8220;{}&#8220;][et_pb_row _builder_version=&#8220;4.16&#8243; global_colors_info=&#8220;{}&#8220;][et_pb_column type=&#8220;4_4&#8243; _builder_version=&#8220;4.16&#8243; global_colors_info=&#8220;{}&#8220;][et_pb_text _builder_version=&#8220;4.16&#8243; custom_margin=&#8220;43px||||false|false&#8220; global_colors_info=&#8220;{}&#8220;]<\/p>\n<h2>Bezahlung<\/h2>\n<p>&nbsp;<\/p>\n<p>Sie k\u00f6nnen Ihren Einkauf mit Bank\u00fcberweisung, Kreditkarte, PayPal, iDeal oder Apple Pay bezahlen.<\/p>\n<p><span style=\"font-size: 16px;\">In jedem Fall garantiere Ich Ihnen eine 100% Geld zur\u00fcck Garantie, sollten Sie wider Erwarten mit dem Produkt nicht zufrieden sein. <\/span><\/p>\n<p><span style=\"font-size: 16px;\">Alle angef\u00fchrten Preise sind endg\u00fcltig und beinhalten die \u00d6sterreichische Umsatzsteuer.<\/span><\/p>\n<p>Falls Sie keinen Zugang zum Mitgliederbereich w\u00fcnschen ist keine Registrierung notwendig.<\/p>\n<p>Siehe auch <a href=\"https:\/\/sofaski.com\/de\/allgemeine-geschaeftsbedingungen-agb\/\">Allgemeine Gesch\u00e4ftsbedingungen\u00a0<\/a>und <a href=\"https:\/\/sofaski.com\/de\/data-protection\/\">Datenschutz<\/a><span style=\"font-size: 16px;\">\u00a0<\/span><\/p>\n<p>[\/et_pb_text][\/et_pb_column][\/et_pb_row][\/et_pb_section][et_pb_section fb_built=&#8220;1&#8243; _builder_version=&#8220;4.16&#8243; background_color=&#8220;#d6d6d6&#8243; global_colors_info=&#8220;{}&#8220;][et_pb_row _builder_version=&#8220;4.16&#8243; global_colors_info=&#8220;{}&#8220;][et_pb_column type=&#8220;4_4&#8243; _builder_version=&#8220;4.16&#8243; global_colors_info=&#8220;{}&#8220;][et_pb_text _builder_version=&#8220;4.16&#8243; custom_margin_tablet=&#8220;&#8220; custom_margin_phone=&#8220;25px||||false|false&#8220; custom_margin_last_edited=&#8220;on|phone&#8220; global_colors_info=&#8220;{}&#8220;]<\/p>\n<h2>Versand<\/h2>\n<p>&nbsp;<\/p>\n<p>Alle Bestellungen werden mit priority service innerhalb von 2-3 Tagen ab Bestellung von \u00d6sterreich aus versandt.<\/p>\n<p>Die durchschnittliche Zustelldauer innerhalb Europas betr\u00e4gt 2-4 Werktage, innerhalb \u00d6sterreichs 1-2 Tage.<\/p>\n<p>Der Versand innerhalb Europas kostet pauschal 10 Euro und entf\u00e4llt f\u00fcr Bestellungen \u00fcber 50 Euro.<\/p>\n<p><a href=\"https:\/\/sofaski.com\/shipping-payment\/\">Internationaler Versand<\/a><\/p>\n<p>&nbsp;<\/p>\n<p>[\/et_pb_text][\/et_pb_column][\/et_pb_row][\/et_pb_section]<\/p>\n<span class=\"et_bloom_bottom_trigger\"><\/span>","protected":false},"excerpt":{"rendered":"<p>Bezahlung &nbsp; Sie k\u00f6nnen Ihren Einkauf mit Bank\u00fcberweisung, Kreditkarte, PayPal, iDeal oder Apple Pay bezahlen. In jedem Fall garantiere Ich Ihnen eine 100% Geld zur\u00fcck Garantie, sollten Sie wider Erwarten mit dem Produkt nicht zufrieden sein. Alle angef\u00fchrten Preise sind endg\u00fcltig und beinhalten die \u00d6sterreichische Umsatzsteuer. Falls Sie keinen Zugang zum Mitgliederbereich w\u00fcnschen ist keine [&hellip;]<\/p>\n","protected":false},"author":1,"featured_media":0,"parent":0,"menu_order":0,"comment_status":"closed","ping_status":"closed","template":"","meta":{"_et_pb_use_builder":"on","_et_pb_old_content":"","_et_gb_content_width":"","footnotes":""},"class_list":["post-1019","page","type-page","status-publish","hentry"],"yoast_head":"<!-- This site is optimized with the Yoast SEO plugin v27.3 - https:\/\/yoast.com\/product\/yoast-seo-wordpress\/ -->\n<title>Versand &amp; Bezahlung | SOFASKI.COM<\/title>\n<meta name=\"robots\" content=\"index, follow, max-snippet:-1, max-image-preview:large, max-video-preview:-1\" \/>\n<link rel=\"canonical\" href=\"https:\/\/sofaski.com\/de\/versand-bezahlung\/\" \/>\n<meta property=\"og:locale\" content=\"de_DE\" \/>\n<meta property=\"og:type\" content=\"article\" \/>\n<meta property=\"og:title\" content=\"Versand &amp; Bezahlung | SOFASKI.COM\" \/>\n<meta property=\"og:description\" content=\"Bezahlung &nbsp; Sie k\u00f6nnen Ihren Einkauf mit Bank\u00fcberweisung, Kreditkarte, PayPal, iDeal oder Apple Pay bezahlen. In jedem Fall garantiere Ich Ihnen eine 100% Geld zur\u00fcck Garantie, sollten Sie wider Erwarten mit dem Produkt nicht zufrieden sein. Alle angef\u00fchrten Preise sind endg\u00fcltig und beinhalten die \u00d6sterreichische Umsatzsteuer. Falls Sie keinen Zugang zum Mitgliederbereich w\u00fcnschen ist keine [&hellip;]\" \/>\n<meta property=\"og:url\" content=\"https:\/\/sofaski.com\/de\/versand-bezahlung\/\" \/>\n<meta property=\"og:site_name\" content=\"SOFASKI.COM\" \/>\n<meta property=\"article:publisher\" content=\"https:\/\/www.facebook.com\/SofaSkiSchool\" \/>\n<meta property=\"article:modified_time\" content=\"2024-11-12T10:57:55+00:00\" \/>\n<meta property=\"og:image\" content=\"https:\/\/sofaski.com\/wp-content\/uploads\/2019\/11\/SOFASKI-copy-EMAIL.png\" \/>\n\t<meta property=\"og:image:width\" content=\"400\" \/>\n\t<meta property=\"og:image:height\" content=\"57\" \/>\n\t<meta property=\"og:image:type\" content=\"image\/png\" \/>\n<meta name=\"twitter:card\" content=\"summary_large_image\" \/>\n<meta name=\"twitter:label1\" content=\"Gesch\u00e4tzte Lesezeit\" \/>\n\t<meta name=\"twitter:data1\" content=\"1\u00a0Minute\" \/>\n<script type=\"application\/ld+json\" class=\"yoast-schema-graph\">{\"@context\":\"https:\\\/\\\/schema.org\",\"@graph\":[{\"@type\":\"WebPage\",\"@id\":\"https:\\\/\\\/sofaski.com\\\/de\\\/versand-bezahlung\\\/\",\"url\":\"https:\\\/\\\/sofaski.com\\\/de\\\/versand-bezahlung\\\/\",\"name\":\"Versand & Bezahlung | SOFASKI.COM\",\"isPartOf\":{\"@id\":\"https:\\\/\\\/sofaski.com\\\/#website\"},\"datePublished\":\"2019-10-28T11:02:38+00:00\",\"dateModified\":\"2024-11-12T10:57:55+00:00\",\"breadcrumb\":{\"@id\":\"https:\\\/\\\/sofaski.com\\\/de\\\/versand-bezahlung\\\/#breadcrumb\"},\"inLanguage\":\"de\",\"potentialAction\":[{\"@type\":\"ReadAction\",\"target\":[\"https:\\\/\\\/sofaski.com\\\/de\\\/versand-bezahlung\\\/\"]}]},{\"@type\":\"BreadcrumbList\",\"@id\":\"https:\\\/\\\/sofaski.com\\\/de\\\/versand-bezahlung\\\/#breadcrumb\",\"itemListElement\":[{\"@type\":\"ListItem\",\"position\":1,\"name\":\"Home\",\"item\":\"https:\\\/\\\/sofaski.com\\\/\"},{\"@type\":\"ListItem\",\"position\":2,\"name\":\"Versand &#038; Bezahlung\"}]},{\"@type\":\"WebSite\",\"@id\":\"https:\\\/\\\/sofaski.com\\\/#website\",\"url\":\"https:\\\/\\\/sofaski.com\\\/\",\"name\":\"SOFASKI.COM\",\"description\":\"Every turn counts\",\"publisher\":{\"@id\":\"https:\\\/\\\/sofaski.com\\\/#organization\"},\"potentialAction\":[{\"@type\":\"SearchAction\",\"target\":{\"@type\":\"EntryPoint\",\"urlTemplate\":\"https:\\\/\\\/sofaski.com\\\/?s={search_term_string}\"},\"query-input\":{\"@type\":\"PropertyValueSpecification\",\"valueRequired\":true,\"valueName\":\"search_term_string\"}}],\"inLanguage\":\"de\"},{\"@type\":\"Organization\",\"@id\":\"https:\\\/\\\/sofaski.com\\\/#organization\",\"name\":\"SOFASKI.COM\",\"url\":\"https:\\\/\\\/sofaski.com\\\/\",\"logo\":{\"@type\":\"ImageObject\",\"inLanguage\":\"de\",\"@id\":\"https:\\\/\\\/sofaski.com\\\/#\\\/schema\\\/logo\\\/image\\\/\",\"url\":\"https:\\\/\\\/sofaski.com\\\/wp-content\\\/uploads\\\/2019\\\/11\\\/SOFASKI-copy-EMAIL.png\",\"contentUrl\":\"https:\\\/\\\/sofaski.com\\\/wp-content\\\/uploads\\\/2019\\\/11\\\/SOFASKI-copy-EMAIL.png\",\"width\":400,\"height\":57,\"caption\":\"SOFASKI.COM\"},\"image\":{\"@id\":\"https:\\\/\\\/sofaski.com\\\/#\\\/schema\\\/logo\\\/image\\\/\"},\"sameAs\":[\"https:\\\/\\\/www.facebook.com\\\/SofaSkiSchool\",\"https:\\\/\\\/www.instagram.com\\\/sofaskischool\\\/\",\"https:\\\/\\\/www.youtube.com\\\/c\\\/KlausMair\"]}]}<\/script>\n<!-- \/ Yoast SEO plugin. -->","yoast_head_json":{"title":"Versand & Bezahlung | SOFASKI.COM","robots":{"index":"index","follow":"follow","max-snippet":"max-snippet:-1","max-image-preview":"max-image-preview:large","max-video-preview":"max-video-preview:-1"},"canonical":"https:\/\/sofaski.com\/de\/versand-bezahlung\/","og_locale":"de_DE","og_type":"article","og_title":"Versand & Bezahlung | SOFASKI.COM","og_description":"Bezahlung &nbsp; Sie k\u00f6nnen Ihren Einkauf mit Bank\u00fcberweisung, Kreditkarte, PayPal, iDeal oder Apple Pay bezahlen. In jedem Fall garantiere Ich Ihnen eine 100% Geld zur\u00fcck Garantie, sollten Sie wider Erwarten mit dem Produkt nicht zufrieden sein. Alle angef\u00fchrten Preise sind endg\u00fcltig und beinhalten die \u00d6sterreichische Umsatzsteuer. Falls Sie keinen Zugang zum Mitgliederbereich w\u00fcnschen ist keine [&hellip;]","og_url":"https:\/\/sofaski.com\/de\/versand-bezahlung\/","og_site_name":"SOFASKI.COM","article_publisher":"https:\/\/www.facebook.com\/SofaSkiSchool","article_modified_time":"2024-11-12T10:57:55+00:00","og_image":[{"width":400,"height":57,"url":"https:\/\/sofaski.com\/wp-content\/uploads\/2019\/11\/SOFASKI-copy-EMAIL.png","type":"image\/png"}],"twitter_card":"summary_large_image","twitter_misc":{"Gesch\u00e4tzte Lesezeit":"1\u00a0Minute"},"schema":{"@context":"https:\/\/schema.org","@graph":[{"@type":"WebPage","@id":"https:\/\/sofaski.com\/de\/versand-bezahlung\/","url":"https:\/\/sofaski.com\/de\/versand-bezahlung\/","name":"Versand & Bezahlung | SOFASKI.COM","isPartOf":{"@id":"https:\/\/sofaski.com\/#website"},"datePublished":"2019-10-28T11:02:38+00:00","dateModified":"2024-11-12T10:57:55+00:00","breadcrumb":{"@id":"https:\/\/sofaski.com\/de\/versand-bezahlung\/#breadcrumb"},"inLanguage":"de","potentialAction":[{"@type":"ReadAction","target":["https:\/\/sofaski.com\/de\/versand-bezahlung\/"]}]},{"@type":"BreadcrumbList","@id":"https:\/\/sofaski.com\/de\/versand-bezahlung\/#breadcrumb","itemListElement":[{"@type":"ListItem","position":1,"name":"Home","item":"https:\/\/sofaski.com\/"},{"@type":"ListItem","position":2,"name":"Versand &#038; Bezahlung"}]},{"@type":"WebSite","@id":"https:\/\/sofaski.com\/#website","url":"https:\/\/sofaski.com\/","name":"SOFASKI.COM","description":"Every turn counts","publisher":{"@id":"https:\/\/sofaski.com\/#organization"},"potentialAction":[{"@type":"SearchAction","target":{"@type":"EntryPoint","urlTemplate":"https:\/\/sofaski.com\/?s={search_term_string}"},"query-input":{"@type":"PropertyValueSpecification","valueRequired":true,"valueName":"search_term_string"}}],"inLanguage":"de"},{"@type":"Organization","@id":"https:\/\/sofaski.com\/#organization","name":"SOFASKI.COM","url":"https:\/\/sofaski.com\/","logo":{"@type":"ImageObject","inLanguage":"de","@id":"https:\/\/sofaski.com\/#\/schema\/logo\/image\/","url":"https:\/\/sofaski.com\/wp-content\/uploads\/2019\/11\/SOFASKI-copy-EMAIL.png","contentUrl":"https:\/\/sofaski.com\/wp-content\/uploads\/2019\/11\/SOFASKI-copy-EMAIL.png","width":400,"height":57,"caption":"SOFASKI.COM"},"image":{"@id":"https:\/\/sofaski.com\/#\/schema\/logo\/image\/"},"sameAs":["https:\/\/www.facebook.com\/SofaSkiSchool","https:\/\/www.instagram.com\/sofaskischool\/","https:\/\/www.youtube.com\/c\/KlausMair"]}]}},"_links":{"self":[{"href":"https:\/\/sofaski.com\/de\/wp-json\/wp\/v2\/pages\/1019","targetHints":{"allow":["GET"]}}],"collection":[{"href":"https:\/\/sofaski.com\/de\/wp-json\/wp\/v2\/pages"}],"about":[{"href":"https:\/\/sofaski.com\/de\/wp-json\/wp\/v2\/types\/page"}],"author":[{"embeddable":true,"href":"https:\/\/sofaski.com\/de\/wp-json\/wp\/v2\/users\/1"}],"replies":[{"embeddable":true,"href":"https:\/\/sofaski.com\/de\/wp-json\/wp\/v2\/comments?post=1019"}],"version-history":[{"count":20,"href":"https:\/\/sofaski.com\/de\/wp-json\/wp\/v2\/pages\/1019\/revisions"}],"predecessor-version":[{"id":11461,"href":"https:\/\/sofaski.com\/de\/wp-json\/wp\/v2\/pages\/1019\/revisions\/11461"}],"wp:attachment":[{"href":"https:\/\/sofaski.com\/de\/wp-json\/wp\/v2\/media?parent=1019"}],"curies":[{"name":"wp","href":"https:\/\/api.w.org\/{rel}","templated":true}]}}